{"id":930,"date":"2013-06-27T11:00:01","date_gmt":"2013-06-27T10:00:01","guid":{"rendered":"http:\/\/10.116.16.72\/test\/?p=930"},"modified":"2020-10-19T10:52:20","modified_gmt":"2020-10-19T10:52:20","slug":"duplicitats-entre-serveis-meteorologics","status":"publish","type":"page","link":"https:\/\/www.meteo.cat\/wpweb\/divulgacio\/publicacions\/miscellania\/duplicitats-entre-serveis-meteorologics\/","title":{"rendered":"Duplicitats entre serveis meteorol\u00f2gics? SMC o AEMet?"},"content":{"rendered":"\n<p><strong>PUBLICADA EL 27\/06\/2013<\/strong><\/p>\n\n\n\n<p>Fa uns dies el president del govern proposava unes reformes a l&#8217;administraci\u00f3 per evitar duplicitats. Una d&#8217;aquestes duplicitats, segons ell, s\u00f3n els serveis meteorol\u00f2gics auton\u00f2mics com el catal\u00e0, el basc i el gallec.<\/p>\n\n\n\n<p>Motius per rebatre-ho&nbsp; en tenim i molts!<\/p>\n\n\n\n<p>El 31 de mar\u00e7 de 1921, el Consell Permanent de la Mancomunitat va aprovar el Decret que establia la creaci\u00f3 del Servei Meteorol\u00f2gic de Catalunya, &nbsp;i &nbsp;<a href=\"https:\/\/www.meteo.cat\/wpweb\/sobre-meteocat\/historia\/\">Eduard Fontser\u00e8<\/a>&nbsp;en va ser nomenat director. La Mancomunitat va assumir les despeses de funcionament i instal\u00b7laci\u00f3, i el Servei va quedar sota la depend\u00e8ncia cient\u00edfica de l&#8217;<a href=\"http:\/\/www.iec.cat\/\">Institut d&#8217;Estudis Catalans<\/a>.<\/p>\n\n\n\n<p>Durant els seus 17 anys d&#8217;exist\u00e8ncia, l&#8217;antic Servei va donar un impuls extraordinari a la meteorologia a Catalunya, i, amb alguns dels seus treballs, de gran valor cient\u00edfic, va adquirir un important prestigi internacional. Entre els seus treballs de ress\u00f2 fora de casa nostra destaquen la participaci\u00f3 en l&#8217;elaboraci\u00f3 de l&#8217;Atlas internacional dels n\u00favols i dels estats del cel, la contribuci\u00f3 a l&#8217;Any Polar Internacional (1932-33) amb la creaci\u00f3 de dos observatoris d&#8217;alta muntanya a Sant Jeroni (Montserrat) i el Tur\u00f3 de l&#8217;Home (Montseny), i el disseny del pluvi\u00f2graf Jard\u00ed. L&#8217;any 1939, per\u00f2, l&#8217;SMC va ser suprimit i els seus arxius i depend\u00e8ncies requisats.<\/p>\n\n\n\n<p>Aquest butllet\u00ed ja es feia l&#8217;any 1936.<\/p>\n\n\n\n<div class=\"wp-block-image\"><figure class=\"aligncenter\"><img src=\"http:\/\/farm3.staticflickr.com\/2848\/9140935337_bdf744c168.jpg\" alt=\"\"\/><figcaption>Butllet\u00ed del Servei Meteorol\u00f2gic de Catalunya l&#8217;any 1936<\/figcaption><\/figure><\/div>\n\n\n\n<p>Posteriorment, l&#8217;Estatut d&#8217;autonomia de 1979, recollint la llarga tradici\u00f3 meteorol\u00f2gica de Catalunya, va atribuir a la Generalitat, en el seu article 9.15,&nbsp;<b>compet\u00e8ncia exclusiva sobre l&#8217;SMC<\/b>&nbsp;sens perjudici del que disposa l&#8217;article 149.1.20 de la Constituci\u00f3. &nbsp;Responent a aquest punt de l&#8217;Estatut, l&#8217;any 1996 el Consell Executiu de la Generalitat de Catalunya va crear el Servei de Meteorologia de Catalunya com a \u00f2rgan administratiu adscrit a la Direcci\u00f3 General de Qualitat Ambiental de l&#8217;aleshores Departament de Medi Ambient.<\/p>\n\n\n\n<p>Els arxius de l&#8217;antic SMC van ser retornats a la Generalitat l&#8217;any 1983. Anys m\u00e9s tard, aquest fons, que cont\u00e9 dades meteorol\u00f2giques, documents administratius, correspond\u00e8ncia i abundant documentaci\u00f3 gr\u00e0fica, va ser catalogat i des de l&#8217;any 2003 es conserva i \u00e9s a disposici\u00f3 del p\u00fablic a la Cartoteca de&nbsp;<a href=\"http:\/\/www.icc.cat\/\">l&#8217;Institut Cartogr\u00e0fic de Catalunya<\/a>.<\/p>\n\n\n\n<p>L&#8217;aprovaci\u00f3 de la Llei 15\/2001, de 14 de novembre, de meteorologia, va suposar el restabliment del Servei Meteorol\u00f2gic de Catalunya com a entitat amb personalitat jur\u00eddica pr\u00f2pia.<\/p>\n\n\n\n<p>L&#8217;article 144.5 de l&#8217;Estatut d&#8217;autonomia de 2006, donant continu\u00eftat a les lleis anteriors, esmenta que correspon a la Generalitat l&#8217;establiment d&#8217;un servei meteorol\u00f2gic propi, indicant a continuaci\u00f3 altres compet\u00e8ncies de la Generalitat en mat\u00e8ria de meteorologia.<\/p>\n\n\n\n<h2><b>La Llei de Meteorologia consolida l\u2019SMC<\/b><\/h2>\n\n\n\n<p>L\u2019any 2001 el Parlament de Catalunya aprova la Llei de Meteorologia i arran d\u2019aquesta aprovaci\u00f3, el 2002 neix el nou Servei Meteorol\u00f2gic de Catalunya, amb personalitat jur\u00eddica pr\u00f2pia i amb plenes compet\u00e8ncies en l\u2019assessorament meteorol\u00f2gic de la Generalitat de Catalunya, com ja reconeixia impl\u00edcitament l\u2019Estatut d\u2019Autonomia de Catalunya del 1979 en l\u2019enumeraci\u00f3 que feia de les compet\u00e8ncies de la Generalitat:<\/p>\n\n\n\n<p>Des d\u2019aleshores en\u00e7\u00e0 l\u2019SMC ha dut a terme la implantaci\u00f3 d\u2019una moderna Xarxa d\u2019Equipaments Meteorol\u00f2gics tecnol\u00f2gicament avan\u00e7ats que ha dut Catalunya a una situaci\u00f3 capdavantera al m\u00f3n. Actualment la Xarxa d\u2019Equipaments Meteorol\u00f2gics de Catalunya compta amb:<\/p>\n\n\n\n<ul><li> \u00a0\u00a0\u00a0\u00a0\u00a0 171 estacions meteorol\u00f2giques autom\u00e0tiques completes<\/li><li> \u00a0\u00a0\u00a0\u00a0\u00a0 136 observadors amb estacions manuals<\/li><li> \u00a0\u00a0\u00a0\u00a0\u00a0 130 observadors vigilants per seguiment d\u2019episodis de perill<\/li><li> \u00a0\u00a0\u00a0\u00a0\u00a0 4 radars meteorol\u00f2gics Doppler de baixa pot\u00e8ncia<\/li><li> \u00a0\u00a0\u00a0\u00a0\u00a0 4 detectors de llamps (n\u00favol-n\u00favol i n\u00favol-terra)<\/li><li> \u00a0\u00a0\u00a0\u00a0\u00a0 1 equip de radiosondatge meteorol\u00f2gic<\/li><\/ul>\n\n\n\n<p>Tant \u00e9s aix\u00ed que projectes internacionals de primer nivell com el de la mesura de la precipitaci\u00f3 des de sat\u00e8l\u00b7lit liderada per la NASA (projecte GPM), o l\u2019estudi de desc\u00e0rregues el\u00e8ctriques atmosf\u00e8riques a l\u2019interior i per sobre de les tempestes (ASIM) s\u2019han interessat per Catalunya com a camp de validaci\u00f3 de les seves mesures experimentals a causa de l\u2019elevada densitat i alta qualitat de les mesures instrumentals existents.<\/p>\n\n\n\n<h2><b>Estacions meteorol\u00f2giques<\/b><\/h2>\n\n\n\n<p>L\u2019evoluci\u00f3 del creixement del nombre d\u2019estacions meteorol\u00f2giques autom\u00e0tiques de l\u2019SMC fins l\u2019actual xifra de 171 i la d\u2019AEMet queda prou clara en aquesta gr\u00e0fica:<\/p>\n\n\n\n<div class=\"wp-block-image\"><figure class=\"aligncenter\"><img src=\"http:\/\/farm4.staticflickr.com\/3703\/9140803695_f77ae3e2a3.jpg\" alt=\"\"\/><\/figure><\/div>\n\n\n\n<p>Es fa dif\u00edcil pensar en una duplicitat en aquest aspecte, a no ser que ens referim a les duplicitats en les que AEMet ha incorregut arran del seu creixement a partir de l\u2019any 2009, instal\u00b7lant estacions en llocs propers a estacions preexistents de l\u2019SMC.<\/p>\n\n\n\n<p>Un exemple ben clar \u00e9s l&#8217;estaci\u00f3 de Sant Pau de Seg\u00faries, instal\u00b7lada l&#8217;any 1995 pel Servei Meteorol\u00f2gic de Catalunya i 14 anys despr\u00e9s, l&#8217;any 2009 &nbsp;l&#8217;AEMET n&#8217;instal\u00b7la una a 40 metres.<\/p>\n\n\n\n<div class=\"wp-block-image\"><figure class=\"aligncenter\"><img src=\"http:\/\/farm6.staticflickr.com\/5544\/9143162420_dd7cfbdfb1.jpg\" alt=\"\"\/><figcaption>Vista de l&#8217;EMA de Sant Pau de Seg\u00faries instal\u00b7lada per l&#8217;SMC l&#8217;any 1995 i a 40 metres la de l&#8217;AEMET instal\u00b7lada el 2009<\/figcaption><\/figure><\/div>\n\n\n\n<h2><b>Radiosondatge<\/b><\/h2>\n\n\n\n<p>El 1997 l\u2019SMC&nbsp; inaugura l\u2019estaci\u00f3 de radiosondatge de Barcelona per disposar de dades de l\u2019estructura vertical de l\u2019atmosfera, vitals per al bon funcionament dels models de predicci\u00f3 meteorol\u00f2gica. L\u2019INM no havia instal\u00b7lat mai un equipament com aquest a Catalunya, i quan l\u2019SMC ho va fer (no hi va haver duplicitat), l\u2019INM va trigar 10 anys en autoritzar que aquestes dades entressin a la xarxa mundial, amb la qual cosa no van poder ser aprofitades per la comunitat internacional durant molt de temps. Van ser precisament pressions fetes des de Fran\u00e7a les que van abocar l\u2019INM a homologar el radiosondatge de l\u2019SMC.<\/p>\n\n\n\n<h2><b>Radars<\/b><\/h2>\n\n\n\n<p>L\u2019SMC instal\u00b7la una Xarxa de Radars Meteorol\u00f2gics de baixa pot\u00e8ncia basant-se en la necessitat de donar cobertura a un pa\u00eds orogr\u00e0ficament complex i tenir mesures que puguin convertir-se en un camp de pluja real a base de combinar-les amb les dades procedents de la Xarxa d\u2019Estacions Meteorol\u00f2giques, en contraposici\u00f3 amb l\u2019esquema d\u2019AEMet d\u2019un sol radar d\u2019alta pot\u00e8ncia pensat per donar imatges composades a nivell qualitatiu amb els radars de la resta d\u2019Espanya.<\/p>\n\n\n\n<h2><b>Llamps<\/b><\/h2>\n\n\n\n<p>Tot i que l\u2019INM instal\u00b7la dos detectors de llamps a Catalunya (Girona i Reus) el 1992, la xarxa no evoluciona durant molts anys.<\/p>\n\n\n\n<p>El 2003 l\u2019SMC estrena una Xarxa de Detecci\u00f3 de Desc\u00e0rregues El\u00e8ctriques, que avui en dia est\u00e0 formada per quatre detectors amb un error de localitzaci\u00f3 de llamps de menys d\u20191 km, capa\u00e7 de distingir entre llamps n\u00favol-n\u00favol i llamps n\u00favol-terra, cosa que la xarxa d\u2019AEMet no pot fer.<\/p>\n\n\n\n<h2><b>Protecci\u00f3 Civil<\/b><\/h2>\n\n\n\n<p>Des de febrer de 2002 l\u2019SMC assessora Protecci\u00f3 Civil i transmet la informaci\u00f3 referent a Situacions Meteorol\u00f2giques de Perill a partir de la qual es decideix l\u2019activaci\u00f3 o no dels diferents Plans d\u2019Emerg\u00e8ncies a Catalunya.<\/p>\n\n\n\n<p>Des del primer moment els responsables de la predicci\u00f3 meteorol\u00f2gica del SMC han mantingut un estret contacte amb Protecci\u00f3 Civil, assistint a totes les reunions de crisi i a totes les d\u2019elaboraci\u00f3 dels Plans d\u2019Emerg\u00e8ncies (NEUCAT 2002, INFOCAT 2003, INUNCAT 2006), participant-hi activament. Aix\u00f2 ha generat un clima de treball conjunt i de sentiment de col\u00b7laboraci\u00f3 en un projecte com\u00fa que ha revertit en la qualitat de la informaci\u00f3.<\/p>\n\n\n\n<h2><b>Informaci\u00f3 p\u00fablica<\/b><\/h2>\n\n\n\n<p>La p\u00e0gina web de l\u2019SMC ofereix, des de 1997, un enorme ventall d\u2019informaci\u00f3 oberta a tothom. Molt abans que AEMet, l\u2019SMC va decidir ensenyar imatges radar, dades de llamps, dades de sat\u00e8l\u00b7lit, de radiosondatge, d\u2019estacions meteorol\u00f2giques, etc. de forma lliure i amb una elevada freq\u00fc\u00e8ncia d\u2019actualitzaci\u00f3. Actualment ofereix fins i tot prediccions en format v\u00eddeo.<\/p>\n\n\n\n<p>Una de les xifres que d\u00f3na m\u00e9s la idea de l\u2019inter\u00e8s de la societat catalana per la informaci\u00f3 que li ofereix l\u2019SMC \u00e9s la dels 140.000.000 de p\u00e0gines del web&nbsp;<a href=\"https:\/\/www.meteo.cat\/\">www.meteo.cat<\/a>&nbsp;visitades en un any.<\/p>\n\n\n\n<p>L\u2019aparici\u00f3 de les xarxes socials ha fet palesa, un cop m\u00e9s, la vocaci\u00f3 de l\u2019SMC de lideratge i d\u2019organisme capdavanter que aposta per las noves tecnologies i, alhora, pel contacte molt directe i estret amb la societat catalana. Aquesta combinaci\u00f3, junt amb la forma de transmetre de forma clara i propera la informaci\u00f3 a trav\u00e9s d\u2019aquestes xarxes, ha dut l\u2019SMC a fidelitzar en poc temps 42.500 seguidors al Twitter i 19.000 al Facebook, molt per sobre de la major part de serveis meteorol\u00f2gics del m\u00f3n. AEMet, amb un p\u00fablic potencial 6 vegades m\u00e9s gran que l\u2019SMC t\u00e9 10.900 seguidors al Twitter i no t\u00e9 p\u00e0gina al Facebook.<\/p>\n\n\n\n<h2><b>Duplicitats?<\/b><\/h2>\n\n\n\n<p>La difer\u00e8ncia entre el volum d\u2019infraestructures operatives d\u2019una i l\u2019altra instituci\u00f3 i les aplicacions i els productes que se\u2019n deriven, molt sovint diferents, no porten a pensar en l\u2019exist\u00e8ncia de duplicitats reals.<\/p>\n\n\n\n<p>El desplegament tecnol\u00f2gic que inicia l\u2019AEMet a partir de 2009 respon, probablement, al repte plantejat des de l\u2019SMC. \u00c9s la feina ben feta de l\u2019SMC la que genera una resposta des d\u2019AEMet, que es decideix a donar un pas endavant. La compet\u00e8ncia, com en molts altres casos, ajuda a millorar.<\/p>\n\n\n\n<p>La proximitat de l\u2019SMC a la societat catalana, treballada a partir de la implicaci\u00f3 en el m\u00f3n de l\u2019associacionisme, de la creaci\u00f3 de la Xarxa d\u2019Observadors Meteorol\u00f2gics, de la implicaci\u00f3 en les Xarxes Socials i Internet, del sentiment de pa\u00eds, i de compartir la tan arrelada afici\u00f3 dels catalans al seguiment de la meteorologia, no \u00e9s comparable amb la que pugui tenir AEMet.<\/p>\n\n\n\n<p>I el coneixement del territori dels t\u00e8cnics de l\u2019SMC, nascuts a Catalunya i apassionats per aquesta ci\u00e8ncia, no es pot comparar amb el que es pot tenir des d\u2019una estructura tan gran com la d\u2019AEMet.<\/p>\n\n\n\n<p>Servei Meteorol\u00f2gic de Catalunya.<\/p>\n","protected":false},"excerpt":{"rendered":"<p>PUBLICADA EL 27\/06\/2013 Fa uns dies el president del govern proposava unes reformes a l&#8217;administraci\u00f3 per evitar duplicitats. Una d&#8217;aquestes duplicitats, segons ell, s\u00f3n els serveis meteorol\u00f2gics auton\u00f2mics com el catal\u00e0, el basc i el gallec. Motius per rebatre-ho&nbsp; en tenim i molts! El 31 de mar\u00e7 de 1921, el Consell Permanent de la Mancomunitat [&hellip;]<\/p>\n","protected":false},"author":2,"featured_media":0,"parent":18378,"menu_order":0,"comment_status":"open","ping_status":"open","template":"template-sidebar.php","meta":{"_mi_skip_tracking":false,"_monsterinsights_sitenote_active":false,"_monsterinsights_sitenote_note":"","_monsterinsights_sitenote_category":0},"_links":{"self":[{"href":"https:\/\/www.meteo.cat\/wpweb\/wp-json\/wp\/v2\/pages\/930"}],"collection":[{"href":"https:\/\/www.meteo.cat\/wpweb\/wp-json\/wp\/v2\/pages"}],"about":[{"href":"https:\/\/www.meteo.cat\/wpweb\/wp-json\/wp\/v2\/types\/page"}],"author":[{"embeddable":true,"href":"https:\/\/www.meteo.cat\/wpweb\/wp-json\/wp\/v2\/users\/2"}],"replies":[{"embeddable":true,"href":"https:\/\/www.meteo.cat\/wpweb\/wp-json\/wp\/v2\/comments?post=930"}],"version-history":[{"count":5,"href":"https:\/\/www.meteo.cat\/wpweb\/wp-json\/wp\/v2\/pages\/930\/revisions"}],"predecessor-version":[{"id":29236,"href":"https:\/\/www.meteo.cat\/wpweb\/wp-json\/wp\/v2\/pages\/930\/revisions\/29236"}],"up":[{"embeddable":true,"href":"https:\/\/www.meteo.cat\/wpweb\/wp-json\/wp\/v2\/pages\/18378"}],"wp:attachment":[{"href":"https:\/\/www.meteo.cat\/wpweb\/wp-json\/wp\/v2\/media?parent=930"}],"curies":[{"name":"wp","href":"https:\/\/api.w.org\/{rel}","templated":true}]}}