{"id":9124,"date":"2016-03-10T12:07:36","date_gmt":"2016-03-10T12:07:36","guid":{"rendered":"https:\/\/www.meteo.cat\/wpweb\/?page_id=9124"},"modified":"2020-10-20T10:44:55","modified_gmt":"2020-10-20T10:44:55","slug":"lestat-de-la-mar","status":"publish","type":"page","link":"https:\/\/www.meteo.cat\/wpweb\/divulgacio\/temps-al-temps\/lestat-de-la-mar\/","title":{"rendered":"L&#8217;Estat de la Mar"},"content":{"rendered":"\n<p>Per molt calmada que sembli, la mar est\u00e0 sempre en moviment. Alguns moviments s\u00f3n visibles<br>als nostres ulls i d\u2019altres no, per\u00f2 el cert \u00e9s que s\u2019hi produeixen tota mena de fen\u00f2mens, com els corrents marins o les rissagues. En aquest cap\u00edtol parlem amb els professionals del SMC que treballen perqu\u00e8 el mar no ens sorprengui i continu\u00ef essent un dels millors aliats del pa\u00eds.<\/p>\n\n\n\n<iframe loading=\"lazy\" width=\"560\" height=\"315\" src=\"https:\/\/www.youtube.com\/embed\/fceuMgLr9os\" frameborder=\"0\" allow=\"accelerometer; autoplay; clipboard-write; encrypted-media; gyroscope; picture-in-picture\" allowfullscreen title=\"Temps al temps: Estat de la mar\"><\/iframe>\n","protected":false},"excerpt":{"rendered":"<p>Per molt calmada que sembli, la mar est\u00e0 sempre en moviment. Alguns moviments s\u00f3n visiblesals nostres ulls i d\u2019altres no, per\u00f2 el cert \u00e9s que s\u2019hi produeixen tota mena de fen\u00f2mens, com els corrents marins o les rissagues. En aquest cap\u00edtol parlem amb els professionals del SMC que treballen perqu\u00e8 el mar no ens sorprengui [&hellip;]<\/p>\n","protected":false},"author":2,"featured_media":0,"parent":9074,"menu_order":0,"comment_status":"closed","ping_status":"closed","template":"template-sidebar.php","meta":{"_mi_skip_tracking":false,"_monsterinsights_sitenote_active":false,"_monsterinsights_sitenote_note":"","_monsterinsights_sitenote_category":0},"_links":{"self":[{"href":"https:\/\/www.meteo.cat\/wpweb\/wp-json\/wp\/v2\/pages\/9124"}],"collection":[{"href":"https:\/\/www.meteo.cat\/wpweb\/wp-json\/wp\/v2\/pages"}],"about":[{"href":"https:\/\/www.meteo.cat\/wpweb\/wp-json\/wp\/v2\/types\/page"}],"author":[{"embeddable":true,"href":"https:\/\/www.meteo.cat\/wpweb\/wp-json\/wp\/v2\/users\/2"}],"replies":[{"embeddable":true,"href":"https:\/\/www.meteo.cat\/wpweb\/wp-json\/wp\/v2\/comments?post=9124"}],"version-history":[{"count":7,"href":"https:\/\/www.meteo.cat\/wpweb\/wp-json\/wp\/v2\/pages\/9124\/revisions"}],"predecessor-version":[{"id":29430,"href":"https:\/\/www.meteo.cat\/wpweb\/wp-json\/wp\/v2\/pages\/9124\/revisions\/29430"}],"up":[{"embeddable":true,"href":"https:\/\/www.meteo.cat\/wpweb\/wp-json\/wp\/v2\/pages\/9074"}],"wp:attachment":[{"href":"https:\/\/www.meteo.cat\/wpweb\/wp-json\/wp\/v2\/media?parent=9124"}],"curies":[{"name":"wp","href":"https:\/\/api.w.org\/{rel}","templated":true}]}}