{"id":9120,"date":"2016-03-10T12:32:07","date_gmt":"2016-03-10T12:32:07","guid":{"rendered":"https:\/\/www.meteo.cat\/wpweb\/?page_id=9120"},"modified":"2022-05-12T09:25:34","modified_gmt":"2022-05-12T09:25:34","slug":"el-vent","status":"publish","type":"page","link":"https:\/\/www.meteo.cat\/wpweb\/divulgacio\/temps-al-temps\/el-vent\/","title":{"rendered":"El fen\u00f2men del vent"},"content":{"rendered":"\n<p>El vent \u00e9s un dels fen\u00f2mens dels que se\u2019ns fa m\u00e9s f\u00e0cil parlar. Dient que el vent \u00e9s aire en moviment<br>en podr\u00edem tenir ben b\u00e9 prou sin\u00f3 fos perqu\u00e8 el vent tamb\u00e9 t\u00e9 molts secrets amagats. En aquest cap\u00edtol coneixerem com es forma, en quins indrets de Catalunya \u00e9s m\u00e9s habitual i en quins casos es pot arribar a convertir en un perill.<\/p>\n\n\n\n<iframe loading=\"lazy\" width=\"560\" height=\"315\" src=\"https:\/\/www.youtube.com\/embed\/U9CAue0qYBE\" frameborder=\"0\" allow=\"accelerometer; autoplay; clipboard-write; encrypted-media; gyroscope; picture-in-picture\" allowfullscreen=\"\" title=\"Temps al temps: El vent\"><\/iframe>\n","protected":false},"excerpt":{"rendered":"<p>El vent \u00e9s un dels fen\u00f2mens dels que se\u2019ns fa m\u00e9s f\u00e0cil parlar. Dient que el vent \u00e9s aire en movimenten podr\u00edem tenir ben b\u00e9 prou sin\u00f3 fos perqu\u00e8 el vent tamb\u00e9 t\u00e9 molts secrets amagats. En aquest cap\u00edtol coneixerem com es forma, en quins indrets de Catalunya \u00e9s m\u00e9s habitual i en quins casos [&hellip;]<\/p>\n","protected":false},"author":2,"featured_media":0,"parent":9074,"menu_order":0,"comment_status":"closed","ping_status":"closed","template":"template-sidebar.php","meta":{"_mi_skip_tracking":false,"_monsterinsights_sitenote_active":false,"_monsterinsights_sitenote_note":"","_monsterinsights_sitenote_category":0},"_links":{"self":[{"href":"https:\/\/www.meteo.cat\/wpweb\/wp-json\/wp\/v2\/pages\/9120"}],"collection":[{"href":"https:\/\/www.meteo.cat\/wpweb\/wp-json\/wp\/v2\/pages"}],"about":[{"href":"https:\/\/www.meteo.cat\/wpweb\/wp-json\/wp\/v2\/types\/page"}],"author":[{"embeddable":true,"href":"https:\/\/www.meteo.cat\/wpweb\/wp-json\/wp\/v2\/users\/2"}],"replies":[{"embeddable":true,"href":"https:\/\/www.meteo.cat\/wpweb\/wp-json\/wp\/v2\/comments?post=9120"}],"version-history":[{"count":5,"href":"https:\/\/www.meteo.cat\/wpweb\/wp-json\/wp\/v2\/pages\/9120\/revisions"}],"predecessor-version":[{"id":34392,"href":"https:\/\/www.meteo.cat\/wpweb\/wp-json\/wp\/v2\/pages\/9120\/revisions\/34392"}],"up":[{"embeddable":true,"href":"https:\/\/www.meteo.cat\/wpweb\/wp-json\/wp\/v2\/pages\/9074"}],"wp:attachment":[{"href":"https:\/\/www.meteo.cat\/wpweb\/wp-json\/wp\/v2\/media?parent=9120"}],"curies":[{"name":"wp","href":"https:\/\/api.w.org\/{rel}","templated":true}]}}