{"id":9114,"date":"2016-03-10T12:36:37","date_gmt":"2016-03-10T12:36:37","guid":{"rendered":"https:\/\/www.meteo.cat\/wpweb\/?page_id=9114"},"modified":"2022-05-12T09:35:30","modified_gmt":"2022-05-12T09:35:30","slug":"els-nuvols","status":"publish","type":"page","link":"https:\/\/www.meteo.cat\/wpweb\/divulgacio\/temps-al-temps\/els-nuvols\/","title":{"rendered":"Tipus de n\u00favols"},"content":{"rendered":"\n<p>De qu\u00e8 estan formats els n\u00favols? Sembla una pregunta senzilla per\u00f2 la resposta ens sorprendr\u00e0.<br>Un dels meteor\u00f2legs del Servei Meteorol\u00f2gic de Catalunya us&nbsp;explicar\u00e0 per qu\u00e8 i us&nbsp;guiar\u00e0 per aprendre a distingir entre els principals tipus de n\u00favols.<\/p>\n\n\n\n<iframe loading=\"lazy\" width=\"560\" height=\"315\" src=\"https:\/\/www.youtube.com\/embed\/u-DCpGvb1f0\" frameborder=\"0\" allow=\"accelerometer; autoplay; clipboard-write; encrypted-media; gyroscope; picture-in-picture\" allowfullscreen=\"\" title=\"Temps al temps: Els n\u00favols\"><\/iframe>\n","protected":false},"excerpt":{"rendered":"<p>De qu\u00e8 estan formats els n\u00favols? Sembla una pregunta senzilla per\u00f2 la resposta ens sorprendr\u00e0.Un dels meteor\u00f2legs del Servei Meteorol\u00f2gic de Catalunya us&nbsp;explicar\u00e0 per qu\u00e8 i us&nbsp;guiar\u00e0 per aprendre a distingir entre els principals tipus de n\u00favols.<\/p>\n","protected":false},"author":2,"featured_media":0,"parent":9074,"menu_order":0,"comment_status":"closed","ping_status":"closed","template":"template-sidebar.php","meta":{"_mi_skip_tracking":false,"_monsterinsights_sitenote_active":false,"_monsterinsights_sitenote_note":"","_monsterinsights_sitenote_category":0},"_links":{"self":[{"href":"https:\/\/www.meteo.cat\/wpweb\/wp-json\/wp\/v2\/pages\/9114"}],"collection":[{"href":"https:\/\/www.meteo.cat\/wpweb\/wp-json\/wp\/v2\/pages"}],"about":[{"href":"https:\/\/www.meteo.cat\/wpweb\/wp-json\/wp\/v2\/types\/page"}],"author":[{"embeddable":true,"href":"https:\/\/www.meteo.cat\/wpweb\/wp-json\/wp\/v2\/users\/2"}],"replies":[{"embeddable":true,"href":"https:\/\/www.meteo.cat\/wpweb\/wp-json\/wp\/v2\/comments?post=9114"}],"version-history":[{"count":4,"href":"https:\/\/www.meteo.cat\/wpweb\/wp-json\/wp\/v2\/pages\/9114\/revisions"}],"predecessor-version":[{"id":34402,"href":"https:\/\/www.meteo.cat\/wpweb\/wp-json\/wp\/v2\/pages\/9114\/revisions\/34402"}],"up":[{"embeddable":true,"href":"https:\/\/www.meteo.cat\/wpweb\/wp-json\/wp\/v2\/pages\/9074"}],"wp:attachment":[{"href":"https:\/\/www.meteo.cat\/wpweb\/wp-json\/wp\/v2\/media?parent=9114"}],"curies":[{"name":"wp","href":"https:\/\/api.w.org\/{rel}","templated":true}]}}