{"id":9112,"date":"2016-03-10T12:37:14","date_gmt":"2016-03-10T12:37:14","guid":{"rendered":"https:\/\/www.meteo.cat\/wpweb\/?page_id=9112"},"modified":"2020-10-20T10:34:03","modified_gmt":"2020-10-20T10:34:03","slug":"situacions-meteorologiques-de-perill","status":"publish","type":"page","link":"https:\/\/www.meteo.cat\/wpweb\/divulgacio\/temps-al-temps\/situacions-meteorologiques-de-perill\/","title":{"rendered":"Situacions Meteorol\u00f2giques de Perill"},"content":{"rendered":"\n<p>Quan es produeix una situaci\u00f3 meteorol\u00f2gica de perill, com ara ventades o grans nevades,<br>el Servei Meteorol\u00f2gic \u00e9s el responsable d\u2019avisar Protecci\u00f3 Civil perqu\u00e8 engegui els plans especials pertinents. &nbsp;Veureu com treballa l\u2019\u00e0rea de predicci\u00f3 del SMC per detectar i preveure amb temps aquestes situacions.<\/p>\n\n\n\n<iframe loading=\"lazy\" width=\"560\" height=\"315\" src=\"https:\/\/www.youtube.com\/embed\/Hmu6I47VN1M\" frameborder=\"0\" allow=\"accelerometer; autoplay; clipboard-write; encrypted-media; gyroscope; picture-in-picture\" allowfullscreen title=\"Temps al temps: Situacions Meteorol\u00f2giques de Perill\"><\/iframe>\n","protected":false},"excerpt":{"rendered":"<p>Quan es produeix una situaci\u00f3 meteorol\u00f2gica de perill, com ara ventades o grans nevades,el Servei Meteorol\u00f2gic \u00e9s el responsable d\u2019avisar Protecci\u00f3 Civil perqu\u00e8 engegui els plans especials pertinents. &nbsp;Veureu com treballa l\u2019\u00e0rea de predicci\u00f3 del SMC per detectar i preveure amb temps aquestes situacions.<\/p>\n","protected":false},"author":2,"featured_media":0,"parent":9074,"menu_order":0,"comment_status":"closed","ping_status":"closed","template":"template-sidebar.php","meta":{"_mi_skip_tracking":false,"_monsterinsights_sitenote_active":false,"_monsterinsights_sitenote_note":"","_monsterinsights_sitenote_category":0},"_links":{"self":[{"href":"https:\/\/www.meteo.cat\/wpweb\/wp-json\/wp\/v2\/pages\/9112"}],"collection":[{"href":"https:\/\/www.meteo.cat\/wpweb\/wp-json\/wp\/v2\/pages"}],"about":[{"href":"https:\/\/www.meteo.cat\/wpweb\/wp-json\/wp\/v2\/types\/page"}],"author":[{"embeddable":true,"href":"https:\/\/www.meteo.cat\/wpweb\/wp-json\/wp\/v2\/users\/2"}],"replies":[{"embeddable":true,"href":"https:\/\/www.meteo.cat\/wpweb\/wp-json\/wp\/v2\/comments?post=9112"}],"version-history":[{"count":5,"href":"https:\/\/www.meteo.cat\/wpweb\/wp-json\/wp\/v2\/pages\/9112\/revisions"}],"predecessor-version":[{"id":29422,"href":"https:\/\/www.meteo.cat\/wpweb\/wp-json\/wp\/v2\/pages\/9112\/revisions\/29422"}],"up":[{"embeddable":true,"href":"https:\/\/www.meteo.cat\/wpweb\/wp-json\/wp\/v2\/pages\/9074"}],"wp:attachment":[{"href":"https:\/\/www.meteo.cat\/wpweb\/wp-json\/wp\/v2\/media?parent=9112"}],"curies":[{"name":"wp","href":"https:\/\/api.w.org\/{rel}","templated":true}]}}