{"id":8648,"date":"2015-12-18T12:12:48","date_gmt":"2015-12-18T12:12:48","guid":{"rendered":"https:\/\/www.meteo.cat\/wpweb\/?page_id=8648"},"modified":"2026-04-14T10:00:02","modified_gmt":"2026-04-14T10:00:02","slug":"organitzacio","status":"publish","type":"page","link":"https:\/\/www.meteo.cat\/wpweb\/transparencia-i-bon-govern\/organitzacio\/","title":{"rendered":"Organitzaci\u00f3 institucional i estructural"},"content":{"rendered":"\n<p>Organitzaci\u00f3 i estructura administrativa<\/p>\n\n\n\n<h2><strong>Estructura organitzativa<\/strong><\/h2>\n\n\n\n<ul><li><a rel=\"noreferrer noopener\" href=\"\/wpweb\/transparencia-i-bon-govern\/organitzacio\/organigrama\/\" target=\"_blank\">Organigrama del Servei Meteorol\u00f2gic de Catalunya<\/a><\/li><li><a rel=\"noreferrer noopener nofollow\" href=\"https:\/\/portaljuridic.gencat.cat\/ca\/document-del-pjur\/?documentId=984810&amp;validity=2026894&amp;traceability=01&amp;language=ca\" target=\"_blank\">Estatuts del Servei Meteorol\u00f2gic de Catalunya. DECRET 86\/2024, de 30 d&#8217;abril.<\/a> <\/li><li><a rel=\"noreferrer noopener nofollow\" href=\"https:\/\/portaljuridic.gencat.cat\/ca\/document-del-pjur\/?documentId=270830\" target=\"_blank\">Llei de meteorologia. LLEI 15\/2001, de 14 de novembre.<\/a><\/li><\/ul>\n\n\n\n<div style=\"height:20px\" aria-hidden=\"true\" class=\"wp-block-spacer\"><\/div>\n\n\n\n<h2>Organitzaci\u00f3 institucional<\/h2>\n\n\n\n<p>Segons la Llei 15\/2001 els \u00f2rgans del Servei Meteorol\u00f2gic de Catalunya s\u00f3n:<\/p>\n\n\n\n<ul><li><a href=\"\/wpweb\/transparencia-i-bon-govern\/organitzacio\/director-o-directora\/\">Director\/a<\/a><\/li><li><a href=\"\/wpweb\/transparencia-i-bon-govern\/organitzacio\/consell-assessor\/\">Consell assessor<\/a><\/li><li><a href=\"\/wpweb\/transparencia-i-bon-govern\/organitzacio\/consell-dadministracio\/\">Consell d&#8217;administraci\u00f3<\/a><\/li><\/ul>\n\n\n\n<div style=\"height:20px\" aria-hidden=\"true\" class=\"wp-block-spacer\"><\/div>\n\n\n\n<h2>Retribucions, indemnitzacions i dietes<\/h2>\n\n\n\n<p><a href=\"https:\/\/www.meteo.cat\/wpweb\/transparencia-i-bon-govern\/organitzacio\/retribucions-indemnitzacions-i-dietes\/\">Taules salarials, indemnitzacions i dietes del personal del Servei Meteorol\u00f2gic de Catalunya<\/a><\/p>\n\n\n\n<h2>B\u00fastia interna d\u2019alertes<\/h2>\n\n\n\n<p>Accedeix a la <a href=\"\/wpweb\/transparencia-i-bon-govern\/organitzacio\/bustia-interna-dalertes\/\">b\u00fastia interna d&#8217;alertes<\/a>, canal electr\u00f2nic segur que permet fer comunicacions o alertes, de forma an\u00f2nima.<\/p>\n","protected":false},"excerpt":{"rendered":"<p>Organitzaci\u00f3 i estructura administrativa Estructura organitzativa Organigrama del Servei Meteorol\u00f2gic de Catalunya Estatuts del Servei Meteorol\u00f2gic de Catalunya. DECRET 86\/2024, de 30 d&#8217;abril. Llei de meteorologia. LLEI 15\/2001, de 14 de novembre. Organitzaci\u00f3 institucional Segons la Llei 15\/2001 els \u00f2rgans del Servei Meteorol\u00f2gic de Catalunya s\u00f3n: Director\/a Consell assessor Consell d&#8217;administraci\u00f3 Retribucions, indemnitzacions i dietes [&hellip;]<\/p>\n","protected":false},"author":2,"featured_media":0,"parent":6270,"menu_order":1,"comment_status":"closed","ping_status":"closed","template":"","meta":{"_mi_skip_tracking":false,"_monsterinsights_sitenote_active":false,"_monsterinsights_sitenote_note":"","_monsterinsights_sitenote_category":0},"_links":{"self":[{"href":"https:\/\/www.meteo.cat\/wpweb\/wp-json\/wp\/v2\/pages\/8648"}],"collection":[{"href":"https:\/\/www.meteo.cat\/wpweb\/wp-json\/wp\/v2\/pages"}],"about":[{"href":"https:\/\/www.meteo.cat\/wpweb\/wp-json\/wp\/v2\/types\/page"}],"author":[{"embeddable":true,"href":"https:\/\/www.meteo.cat\/wpweb\/wp-json\/wp\/v2\/users\/2"}],"replies":[{"embeddable":true,"href":"https:\/\/www.meteo.cat\/wpweb\/wp-json\/wp\/v2\/comments?post=8648"}],"version-history":[{"count":43,"href":"https:\/\/www.meteo.cat\/wpweb\/wp-json\/wp\/v2\/pages\/8648\/revisions"}],"predecessor-version":[{"id":45356,"href":"https:\/\/www.meteo.cat\/wpweb\/wp-json\/wp\/v2\/pages\/8648\/revisions\/45356"}],"up":[{"embeddable":true,"href":"https:\/\/www.meteo.cat\/wpweb\/wp-json\/wp\/v2\/pages\/6270"}],"wp:attachment":[{"href":"https:\/\/www.meteo.cat\/wpweb\/wp-json\/wp\/v2\/media?parent=8648"}],"curies":[{"name":"wp","href":"https:\/\/api.w.org\/{rel}","templated":true}]}}