{"id":8625,"date":"2015-12-18T10:30:31","date_gmt":"2015-12-18T10:30:31","guid":{"rendered":"https:\/\/www.meteo.cat\/wpweb\/?page_id=8625"},"modified":"2026-03-31T11:58:57","modified_gmt":"2026-03-31T11:58:57","slug":"linies-dactuacio","status":"publish","type":"page","link":"https:\/\/www.meteo.cat\/wpweb\/transparencia-i-bon-govern\/linies-dactuacio\/","title":{"rendered":"L\u00ednies d&#8217;actuaci\u00f3"},"content":{"rendered":"\n<h2><strong>Pla de Govern<\/strong><\/h2>\n\n\n\n<p>El Consell Executiu ha aprovat el <a href=\"https:\/\/static-m.meteo.cat\/wordpressweb\/wp-content\/uploads\/2020\/02\/07072438\/PdG-Legislatura-XII.pdf\">Pla de Govern per a la Legislatura XII<\/a>. El Pla de Govern \u00e9s el pla estrat\u00e8gic de legislatura, que recull els objectius i les l\u00ednies d\u2019actuaci\u00f3 m\u00e9s destacades que impulsar\u00e0 el Govern, m\u00e9s enll\u00e0 de la seva activitat ordin\u00e0ria. S\u2019ha elaborat a partir del programa de Govern presentat durant el debat d\u2019investidura.<\/p>\n\n\n\n<p>A m\u00e9s de ser un instrument de planificaci\u00f3, el Pla serveix per retre compte de l\u2019actuaci\u00f3 del Govern, avaluar el compliment dels compromisos adoptats i garantir la transpar\u00e8ncia en les relacions amb la ciutadania. Per aix\u00f2, el Pla incorpora una s\u00e8rie d\u2019indicadors per valorar el desenvolupament i el compliment de les mesures al llarg de la legislatura per part de la ciutadania.<\/p>\n\n\n\n<p>El document s\u2019estructura en&nbsp;<strong>4 eixos<\/strong>&nbsp;desenvolupats en 22 \u00e0mbits d\u2019actuaci\u00f3, 93 objectius i m\u00e9s de 1.000 mesures concretes, amb m\u00e9s de 300 indicadors de seguiment.<\/p>\n\n\n\n<ol><li>Un pa\u00eds cohesionat amb drets i oportunitats per a tothom.<\/li><li>Una economia pr\u00f2spera, responsable i sostenible. Per a un nou model productiu i una fiscalitat justa.<\/li><li>Una societat enfortida democr\u00e0ticament, lliure i justa. Per a una governan\u00e7a compartida.<\/li><li>Una Catalunya oberta al m\u00f3n.<\/li><\/ol>\n\n\n\n<p>El Pla de Govern \u00e9s el pla estrat\u00e8gic de legislatura, que recull els objectius i les l\u00ednies d\u2019actuaci\u00f3 m\u00e9s destacades que impulsar\u00e0 el Govern, m\u00e9s enll\u00e0 de la seva activitat ordin\u00e0ria. S\u2019ha elaborat a partir del programa de Govern presentat durant el debat d\u2019investidura.<\/p>\n\n\n\n<p>A m\u00e9s de ser un instrument de planificaci\u00f3, el Pla serveix per retre compte de l\u2019actuaci\u00f3 del Govern, avaluar el compliment dels compromisos adoptats i garantir la transpar\u00e8ncia en les relacions amb la ciutadania. Per aix\u00f2, el Pla incorpora una s\u00e8rie d\u2019indicadors per valorar el desenvolupament i el compliment de les mesures al llarg de la legislatura per part de la ciutadania.<\/p>\n\n\n\n<p>El document s\u2019estructura en&nbsp;<strong>4 eixos<\/strong>&nbsp;desenvolupats en 22 \u00e0mbits d\u2019actuaci\u00f3, 93 objectius i m\u00e9s de 1.000 mesures concretes, amb m\u00e9s de 300 indicadors de seguiment.<\/p>\n\n\n\n<ol><li>Un pa\u00eds cohesionat amb drets i oportunitats per a tothom.<\/li><li>Una economia pr\u00f2spera, responsable i sostenible. Per a un nou model productiu i una fiscalitat justa.<\/li><li>Una societat enfortida democr\u00e0ticament, lliure i justa. Per a una governan\u00e7a compartida.<\/li><li>Una Catalunya oberta al m\u00f3n.<\/li><\/ol>\n\n\n\n<p>Document de s\u00edntesi:<\/p>\n\n\n\n<p><a href=\"https:\/\/static-m.meteo.cat\/wordpressweb\/wp-content\/uploads\/2020\/02\/07072701\/PdG_Sintesi.pdf\">Pla de Govern_S\u00edntesi<\/a><\/p>\n\n\n\n<p><a href=\"https:\/\/static-m.meteo.cat\/wordpressweb\/wp-content\/uploads\/2022\/04\/24134815\/Pla-Estrategic-2021-2024-v2.pdf\">Pla Estrat\u00e8gic 2021-2024<\/a><\/p>\n\n\n\n<h2><strong>Plans i programes generals i sectorials<\/strong><\/h2>\n\n\n\n<p>No generem informaci\u00f3 d&#8217;aquest tipus.<\/p>\n\n\n\n<h2>Auditories dels serveis p\u00fablics<\/h2>\n\n\n\n<p>Auditories internes i externes d\u2019avaluaci\u00f3 de la qualitat dels serveis p\u00fablics.<\/p>\n\n\n\n<p><\/p>\n\n\n\n<h3><strong>Any 202<\/strong>5<\/h3>\n\n\n\n<ul id=\"block-1b49de66-47f9-43b9-b80b-f2ac29aefb55\"><li><a href=\"https:\/\/static-m.meteo.cat\/wordpressweb\/wp-content\/uploads\/2026\/03\/31115346\/Objectius_de_qualitat_2025.pdf\" data-type=\"URL\">Objectius i Projectes 2025<\/a><\/li><li><a href=\"https:\/\/static-m.meteo.cat\/wordpressweb\/wp-content\/uploads\/2026\/03\/31115345\/Informe-auditoria-interna-SMC_2025_signat-1.pdf\">Informe auditoria interna<\/a><\/li><li><a href=\"https:\/\/static-m.meteo.cat\/wordpressweb\/wp-content\/uploads\/2026\/03\/31115344\/Informe_METEOCAT_AS1-2025-cliente-Resposta-SMC.pdf\">Informe auditoria externa<\/a><\/li><\/ul>\n\n\n\n<h3><strong>Any 202<\/strong>4<\/h3>\n\n\n\n<ul id=\"block-0673b41c-5761-4c94-ba1e-bbc9a636ff3f\"><li><a href=\"https:\/\/static-m.meteo.cat\/wordpressweb\/wp-content\/uploads\/2025\/01\/17093953\/Objectius-i-projectes-del-2024.pdf\">Objectius i Projectes 2024<\/a><\/li><li><a href=\"https:\/\/static-m.meteo.cat\/wordpressweb\/wp-content\/uploads\/2025\/01\/16094646\/Informe-auditoria-interna-SMC_2024_signat.pdf\">Informe auditoria interna<\/a><\/li><li><a href=\"https:\/\/static-m.meteo.cat\/wordpressweb\/wp-content\/uploads\/2025\/01\/16094816\/Informe_METEOCAT_AR_Jul2024.pdf\">Informe auditoria externa<\/a><\/li><\/ul>\n\n\n\n<h3><strong>Any 202<\/strong>3<\/h3>\n\n\n\n<ul id=\"block-0673b41c-5761-4c94-ba1e-bbc9a636ff3f\"><li><a href=\"https:\/\/static-m.meteo.cat\/wordpressweb\/wp-content\/uploads\/2025\/01\/17093951\/Objectius-i-projectes-del-2023.pdf\">Objectius i Projectes 2023<\/a><\/li><li><a href=\"https:\/\/static-m.meteo.cat\/wordpressweb\/wp-content\/uploads\/2025\/01\/16094633\/Informe-auditoria-interna-SMC_2023_v1_signat.pdf\">Informe auditoria interna<\/a><\/li><li><a href=\"https:\/\/static-m.meteo.cat\/wordpressweb\/wp-content\/uploads\/2025\/01\/16094808\/METEOCAT-2023_SIG.pdf\">Informe auditoria externa<\/a><\/li><\/ul>\n\n\n\n<h3><strong>Any 202<\/strong>2<\/h3>\n\n\n\n<ul id=\"block-0673b41c-5761-4c94-ba1e-bbc9a636ff3f\"><li><a href=\"https:\/\/static-m.meteo.cat\/wordpressweb\/wp-content\/uploads\/2025\/01\/17093949\/Objectius-i-projectes-del-2022.pdf\">Objectius i Projectes 2022<\/a><\/li><li><a href=\"https:\/\/static-m.meteo.cat\/wordpressweb\/wp-content\/uploads\/2025\/01\/16094621\/Informe-auditoria-interna-SMC_2022_signat.pdf\">Informe auditoria interna<\/a><\/li><li><a href=\"https:\/\/static-m.meteo.cat\/wordpressweb\/wp-content\/uploads\/2025\/01\/16094759\/METEOCAT-2022-v1.pdf\">Informe auditoria externa<\/a><\/li><\/ul>\n\n\n\n<h3>Any 2021<\/h3>\n\n\n\n<ul><li>Objectius i Projectes 2021<\/li><li><a href=\"https:\/\/static-m.meteo.cat\/wordpressweb\/wp-content\/uploads\/2022\/04\/24135004\/Informe-auditoria-interna-SMC_v1_signat.pdf\">Informe auditoria interna<\/a><\/li><li><a href=\"https:\/\/static-m.meteo.cat\/wordpressweb\/wp-content\/uploads\/2022\/04\/24135004\/E2-INFORME-AUDITORIA_20210604-120201688002-METEOCAT-2021_signat.pdf\">Informe auditoria externa<\/a> <\/li><\/ul>\n\n\n\n<p><\/p>\n\n\n\n<h3><strong>Any 2020<\/strong><\/h3>\n\n\n\n<ul><li>Objectius i Projectes 2020<\/li><li><a href=\"https:\/\/static-m.meteo.cat\/wordpressweb\/wp-content\/uploads\/2021\/06\/07075841\/INFORME-AUDITORIA-INTERNA-2020.pdf\">Informe auditoria interna<\/a><\/li><li><a href=\"https:\/\/static-m.meteo.cat\/wordpressweb\/wp-content\/uploads\/2021\/06\/07075841\/INFORME-AUDITORIA-EXTERNA-2020.pdf\">Informe auditoria externa <\/a><\/li><\/ul>\n\n\n\n<h3><strong>Any 2019<\/strong><\/h3>\n\n\n\n<ul><li><a href=\"https:\/\/static-m.meteo.cat\/wordpressweb\/wp-content\/uploads\/2020\/02\/07073029\/CDIR-Objectiusiprojectes2019-070220-0829-26.pdf\">Objectius i Projectes 2019<\/a><\/li><li><a href=\"https:\/\/static-m.meteo.cat\/wordpressweb\/wp-content\/uploads\/2020\/02\/07071027\/Informe-auditoria-interna-SMC_2019_def.pdf\">Informe auditoria interna<\/a><\/li><li><a href=\"https:\/\/static-m.meteo.cat\/wordpressweb\/wp-content\/uploads\/2021\/06\/07075841\/INFORME-AUDITORIA-EXTERNA-2019.pdf\">Informe auditoria externa<\/a><\/li><\/ul>\n\n\n\n<h3><strong>Any 2018&nbsp;<\/strong><\/h3>\n\n\n\n<ul><li><a href=\"https:\/\/static-m.meteo.cat\/wordpressweb\/wp-content\/uploads\/2015\/12\/10094739\/CDIR-Objectiusiprojectes2018-090418-1120-37.pdf\">Objectius i projectes 2018<\/a><\/li><li><a href=\"https:\/\/static-m.meteo.cat\/wordpressweb\/wp-content\/uploads\/2020\/02\/07071028\/Informe-Auditoria-Interna_2018-SMC.pdf\">Informe Auditoria Interna_2018<\/a><\/li><li><a href=\"https:\/\/static-m.meteo.cat\/wordpressweb\/wp-content\/uploads\/2021\/06\/07075840\/INFORME-AUDITORIA-EXTERNA-2018.pdf\">Informe Auditoria externa 2018<\/a><\/li><\/ul>\n\n\n\n<h3>Any 2017<\/h3>\n\n\n\n<ul><li><a href=\"https:\/\/static-m.meteo.cat\/wordpressweb\/wp-content\/uploads\/2015\/12\/10094709\/CDIR-Objectiusiprojectes2017-090418-1118-35.pdf\">Objectius i projectes 2017<\/a><\/li><li><a href=\"https:\/\/static-m.meteo.cat\/wordpressweb\/wp-content\/uploads\/2015\/12\/10093646\/Informe-Auditoria-Interna_2017-SMC.pdf\">Auditoria Interna 2017<\/a><\/li><li><a href=\"https:\/\/static-m.meteo.cat\/wordpressweb\/wp-content\/uploads\/2021\/06\/07075840\/INFORME-AUDITORIA-EXTERNA-2017.pdf\">Auditoria externa 2017<\/a> i&nbsp; <a href=\"https:\/\/static-m.meteo.cat\/wordpressweb\/wp-content\/uploads\/2015\/12\/10095952\/no-conformitats-2017.pdf\">Informe no conformitats 2017<\/a><\/li><\/ul>\n\n\n\n<h3><strong>Any 2016<\/strong><\/h3>\n\n\n\n<ul><li><a href=\"https:\/\/static-m.meteo.cat\/wordpressweb\/wp-content\/uploads\/2015\/12\/13074201\/Objectius-2016.pdf\">Objectius 2016<\/a><\/li><li><a href=\"https:\/\/static-m.meteo.cat\/wordpressweb\/wp-content\/uploads\/2015\/12\/13073904\/Auditoria-Interna-2016.pdf\">Auditoria Interna 2016<\/a><\/li><li><a href=\"https:\/\/static-m.meteo.cat\/wordpressweb\/wp-content\/uploads\/2015\/12\/13073946\/Auditoria-externa-2016.pdf\">Auditoria externa 2016<\/a> i <a href=\"https:\/\/static-m.meteo.cat\/wordpressweb\/wp-content\/uploads\/2015\/12\/13074005\/Informe-no-conformitats-2016.pdf\">Informe no conformitats 2016<\/a><\/li><\/ul>\n\n\n\n<h2>Informaci\u00f3 estad\u00edstica<\/h2>\n\n\n\n<p>El Pla estad\u00edstic de Catalunya \u00e9s l&#8217;instrument d\u2019ordenaci\u00f3 i planificaci\u00f3 de l\u2019estad\u00edstica d\u2019inter\u00e8s de la Generalitat de Catalunya. D\u2019acord amb els preceptes de la Llei d\u2019estad\u00edstica de Catalunya, el Pla estad\u00edstic inclou els objectius que s\u2019han de dur a terme durant la seva vig\u00e8ncia i les activitats estad\u00edstiques per assolir-los, que es concreten en els programes anuals d&#8217;actuaci\u00f3 estad\u00edstica que aprova el Govern mitjan\u00e7ant un decret.<\/p>\n\n\n\n<p>L\u2019Institut d\u2019Estad\u00edstica de Catalunya (Idescat) \u00e9s l\u2019organisme de la Generalitat de Catalunya especialitzat en estad\u00edstica i la seva missi\u00f3 \u00e9s gestionar el Sistema estad\u00edstic de Catalunya. En aquest sentit prepara i elabora cada any el projecte de programa anual d\u2019actuaci\u00f3 estad\u00edstica.<\/p>\n\n\n\n<p>Podeu consultar tota la informaci\u00f3 relativa a l\u2019estad\u00edstica oficial de Catalunya al <a href=\"http:\/\/www.idescat.cat\/\" target=\"_blank\" rel=\"noopener noreferrer\">web de l\u2019Idescat<\/a>.<\/p>\n\n\n\n<h2>Mem\u00f2ries d&#8217;activitats<\/h2>\n\n\n\n<ul><li><a href=\"https:\/\/static-m.meteo.cat\/wordpressweb\/wp-content\/uploads\/2025\/07\/16071559\/Memoria-Activitats-SMC-2024.pdf\">Mem\u00f2ria 2024<\/a><\/li><li><a href=\"https:\/\/static-m.meteo.cat\/wordpressweb\/wp-content\/uploads\/2024\/10\/22124111\/MEMORIA-DACTIVITATS-SMC-2023.pdf\">Mem\u00f2ria 2023<\/a><\/li><li><a href=\"https:\/\/static-m.meteo.cat\/wordpressweb\/wp-content\/uploads\/2023\/07\/11085942\/Memoria-Activitats-SMC-2022_Def.pdf\">Mem\u00f2ria 2022<\/a><\/li><li><a href=\"https:\/\/static-m.meteo.cat\/wordpressweb\/wp-content\/uploads\/2023\/03\/31062500\/Memoria-Activitats-SMC-2021.pdf\">Mem\u00f2ria 2021<\/a><\/li><li><a href=\"https:\/\/static-m.meteo.cat\/wordpressweb\/wp-content\/uploads\/2021\/01\/22084337\/Mem%C3%B2ria-Activitats-SMC-2019.pdf\">Mem\u00f2ria 2019<\/a><\/li><li><a href=\"https:\/\/static-m.meteo.cat\/wordpressweb\/wp-content\/uploads\/2015\/12\/22110824\/Mem%C3%B2ria-Activitats-SMC-2018.pdf\">Mem\u00f2ria 2018<\/a><\/li><li><a href=\"https:\/\/static-m.meteo.cat\/wordpressweb\/wp-content\/uploads\/2015\/12\/22110700\/Mem%C3%B2ria2017SMC.pdf\">Mem\u00f2ria 2017<\/a><\/li><li><a href=\"https:\/\/static-m.meteo.cat\/wordpressweb\/wp-content\/uploads\/2015\/12\/10095707\/Mem%C3%B2ria2016.pdf\">Mem\u00f2ria 2016<\/a><\/li><li><a href=\"https:\/\/static-m.meteo.cat\/wordpressweb\/wp-content\/uploads\/2015\/12\/10095600\/2015_servei-meteorologic.pdf\">Mem\u00f2ria 2015<\/a><\/li><li><a rel=\"noreferrer noopener\" href=\"http:\/\/transparencia.gencat.cat\/sites\/transparencia\/web\/.content\/pdfs\/capi\/memoria_capi2014.pdf\" target=\"_blank\">Mem\u00f2ria 2014<\/a><\/li><li><a rel=\"noopener noreferrer\" href=\"http:\/\/transparencia.gencat.cat\/sites\/transparencia\/web\/.content\/pdfs\/capi\/memoria_capi2013.pdf\" target=\"_blank\">Mem\u00f2ria 2013<\/a><\/li><li><a rel=\"noopener noreferrer\" href=\"http:\/\/transparencia.gencat.cat\/sites\/transparencia\/web\/.content\/pdfs\/capi\/memoria_capi2012.pdf\" target=\"_blank\">Mem\u00f2ria 2012<\/a><\/li><li><a rel=\"noopener noreferrer\" href=\"http:\/\/transparencia.gencat.cat\/sites\/transparencia\/web\/.content\/pdfs\/capi\/memoria_capi2011.pdf\" target=\"_blank\">Mem\u00f2ria 2011<\/a><\/li><li><a rel=\"noopener noreferrer\" href=\"http:\/\/transparencia.gencat.cat\/sites\/transparencia\/web\/.content\/pdfs\/capi\/memoria_capi2010.pdf\" target=\"_blank\">Mem\u00f2ria 2010<\/a><\/li><li><a rel=\"noopener noreferrer\" href=\"http:\/\/transparencia.gencat.cat\/sites\/transparencia\/web\/.content\/pdfs\/capi\/memoria_capi2009.pdf\" target=\"_blank\">Mem\u00f2ria 2009<\/a><\/li><li><a rel=\"noopener noreferrer\" href=\"http:\/\/transparencia.gencat.cat\/sites\/transparencia\/web\/.content\/pdfs\/capi\/memoria_capi2008.pdf\" target=\"_blank\">Mem\u00f2ria 2008<\/a><\/li><li><a rel=\"noopener noreferrer\" href=\"http:\/\/transparencia.gencat.cat\/sites\/transparencia\/web\/.content\/pdfs\/capi\/memoria_capi2007.pdf\" target=\"_blank\">Mem\u00f2ria 2007<\/a><\/li><\/ul>\n\n\n\n<p><\/p>\n","protected":false},"excerpt":{"rendered":"<p>Pla de Govern El Consell Executiu ha aprovat el Pla de Govern per a la Legislatura XII. El Pla de Govern \u00e9s el pla estrat\u00e8gic de legislatura, que recull els objectius i les l\u00ednies d\u2019actuaci\u00f3 m\u00e9s destacades que impulsar\u00e0 el Govern, m\u00e9s enll\u00e0 de la seva activitat ordin\u00e0ria. S\u2019ha elaborat a partir del programa de [&hellip;]<\/p>\n","protected":false},"author":2,"featured_media":0,"parent":6270,"menu_order":4,"comment_status":"closed","ping_status":"closed","template":"","meta":{"_mi_skip_tracking":false,"_monsterinsights_sitenote_active":false,"_monsterinsights_sitenote_note":"","_monsterinsights_sitenote_category":0},"_links":{"self":[{"href":"https:\/\/www.meteo.cat\/wpweb\/wp-json\/wp\/v2\/pages\/8625"}],"collection":[{"href":"https:\/\/www.meteo.cat\/wpweb\/wp-json\/wp\/v2\/pages"}],"about":[{"href":"https:\/\/www.meteo.cat\/wpweb\/wp-json\/wp\/v2\/types\/page"}],"author":[{"embeddable":true,"href":"https:\/\/www.meteo.cat\/wpweb\/wp-json\/wp\/v2\/users\/2"}],"replies":[{"embeddable":true,"href":"https:\/\/www.meteo.cat\/wpweb\/wp-json\/wp\/v2\/comments?post=8625"}],"version-history":[{"count":66,"href":"https:\/\/www.meteo.cat\/wpweb\/wp-json\/wp\/v2\/pages\/8625\/revisions"}],"predecessor-version":[{"id":45285,"href":"https:\/\/www.meteo.cat\/wpweb\/wp-json\/wp\/v2\/pages\/8625\/revisions\/45285"}],"up":[{"embeddable":true,"href":"https:\/\/www.meteo.cat\/wpweb\/wp-json\/wp\/v2\/pages\/6270"}],"wp:attachment":[{"href":"https:\/\/www.meteo.cat\/wpweb\/wp-json\/wp\/v2\/media?parent=8625"}],"curies":[{"name":"wp","href":"https:\/\/api.w.org\/{rel}","templated":true}]}}