{"id":8600,"date":"2015-12-17T10:27:54","date_gmt":"2015-12-17T10:27:54","guid":{"rendered":"https:\/\/www.meteo.cat\/wpweb\/?page_id=8600"},"modified":"2016-05-06T07:13:39","modified_gmt":"2016-05-06T07:13:39","slug":"cataleg-de-procediments","status":"publish","type":"page","link":"https:\/\/www.meteo.cat\/wpweb\/transparencia-i-bon-govern\/organitzacio\/cataleg-de-procediments\/","title":{"rendered":"Cat\u00e0leg de procediments"},"content":{"rendered":"<p>Aquest \u00e9s el cat\u00e0leg de procediments del Servei Meteorol\u00f2gic de Catalunya:<\/p>\n<p><a href=\"https:\/\/static-m.meteo.cat\/wordpressweb\/wp-content\/uploads\/2015\/12\/17102718\/Cataleg-de-procediments.pdf\">Cat\u00e0leg de procediments<\/a><\/p>\n<p>&nbsp;<\/p>\n","protected":false},"excerpt":{"rendered":"<p>Aquest \u00e9s el cat\u00e0leg de procediments del Servei Meteorol\u00f2gic de Catalunya: Cat\u00e0leg de procediments &nbsp;<\/p>\n","protected":false},"author":2,"featured_media":0,"parent":8648,"menu_order":0,"comment_status":"closed","ping_status":"closed","template":"","meta":{"_mi_skip_tracking":false,"_monsterinsights_sitenote_active":false,"_monsterinsights_sitenote_note":"","_monsterinsights_sitenote_category":0},"_links":{"self":[{"href":"https:\/\/www.meteo.cat\/wpweb\/wp-json\/wp\/v2\/pages\/8600"}],"collection":[{"href":"https:\/\/www.meteo.cat\/wpweb\/wp-json\/wp\/v2\/pages"}],"about":[{"href":"https:\/\/www.meteo.cat\/wpweb\/wp-json\/wp\/v2\/types\/page"}],"author":[{"embeddable":true,"href":"https:\/\/www.meteo.cat\/wpweb\/wp-json\/wp\/v2\/users\/2"}],"replies":[{"embeddable":true,"href":"https:\/\/www.meteo.cat\/wpweb\/wp-json\/wp\/v2\/comments?post=8600"}],"version-history":[{"count":2,"href":"https:\/\/www.meteo.cat\/wpweb\/wp-json\/wp\/v2\/pages\/8600\/revisions"}],"predecessor-version":[{"id":8603,"href":"https:\/\/www.meteo.cat\/wpweb\/wp-json\/wp\/v2\/pages\/8600\/revisions\/8603"}],"up":[{"embeddable":true,"href":"https:\/\/www.meteo.cat\/wpweb\/wp-json\/wp\/v2\/pages\/8648"}],"wp:attachment":[{"href":"https:\/\/www.meteo.cat\/wpweb\/wp-json\/wp\/v2\/media?parent=8600"}],"curies":[{"name":"wp","href":"https:\/\/api.w.org\/{rel}","templated":true}]}}