{"id":8571,"date":"2015-12-17T07:42:17","date_gmt":"2015-12-17T07:42:17","guid":{"rendered":"https:\/\/www.meteo.cat\/wpweb\/?page_id=8571"},"modified":"2026-03-31T11:21:21","modified_gmt":"2026-03-31T11:21:21","slug":"retribucions-indemnitzacions-i-dietes","status":"publish","type":"page","link":"https:\/\/www.meteo.cat\/wpweb\/transparencia-i-bon-govern\/organitzacio\/retribucions-indemnitzacions-i-dietes\/","title":{"rendered":"Retribucions, indemnitzacions i dietes"},"content":{"rendered":"\n<p>Les retribucions del personal del Servei Meteorol\u00f2gic de Catalunya s\u00f3n les seg\u00fcents:<\/p>\n\n\n\n<p><a href=\"https:\/\/static-m.meteo.cat\/wordpressweb\/wp-content\/uploads\/2026\/03\/31112001\/Taules-2025-Publicades.pdf\">Taules salarials 2025<\/a><\/p>\n\n\n\n<p>Les indemnitzacions i dietes s\u00f3n les establertes al&nbsp;<a href=\"https:\/\/static-m.meteo.cat\/wordpressweb\/wp-content\/uploads\/2015\/12\/17074158\/decret_indemnitzacions.pdf\">Decret 138\/2008, de 8 de juliol, d&#8217;indemnitzacions per ra\u00f3 de servei<\/a><\/p>\n","protected":false},"excerpt":{"rendered":"<p>Les retribucions del personal del Servei Meteorol\u00f2gic de Catalunya s\u00f3n les seg\u00fcents: Taules salarials 2025 Les indemnitzacions i dietes s\u00f3n les establertes al&nbsp;Decret 138\/2008, de 8 de juliol, d&#8217;indemnitzacions per ra\u00f3 de servei<\/p>\n","protected":false},"author":2,"featured_media":0,"parent":8648,"menu_order":0,"comment_status":"closed","ping_status":"closed","template":"","meta":{"_mi_skip_tracking":false,"_monsterinsights_sitenote_active":false,"_monsterinsights_sitenote_note":"","_monsterinsights_sitenote_category":0},"_links":{"self":[{"href":"https:\/\/www.meteo.cat\/wpweb\/wp-json\/wp\/v2\/pages\/8571"}],"collection":[{"href":"https:\/\/www.meteo.cat\/wpweb\/wp-json\/wp\/v2\/pages"}],"about":[{"href":"https:\/\/www.meteo.cat\/wpweb\/wp-json\/wp\/v2\/types\/page"}],"author":[{"embeddable":true,"href":"https:\/\/www.meteo.cat\/wpweb\/wp-json\/wp\/v2\/users\/2"}],"replies":[{"embeddable":true,"href":"https:\/\/www.meteo.cat\/wpweb\/wp-json\/wp\/v2\/comments?post=8571"}],"version-history":[{"count":18,"href":"https:\/\/www.meteo.cat\/wpweb\/wp-json\/wp\/v2\/pages\/8571\/revisions"}],"predecessor-version":[{"id":45278,"href":"https:\/\/www.meteo.cat\/wpweb\/wp-json\/wp\/v2\/pages\/8571\/revisions\/45278"}],"up":[{"embeddable":true,"href":"https:\/\/www.meteo.cat\/wpweb\/wp-json\/wp\/v2\/pages\/8648"}],"wp:attachment":[{"href":"https:\/\/www.meteo.cat\/wpweb\/wp-json\/wp\/v2\/media?parent=8571"}],"curies":[{"name":"wp","href":"https:\/\/api.w.org\/{rel}","templated":true}]}}