{"id":700,"date":"2014-11-20T12:36:49","date_gmt":"2014-11-20T12:36:49","guid":{"rendered":"http:\/\/\/wpweb\/?page_id=700"},"modified":"2023-11-10T12:42:52","modified_gmt":"2023-11-10T12:42:52","slug":"models-numerics","status":"publish","type":"page","link":"https:\/\/www.meteo.cat\/wpweb\/divulgacio\/la-prediccio-meteorologica\/models-numerics\/","title":{"rendered":"Entendre els models num\u00e8rics"},"content":{"rendered":"\n<h2>Informaci\u00f3 general<\/h2>\n\n\n\n<h3>Introducci\u00f3<\/h3>\n\n\n\n<p>Els models num\u00e8rics de predicci\u00f3 del temps s\u00f3n l\u2019eina fonamental de qualsevol pron\u00f2stic meteorol\u00f2gic, amb l\u2019excepci\u00f3 de les previsions a molt curt termini (fins a 2 hores).<\/p>\n\n\n\n<p>Concretament, la predicci\u00f3 num\u00e8rica del temps consisteix a simular l\u2019evoluci\u00f3 futura de les variables meteorol\u00f2giques que determinen l\u2019estat de l\u2019atmosfera mitjan\u00e7ant l\u2019\u00fas de models matem\u00e0tics.<\/p>\n\n\n\n<p>Aquests models es formulen a partir de les lleis f\u00edsiques que regeixen el comportament de l\u2019atmosfera i constitueixen un sistema d\u2019equacions que, donada la seva complexitat, nom\u00e9s pot ser resolt de forma aproximada mitjan\u00e7ant l\u2019\u00fas de computadors. L\u2019abast temporal m\u00e0xim pel qual es resolen aquestes equacions es coneix com a <strong>horitz\u00f3 de pron\u00f2stic<\/strong>.<\/p>\n\n\n\n<h3>T\u00e8cniques num\u00e8riques<\/h3>\n\n\n\n<p>Malgrat que l\u2019atmosfera \u00e9s un medi continu, aquestes equacions nom\u00e9s es poden resoldre a uns punts discrets per tal que el c\u00e0lcul sigui viable. Tots aquests punts configuren de forma conjunta una malla tridimensional. D&#8217;aquesta manera, a mesura que la dist\u00e0ncia entre aquests punts (<strong>pas de malla<\/strong>) disminueix, el model \u00e9s capa\u00e7 de simular de forma expl\u00edcita fen\u00f2mens meteorol\u00f2gics d\u2019escala m\u00e9s petita i t\u00e9, per tant, major resoluci\u00f3. Com a contrapartida, aix\u00f2 implica incrementar el temps de c\u00e0lcul de la simulaci\u00f3. <\/p>\n\n\n\n<p>D\u2019altra banda, els efectes dels processos f\u00edsics que els models num\u00e8rics no s\u00f3n capa\u00e7os de resoldre s\u00f3n estimats mitjan\u00e7ant <strong>parametritzacions<\/strong>; \u00e9s a dir, un conjunt de f\u00f3rmules matem\u00e0tiques que intenten representar de manera aproximada fen\u00f2mens d\u2019escala m\u00e9s petita (formaci\u00f3 de gotes dins els n\u00favols, fluxos radiatius, turbul\u00e8ncia, convecci\u00f3, etc.).<\/p>\n\n\n\n<p>Encara que tots els models meteorol\u00f2gics es basen en les mateixes lleis f\u00edsiques, hi ha difer\u00e8ncies tant en la seva formulaci\u00f3 matem\u00e0tica com en les t\u00e8cniques num\u00e8riques emprades per a resoldre el sistema d\u2019equacions. A m\u00e9s, tamb\u00e9 es distingeixen en funci\u00f3 de l\u2019\u00e0rea geogr\u00e0fica (o <strong>domini<\/strong>) que abasten: en els <strong>models globals<\/strong>, la malla tridimensional abasta tot el planeta mentre que els <strong>models d\u2019\u00e0rea limitada<\/strong> nom\u00e9s comprenen una zona concreta. <\/p>\n\n\n\n<h3>Assimilaci\u00f3 de dades<\/h3>\n\n\n\n<p>Per predir el possible estat futur de l\u2019atmosfera, cal primer con\u00e8ixer amb la fidelitat m\u00e9s gran possible el seu estat present.<\/p>\n\n\n\n<p>Per aix\u00f2, abans que els models num\u00e8rics comencin els seus c\u00e0lculs, s\u2019engega un proc\u00e9s d\u2019assimilaci\u00f3 de dades que combina un pron\u00f2stic anterior del model amb diferents observacions meteorol\u00f2giques (radiosondatges, estacions de superf\u00edcie, sat\u00e8l\u00b7lit, radar, etc.) per tal de precisar millor l\u2019<strong>estat inicial<\/strong> (an\u00e0lisi) de l\u2019atmosfera. De tota manera, \u00e9s impossible determinar amb total exactitud aquest estat inicial: per exemple, hi ha moltes zones del planeta amb manca d\u2019observacions meteorol\u00f2giques.  <\/p>\n\n\n\n<h3>Operativa a l&#8217;SMC<\/h3>\n\n\n\n<p>Actualment, a l\u2019<a href=\"http:\/\/meteo.cat\/\" target=\"_blank\" rel=\"noreferrer noopener\">SMC<\/a> es duen a terme de forma di\u00e0ria diferents simulacions num\u00e8riques amb l\u2019objectiu de generar productes per al pron\u00f2stic meteorol\u00f2gic en l\u2019\u00e0mbit de Catalunya. Part d\u2019aquesta informaci\u00f3 es difon a trav\u00e9s del web mitjan\u00e7ant la creaci\u00f3 de sortides gr\u00e0fiques (mapes, meteogrames, etc.) de les principals variables meteorol\u00f2giques.<\/p>\n\n\n\n<p>D\u2019una banda, dos cops al dia (<strong>00 i 12 TU<\/strong>) es generen simulacions amb els <strong>models d\u2019\u00e0rea limitada<\/strong> <a href=\"https:\/\/www.mmm.ucar.edu\/weather-research-and-forecasting-model\" target=\"_blank\" rel=\"noreferrer noopener\">WRF<\/a>, <a href=\"http:\/\/www.isac.cnr.it\/en\/numerical_models\/bolam\" target=\"_blank\" rel=\"noreferrer noopener\">BOLAM<\/a> i <a href=\"https:\/\/www.isac.cnr.it\/dinamica\/projects\/forecasts\/index.html\" target=\"_blank\" rel=\"noreferrer noopener\">MOLOCH<\/a>, per diferents dominis i horitzons de pron\u00f2stic (Figura 1).<\/p>\n\n\n\n<p>Tamb\u00e9 dos cops al dia (<strong>00 i 12 TU<\/strong>) es generen unes simulacions amb els&nbsp; models d\u2019onatge <a href=\"http:\/\/swanmodel.sourceforge.net\/\" target=\"_blank\" rel=\"noreferrer noopener\">SWAN<\/a> i <a href=\"https:\/\/polar.ncep.noaa.gov\/waves\/wavewatch\" target=\"_blank\" rel=\"noreferrer noopener\">WW3<\/a> que&nbsp;permeten obtenir el pron\u00f2stic mar\u00edtim.<\/p>\n\n\n\n<figure class=\"wp-block-image alignnone size-full\"><a href=\"https:\/\/static-m.meteo.cat\/wordpressweb\/wp-content\/uploads\/2023\/11\/10122852\/Dominis_WRF_2023.png\"><img loading=\"lazy\" width=\"850\" height=\"405\" src=\"https:\/\/static-m.meteo.cat\/wordpressweb\/wp-content\/uploads\/2023\/11\/10122852\/Dominis_WRF_2023.png\" alt=\"Cobertura geogr\u00e0fica del model WRF en els seus dominis de 3 km i 1,5 km. El primer cobreix el nord-est de la pen\u00ednsula Ib\u00e8rica i el segon, est\u00e0 centrat a Catalunya.\" class=\"wp-image-39094\"\/><\/a><figcaption>Figura 1. Cobertura geogr\u00e0fica del model WRF-ARW en els dos dominis utilitzats en la configuraci\u00f3 operativa que es mostra a meteo.cat.<\/figcaption><\/figure>\n\n\n\n<p>D\u2019altra banda, cada tres hores es duen a terme unes simulacions especials amb el model <a href=\"https:\/\/www.mmm.ucar.edu\/weather-research-and-forecasting-model\" target=\"_blank\" rel=\"noreferrer noopener\">WRF<\/a> a 12 hores vista per al pron\u00f2stic a curt termini, utilitzant un <strong>pas de malla<\/strong> de 3 km id\u00e8ntic al de la Figura 1. Aquestes simulacions parteixen d\u2019un <strong>estat inicial<\/strong> que t\u00e9 en compte les dades m\u00e9s recents obtingudes amb diferents sistemes d\u2019observaci\u00f3 (sat\u00e8l\u00b7lit, radar, radiosondatges i estacions de superf\u00edcie). A m\u00e9s a m\u00e9s, amb l\u2019objectiu d\u2019obtenir pron\u00f2stics complementaris, es fan servir dos sistemes diferents (<strong>STMAS<\/strong> i <a href=\"http:\/\/www2.mmm.ucar.edu\/wrf\/users\/wrfda\/index.html\" target=\"_blank\" rel=\"noreferrer noopener\">WRF-3DVAR<\/a>) per assimilar aquestes dades.<\/p>\n\n\n\n<p>En aquest sentit, de cara a la feina di\u00e0ria de l\u2019Equip de Predicci\u00f3 i Vigil\u00e0ncia de l\u2019<a href=\"https:\/\/www.meteo.cat\/\" target=\"_blank\" rel=\"noreferrer noopener\">SMC<\/a>, disposar de diversos models \u00e9s altament benefici\u00f3s, ja que en funci\u00f3 de si els diferents pron\u00f2stics s\u2019assemblen o no, es pot donar m\u00e9s o menys confian\u00e7a a l\u2019ocurr\u00e8ncia futura d\u2019un fenomen meteorol\u00f2gic determinat a l\u2019hora d\u2019elaborar els butlletins.<\/p>\n\n\n\n<h2>WRF (<i>Weather Research and Forecasting Model<\/i>)<\/h2>\n\n\n\n<h3>Descripci\u00f3<\/h3>\n\n\n\n<p>El <a href=\"https:\/\/www.mmm.ucar.edu\/weather-research-and-forecasting-model\" target=\"_blank\" rel=\"noreferrer noopener\">WRF<\/a> (<em>Weather Research and Forecasting Model<\/em>) \u00e9s un model num\u00e8ric de pron\u00f2stic del temps, dissenyat per aplicacions operatives i de recerca. Un dels seus objectius \u00e9s, precisament, accelerar la introducci\u00f3 dels aven\u00e7os en recerca als processos operatius. Actualment, el <a href=\"https:\/\/www.mmm.ucar.edu\/weather-research-and-forecasting-model\" target=\"_blank\" rel=\"noreferrer noopener\">WRF<\/a> pot utilitzar-se en un ampli rang d\u2019escales, de manera que pot actuar com a <strong>model global o d\u2019\u00e0rea limitada<\/strong>, permetent simulacions a molt alta resoluci\u00f3.<\/p>\n\n\n\n<p>Concretament, a l\u2019<a href=\"https:\/\/www.meteo.cat\/\" target=\"_blank\" rel=\"noreferrer noopener\">SMC<\/a> s\u2019ha implementat el nucli anomenat <a href=\"http:\/\/www2.mmm.ucar.edu\/wrf\/users\/\" target=\"_blank\" rel=\"noreferrer noopener\">WRF-ARW<\/a> (<em>Advanced Research WRF<\/em>), desenvolupat sota el lideratge de l\u2019<a href=\"http:\/\/ncar.ucar.edu\/\" target=\"_blank\" rel=\"noreferrer noopener\">NCAR<\/a> (<em>National Center for Atmospheric Research<\/em>, EUA), en la seva versi\u00f3 4.3. Funciona com a model d\u2019<strong>\u00e0rea limitada<\/strong>, amb l\u2019objectiu de simular circulacions atmosf\u00e8riques de mesoescala. Aquestes inclouen els fen\u00f2mens que tenen lloc a escales espacials que van des d\u2019uns pocs quil\u00f2metres fins a uns quants centenars, com per exemple les tempestes, les brises, o els sistemes frontals, entre d\u2019altres.<\/p>\n\n\n\n<h3>Funcionament del WRF-ARW a l&#8217;SMC<\/h3>\n\n\n\n<p>A les computadores de l\u2019<a href=\"https:\/\/www.meteo.cat\/\" target=\"_blank\" rel=\"noreferrer noopener\">SMC<\/a>, dos cops al dia, a les <strong>00<\/strong> i <strong>12 TU<\/strong>, s\u2019integra el model <a href=\"http:\/\/www2.mmm.ucar.edu\/wrf\/users\/\" target=\"_blank\" rel=\"noreferrer noopener\">WRF-ARW<\/a> en dos dominis diferents (vegeu operativa SMC) de 3 i 1,5 km de pas de malla, que s\u00f3n les que es difonen a trav\u00e9s del web de l\u2019<a href=\"http:\/\/meteo.cat\/\" target=\"_blank\" rel=\"noreferrer noopener\">SMC<\/a>.<\/p>\n\n\n\n<p>L\u2019<strong>estat inicial<\/strong> de l\u2019atmosfera procedeix del pron\u00f2stic a 6 hores vista del model IFS de l\u2019<a href=\"http:\/\/ecmwf.int\" target=\"_blank\" rel=\"noreferrer noopener\">ECMWF<\/a> (<em>European Centre for Medium-Range Weather Forecasts<\/em> o Centre Europeu de Prediccions Meteorol\u00f2giques a Mitj\u00e0 Termini). Com que, en aquest cas, el WRF funciona&nbsp; com a <strong>model d\u2019\u00e0rea limitada<\/strong>, tamb\u00e9 cal utilitzar dades d\u2019aquest <strong>model global<\/strong> per a definir les variables meteorol\u00f2giques a les fronteres del domini.<\/p>\n\n\n\n<p>Tot seguit es duu a terme la simulaci\u00f3 pel domini de 3 km de <strong>pas de malla<\/strong>, fins a completar 72 h de pron\u00f2stic. A continuaci\u00f3, s\u2019executa la simulaci\u00f3 al <strong>domini niat<\/strong> d&#8217;1,5 km, amb un horitz\u00f3 temporal de 48 h, utilitzant com a condicions de contorn les sortides del model a 3 km, mitjan\u00e7ant el sistema conegut com a <em>one-way-nesting<\/em>.<\/p>\n\n\n\n<p>At\u00e8s que el <strong>pas de malla <\/strong>\u00e9s en aquest cas m\u00e9s petit podrem simular fen\u00f2mens atmosf\u00e8rics que tenen lloc a escales m\u00e9s fines.<\/p>\n\n\n\n<h3>Configuraci\u00f3 del model<\/h3>\n\n\n\n<p>Les caracter\u00edstiques de configuraci\u00f3 dels dos dominis anteriors i les principals <strong>parametritzacions<\/strong> f\u00edsiques emprades es recullen a la Taula 1.<\/p>\n\n\n\n<figure class=\"wp-block-table sortable uvi\"><table><thead><tr><th>DOMINI<\/th><th>XxYxZ<\/th><th>DT<\/th><th>CC<\/th><th>OUT<\/th><th>PBL<\/th><th>MICRO<\/th><th>CONV<\/th><th>LW<\/th><th>SW<\/th><th>SOIL<\/th><th>FDDA<\/th><th>NEST<\/th><\/tr><\/thead><tbody><tr><td><strong>3 km<\/strong><\/td><td>300x260x31<\/td><td>72 h<\/td><td>1 h<\/td><td>1 h<\/td><td>YSU<\/td><td>WSM5<\/td><td>Kain-Fritsch<\/td><td>RRTM<\/td><td>Dudhia<\/td><td>Noah LSM<\/td><td>S\u00ed<\/td><td>&nbsp;No<\/td><\/tr><tr><td><strong>1,5 km<\/strong><\/td><td>197x203x61&nbsp;<\/td><td>48 h<\/td><td>1 h<\/td><td>1 h<\/td><td>YSU<\/td><td>WSM5<\/td><td>Expl\u00edcita<\/td><td>RRTM<\/td><td>Dudhia<\/td><td>Noah LSM<\/td><td>No<\/td><td>1-way<\/td><\/tr><\/tbody><\/table><\/figure>\n\n\n\n<p>Taula 1. Nombre de cel\u00b7les i nivells verticals (XxYxZ), abast total de la integraci\u00f3 (DT), actualitzaci\u00f3 de les condicions de contorn (CC) i sortides del model (OUT), esquemes de capa l\u00edmit (PBL), microf\u00edsica de n\u00favols (MICRO), convecci\u00f3 (CONV), radiaci\u00f3 d\u2019ona llarga (LW) i d\u2019ona curta (SW), esquema de s\u00f2l (SOIL), aplicaci\u00f3 de <em>nudging<\/em> (FDDA) i mode de niament (NEST) per cadascun dels dominis.<\/p>\n\n\n\n<h2>BOLAM\/MOLOCH<\/h2>\n\n\n\n<p>El <a href=\"http:\/\/www.isac.cnr.it\/en\/numerical_models\/bolam\" target=\"_blank\" rel=\"noreferrer noopener\">BOLAM<\/a> (<strong><em>BO<\/em><\/strong><em>logna <\/em><strong><em>L<\/em><\/strong><em>imited <\/em><strong><em>A<\/em><\/strong><em>rea <\/em><strong><em>M<\/em><\/strong><em>odel<\/em>) \u00e9s un model meteorol\u00f2gic hidroest\u00e0tic d\u2019<strong>\u00e0rea limitada<\/strong> desenvolupat al <a href=\"http:\/\/www.isac.cnr.it\/\" target=\"_blank\" rel=\"noreferrer noopener\">CNR-ISAC<\/a> (It\u00e0lia). El seu origen es remunta a l\u2019any 1992 i des de llavors no s\u2019ha aturat el seu desenvolupament ni el seu \u00fas, tant en projectes de recerca com en predicci\u00f3 operativa.<\/p>\n\n\n\n<p>El <a href=\"https:\/\/www.isac.cnr.it\/dinamica\/projects\/forecasts\/index.html\" target=\"_blank\" rel=\"noreferrer noopener\">MOLOCH<\/a> (<strong><em>MO<\/em><\/strong><em>dello <\/em><strong><em>LOC<\/em><\/strong><em>alle in <\/em><strong><em>H<\/em><\/strong><em>ybrid coordinates<\/em>), d\u2019origen m\u00e9s recent (any 2000), es tracta d\u2019un model no hidroest\u00e0tic d\u2019<strong>\u00e0rea limitada<\/strong> dissenyat per simular processos convectius de forma expl\u00edcita i per c\u00f3rrer, conseq\u00fcentment, a escales m\u00e9s fines que el <a href=\"http:\/\/www.isac.cnr.it\/en\/numerical_models\/bolam\" target=\"_blank\" rel=\"noreferrer noopener\">BOLAM<\/a>. Aquest model tamb\u00e9 ha estat desenvolupat al <a href=\"http:\/\/www.isac.cnr.it\/\" target=\"_blank\" rel=\"noreferrer noopener\">CNR-ISAC<\/a> i actualment \u00e9s emprat tant en aplicacions operatives com en projectes de recerca.<\/p>\n\n\n\n<p>Gr\u00e0cies a un acord amb el <a href=\"http:\/\/www.isac.cnr.it\/\" target=\"_blank\" rel=\"noreferrer noopener\">CNR-ISAC<\/a>, des de l\u2019any 2016 s\u2019executen operativament simulacions dels models <a href=\"http:\/\/www.isac.cnr.it\/en\/numerical_models\/bolam\" target=\"_blank\" rel=\"noreferrer noopener\">BOLAM<\/a> i <a href=\"https:\/\/www.isac.cnr.it\/dinamica\/projects\/forecasts\/index.html\" target=\"_blank\" rel=\"noreferrer noopener\">MOLOCH<\/a> a les computadores de l\u2019<a href=\"http:\/\/meteo.cat\/\" target=\"_blank\" rel=\"noreferrer noopener\">SMC<\/a> dos cops al dia, a les <strong>00<\/strong> i <strong>12<\/strong> <strong>TU<\/strong>. Primer, s\u2019executa el <a href=\"http:\/\/www.isac.cnr.it\/en\/numerical_models\/bolam\" target=\"_blank\" rel=\"noreferrer noopener\">BOLAM<\/a> fins a un horitz\u00f3 de pron\u00f2stic de 72 h en una \u00e0rea centrada a la pen\u00ednsula Ib\u00e8rica i un <strong>pas de malla<\/strong> de 8 km. Aquestes sortides s\u00f3n llavors utilitzades com a condicions inicials i de contorn per c\u00f3rrer una simulaci\u00f3 <strong>niada<\/strong> a l\u2019\u00e0rea de Catalunya del model <a href=\"https:\/\/www.isac.cnr.it\/dinamica\/projects\/forecasts\/index.html\" target=\"_blank\" rel=\"noreferrer noopener\">MOLOCH<\/a> amb un <strong>pas de malla<\/strong> d&#8217;1,6 km i un horitz\u00f3 de pron\u00f2stic de 48 h.<\/p>\n\n\n\n<p>A m\u00e9s, tamb\u00e9 s\u2019executen dues simulacions di\u00e0ries del <a href=\"https:\/\/www.isac.cnr.it\/dinamica\/projects\/forecasts\/index.html\" target=\"_blank\" rel=\"noreferrer noopener\">MOLOCH<\/a> (a les <strong>00 <\/strong>i <strong>12 TU<\/strong>) inicialitzades directament amb la sortida del model IFS de l\u2019<a href=\"http:\/\/ecmwf.int\">ECMWF<\/a>.<\/p>\n\n\n\n<p>Els models <a href=\"https:\/\/www.isac.cnr.it\/en\/numerical_models\/bolam\" target=\"_blank\" rel=\"noreferrer noopener\">BOLAM<\/a> i <a href=\"https:\/\/www.isac.cnr.it\/dinamica\/projects\/forecasts\/index.html\" target=\"_blank\" rel=\"noreferrer noopener\">MOLOCH<\/a> es fan servir a l\u2019<a href=\"https:\/\/www.meteo.cat\/\" target=\"_blank\" rel=\"noreferrer noopener\">SMC<\/a> com a models de suport en l\u2019operativa di\u00e0ria.<\/p>\n\n\n\n<h2>Models d&#8217;onatge<\/h2>\n\n\n\n<h3>SWAN<\/h3>\n\n\n\n<p>El <a href=\"http:\/\/swanmodel.sourceforge.net\/\" target=\"_blank\" rel=\"noreferrer noopener\">SWAN<\/a> (<strong><em>S<\/em><\/strong><em>imulating <\/em><strong><em>WA<\/em><\/strong><em>ves <\/em><strong><em>N<\/em><\/strong><em>earshore<\/em>) \u00e9s un model d\u2019onatge de tercera generaci\u00f3 dissenyat per la <strong>Universitat T\u00e8cnica de Delft<\/strong> (Pa\u00efsos Baixos) per a simular num\u00e8ricament l\u2019onatge en zones costaneres. El model incorpora formulacions de processos de generaci\u00f3 i dissipaci\u00f3 d\u2019onatge, aix\u00ed com interaccions ona-ona. \u00c9s el model de refer\u00e8ncia a l\u2019SMC.<\/p>\n\n\n\n<h4>Configuraci\u00f3 del SWAN a l&#8217;SMC<\/h4>\n\n\n\n<p>El model <a href=\"http:\/\/swanmodel.sourceforge.net\/\" target=\"_blank\" rel=\"noreferrer noopener\">SWAN<\/a> descriu els processos f\u00edsics que governen la generaci\u00f3 i la dissipaci\u00f3 d\u2019onades com una suma de diferents processos:&nbsp;<\/p>\n\n\n\n<p>S<sub>tot<\/sub> = S<sub>in<\/sub> + S<sub>nl3<\/sub> + S<sub>nl4<\/sub> + S<sub>ds,w<\/sub> + S<sub>ds,b<\/sub> + S<sub>ds,br<\/sub><\/p>\n\n\n\n<p>Aquests s\u00f3n:<\/p>\n\n\n\n<ul><li>S<sub>in <\/sub>: generaci\u00f3 a partir del vent<\/li><li>S<sub>nl3<\/sub> i S<sub>nl4<\/sub> : transfer\u00e8ncia no lineal d\u2019energia entre 3 i 4 onades<\/li><li>S<sub>ds,w<\/sub> : dissipaci\u00f3 a causa del <em>whitecapping<\/em><\/li><li>S<sub>ds,b<\/sub> : dissipaci\u00f3 per la fricci\u00f3 en el fons<\/li><li>S<sub>ds,br <\/sub>: dissipaci\u00f3 pel trencament d\u2019onades a causa de la profunditat&nbsp;<\/li><\/ul>\n\n\n\n<p>Per cada un d\u2019aquests processos hi ha disponibles diferents formulacions. Actualment, a l\u2019<a href=\"http:\/\/meteo.cat\" target=\"_blank\" rel=\"noreferrer noopener\">SMC<\/a> s&#8217;utilitza la seg\u00fcent configuraci\u00f3:<\/p>\n\n\n\n<figure class=\"wp-block-table sortable uvi\"><table><thead><tr><th class=\"has-text-align-center\" data-align=\"center\">S<sub>in<\/sub><\/th><th class=\"has-text-align-center\" data-align=\"center\">S<sub>nl3<\/sub><\/th><th class=\"has-text-align-center\" data-align=\"center\">S<sub>nl4<\/sub><\/th><th class=\"has-text-align-center\" data-align=\"center\">S<sub>ds,w<\/sub><\/th><th class=\"has-text-align-center\" data-align=\"center\">S<sub>ds,b<\/sub><\/th><th class=\"has-text-align-center\" data-align=\"center\">S<sub>ds,br<\/sub><\/th><\/tr><\/thead><tbody><tr><td class=\"has-text-align-center\" data-align=\"center\">Komen<\/td><td class=\"has-text-align-center\" data-align=\"center\">Eldeberky<\/td><td class=\"has-text-align-center\" data-align=\"center\">Hasselmann<\/td><td class=\"has-text-align-center\" data-align=\"center\">Janssen<\/td><td class=\"has-text-align-center\" data-align=\"center\">JONSWAP<\/td><td class=\"has-text-align-center\" data-align=\"center\">Battes and Jannsen&nbsp;<\/td><\/tr><\/tbody><\/table><\/figure>\n\n\n\n<p>Taula 2. Configuraci\u00f3 del model SWAN operatiu a l&#8217;SMC per a cadascun dels processos f\u00edsics que governen la generaci\u00f3 i dissipaci\u00f3 d&#8217;onades.<\/p>\n\n\n\n<h4>Simulacions d&#8217;onatge amb el SWAN<\/h4>\n\n\n\n<p>A les computadores de l\u2019<a href=\"https:\/\/www.meteo.cat\/\" target=\"_blank\" rel=\"noreferrer noopener\">SMC<\/a>, s\u2019executa el model <a href=\"http:\/\/swanmodel.sourceforge.net\/\" target=\"_blank\" rel=\"noreferrer noopener\">SWAN<\/a> dos cops al dia, a les <strong>00<\/strong> i <strong>12 TU<\/strong>, per tal d\u2019obtenir un pron\u00f2stic num\u00e8ric de l\u2019estat mar\u00edtim per la Mediterr\u00e0nia Occidental. Els c\u00e0lculs del model <a href=\"http:\/\/swanmodel.sourceforge.net\/\" target=\"_blank\" rel=\"noreferrer noopener\">SWAN<\/a> es duen a terme en dos dominis, un amb <strong>pas de malla<\/strong> de 12 km, que cobreix la Mediterr\u00e0nia Occidental, i un altre d\u2019alta resoluci\u00f3, amb <strong>pas de malla<\/strong> de 3 km, que engloba els Pa\u00efsos Catalans i que utilitza com a condicions inicials i de contorn la sortida del model a 12 km (Figura 2).<\/p>\n\n\n\n<figure class=\"wp-block-image alignnone size-full\"><a href=\"https:\/\/static-m.meteo.cat\/wordpressweb\/wp-content\/uploads\/2023\/11\/10123941\/Dominis_SWAN_2023.png\"><img loading=\"lazy\" width=\"850\" height=\"297\" src=\"https:\/\/static-m.meteo.cat\/wordpressweb\/wp-content\/uploads\/2023\/11\/10123941\/Dominis_SWAN_2023.png\" alt=\"Mapes de topografia i batimetria amb la cobertura geogr\u00e0fica dels dominis de 12 i 3 km utilitzats pel model ocean\u00f2grafic SWAN. Es mostra com la simulaci\u00f3 a 3 km est\u00e0 niada a la simulaci\u00f3 a 12 km.\" class=\"wp-image-39096\"\/><\/a><figcaption>Figura 2. Dominis de 12 i 3 km del model d&#8217;onatge SWAN.<\/figcaption><\/figure>\n\n\n\n<p>Com que l\u2019efecte del vent \u00e9s determinant per con\u00e8ixer l\u2019estat de la mar,\u00a0els models d&#8217;onatge necessiten les dades del vent a 10 m per poder fer els seus c\u00e0lculs. Pel domini de 12 km s&#8217;utilitza la sortida del model IFS de l&#8217;<a href=\"http:\/\/ecmwf.int\" target=\"_blank\" rel=\"noreferrer noopener\">ECMWF<\/a> que proporciona el vent amb una resoluci\u00f3 d&#8217;uns 11 km al domini de la Mediterr\u00e0nia Occidental. Pel domini d&#8217;alta resoluci\u00f3 es fa servir el vent proporcionat pel model meteorol\u00f2gic <a href=\"http:\/\/www2.mmm.ucar.edu\/wrf\/users\/\" target=\"_blank\" rel=\"noreferrer noopener\">WRF-ARW<\/a> de 3 km.<\/p>\n\n\n\n<p>A partir de les sortides num\u00e8riques que en resulten, es generen els gr\u00e0fics de les principals variables (vent, per\u00edode de les onades i altura d\u2019ona significativa) en cadascun dels dos dominis per tal de ser difosos a trav\u00e9s del web de l\u2019<a href=\"http:\/\/meteo.cat\/\" target=\"_blank\" rel=\"noreferrer noopener\">SMC<\/a>.<\/p>\n","protected":false},"excerpt":{"rendered":"<p>Informaci\u00f3 general Introducci\u00f3 Els models num\u00e8rics de predicci\u00f3 del temps s\u00f3n l\u2019eina fonamental de qualsevol pron\u00f2stic meteorol\u00f2gic, amb l\u2019excepci\u00f3 de les previsions a molt curt termini (fins a 2 hores). Concretament, la predicci\u00f3 num\u00e8rica del temps consisteix a simular l\u2019evoluci\u00f3 futura de les variables meteorol\u00f2giques que determinen l\u2019estat de l\u2019atmosfera mitjan\u00e7ant l\u2019\u00fas de models matem\u00e0tics. [&hellip;]<\/p>\n","protected":false},"author":11,"featured_media":0,"parent":128,"menu_order":3,"comment_status":"closed","ping_status":"open","template":"","meta":{"_mi_skip_tracking":false,"_monsterinsights_sitenote_active":false,"_monsterinsights_sitenote_note":"","_monsterinsights_sitenote_category":0},"_links":{"self":[{"href":"https:\/\/www.meteo.cat\/wpweb\/wp-json\/wp\/v2\/pages\/700"}],"collection":[{"href":"https:\/\/www.meteo.cat\/wpweb\/wp-json\/wp\/v2\/pages"}],"about":[{"href":"https:\/\/www.meteo.cat\/wpweb\/wp-json\/wp\/v2\/types\/page"}],"author":[{"embeddable":true,"href":"https:\/\/www.meteo.cat\/wpweb\/wp-json\/wp\/v2\/users\/11"}],"replies":[{"embeddable":true,"href":"https:\/\/www.meteo.cat\/wpweb\/wp-json\/wp\/v2\/comments?post=700"}],"version-history":[{"count":34,"href":"https:\/\/www.meteo.cat\/wpweb\/wp-json\/wp\/v2\/pages\/700\/revisions"}],"predecessor-version":[{"id":39097,"href":"https:\/\/www.meteo.cat\/wpweb\/wp-json\/wp\/v2\/pages\/700\/revisions\/39097"}],"up":[{"embeddable":true,"href":"https:\/\/www.meteo.cat\/wpweb\/wp-json\/wp\/v2\/pages\/128"}],"wp:attachment":[{"href":"https:\/\/www.meteo.cat\/wpweb\/wp-json\/wp\/v2\/media?parent=700"}],"curies":[{"name":"wp","href":"https:\/\/api.w.org\/{rel}","templated":true}]}}