{"id":6603,"date":"2015-06-08T13:18:22","date_gmt":"2015-06-08T13:18:22","guid":{"rendered":"https:\/\/www.meteo.cat\/wpweb\/?page_id=6603"},"modified":"2025-01-07T08:35:08","modified_gmt":"2025-01-07T08:35:08","slug":"projectes-de-recerca","status":"publish","type":"page","link":"https:\/\/www.meteo.cat\/wpweb\/climatologia\/recerca-i-divulgacio\/projectes-de-recerca\/","title":{"rendered":"Projectes i xarxes de recerca"},"content":{"rendered":"\n<p>Tot seguit s&#8217;indiquen les iniciatives i projectes de recerca on participa l&#8217;\u00e0rea de Climatologia actualment o en els darrers cinc anys.<\/p>\n\n\n\n<p><\/p>\n\n\n\n<h2>\u00c0mbit internacional<\/h2>\n\n\n\n<div style=\"height:40px\" aria-hidden=\"true\" class=\"wp-block-spacer\"><\/div>\n\n\n\n<div class=\"wp-block-media-text alignwide is-stacked-on-mobile\" style=\"grid-template-columns:42% auto\"><figure class=\"wp-block-media-text__media\"><img src=\"https:\/\/static-m.meteo.cat\/wordpresswebpre\/wp-content\/uploads\/2024\/07\/16110026\/banner_outlet_tienda_moda_colorido_impacto_rojo_13_3.png\" alt=\"Logo del projecte europeu LIFE- SIP Pyrenees4CLIMA\" class=\"wp-image-33227 size-full\"\/><\/figure><div class=\"wp-block-media-text__content\">\n<div class=\"wp-block-columns\">\n<div class=\"wp-block-column\" style=\"flex-basis:100%\">\n<p class=\"has-text-align-left has-large-font-size\"><\/p>\n\n\n\n<p><a href=\"https:\/\/www.opcc-ctp.org\/ca\/proyecto\/life-pyrenees4clima\" target=\"_blank\" rel=\"noreferrer noopener\"><strong>Life-SIP Pyrenees4CLIMA<\/strong><\/a>. El principal objectiu del projecte \u00e9s implementar bona part de l\u2019Estrat\u00e8gia Pirinenca de Canvi Clim\u00e0tic (EPiCC), que cerca impulsar mesures integradores d\u2019adaptaci\u00f3 i mitigaci\u00f3, i augmentar aix\u00ed la resili\u00e8ncia del conjunt dels Pirineus. Tindr\u00e0 una durada de vuit anys (2024-2031) i l&#8217;SMC \u00e9s el l\u00edder del grup de treball &#8220;Clima&#8221;, que millorar\u00e0 la informaci\u00f3 disponible sobre el canvi clim\u00e0tic present i futur.<\/p>\n<\/div>\n<\/div>\n<\/div><\/div>\n\n\n\n<div style=\"height:40px\" aria-hidden=\"true\" class=\"wp-block-spacer\"><\/div>\n\n\n\n<div class=\"wp-block-media-text alignwide is-stacked-on-mobile\" style=\"grid-template-columns:42% auto\"><figure class=\"wp-block-media-text__media\"><img loading=\"lazy\" width=\"300\" height=\"215\" src=\"https:\/\/static-m.meteo.cat\/wordpressweb\/wp-content\/uploads\/2022\/01\/28083031\/ECAD_1-e1643358751727.png\" alt=\"\" class=\"wp-image-33334 size-medium\"\/><\/figure><div class=\"wp-block-media-text__content\">\n<p><strong><a rel=\"noreferrer noopener\" href=\"http:\/\/www.ecad.eu\" target=\"_blank\">European Climate Assesment &amp; Dataset (ECA&amp;D)<\/a><\/strong>. Des del 2014, l&#8217;SMC \u00e9s prove\u00efdor regular d&#8217;observacions meteorol\u00f2giques di\u00e0ries de Catalunya, amb dades procedents principalment de la XEMA (Xarxa d&#8217;Estacions Meteorol\u00f2giques Autom\u00e0tiques). <strong><span style=\"color:#058103\" class=\"has-inline-color\">(VIGENT)<\/span><\/strong><\/p>\n<\/div><\/div>\n\n\n\n<div style=\"height:40px\" aria-hidden=\"true\" class=\"wp-block-spacer\"><\/div>\n\n\n\n<div class=\"wp-block-media-text alignwide is-stacked-on-mobile\" style=\"grid-template-columns:42% auto\"><figure class=\"wp-block-media-text__media\"><img src=\"https:\/\/static-m.meteo.cat\/wordpressweb\/wp-content\/uploads\/2022\/01\/28082137\/PEP725.png\" alt=\"\" class=\"wp-image-33329 size-thumbnail\"\/><\/figure><div class=\"wp-block-media-text__content\">\n<p><strong><strong><a rel=\"noreferrer noopener\" href=\"http:\/\/www.pep725.eu\/\" target=\"_blank\"><strong>Pan European Phenology project (PEP725)<\/strong><\/a><\/strong><\/strong>. Des de 2013, l&#8217;Equip de Canvi Clim\u00e0tic proporciona regularment les observacions fenol\u00f2giques realitzades a Catalunya i procedents de la Xarxa Fenol\u00f2gica de Cataluna (FenoCAT). <strong><span style=\"color:#058103\" class=\"has-inline-color\">(VIGENT)<\/span><\/strong><\/p>\n<\/div><\/div>\n\n\n\n<div style=\"height:40px\" aria-hidden=\"true\" class=\"wp-block-spacer\"><\/div>\n\n\n\n<div class=\"wp-block-media-text alignwide is-stacked-on-mobile\" style=\"grid-template-columns:42% auto\"><figure class=\"wp-block-media-text__media\"><img loading=\"lazy\" width=\"200\" height=\"143\" src=\"https:\/\/static-m.meteo.cat\/wordpressweb\/wp-content\/uploads\/2022\/01\/28091522\/Euroclimhist-e1643361452748.jpg\" alt=\"\" class=\"wp-image-33348 size-medium\"\/><\/figure><div class=\"wp-block-media-text__content\">\n<p><strong><strong><strong>Euro-Climhist<\/strong><\/strong><\/strong>. Des del 2021, l&#8217;SMC \u00e9s un dels contribu\u00efdors a aqueta xarxa tem\u00e0tica europea dedicada a aglutinar observacions instrumentals o proxy, posteriors a l&#8217;any 1.500 DC, i localitzades al continent europeu. La s\u00e8rie de Barcelona (des del 1780) \u00e9s una d&#8217;aquestes fonts de dades. <strong><span style=\"color:#058103\" class=\"has-inline-color\">(VIGENT)<\/span><\/strong><\/p>\n<\/div><\/div>\n\n\n\n<div style=\"height:40px\" aria-hidden=\"true\" class=\"wp-block-spacer\"><\/div>\n\n\n\n<div class=\"wp-block-media-text alignwide is-stacked-on-mobile\" style=\"grid-template-columns:42% auto\"><figure class=\"wp-block-media-text__media\"><img src=\"https:\/\/static-m.meteo.cat\/wordpressweb\/wp-content\/uploads\/2022\/01\/28081927\/ADAPYR_FEDER.png\" alt=\"\" class=\"wp-image-33328 size-full\"\/><\/figure><div class=\"wp-block-media-text__content\">\n<p><strong><a href=\"https:\/\/www.opcc-ctp.org\/ca\/noticia\/projete-opcc-adapyr\" target=\"_blank\" rel=\"noreferrer noopener\">OPCC-ADAPYR<\/a><\/strong>. Des del 2020 i fins a maig de 2022, l&#8217;\u00c0rea participa en l&#8217;elaboraci\u00f3 d&#8217;un Butllet\u00ed d&#8217;Indicadors de Canvi Clim\u00e0tic dels Pirineus. Aquest projecte \u00e9s finan\u00e7at per fons FEDER, en el marc de la convocat\u00f2ria d\u2019ajuts INTERREG V A (POCTEFA, Programa Operatiu de Cooperaci\u00f3 Territorial Espanya-Fran\u00e7a-Andorra), 2014-2020. <strong><span class=\"has-inline-color has-vermell-access-color\">(FINALITZAT)<\/span><\/strong><\/p>\n<\/div><\/div>\n\n\n\n<div style=\"height:40px\" aria-hidden=\"true\" class=\"wp-block-spacer\"><\/div>\n\n\n\n<div class=\"wp-block-media-text alignwide is-stacked-on-mobile\" style=\"grid-template-columns:42% auto\"><figure class=\"wp-block-media-text__media\"><img loading=\"lazy\" width=\"400\" height=\"71\" src=\"https:\/\/static-m.meteo.cat\/wordpressweb\/wp-content\/uploads\/2021\/11\/22073316\/logo_CLIMPY_Poctefa_Feder-e1637566539723.png\" alt=\"\" class=\"wp-image-32855 size-medium\"\/><\/figure><div class=\"wp-block-media-text__content\">\n<p><strong><strong><a href=\"https:\/\/www.opcc-ctp.org\/ca\/climpy\" target=\"_blank\" rel=\"noreferrer noopener\"><strong>Projecte <\/strong><\/a><strong><a href=\"https:\/\/www.opcc-ctp.org\/ca\/climpy\" target=\"_blank\" rel=\"noreferrer noopener\">CLIM\u2019PY<\/a><\/strong><\/strong><\/strong>. Entre 2016 i 2019, es va dur a terme el projecte CLIM\u2019PY finan\u00e7at per fons FEDER en el marc de la convocat\u00f2ria d\u2019ajuts INTERREG V A (POCTEFA), 2014-2020, i que aprofund\u00ed en el coneixement del canvi clim\u00e0tic al Pirineu. <strong><span style=\"color:#cc0000\" class=\"has-inline-color\">(FINALITZAT)<\/span><\/strong><\/p>\n<\/div><\/div>\n\n\n\n<div style=\"height:40px\" aria-hidden=\"true\" class=\"wp-block-spacer\"><\/div>\n\n\n\n<div class=\"wp-block-media-text alignwide is-stacked-on-mobile\" style=\"grid-template-columns:42% auto\"><figure class=\"wp-block-media-text__media\"><img loading=\"lazy\" width=\"400\" height=\"125\" src=\"https:\/\/static-m.meteo.cat\/wordpressweb\/wp-content\/uploads\/2022\/01\/28090044\/EUMETNET-1-e1643361390475.png\" alt=\"\" class=\"wp-image-33347 size-medium\"\/><\/figure><div class=\"wp-block-media-text__content\">\n<p><strong><strong><strong><strong><strong><a rel=\"noreferrer noopener\" href=\"https:\/\/www.zamg.ac.at\/dare\" target=\"_blank\">EUMETNET DARE initiative (2014-2020)<\/a><\/strong><\/strong><\/strong><\/strong><\/strong>. Aquesta iniciativa, impulsada des del grup d&#8217;experts en clima d&#8217;EUMETNET, tenia l&#8217;objectiu identificar les s\u00e8ries clim\u00e0tiques europees m\u00e9s valuoses, tant per la seva llarga durada, com per la seva localitzaci\u00f3 en \u00e0mbits de muntanya o indrets remots. L&#8217;SMC hi va participar proporcionant un inventari de s\u00e8ries hist\u00f2riques i la seva experi\u00e8ncia en el rescat de dades clim\u00e0tiques a Catalunya. El projecte va culminar amb una <a href=\"https:\/\/rmets.onlinelibrary.wiley.com\/doi\/full\/10.1002\/gdj3.128\">publicaci\u00f3<\/a> al 2021. <strong><span style=\"color:#cc0000\" class=\"has-inline-color\">(FINALITZAT)<\/span><\/strong><\/p>\n<\/div><\/div>\n\n\n\n<div style=\"height:40px\" aria-hidden=\"true\" class=\"wp-block-spacer\"><\/div>\n\n\n\n<div class=\"wp-block-media-text alignwide is-stacked-on-mobile\" style=\"grid-template-columns:42% auto\"><figure class=\"wp-block-media-text__media\"><img loading=\"lazy\" width=\"400\" height=\"88\" src=\"https:\/\/static-m.meteo.cat\/wordpressweb\/wp-content\/uploads\/2022\/01\/28085558\/MEDARE-e1643361430603.png\" alt=\"\" class=\"wp-image-33345 size-medium\"\/><\/figure><div class=\"wp-block-media-text__content\">\n<p><strong><strong><strong><strong><a rel=\"noreferrer noopener\" href=\"http:\/\/www.omm.urv.cat\/MEDARE\/\" target=\"_blank\">WMO MEDARE initiative<\/a><\/strong><\/strong><\/strong><\/strong>.<strong><strong><strong> <\/strong><\/strong><\/strong>L&#8217;SMC va participar en aquesta xarxa tem\u00e0tica de l&#8217;Organitzaci\u00f3 Meteorol\u00f2gica Mundial creada el 2007, proporcionant informaci\u00f3 de s\u00e8ries clim\u00e0tiques de llarga durada de Catalunya. La iniciativa MEDARE cerca desenvolupar tasques de rescat de dades clim\u00e0tiques en l&#8217;\u00e0mbit de la conca mediterr\u00e0nia. <strong><span style=\"color:#cc0000\" class=\"has-inline-color\">(FINALITZAT)<\/span><\/strong><\/p>\n<\/div><\/div>\n\n\n\n<div style=\"height:50px\" aria-hidden=\"true\" class=\"wp-block-spacer\"><\/div>\n\n\n\n<h2>\u00c0mbit espanyol<\/h2>\n\n\n\n<ul><li><strong>El cambio clim\u00e1tico como amenaza para la salud y el bienestar: calor y enfermedades infecciosas<\/strong>. Projecte de recerca finan\u00e7at pel Ministerio de Ciencia, Innovaci\u00f3n y Universidades (2024) i t\u00e9 com a investigadora principal la Dra. Maria Grau Maga\u00f1a (UB &#8211; Facultat de Medicina i Ci\u00e8ncies de la Salut). Refer\u00e8ncia PI24\/00692. Durada: 2025-2027 <strong><span class=\"has-inline-color has-verd-access-color\">(VIGENT)<\/span><\/strong><\/li><li><strong>Projecte MOLLY &#8211; Resolviendo carencias de conocimiento cr\u00edticas para mejorar las proyecciones morfodin\u00e1micas de costas bajas en el siglo XXI<\/strong>. Projecte de recerca finan\u00e7at pel Ministerio de Ciencia e Innovaci\u00f3n (2021-2023) i t\u00e9 com a investigadors principals el Dr. Jorge Guill\u00e9n Aranda (ICM-CSIC) i la Dra. Francesca Ribas Prats (Departament de F\u00edsica, Universitat Polit\u00e8cnica de Catalunya). Refer\u00e8ncia: PID2021-124272OB-C22.\u00a0<strong><span class=\"has-inline-color has-verd-access-color\">(VIGENT)<\/span><\/strong><\/li><li><strong>Projecte EXE &#8211; T and PPT extremes in peninsular Spain. Dry and warm compound events<\/strong>. Projecte de recerca finan\u00e7at pel Ministerio de Ciencia e Innovaci\u00f3n (2021-2023) i t\u00e9 com a investigadors principals el Dr. Javier Mart\u00edn-Vide i el Dr. Joan Albert L\u00f3pez-Bustins (Dept. de Geografia i Hist\u00f2ria de la Universitat de Barcelona). Refer\u00e8ncia: PID2020-116860RB-C21.\u00a0<strong><span class=\"has-inline-color has-vermell-access-color\">(FINALITZAT)<\/span><\/strong><\/li><li><strong>CLICES-3, CLImate of the last CEntury in Spanish mainland.<\/strong> Projecte de recerca finan\u00e7at pel Ministerio de Econom\u00eda, Industria y Competitividad (2018-2020) i t\u00e9 com a investigador principal el Dr. Javier Mart\u00edn-Vide (Dept. de Geografia i Hist\u00f2ria de la Universitat de Barcelona). Refer\u00e8ncia: CGL2017-83866-C3-2-R. <span style=\"color: #ff0000;\"><strong><strong><span class=\"has-inline-color has-vivid-red-color\">(FINALITZAT)<\/span><\/strong><\/strong><\/span><\/li><li><strong>Respuesta morfol\u00f3gica y sist\u00e9mica al cambio clim\u00e1tico en cauces ef\u00edmeros mediterr\u00e1neos: din\u00e1mica, resiliencia y propuestas de actuaci\u00f3n.<\/strong>\u00a0Projecte de recerca finan\u00e7at pel Ministerio de Econom\u00eda, Industria y Competitividad (2018-2020) i t\u00e9 com a investigador principal el Dr. Carmelo Conesa\u00a0 (Dept. de Geografia de la Universidad de Murcia). Refer\u00e8ncia: CGL2017-84625-C2-1-R. <span style=\"color: #ff0000;\"><strong><strong><span class=\"has-inline-color has-vivid-red-color\">(FINALITZAT)<\/span><\/strong><\/strong><\/span><\/li><li><strong>MEDIFLOOD-2, Variabilidad espacio-temporal de las inundaciones en la cuenca mediterr\u00e1nea espa\u00f1ola desde 1300 AD: procesos atmosf\u00e9ricos, hidrol\u00f3gicos e interacciones con la actividad humana<\/strong>. Projecte de recerca finan\u00e7at pel Ministerio de Econom\u00eda y Competitividad (2017-2019) i t\u00e9 com a investigador principal el Dr. David Pino (Dept. de F\u00edsica Aplicada de la Universitat Polit\u00e8cnica de Catalunya). Refer\u00e8ncia: CGL2016-75996-R. <strong><span class=\"has-inline-color has-vivid-red-color\">(FINALITZAT)<\/span><\/strong><\/li><li><strong>HOPE, An\u00e1lisis HOl\u00edstico del impacto de las Precipitaciones Extremas e inundaciones y su introducci\u00f3n en escenarios futuros. Aplicaci\u00f3n a las estrategias de adaptaci\u00f3n y resiliencia.<\/strong> Projecte de recerca finan\u00e7at pel Ministerio de Econom\u00eda y Competitividad (2016-2018) i t\u00e9 com a investigadora principal la Dra. M. Carmen Llasat (Dept. d&#8217;Astronomia i Meteorologia de la Universitat de Barcelona). Refer\u00e8ncia: CGL2014-52571-R.<span class=\"has-inline-color has-vivid-red-color\"> <strong>(FINALITZAT)<\/strong><\/span><\/li><li><strong>WeMOTOR, La oscilaci\u00f3n del Mediterr\u00e1neo Occidental y su influencia sobre la variabilidad pluviom\u00e9trica y la actividad tormentosa en el mar Balear<\/strong>. Projecte de recerca finan\u00e7at pel Ministerio de Econom\u00eda y Competitividad (2015-2017) i que t\u00e9 com a investigador principal al Dr. Javier Mart\u00edn-Vide (Dept. de Geografia de la Universitat de Barcelona). Refer\u00e8ncia: CSO2014-55799-C2-1-R<strong> <span class=\"has-inline-color has-vivid-red-color\">(FINALITZAT)<\/span><\/strong><\/li><\/ul>\n\n\n\n<div style=\"height:50px\" aria-hidden=\"true\" class=\"wp-block-spacer\"><\/div>\n\n\n\n<h2>\u00c0mbit catal\u00e0<\/h2>\n\n\n\n<ul><li><strong>L&#8217;agrometeorologia com a punt de partida per una producci\u00f3 vitivin\u00edcola estable i de qualitat en condicions de canvi clim\u00e0tic en el segle XXI. CLIMAVIT 21<\/strong>. Projecte finan\u00e7at a trav\u00e9s de l&#8217;Operaci\u00f3 01.02.01 (transfer\u00e8ncia tecnol\u00f2gica) del Programa de Desenvolupament Rural (PDR) de Catalunya 2014-2020. El projecte va desenvolupar-se entre 2019 i 2020. <strong><span class=\"has-inline-color has-vivid-red-color\">(FINALITZAT)<\/span><\/strong><\/li><li><strong>Programa de Doctorat Industrial (2014 DI 019).<\/strong>&nbsp;Projecte&nbsp;de recerca estrat\u00e8gic del Servei Meteorol\u00f2gic de Catalunya, on el doctorand desenvolupa la seva formaci\u00f3 investigadora, en col\u00b7laboraci\u00f3&nbsp;amb una universitat (en aquest cas la Universitat de Barcelona), i que ser\u00e0 objecte d\u2019una tesi doctoral. L&#8217;1 de gener de 2015 es va iniciar el programa, concedint l&#8217;ajut a l&#8217;Alba Llabr\u00e9s, que va llegir <a href=\"https:\/\/www.google.com\/url?sa=t&amp;rct=j&amp;q=&amp;esrc=s&amp;source=web&amp;cd=&amp;ved=2ahUKEwi-iYOlj9T1AhVChRoKHTZFDE0QFnoECAMQAQ&amp;url=https%3A%2F%2Fwww.tesisenred.net%2Fbitstream%2Fhandle%2F10803%2F668777%2FALB_PhD_THESIS.pdf%3Fsequence%3D1%26isAllowed%3Dy&amp;usg=AOvVaw1Z6wUJqP9P5i-7xbslSz_h\">la tesi<\/a> el 14 de gener de 2020.  <span style=\"color: #058103;\"><strong><span class=\"has-inline-color has-vivid-red-color\">(FINALITZAT)<\/span><\/strong><\/span><\/li><li><strong>Projecte GLOBALVITI d\u2019an\u00e0lisi de l\u2019impacte del canvi clim\u00e0tic al conreu de la vinya al Pened\u00e8s<\/strong>. El projecte es va finan\u00e7ar amb el suport del programa&nbsp;CIEN (Programa Estrat\u00e9gico de Consorcios de Investigaci\u00f3n Empresarial Nacional) del CDTI, i aquest subprojecte va ser liderat per l&#8217;IRTA. Es va analitzar l&#8217;impacte present i futur del canvi clim\u00e0tic al Pened\u00e8s (1950-2100), i les projeccions futures de situacions associades a pedregades i boires. El projecte va desenvolupar-se entre 2017 i  2018. <strong><span class=\"has-inline-color has-vivid-red-color\">(FINALITZAT)<\/span><\/strong><\/li><\/ul>\n\n\n\n<p><\/p>\n","protected":false},"excerpt":{"rendered":"<p>Tot seguit s&#8217;indiquen les iniciatives i projectes de recerca on participa l&#8217;\u00e0rea de Climatologia actualment o en els darrers cinc anys. \u00c0mbit internacional European Climate Assesment &amp; Dataset (ECA&amp;D). Des del 2014, l&#8217;SMC \u00e9s prove\u00efdor regular d&#8217;observacions meteorol\u00f2giques di\u00e0ries de Catalunya, amb dades procedents principalment de la XEMA (Xarxa d&#8217;Estacions Meteorol\u00f2giques Autom\u00e0tiques). (VIGENT) Pan European [&hellip;]<\/p>\n","protected":false},"author":7,"featured_media":0,"parent":6254,"menu_order":1,"comment_status":"closed","ping_status":"closed","template":"template-sidebar.php","meta":{"_mi_skip_tracking":false,"_monsterinsights_sitenote_active":false,"_monsterinsights_sitenote_note":"","_monsterinsights_sitenote_category":0},"_links":{"self":[{"href":"https:\/\/www.meteo.cat\/wpweb\/wp-json\/wp\/v2\/pages\/6603"}],"collection":[{"href":"https:\/\/www.meteo.cat\/wpweb\/wp-json\/wp\/v2\/pages"}],"about":[{"href":"https:\/\/www.meteo.cat\/wpweb\/wp-json\/wp\/v2\/types\/page"}],"author":[{"embeddable":true,"href":"https:\/\/www.meteo.cat\/wpweb\/wp-json\/wp\/v2\/users\/7"}],"replies":[{"embeddable":true,"href":"https:\/\/www.meteo.cat\/wpweb\/wp-json\/wp\/v2\/comments?post=6603"}],"version-history":[{"count":113,"href":"https:\/\/www.meteo.cat\/wpweb\/wp-json\/wp\/v2\/pages\/6603\/revisions"}],"predecessor-version":[{"id":42130,"href":"https:\/\/www.meteo.cat\/wpweb\/wp-json\/wp\/v2\/pages\/6603\/revisions\/42130"}],"up":[{"embeddable":true,"href":"https:\/\/www.meteo.cat\/wpweb\/wp-json\/wp\/v2\/pages\/6254"}],"wp:attachment":[{"href":"https:\/\/www.meteo.cat\/wpweb\/wp-json\/wp\/v2\/media?parent=6603"}],"curies":[{"name":"wp","href":"https:\/\/api.w.org\/{rel}","templated":true}]}}