{"id":6561,"date":"2015-04-27T11:13:27","date_gmt":"2015-04-27T11:13:27","guid":{"rendered":"https:\/\/www.meteo.cat\/wpweb\/?page_id=6561"},"modified":"2022-11-30T08:22:26","modified_gmt":"2022-11-30T08:22:26","slug":"convenis-de-collaboracio-signats-durant-lany-2015","status":"publish","type":"page","link":"https:\/\/www.meteo.cat\/wpweb\/transparencia-i-bon-govern\/contractacio\/convenis-de-collaboracio-signats-durant-lany-2015\/","title":{"rendered":"Convenis de col\u00b7laboraci\u00f3 signats durant l&#8217;any 2015"},"content":{"rendered":"\n<p>Detall dels convenis:<\/p>\n\n\n\n<figure class=\"wp-block-table sortable\"><table><tbody><tr><th>N\u00fam. Conveni<\/th><th>Objecte<\/th><th>Data<\/th><th>Beneficiari<\/th><th>Import<\/th><\/tr><tr><td>CO.01\/15<\/td><td><a href=\"https:\/\/static-m.meteo.cat\/wordpressweb\/wp-content\/uploads\/2015\/04\/27110704\/CO0115.Observatori-Ebre.pdf\">Addenda 2015 Observatori de l&#8217;Ebre<\/a><\/td><td>11\/12\/2014<\/td><td>Universitat Ramon Llull-Fundaci\u00f3 Observatori de l&#8217;Ebre<\/td><td>25.000,00\u20ac<\/td><\/tr><tr><td>CO.02\/15<\/td><td><a href=\"https:\/\/static-m.meteo.cat\/wordpressweb\/wp-content\/uploads\/2015\/04\/27110726\/CO0215.UPC-electricitat.pdf\">Recerca en l&#8217;\u00e0mbit de l&#8217;electricitat atmosf\u00e8rica<\/a><\/td><td>08\/01\/2015<\/td><td>Universitat Polit\u00e8cnica de Catalunya<\/td><td>15.000,00\u20ac<\/td><\/tr><tr><td>CO.03\/15<\/td><td><a href=\"https:\/\/static-m.meteo.cat\/wordpressweb\/wp-content\/uploads\/2015\/04\/27110826\/CO0315.TES-canvi-climatic.pdf\">Addenda creaci\u00f3 comissi\u00f3 coordinaci\u00f3 tasques conjuntes sobre canvi clim\u00e0tic<\/a><\/td><td>08\/01\/2015<\/td><td>Departament de Territori i Sostenibilitat<\/td><td> 0,00<\/td><\/tr><tr><td>CO.04\/15<\/td><td><a href=\"https:\/\/static-m.meteo.cat\/wordpressweb\/wp-content\/uploads\/2015\/04\/27110847\/CO0415.UAB-xarxa-aerobiol%C3%B2gica.pdf\">Addenda 2015 Xarxa Aerobiol\u00f2gica<\/a><\/td><td>02\/01\/2015<\/td><td>Universitat Aut\u00f2noma de Barcelona<\/td><td>12.000,00\u20ac<\/td><\/tr><tr><td>CO.05\/15<\/td><td>Addenda 2015 gesti\u00f3 i manteniment de la xarxa de gran\u00edmetres de Lleida<\/td><td>16\/02\/2015<\/td><td>Universidad de Leon i ADV Terres de Ponent<\/td><td>25.000,00\u20ac<\/td><\/tr><tr><td>CO.06\/15<\/td><td><a href=\"https:\/\/static-m.meteo.cat\/wordpressweb\/wp-content\/uploads\/2015\/04\/27110938\/CO0615.Ajuntament-Gandesa-EMA.pdf\">Suport i manteniment EMA<\/a><\/td><td>10\/02\/2015<\/td><td>Ajuntament de Gandesa<\/td><td>1.000,00\u20ac<\/td><\/tr><tr><td>CO.07\/15<\/td><td><a href=\"https:\/\/static-m.meteo.cat\/wordpressweb\/wp-content\/uploads\/2015\/04\/27111132\/CO0715.Ajuntament-Alguaire-EMA-aerodrom.pdf\">Regularitzaci\u00f3 EMA aer\u00f2drom<\/a><\/td><td>23\/02\/2015<\/td><td>Ajuntament d&#8217;Alguaire<\/td><td>2.000,00\u20ac<\/td><\/tr><tr><td>CO.08\/15<\/td><td><a href=\"https:\/\/static-m.meteo.cat\/wordpressweb\/wp-content\/uploads\/2015\/04\/27111157\/CO0815.Ferrocarrils-Generalitat-Estacions-esqu%C3%AD.pdf\">Acord comercial estacions d&#8217;esqu\u00ed<\/a><\/td><td>12\/02\/2015<\/td><td>Ferrocarrils de la Generalitat<\/td><td>0,00\u20ac<\/td><\/tr><tr><td>CO.09\/15<\/td><td><a href=\"https:\/\/static-m.meteo.cat\/wordpressweb\/wp-content\/uploads\/2015\/04\/27111226\/CO0915.Ajuntament-Tivissa-EMA.pdf\">Integraci\u00f3 EMA Tivissa<\/a><\/td><td>29\/03\/2015<\/td><td>Ajuntament de Tivissa<\/td><td>0,00\u20ac<\/td><\/tr><\/tbody><\/table><\/figure>\n","protected":false},"excerpt":{"rendered":"<p>Detall dels convenis: N\u00fam. Conveni Objecte Data Beneficiari Import CO.01\/15 Addenda 2015 Observatori de l&#8217;Ebre 11\/12\/2014 Universitat Ramon Llull-Fundaci\u00f3 Observatori de l&#8217;Ebre 25.000,00\u20ac CO.02\/15 Recerca en l&#8217;\u00e0mbit de l&#8217;electricitat atmosf\u00e8rica 08\/01\/2015 Universitat Polit\u00e8cnica de Catalunya 15.000,00\u20ac CO.03\/15 Addenda creaci\u00f3 comissi\u00f3 coordinaci\u00f3 tasques conjuntes sobre canvi clim\u00e0tic 08\/01\/2015 Departament de Territori i Sostenibilitat 0,00 CO.04\/15 Addenda [&hellip;]<\/p>\n","protected":false},"author":2,"featured_media":0,"parent":8662,"menu_order":5,"comment_status":"closed","ping_status":"closed","template":"template-sidebar.php","meta":{"_mi_skip_tracking":false,"_monsterinsights_sitenote_active":false,"_monsterinsights_sitenote_note":"","_monsterinsights_sitenote_category":0},"_links":{"self":[{"href":"https:\/\/www.meteo.cat\/wpweb\/wp-json\/wp\/v2\/pages\/6561"}],"collection":[{"href":"https:\/\/www.meteo.cat\/wpweb\/wp-json\/wp\/v2\/pages"}],"about":[{"href":"https:\/\/www.meteo.cat\/wpweb\/wp-json\/wp\/v2\/types\/page"}],"author":[{"embeddable":true,"href":"https:\/\/www.meteo.cat\/wpweb\/wp-json\/wp\/v2\/users\/2"}],"replies":[{"embeddable":true,"href":"https:\/\/www.meteo.cat\/wpweb\/wp-json\/wp\/v2\/comments?post=6561"}],"version-history":[{"count":12,"href":"https:\/\/www.meteo.cat\/wpweb\/wp-json\/wp\/v2\/pages\/6561\/revisions"}],"predecessor-version":[{"id":36314,"href":"https:\/\/www.meteo.cat\/wpweb\/wp-json\/wp\/v2\/pages\/6561\/revisions\/36314"}],"up":[{"embeddable":true,"href":"https:\/\/www.meteo.cat\/wpweb\/wp-json\/wp\/v2\/pages\/8662"}],"wp:attachment":[{"href":"https:\/\/www.meteo.cat\/wpweb\/wp-json\/wp\/v2\/media?parent=6561"}],"curies":[{"name":"wp","href":"https:\/\/api.w.org\/{rel}","templated":true}]}}