{"id":6296,"date":"2015-04-22T10:48:30","date_gmt":"2015-04-22T10:48:30","guid":{"rendered":"https:\/\/www.meteo.cat\/wpweb\/?page_id=6296"},"modified":"2025-06-05T07:52:24","modified_gmt":"2025-06-05T07:52:24","slug":"pressupost-i-seguiment-pressupostari","status":"publish","type":"page","link":"https:\/\/www.meteo.cat\/wpweb\/transparencia-i-bon-govern\/economia-i-finances\/pressupost-i-seguiment-pressupostari\/","title":{"rendered":"Pressupost i seguiment pressupostari"},"content":{"rendered":"\n<ul><li><a href=\"https:\/\/static-m.meteo.cat\/wordpressweb\/wp-content\/uploads\/2025\/06\/05071222\/6810_2024_Liquidacio_Pressupostaria-COMPTE-GRAL-GENE.xlsx\">Liquidaci\u00f3 pressupost\u00e0ria 2024<\/a><\/li><li><a href=\"https:\/\/static-m.meteo.cat\/wordpressweb\/wp-content\/uploads\/2025\/02\/05124734\/6810_2023_Liquidacio_Pressupostaria-COMPTE-GRAL-GENE.pdf\">Liquidaci\u00f3 pressupost\u00e0ria 2023<\/a><\/li><li><a href=\"https:\/\/static-m.meteo.cat\/wordpressweb\/wp-content\/uploads\/2025\/02\/05085436\/6810_2022_Liquidacio_Pressupostaria.pdf\">Liquidaci\u00f3 pressupost\u00e0ria 2022<\/a> <\/li><li><a href=\"https:\/\/static-m.meteo.cat\/wordpressweb\/wp-content\/uploads\/2021\/06\/09061220\/execucio-pressupost-despeses-2020.pdf\">Execuci\u00f3 pressupost 2020. Despeses<\/a><\/li><li><a href=\"https:\/\/static-m.meteo.cat\/wordpressweb\/wp-content\/uploads\/2021\/06\/09061221\/execucio-pressupost-dingressos-2020.pdf\">Execuci\u00f3 pressupost 2020. Ingressos<\/a><\/li><li><a href=\"https:\/\/static-m.meteo.cat\/wordpressweb\/wp-content\/uploads\/2021\/06\/09061211\/execucio-pressupost-despeses-2019.pdf\">Execuci\u00f3 pressupost 2019. Despeses<\/a><\/li><li><a href=\"https:\/\/static-m.meteo.cat\/wordpressweb\/wp-content\/uploads\/2021\/06\/09061221\/execucio-pressupost-dingressos-2019.pdf\">Execuci\u00f3 pressupost 2019. Ingressos<\/a> <\/li><li><a href=\"https:\/\/static-m.meteo.cat\/wordpressweb\/wp-content\/uploads\/2015\/04\/26064544\/Execuci%C3%B3-pressupost-2018-SMC-30062018.pdf\">Execuci\u00f3 pressupost 2018<\/a><\/li><li><a href=\"https:\/\/static-m.meteo.cat\/wordpressweb\/wp-content\/uploads\/2015\/04\/04063835\/resultat-pressupostari-SMC-2017.pdf\">Execuci\u00f3 pressupost 2017<\/a><\/li><li><a href=\"https:\/\/static-m.meteo.cat\/wordpressweb\/wp-content\/uploads\/2015\/04\/12115018\/liquidaci%C3%B3-pressupost-20161.pdf\">Execuci\u00f3 pressupost 2016<\/a><\/li><li><a href=\"https:\/\/static-m.meteo.cat\/wordpressweb\/wp-content\/uploads\/2015\/04\/22104726\/Pressupost-aprovat-2015.pdf\">Execuci\u00f3 pressupost 2015<\/a><\/li><\/ul>\n\n\n\n<p><\/p>\n","protected":false},"excerpt":{"rendered":"<p>Liquidaci\u00f3 pressupost\u00e0ria 2024 Liquidaci\u00f3 pressupost\u00e0ria 2023 Liquidaci\u00f3 pressupost\u00e0ria 2022 Execuci\u00f3 pressupost 2020. Despeses Execuci\u00f3 pressupost 2020. Ingressos Execuci\u00f3 pressupost 2019. Despeses Execuci\u00f3 pressupost 2019. Ingressos Execuci\u00f3 pressupost 2018 Execuci\u00f3 pressupost 2017 Execuci\u00f3 pressupost 2016 Execuci\u00f3 pressupost 2015<\/p>\n","protected":false},"author":2,"featured_media":0,"parent":8657,"menu_order":0,"comment_status":"closed","ping_status":"closed","template":"","meta":{"_mi_skip_tracking":false,"_monsterinsights_sitenote_active":false,"_monsterinsights_sitenote_note":"","_monsterinsights_sitenote_category":0},"_links":{"self":[{"href":"https:\/\/www.meteo.cat\/wpweb\/wp-json\/wp\/v2\/pages\/6296"}],"collection":[{"href":"https:\/\/www.meteo.cat\/wpweb\/wp-json\/wp\/v2\/pages"}],"about":[{"href":"https:\/\/www.meteo.cat\/wpweb\/wp-json\/wp\/v2\/types\/page"}],"author":[{"embeddable":true,"href":"https:\/\/www.meteo.cat\/wpweb\/wp-json\/wp\/v2\/users\/2"}],"replies":[{"embeddable":true,"href":"https:\/\/www.meteo.cat\/wpweb\/wp-json\/wp\/v2\/comments?post=6296"}],"version-history":[{"count":20,"href":"https:\/\/www.meteo.cat\/wpweb\/wp-json\/wp\/v2\/pages\/6296\/revisions"}],"predecessor-version":[{"id":43727,"href":"https:\/\/www.meteo.cat\/wpweb\/wp-json\/wp\/v2\/pages\/6296\/revisions\/43727"}],"up":[{"embeddable":true,"href":"https:\/\/www.meteo.cat\/wpweb\/wp-json\/wp\/v2\/pages\/8657"}],"wp:attachment":[{"href":"https:\/\/www.meteo.cat\/wpweb\/wp-json\/wp\/v2\/media?parent=6296"}],"curies":[{"name":"wp","href":"https:\/\/api.w.org\/{rel}","templated":true}]}}