{"id":6276,"date":"2015-04-22T07:34:05","date_gmt":"2015-04-22T07:34:05","guid":{"rendered":"https:\/\/www.meteo.cat\/wpweb\/?page_id=6276"},"modified":"2026-04-14T09:51:31","modified_gmt":"2026-04-14T09:51:31","slug":"normativa","status":"publish","type":"page","link":"https:\/\/www.meteo.cat\/wpweb\/transparencia-i-bon-govern\/procediments-juridics\/normativa\/","title":{"rendered":"Normativa i informaci\u00f3 d&#8217;inter\u00e8s jur\u00eddic"},"content":{"rendered":"\n<p><strong>Normativa vigent<\/strong><\/p>\n\n\n\n<ul><li><a rel=\"noopener noreferrer\" href=\"http:\/\/portaljuridic.gencat.cat\/ca\/pjur_ocults\/pjur_resultats_fitxa\/?action=fitxa&amp;versionId=1432756&amp;versionState=02&amp;language=ca_ES&amp;documentId=270830&amp;mode=single\" target=\"_blank\">Llei 15\/2001, de 14 de novembre, de meteorologia<\/a><\/li><li><a href=\"https:\/\/portaldogc.gencat.cat\/utilsEADOP\/PDF\/9155\/2026434.pdf\">Estatuts SMC<\/a><\/li><li><a href=\"https:\/\/static-m.meteo.cat\/wordpressweb\/wp-content\/uploads\/2015\/04\/22073405\/creaci%C3%B3xom.pdf\">Resoluci\u00f3 creaci\u00f3 XOM<\/a><\/li><\/ul>\n\n\n\n<p><strong>Acords de govern<\/strong><\/p>\n\n\n\n<p>No n&#8217;hi ha cap<\/p>\n\n\n\n<p><strong>Cat\u00e0leg de procediments administratius<\/strong><\/p>\n\n\n\n<div class=\"wp-block-group\"><div class=\"wp-block-group__inner-container\">\n<div class=\"wp-block-group\"><div class=\"wp-block-group__inner-container\">\n<p>En aquest espai podeu consultar informes que expliquen com funcionen els tr\u00e0mits gestionats pels departaments i organismes de la Generalitat de Catalunya.<\/p>\n\n\n\n<p>Els informes es basen en les dades del Cat\u00e0leg Corporatiu de Processos (CCP) i ofereixen informaci\u00f3 sobre cada tr\u00e0mit, com ara:<\/p>\n\n\n\n<ul><li>El sentit del silenci administratiu<\/li><li>Els recursos administratius que s\u2019hi poden presentar<\/li><li>Si es pot fer el tr\u00e0mit en format electr\u00f2nic<\/li><\/ul>\n<\/div><\/div>\n\n\n\n<p><a href=\"https:\/\/analisi.transparenciacatalunya.cat\/Sector-P-blic\/Cat-leg-de-procediments-administratius\/9p3b-4s2k\/data_preview\" target=\"_blank\" rel=\"noreferrer noopener\">Consulta el cat\u00e0leg de procediments administratius <\/a><\/p>\n<\/div><\/div>\n\n\n\n<p><\/p>\n","protected":false},"excerpt":{"rendered":"<p>Normativa vigent Llei 15\/2001, de 14 de novembre, de meteorologia Estatuts SMC Resoluci\u00f3 creaci\u00f3 XOM Acords de govern No n&#8217;hi ha cap Cat\u00e0leg de procediments administratius<\/p>\n","protected":false},"author":2,"featured_media":0,"parent":8669,"menu_order":3,"comment_status":"closed","ping_status":"closed","template":"","meta":{"_mi_skip_tracking":false,"_monsterinsights_sitenote_active":false,"_monsterinsights_sitenote_note":"","_monsterinsights_sitenote_category":0},"_links":{"self":[{"href":"https:\/\/www.meteo.cat\/wpweb\/wp-json\/wp\/v2\/pages\/6276"}],"collection":[{"href":"https:\/\/www.meteo.cat\/wpweb\/wp-json\/wp\/v2\/pages"}],"about":[{"href":"https:\/\/www.meteo.cat\/wpweb\/wp-json\/wp\/v2\/types\/page"}],"author":[{"embeddable":true,"href":"https:\/\/www.meteo.cat\/wpweb\/wp-json\/wp\/v2\/users\/2"}],"replies":[{"embeddable":true,"href":"https:\/\/www.meteo.cat\/wpweb\/wp-json\/wp\/v2\/comments?post=6276"}],"version-history":[{"count":18,"href":"https:\/\/www.meteo.cat\/wpweb\/wp-json\/wp\/v2\/pages\/6276\/revisions"}],"predecessor-version":[{"id":45371,"href":"https:\/\/www.meteo.cat\/wpweb\/wp-json\/wp\/v2\/pages\/6276\/revisions\/45371"}],"up":[{"embeddable":true,"href":"https:\/\/www.meteo.cat\/wpweb\/wp-json\/wp\/v2\/pages\/8669"}],"wp:attachment":[{"href":"https:\/\/www.meteo.cat\/wpweb\/wp-json\/wp\/v2\/media?parent=6276"}],"curies":[{"name":"wp","href":"https:\/\/api.w.org\/{rel}","templated":true}]}}