{"id":6270,"date":"2015-04-21T07:39:01","date_gmt":"2015-04-21T07:39:01","guid":{"rendered":"https:\/\/www.meteo.cat\/wpweb\/?page_id=6270"},"modified":"2025-09-04T06:52:43","modified_gmt":"2025-09-04T06:52:43","slug":"transparencia-i-bon-govern","status":"publish","type":"page","link":"https:\/\/www.meteo.cat\/wpweb\/transparencia-i-bon-govern\/","title":{"rendered":"Transpar\u00e8ncia i bon govern"},"content":{"rendered":"\n<div class=\"wp-block-columns\">\n<div class=\"wp-block-column\" style=\"flex-basis:66.66%\">\n<p>L\u2019Administraci\u00f3 ha de donar compte a la ciutadania de la seva activitat i de la gesti\u00f3 dels recursos p\u00fablics que s\u2019han posat al seu abast. Per aix\u00f2:<\/p>\n\n\n\n<p><strong>L\u2019Administraci\u00f3 ha de ser transparent.<\/strong> Ha de ser proactiva i donar a con\u00e8ixer la informaci\u00f3 relativa als seus \u00e0mbits d\u2019actuaci\u00f3 i les seves obligacions, amb car\u00e0cter permanent i actualitzat, de la manera que resulti m\u00e9s comprensible per a les persones i per mitj\u00e0 dels instruments de difusi\u00f3 que els permetin un acc\u00e9s ampli i f\u00e0cil a les dades i els facilitin la participaci\u00f3 en els assumptes p\u00fablics.<\/p>\n\n\n\n<p><strong>L\u2019Administraci\u00f3 s\u2019ha de regir pel principi de bon govern.<\/strong> S\u2019ha d\u2019ajustar a les regles i obligacions sobre la qualitat dels serveis i el funcionament de l\u2019Administraci\u00f3, i els principis \u00e8tics i les bones pr\u00e0ctiques d\u2019acord amb els quals han d\u2019actuar els alts c\u00e0rrecs de l \u2018Administraci\u00f3, amb l\u2019objectiu que aquesta funcioni amb la m\u00e0xima transpar\u00e8ncia, qualitat i equitat i amb garantia de retiment de comptes.<\/p>\n\n\n\n<p><strong>L\u2019Administraci\u00f3 ha de ser accessible. <\/strong>Tota la informaci\u00f3 ha de ser comprensible, de f\u00e0cil acc\u00e9s, gratu\u00efta i estar a l\u2019abast de les persones amb discapacitat en un format subministrat per mitjans o formats escaients que resultin accessibles i comprensibles.<\/p>\n<\/div>\n\n\n\n<div class=\"wp-block-column\" style=\"flex-basis:33.33%\">\n<h3>Enlla\u00e7os relacionats<\/h3>\n\n\n\n<p><a href=\"https:\/\/governobert.gencat.cat\/ca\/portal-de-la-transparencia\/inici\/index.html\" target=\"_blank\" rel=\"noreferrer noopener\">Portal de transpar\u00e8ncia de la Generalitat de Catalunya<\/a><\/p>\n\n\n\n<p><a href=\"https:\/\/governobert.gencat.cat\/ca\/tramits\/Acces-a-la-informacio-publica-00005\" target=\"_blank\" rel=\"noreferrer noopener\">Tr\u00e0mit: Dret d&#8217;acc\u00e9s a la informaci\u00f3 p\u00fablica<\/a><\/p>\n\n\n\n<h3>Normativa<\/h3>\n\n\n\n<p><a href=\"https:\/\/portaljuridic.gencat.cat\/ca\/document-del-pjur\/?documentId=680124\" target=\"_blank\" rel=\"noreferrer noopener\">Llei 19\/2014, del 29 de desembre, de transpar\u00e8ncia, acc\u00e9s a la informaci\u00f3 p\u00fablica i bon govern.<\/a><\/p>\n<\/div>\n<\/div>\n\n\n\n<nav class=\"distribuidora\">\n<a href=\"\/wpweb\/transparencia-i-bon-govern\/organitzacio\/\" role=\"button\">Organitzaci\u00f3<\/a>\n<a href=\"\/wpweb\/transparencia-i-bon-govern\/economia-i-finances\/\" role=\"button\">Economia i finances<\/a>\n<a href=\"\/wpweb\/transparencia-i-bon-govern\/contractacio\/\" role=\"button\">Contractaci\u00f3<\/a>\n<span class=\"disable\" role=\"button\" aria-disabled=\"true\">Territori<\/span>\n<a href=\"\/wpweb\/transparencia-i-bon-govern\/linies-dactuacio\/\" role=\"button\">L\u00ednies d&#8217;actuaci\u00f3<\/a>\n<a href=\"\/wpweb\/transparencia-i-bon-govern\/procediments-\njuridics\/\" role=\"button\">Procediments jur\u00eddics<\/a>\n<a href=\"\/wpweb\/transparencia-i-bon-govern\/carta-de-serveis\/\" role=\"button\">Carta de serveis<\/a>\n<\/nav>\n","protected":false},"excerpt":{"rendered":"<p>L\u2019Administraci\u00f3 ha de donar compte a la ciutadania de la seva activitat i de la gesti\u00f3 dels recursos p\u00fablics que s\u2019han posat al seu abast. Per aix\u00f2: L\u2019Administraci\u00f3 ha de ser transparent. Ha de ser proactiva i donar a con\u00e8ixer la informaci\u00f3 relativa als seus \u00e0mbits d\u2019actuaci\u00f3 i les seves obligacions, amb car\u00e0cter permanent i [&hellip;]<\/p>\n","protected":false},"author":1,"featured_media":0,"parent":0,"menu_order":8,"comment_status":"closed","ping_status":"closed","template":"","meta":{"_mi_skip_tracking":false,"_monsterinsights_sitenote_active":false,"_monsterinsights_sitenote_note":"","_monsterinsights_sitenote_category":0},"_links":{"self":[{"href":"https:\/\/www.meteo.cat\/wpweb\/wp-json\/wp\/v2\/pages\/6270"}],"collection":[{"href":"https:\/\/www.meteo.cat\/wpweb\/wp-json\/wp\/v2\/pages"}],"about":[{"href":"https:\/\/www.meteo.cat\/wpweb\/wp-json\/wp\/v2\/types\/page"}],"author":[{"embeddable":true,"href":"https:\/\/www.meteo.cat\/wpweb\/wp-json\/wp\/v2\/users\/1"}],"replies":[{"embeddable":true,"href":"https:\/\/www.meteo.cat\/wpweb\/wp-json\/wp\/v2\/comments?post=6270"}],"version-history":[{"count":87,"href":"https:\/\/www.meteo.cat\/wpweb\/wp-json\/wp\/v2\/pages\/6270\/revisions"}],"predecessor-version":[{"id":44293,"href":"https:\/\/www.meteo.cat\/wpweb\/wp-json\/wp\/v2\/pages\/6270\/revisions\/44293"}],"wp:attachment":[{"href":"https:\/\/www.meteo.cat\/wpweb\/wp-json\/wp\/v2\/media?parent=6270"}],"curies":[{"name":"wp","href":"https:\/\/api.w.org\/{rel}","templated":true}]}}