{"id":59,"date":"2014-12-11T09:32:09","date_gmt":"2014-12-11T09:32:09","guid":{"rendered":"http:\/\/\/wpweb\/?page_id=59"},"modified":"2023-06-12T06:10:51","modified_gmt":"2023-06-12T06:10:51","slug":"avis-legal","status":"publish","type":"page","link":"https:\/\/www.meteo.cat\/wpweb\/avis-legal\/","title":{"rendered":"Av\u00eds legal"},"content":{"rendered":"\n<p><strong>Condicions d\u2019\u00fas del Servei Meteorol\u00f2gic de Catalunya<\/strong><\/p>\n\n\n\n<h2 class=\"taula-continguts-titol\" id=\"taula_continguts\">Taula de continguts<\/h2>\n\n\n\n<ol class=\"taula-continguts\"><li><a href=\"https:\/\/www.meteo.cat\/wpweb\/avis-legal\/#intro\">Introducci\u00f3 i dades identificatives<\/a><\/li><li><a href=\"https:\/\/www.meteo.cat\/wpweb\/avis-legal\/#condicions\">Condicions d&#8217;acc\u00e9s i \u00fas de Meteocat<\/a><\/li><li><a href=\"https:\/\/www.meteo.cat\/wpweb\/avis-legal\/#int\">Propietat intel\u00b7lectual i industrial de Meteocat<\/a><\/li><li><a href=\"https:\/\/www.meteo.cat\/wpweb\/avis-legal\/#info\">Informaci\u00f3 continguda a Meteocat<\/a><\/li><li><a href=\"https:\/\/www.meteo.cat\/wpweb\/avis-legal\/#continguts\">Continguts subministrats pels usuaris<\/a><\/li><li><a href=\"https:\/\/www.meteo.cat\/wpweb\/avis-legal\/#procediment\">Procediment en el sup\u00f2sit d&#8217;actuacions il\u00b7l\u00edcites<\/a><\/li><li><a href=\"https:\/\/www.meteo.cat\/wpweb\/avis-legal\/#enllacos\">Enlla\u00e7os<\/a><\/li><li><a href=\"https:\/\/www.meteo.cat\/wpweb\/avis-legal\/#modificacions\">Modificacions<\/a><\/li><li><a href=\"https:\/\/www.meteo.cat\/wpweb\/avis-legal\/#exempcio\">Exempci\u00f3 de responsabilitats<\/a><\/li><li><a href=\"https:\/\/www.meteo.cat\/wpweb\/avis-legal\/#llei\">Legislaci\u00f3 i jurisdicci\u00f3<\/a><\/li><\/ol>\n\n\n\n<div style=\"height:50px\" aria-hidden=\"true\" class=\"wp-block-spacer\"><\/div>\n\n\n\n<hr class=\"wp-block-separator is-style-default\"\/>\n\n\n\n<div style=\"height:50px\" aria-hidden=\"true\" class=\"wp-block-spacer\"><\/div>\n\n\n\n<h2 id=\"intro\"><strong>Introducci\u00f3 i dades identificatives<\/strong><\/h2>\n\n\n\n<p>Aquestes Condicions d\u2019\u00das regulen l\u2019acc\u00e9s i els usos permesos del lloc web\namb URL:&nbsp;<a href=\"https:\/\/www.meteo.cat\/\">https:\/\/www.meteo.cat\/<\/a>&nbsp;i dels serveis continguts\nal mateix (en endavant el lloc web) als efectes de la Llei 34\/2002, de Serveis\nde la Societat de la Informaci\u00f3 i del Comer\u00e7 Electr\u00f2nic.<\/p>\n\n\n\n<p>El titular d\u2019aquest lloc web \u00e9s el SERVEI METEOROL\u00d2GIC DE CATALUNYA (METEOCAT) domiciliat a Carrer Dr. Roux, n\u00famero 70, 1\u00aa planta, de Barcelona (CP-08017), i amb NIF Q-0801167-H<\/p>\n\n\n\n<p>El nom de domini meteo.cat \u00e9s propietat de la Generalitat de Catalunya, Departament de Presid\u00e8ncia.<\/p>\n\n\n\n<p>Qualsevol comunicaci\u00f3 a METEOCAT pot realitzar-se mitjan\u00e7ant correu electr\u00f2nic a la seg\u00fcent adre\u00e7a&nbsp;<a href=\"&#x6d;&#97;i&#x6c;&#x74;&#111;:&#x73;&#x6d;&#99;&#46;&#x6d;&#x65;&#116;e&#x6f;&#x63;&#97;t&#x40;&#103;&#101;n&#x63;&#97;t&#x2e;&#x63;&#97;t\">s&#109;&#99;&#x2e;&#x6d;&#x65;&#x74;e&#111;&#99;&#97;&#x74;&#x40;&#x67;en&#99;&#97;&#x74;&#x2e;&#x63;at<\/a><\/p>\n\n\n\n<p>METEOCAT \u00e9s el servei meteorol\u00f2gic oficial del Govern de la Generalitat de\nCatalunya. Va ser creat mitjan\u00e7ant la Llei 15\/2001, de 14 de novembre, de\nmeteorologia, com una entitat amb personalitat jur\u00eddica pr\u00f2pia, adscrita en\nl\u2019actualitat al Departament de Territori i Sostenibilitat.<\/p>\n\n\n\n<a href=\"#taula_continguts\" title=\"Puja\" class=\"go-top\">Puja<\/a>\n\n\n\n<div style=\"height:50px\" aria-hidden=\"true\" class=\"wp-block-spacer\"><\/div>\n\n\n\n<h2 id=\"condicions\"><strong>Condicions d&#8217;acc\u00e9s i \u00fas de Meteocat<\/strong><\/h2>\n\n\n\n<div style=\"height:20px\" aria-hidden=\"true\" class=\"wp-block-spacer\"><\/div>\n\n\n\n<h3><strong>Informaci\u00f3 General<\/strong><\/h3>\n\n\n\n<p>L\u2019 USUARI haur\u00e0 d\u2019acceptar aquestes Condicions d\u2019\u00das per poder utilitzar aquest lloc web.<\/p>\n\n\n\n<p>Els USUARIS poden, tanmateix, descarregar, emmagatzemar, reproduir i imprimir una c\u00f2pia d\u2019aquestes Condicions d\u2019\u00das.<\/p>\n\n\n\n<p>Les Condicions d\u2019\u00das es complementen amb:<\/p>\n\n\n\n<ul><li>Condicions Generals de Compra de Productes i Publicacions<\/li><li>Condicions Particulars de cada Producte i Publicaci\u00f3<\/li><\/ul>\n\n\n\n<p>L\u2019acc\u00e9s al lloc web \u00e9s gratu\u00eft per a qualsevol USUARI, sens perjudici que l\u2019acc\u00e9s a determinats serveis que es prestin mitjan\u00e7ant el lloc web, aix\u00ed com la compra de productes, es realitzi mitjan\u00e7ant preu i amb subjecci\u00f3 a les seves condicions particulars respectives.<\/p>\n\n\n\n<div style=\"height:20px\" aria-hidden=\"true\" class=\"wp-block-spacer\"><\/div>\n\n\n\n<h3><strong>Informaci\u00f3 de l\u2019USUARI<\/strong><\/h3>\n\n\n\n<p>Per a visualitzar la informaci\u00f3 i els serveis que ofereix METEOCAT en el\nlloc web no \u00e9s necessari complimentar cap formulari de registre.<\/p>\n\n\n\n<p>\u00danicament, en els sup\u00f2sits de contractaci\u00f3 de productes i\/o serveis\nmitjan\u00e7ant el pagament de preu l\u2019 USUARI haur\u00e0 de completar els formularis\nposats a la seva disposici\u00f3. En tot cas, l\u2019 USUARI garanteix ser major de 14\nanys aix\u00ed com que, tota la informaci\u00f3 que facilita a METEOCAT, en especial la\nrelativa a les seves dades personals, \u00e9s exacta i vera\u00e7, obligant-se a\nrealitzar les modificacions necess\u00e0ries quan aquesta informaci\u00f3 canvi\u00ef.<\/p>\n\n\n\n<div style=\"height:20px\" aria-hidden=\"true\" class=\"wp-block-spacer\"><\/div>\n\n\n\n<h3><strong>Obligacions dels USUARIS en accedir a METEOCAT<\/strong><\/h3>\n\n\n\n<p>Els USUARIS en accedir i utilitzar el lloc web s\u2019obliguen, amb &nbsp;car\u00e0cter enunciatiu i no limitatiu, a:<\/p>\n\n\n\n<ol><li> Actuar de bona fe respecte de METEOCAT i de la resta d\u2019 USUARIS.<\/li><li> Respectar la legislaci\u00f3 vigent en relaci\u00f3 als drets de propietat intel\u00b7lectual, industrial, dret a la imatge, dret a la intimitat i la privacitat, dret de propietat privada tant de METEOCAT como d\u2019altres USUARIS i\/o tercers.<\/li><li>No difondre informacions ni continguts que no s\u2019ajustin a la realitat o que puguin ser calumniosos o injuriosos per a altres USUARIS i\/o qualsevol tercer i\/o METEOCAT; aix\u00ed com no difondre informacions ni continguts que impliquin qualsevol tipus de discriminaci\u00f3 i\/o ofenses per ra\u00f3 del sexe, la orientaci\u00f3 sexual, la ra\u00e7a, creences religioses i\/o pol\u00edtiques o que puguin considerar-se ofensius en general i\/o contraris als bons costums.<\/li><li>No establir enlla\u00e7os amb altres llocs webs el contingut del qual pugui ser ofensiu i\/o discriminatori en els termes de l\u2019apartat anterior o que siguin webs il\u00b7legals o contraris a la finalitat de METEOCAT.<\/li><li>No utilitzar el lloc web de manera impr\u00f2pia, per a finalitats diferents i\/o dificultant les seves utilitats i la seva pr\u00f2pia finalitat.<\/li><li>No utilitzar el lloc web per activitats il\u00b7l\u00edcites i\/o que infringeixin aquestes condicions d\u2019\u00fas. <\/li><\/ol>\n\n\n\n<a href=\"#taula_continguts\" title=\"Puja\" class=\"go-top\">Puja<\/a>\n\n\n\n<div style=\"height:50px\" aria-hidden=\"true\" class=\"wp-block-spacer\"><\/div>\n\n\n\n<h2 id=\"int\">Propietat intel\u00b7lectual i industrial de Meteocat<\/h2>\n\n\n\n<p>Els USUARIS poden lliurement visualitzar la informaci\u00f3 i els continguts del lloc web, a excepci\u00f3 d\u2019aquells que estiguin subjectes a contractaci\u00f3 i\/o pagament previ.<\/p>\n\n\n\n<p> Els continguts totals o parcials del lloc web, aix\u00ed com aquest quant a presentaci\u00f3 visual, grafismes, infografies, dades, textos, bases de dades, imatges i v\u00eddeos, amb car\u00e0cter enumeratiu per\u00f2 no limitatiu, integrats dins del lloc web, s\u00f3n elements propietat de METEOCAT o d\u2019altres tercers que l\u2019han autoritzat, i estan protegits per la legislaci\u00f3 sobre Propietat Intel\u00b7lectual i de Propietat Industrial i pels Convenis Internacionals en aquesta mat\u00e8ria, sense perjudici dels drets de tercers i amb excepci\u00f3 dels continguts que insereixin els USUARIS, els quals s\u00f3n de la seva propietat i s\u00f3n, si s\u2019escau, protegits pel Dret d\u2019Autor, entre d\u2019altres.<\/p>\n\n\n\n<p>Carregar continguts al lloc web pels USUARIS suposa que els mateixos atorguen a METEOCAT les corresponents autoritzacions i llic\u00e8ncies per al seu allotjament en el lloc web i la seva posada a disposici\u00f3 interactiva, amb subjecci\u00f3 als termes i condicions continguts en el lloc web.<\/p>\n\n\n\n<p>Tanmateix, els programes inform\u00e0tics utilitzats en l\u2019\u00fas i desenvolupament del lloc web s\u00f3n propietat de METEOCAT o dels seus prove\u00efdors de software i estan protegits per les lleis nacionals i Tractats i Convenis internacionals en la mat\u00e8ria. En aquest sentit, METEOCAT utilitza els Serveis API de Youtube d\u2019acord amb les seves Condicions d\u2019\u00das de Client API (podeu consultar-les en aquest enlla\u00e7: <a href=\"https:\/\/www.youtube.com\/t\/terms\">https:\/\/www.youtube.com\/t\/terms<\/a> i si necessiteu m\u00e9s informaci\u00f3 podeu accedir a la Pol\u00edtica de Privacitat de Google <a href=\"http:\/\/www.google.com\/policies\/privacy\">http:\/\/www.google.com\/policies\/privacy<\/a>) <\/p>\n\n\n\n<p>Estan prohibits, amb car\u00e0cter enunciatiu per\u00f2 no limitatiu, respecte\nd\u2019aquest lloc web i els seus continguts, els actes que es descriuen a\ncontinuaci\u00f3:<\/p>\n\n\n\n<ol><li>Qualsevol forma de comunicaci\u00f3 p\u00fablica, per qualsevol procediment, inclosa la posada a disposici\u00f3 del p\u00fablic de les obres contingudes en el lloc web, de manera que qualsevol persona pugui accedir-hi des del lloc i en el moment que desitgi.<\/li><li>Qualsevol forma de distribuci\u00f3 de qualsevol material obtingut del lloc web, incloent-hi, per\u00f2 no limitat a, la venda, lloguer i\/o pr\u00e9stec.<\/li><li>Qualsevol forma de reproducci\u00f3 directa o indirecta, temporal o permanent, per qualsevol mitj\u00e0 i de qualsevol forma de la totalitat o part, inclosa la reproducci\u00f3 amb finalitats privades i la desc\u00e0rrega en l\u2019equip de l&#8217;USUARI.<\/li><li>Qualsevol forma de transformaci\u00f3, total o parcial, dels continguts de qualsevol naturalesa del lloc web.<\/li><li>Qualsevol forma d\u2019acc\u00e9s i\/o explotaci\u00f3 que inclogui les anteriors o d\u2019altres diferents.<\/li><li>Qualsevol forma, directa o indirecta, d\u2019extracci\u00f3 i\/o reutilitzaci\u00f3 de la totalitat o d\u2019 una part substancial del contingut de qualsevol base de dades; i\/o l\u2019extracci\u00f3 i\/o la reutilitzaci\u00f3 repetida o sistem\u00e0tica de parts no substancials d\u2019aquestes.<\/li><\/ol>\n\n\n\n<p>No obstant, de conformitat amb la Llei 37\/2007, de reutilitzaci\u00f3 de la\ninformaci\u00f3 del sector p\u00fablic, els USUARIS que desitgin reutilitzar continguts\nsubjectes a drets de propietat intel\u00b7lectual de METEOCAT poden contactar amb\naquest amb la finalitat d\u2019obtenir una llic\u00e8ncia per a aquesta reutilitzaci\u00f3.<\/p>\n\n\n\n<p>L\u2019USUARI reconeix que les marques, noms, logotips i d\u2019altres signes\ndistintius continguts en el lloc web s\u00f3n elements propietat de METEOCAT i\/o de\nla Generalitat de Catalunya o, si s\u2019escau, d\u2019altres tercers, protegits per les\nlleis nacionals i els Tractats Internacionals sobre drets de Propietat\nIndustrial. L\u2019\u00fas no autoritzat o indegut d\u2019aquests elements constitueix una\ninfracci\u00f3 dels drets de Propietat Industrial de METEOCAT o d\u2019aquests tercers.<\/p>\n\n\n\n<a href=\"#taula_continguts\" title=\"Puja\" class=\"go-top\">Puja<\/a>\n\n\n\n<div style=\"height:50px\" aria-hidden=\"true\" class=\"wp-block-spacer\"><\/div>\n\n\n\n<h2 id=\"info\"><strong>Informaci\u00f3 continguda a Meteocat<\/strong><\/h2>\n\n\n\n<p>Sens perjudici d\u2019all\u00f2 establert en el punt anterior i en el punt 9\n(exempci\u00f3 de responsabilitat de METEOCAT) la informaci\u00f3 que es cont\u00e9 i ofereix\nlliurement en aquest lloc web, sempre que no estigui subjecte a drets de\npropietat intel\u00b7lectual, pot ser utilitzada pels USUARIS de conformitat amb\nall\u00f2 que disposa la&nbsp;<a href=\"https:\/\/www.boe.es\/diario_boe\/txt.php?id=BOE-A-2015-7731\">llei 18\/2015, de 9 de\njuliol, per la qual es modifica la llei 37\/2007, de 16 de novembre<\/a>, sobre reutilitzaci\u00f3 de la\ninformaci\u00f3 del sector p\u00fablic, amb subjecci\u00f3 a les seg\u00fcents condicions:<\/p>\n\n\n\n<ol><li>Que el contingut de la informaci\u00f3 no sigui alterat.<\/li><li>Que no es desnaturalitzi el contingut de la informaci\u00f3.<\/li><li>Que es citi la font.<\/li><li>Que s\u2019indiqui la data de la darrera actualitzaci\u00f3.<\/li><\/ol>\n\n\n\n<a href=\"#taula_continguts\" title=\"Puja\" class=\"go-top\">Puja<\/a>\n\n\n\n<div style=\"height:50px\" aria-hidden=\"true\" class=\"wp-block-spacer\"><\/div>\n\n\n\n<h2 id=\"continguts\">Continguts subministrats pels usuaris<\/h2>\n\n\n\n<p>L\u2019 USUARI garanteix a METEOCAT que tots els continguts facilitats i\nallotjats per ell en el lloc web, amb car\u00e0cter enunciatiu per\u00f2 no limitatiu,\nimatges, v\u00eddeos, m\u00fasica, textos, s\u00edmbols, logotips, grafismes, s\u00f3n de la seva\nexclusiva propietat i que t\u00e9 tots els drets i\/o en el seu defecte que l\u2019USUARI\nt\u00e9 les preceptives autoritzacions de tercers titulars d\u2019aquests continguts i\/o\ninformacions. L\u2019USUARI assumeix la responsabilitat per la infracci\u00f3 d\u2019aquesta\ncondici\u00f3, d\u2019essencial import\u00e0ncia per a METEOCAT, amb total indemnitat per a\naquesta.<\/p>\n\n\n\n<p>L\u2019USUARI concedeix a METEOCAT una llic\u00e8ncia no exclusiva per a la\nreproducci\u00f3 i comunicaci\u00f3 p\u00fablica dels esmentats continguts de tot tipus, a fi\nde que siguin allotjats en el lloc web i posats a disposici\u00f3 del p\u00fablic\nmitjan\u00e7ant el lloc web aix\u00ed com de qualsevol dels canals dels que METEOCAT\ndisposa a las xarxes socials en les que participa actualment (Facebook,\nTwitter, YouTube) i\/o pugui participar en el futur.<\/p>\n\n\n\n<p>Aquesta autoritzaci\u00f3 inclou, tanmateix, el dret de transformaci\u00f3 d\u2019aquests\ncontinguts a fi i efecte d\u2019adaptar-los al format i la presentaci\u00f3 visual del\nlloc web i\/o dels altres canals a les xarxes socials.\n\nAquestes condicions seran d\u2019aplicaci\u00f3 tamb\u00e9 als\ncontinguts que els USUARIS publiquin en els comptes que METEOCAT t\u00e9 a les\nxarxes socials (Facebook, Twitter, YouTube, i qualsevol altre en el futur)\nsempre que la regulaci\u00f3 pr\u00f2pia d\u2019aquestes xarxes socials ho permetin.\n\n\n\n<\/p>\n\n\n\n<a href=\"#taula_continguts\" title=\"Puja\" class=\"go-top\">Puja<\/a>\n\n\n\n<div style=\"height:50px\" aria-hidden=\"true\" class=\"wp-block-spacer\"><\/div>\n\n\n\n<h2 id=\"procediment\"><strong>Procediment en el sup\u00f2sit d&#8217;actuacions il\u00b7l\u00edcites<\/strong><\/h2>\n\n\n\n<p>En el sup\u00f2sit que qualsevol USUARI consideri que existeixen fets o\ncircumst\u00e0ncies que mostren el car\u00e0cter il\u00b7l\u00edcit de la utilitzaci\u00f3 de qualsevol\ncontingut del lloc web o de llocs web accessibles a trav\u00e9s del lloc web i, en\nparticular, de la violaci\u00f3 de drets de propietat intel\u00b7lectual o industrial,\ndrets d\u2019imatge, propietat privada o altres drets, haur\u00e0 d\u2019enviar una\nnotificaci\u00f3 a METEOCAT, a l\u2019adre\u00e7a de correu electr\u00f2nic&nbsp;\n&#x73;&#x6d;&#99;&#46;&#x6d;&#x65;&#x74;&#101;o&#x63;&#x61;&#x74;&#64;g&#x65;&#x6e;&#x63;&#97;t&#x2e;&#x63;&#x61;&#116;, la qual contindr\u00e0 el seg\u00fcent:<\/p>\n\n\n\n<ol><li>Dades personals del reclamant: nom, adre\u00e7a, numero de tel\u00e8fon i adre\u00e7a\n     de correu electr\u00f2nic.<\/li><li>Especificaci\u00f3 de la suposada activitat il\u00b7l\u00edcita feta en el lloc web\n     i, en particular, quan es tracti d\u2019una suposada violaci\u00f3 de drets,\n     indicaci\u00f3 precisa i concreta dels continguts protegits aix\u00ed com de la seva\n     localitzaci\u00f3 en els llocs web.<\/li><li>En el sup\u00f2sit de violaci\u00f3 de drets, signatura manuscrita, amb les\n     dades personals del titular dels drets suposadament infringits o del seu\n     representant.<\/li><li>Declaraci\u00f3 expressa, clara i sota la responsabilitat del reclamant, de\n     que la informaci\u00f3 proporcionada en la notificaci\u00f3 \u00e9s exacta i de car\u00e0cter\n     il\u00b7l\u00edcit de la utilitzaci\u00f3 dels continguts o de la realitzaci\u00f3 de les\n     activitats descrites.<\/li><\/ol>\n\n\n\n<a href=\"#taula_continguts\" title=\"Puja\" class=\"go-top\">Puja<\/a>\n\n\n\n<div style=\"height:50px\" aria-hidden=\"true\" class=\"wp-block-spacer\"><\/div>\n\n\n\n<h2 id=\"enllacos\">Enlla\u00e7os<\/h2>\n\n\n\n<p>Els enlla\u00e7os continguts en el lloc web tenen la finalitat de facilitar a\nl\u2019USUARI l\u2019acc\u00e9s a altres llocs web que puguin ser del seu inter\u00e8s.<\/p>\n\n\n\n<p>La informaci\u00f3 i elements continguts en els llocs web enlla\u00e7ats no s\u00f3n\nelements propietat de METEOCAT. Aquests elements estan protegits per les lleis\nde Propietat Intel\u00b7lectual i Industrial a favor del\/s seu\/s titular\/s, en\nconseq\u00fc\u00e8ncia METEOCAT no \u00e9s responsable de la informaci\u00f3 que l\u2019USUARI obtingui\nmitjan\u00e7ant els enlla\u00e7os hipertextuals que apareixen en el lloc web i que no\nestan gestionats directament pel nostre administrador web.<\/p>\n\n\n\n<p>En el sup\u00f2sit que un tercer vulgui establir un enlla\u00e7 a aquest lloc web,\naquest enlla\u00e7 haur\u00e0 de fer-se, si \u00e9s possible, a la p\u00e0gina principal del lloc\nweb. Els enlla\u00e7os d\u2019altres tipus poden fer-se sempre que quedi const\u00e0ncia de la\nURL de METEOCAT.<\/p>\n\n\n\n<p>En tot cas, estan prohibits els enlla\u00e7os a aquest Lloc web des de llocs web\ncontraris a la llei, la moral o l\u2019ordre p\u00fablic o que d\u2019altra manera puguin\natemptar contra la reputaci\u00f3 de METEOCAT.<\/p>\n\n\n\n<a href=\"#taula_continguts\" title=\"Puja\" class=\"go-top\">Puja<\/a>\n\n\n\n<div style=\"height:50px\" aria-hidden=\"true\" class=\"wp-block-spacer\"><\/div>\n\n\n\n<h2 id=\"modificacions\"><strong>Modificacions<\/strong><\/h2>\n\n\n\n<p>METEOCAT es reserva la possibilitat de fer modificacions en aquestes Condicios d\u2019\u00das sense av\u00eds previ, les quals seran efectives passades setanta-dues (72) hores.<\/p>\n\n\n\n<a href=\"#taula_continguts\" title=\"Puja\" class=\"go-top\">Puja<\/a>\n\n\n\n<div style=\"height:50px\" aria-hidden=\"true\" class=\"wp-block-spacer\"><\/div>\n\n\n\n<h2 id=\"exempcio\"><strong>Exempci\u00f3 de responsabilitats<\/strong><\/h2>\n\n\n\n<p>METEOCAT no garanteix l\u2019abs\u00e8ncia de interrupcions o errors en la connexi\u00f3\ni\/o acc\u00e9s al lloc web i els seus continguts; tampoc garanteix la seva\nactualitzaci\u00f3.<\/p>\n\n\n\n<p>METEOCAT procurar\u00e0 fer, en el menor temps possible, les actualitzacions i\ncorreccions dels errors detectats, aix\u00ed com, esmenar les defici\u00e8ncies o errors\nen l\u2019acc\u00e9s i\/o connexi\u00f3 al lloc web i als seus continguts.<\/p>\n\n\n\n<p>L\u2019\u00fas i l\u2019acc\u00e9s que els USUARIS facin del lloc web i dels seus continguts\npropietat de METEOCAT o de la resta dels USUARIS, incloent quan aquests\nestiguin allotjats en els llocs web de les xarxes socials a les quals METEOCAT\nest\u00e0 subscrita, \u00e9s responsabilitat exclusiva d\u2019aquests. Tot aix\u00f2, sens\nperjudici de les accions legals que corresponguin a METEOCAT o altres USUARIS\ni\/o tercers per l\u2019\u00fas o acc\u00e9s indegut al Lloc web i als seus continguts i, en\nparticular, per l\u2019atac, supressi\u00f3, eliminaci\u00f3 o destrucci\u00f3 de les mesures\ntecnol\u00f2giques que, si s\u2019escau, protegeixen els continguts propis i dels\nUSUARIS.<\/p>\n\n\n\n<p>METEOCAT tampoc respondr\u00e0 dels errors de seguretat que puguin produir-se ni\ndels danys que puguin causar-se al sistema inform\u00e0tic dels USUARIS o als\nfitxers o documents emmagatzemats en el mateix per l\u2019acc\u00e9s i\/o la connexi\u00f3 al\nlloc web ni pels danys que puguin causar-se per terceres persones mitjan\u00e7ant\nintromissions il\u00b7leg\u00edtimes fora del control de METEOCAT.<\/p>\n\n\n\n<p>METEOCAT no ser\u00e0 responsable dels errors, inexactituds o omissions en la\ninformaci\u00f3 i molt especialment en les prediccions que faciliti, motiu pel qual\nqueda exonerada de qualsevol responsabilitat respecte de la seva fiabilitat,\nutilitat, reutilitzaci\u00f3 i, en particular, respecte de les expectatives que es\ngenerin en els USUARIS.<\/p>\n\n\n\n<p>METEOCAT no ser\u00e0 responsable de l\u2019incompliment de les obligacions que els\nUSUARIS assumeixen en entrar i gaudir del lloc web i que es recullen en aquestes\nCondicions d\u2019\u00das.<\/p>\n\n\n\n<a href=\"#taula_continguts\" title=\"Puja\" class=\"go-top\">Puja<\/a>\n\n\n\n<div style=\"height:50px\" aria-hidden=\"true\" class=\"wp-block-spacer\"><\/div>\n\n\n\n<h2 id=\"llei\"><strong>Legislaci\u00f3 i jurisdicci\u00f3<\/strong><\/h2>\n\n\n\n<p>Els possibles conflictes relatius a aquest web es regiran exclusivament pel dret de l&#8217;Estat espanyol i de la Comunitat aut\u00f2noma de Catalunya, essent els jutjats de Barcelona els \u00fanics competents. Tota persona usu\u00e0ria del web, independentment de la jurisdicci\u00f3 territorial des de la qual es produeixi el seu acc\u00e9s, accepta el compliment i respecte d&#8217;aquesta cl\u00e0usula amb ren\u00fancia expressa a qualsevol altre fur que li pogu\u00e9s correspondre.<\/p>\n\n\n\n<a href=\"#taula_continguts\" title=\"Puja\" class=\"go-top\">Puja<\/a>\n\n\n\n<div style=\"height:100px\" aria-hidden=\"true\" class=\"wp-block-spacer\"><\/div>\n\n\n\n<p>Data actualitzaci\u00f3: Agost 2020<\/p>\n","protected":false},"excerpt":{"rendered":"<p>Condicions d\u2019\u00fas del Servei Meteorol\u00f2gic de Catalunya Taula de continguts Introducci\u00f3 i dades identificatives Condicions d&#8217;acc\u00e9s i \u00fas de Meteocat Propietat intel\u00b7lectual i industrial de Meteocat Informaci\u00f3 continguda a Meteocat Continguts subministrats pels usuaris Procediment en el sup\u00f2sit d&#8217;actuacions il\u00b7l\u00edcites Enlla\u00e7os Modificacions Exempci\u00f3 de responsabilitats Legislaci\u00f3 i jurisdicci\u00f3 Introducci\u00f3 i dades identificatives Aquestes Condicions d\u2019\u00das [&hellip;]<\/p>\n","protected":false},"author":2,"featured_media":0,"parent":0,"menu_order":9,"comment_status":"closed","ping_status":"closed","template":"template-sidebar.php","meta":{"_mi_skip_tracking":false,"_monsterinsights_sitenote_active":false,"_monsterinsights_sitenote_note":"","_monsterinsights_sitenote_category":0},"_links":{"self":[{"href":"https:\/\/www.meteo.cat\/wpweb\/wp-json\/wp\/v2\/pages\/59"}],"collection":[{"href":"https:\/\/www.meteo.cat\/wpweb\/wp-json\/wp\/v2\/pages"}],"about":[{"href":"https:\/\/www.meteo.cat\/wpweb\/wp-json\/wp\/v2\/types\/page"}],"author":[{"embeddable":true,"href":"https:\/\/www.meteo.cat\/wpweb\/wp-json\/wp\/v2\/users\/2"}],"replies":[{"embeddable":true,"href":"https:\/\/www.meteo.cat\/wpweb\/wp-json\/wp\/v2\/comments?post=59"}],"version-history":[{"count":37,"href":"https:\/\/www.meteo.cat\/wpweb\/wp-json\/wp\/v2\/pages\/59\/revisions"}],"predecessor-version":[{"id":41760,"href":"https:\/\/www.meteo.cat\/wpweb\/wp-json\/wp\/v2\/pages\/59\/revisions\/41760"}],"wp:attachment":[{"href":"https:\/\/www.meteo.cat\/wpweb\/wp-json\/wp\/v2\/media?parent=59"}],"curies":[{"name":"wp","href":"https:\/\/api.w.org\/{rel}","templated":true}]}}