{"id":541,"date":"2020-08-17T11:00:28","date_gmt":"2020-08-17T11:00:28","guid":{"rendered":"http:\/\/\/wpweb\/?page_id=541"},"modified":"2023-07-25T19:53:19","modified_gmt":"2023-07-25T19:53:19","slug":"politica-de-privacitat","status":"publish","type":"page","link":"https:\/\/www.meteo.cat\/wpweb\/politica-de-privacitat\/","title":{"rendered":"Pol\u00edtica de privacitat"},"content":{"rendered":"\n<h2 class=\"taula-continguts-titol\" id=\"taula_continguts\">Taula de continguts<\/h2>\n\n\n\n<ol class=\"taula-continguts\"><li><a href=\"https:\/\/www.meteo.cat\/wpweb\/politica-de-privacitat\/#objecte\">Objecte<\/a><\/li><li><a href=\"https:\/\/www.meteo.cat\/wpweb\/politica-de-privacitat\/#responsable\">Qui \u00e9s el responsable del tractament de les vostres dades?<\/a><\/li><li><a href=\"https:\/\/www.meteo.cat\/wpweb\/politica-de-privacitat\/#finalitat\">Amb quina finalitat tractem les vostres dades personals i amb quina base legal?<\/a><\/li><li><a href=\"https:\/\/www.meteo.cat\/wpweb\/politica-de-privacitat\/#recollida\">Com recollim les vostres dades personals i quines s\u00f3n?<\/a><\/li><li><a href=\"https:\/\/www.meteo.cat\/wpweb\/politica-de-privacitat\/#conservacio\">Durant quant de temps conservarem les vostres dades?<\/a><\/li><li><a href=\"https:\/\/www.meteo.cat\/wpweb\/politica-de-privacitat\/#comunicacio\">A qui podem comunicar les vostres dades?<\/a><\/li><li><a href=\"https:\/\/www.meteo.cat\/wpweb\/politica-de-privacitat\/#proteccio\">Com protegim les vostres dades?<\/a><\/li><li><a href=\"https:\/\/www.meteo.cat\/wpweb\/politica-de-privacitat\/#drets\">Quins s\u00f3n els vostres drets de protecci\u00f3 de dades i com es poden exercir?<\/a><\/li><li><a href=\"https:\/\/www.meteo.cat\/wpweb\/politica-de-privacitat\/#canvis\">Canvis en aquesta pol\u00edtica<\/a><\/li><li><a href=\"https:\/\/www.meteo.cat\/wpweb\/politica-de-privacitat\/#contacte\">Contacte<\/a><\/li><li><a href=\"https:\/\/www.meteo.cat\/wpweb\/politica-de-privacitat\/#reclamacions\">Reclamacions<\/a><\/li><li><a href=\"https:\/\/www.meteo.cat\/wpweb\/politica-de-privacitat\/#activitats\">Registre activitats de l&#8217;SMC<\/a><\/li><\/ol>\n\n\n\n<div style=\"height:50px\" aria-hidden=\"true\" class=\"wp-block-spacer\"><\/div>\n\n\n\n<hr class=\"wp-block-separator is-style-default\"\/>\n\n\n\n<div style=\"height:50px\" aria-hidden=\"true\" class=\"wp-block-spacer\"><\/div>\n\n\n\n<h2 id=\"objecte\">Objecte<\/h2>\n\n\n\n<p>D&#8217;acord amb el que disposa el Reglament (UE) 2016\/679, de 27 d&#8217;abril de 2016, relatiu a la protecci\u00f3 de les persones f\u00edsiques quant al tractament de dades personals (RGPD), aquesta pol\u00edtica pret\u00e9n facilitar-vos la informaci\u00f3 prevista als articles 13 i 14 de l&#8217;esmentat Reglament, aix\u00ed com d&#8217;altra que es considera necess\u00e0ria sobre com recollim i com utilitzem les vostres dades personals.<\/p>\n\n\n\n<a href=\"#taula_continguts\" title=\"Puja\" class=\"go-top\">Puja<\/a>\n\n\n\n<div style=\"height:50px\" aria-hidden=\"true\" class=\"wp-block-spacer\"><\/div>\n\n\n\n<h2 id=\"responsable\">Qui \u00e9s el responsable del tractament de les vostres dades?<\/h2>\n\n\n\n<p>El responsable del tractament de les vostres dades\npersonals \u00e9s el Servei Meteorol\u00f2gic de Catalunya (SMC), empresa p\u00fablica de la\nGeneralitat de Catalunya adscrita al Departament de Territori i Sostenibilitat,\namb:<\/p>\n\n\n\n<ul><li>NIF: Q-0801167-H<\/li><li>Adre\u00e7a electr\u00f2nica de contacte:&nbsp;<a href=\"&#x6d;&#97;i&#x6c;&#x74;&#111;:&#x70;&#x72;&#111;t&#x65;&#x63;&#99;i&#x6f;&#x64;&#97;d&#x65;&#115;&#46;m&#x65;&#116;e&#x6f;&#x63;&#97;t&#x40;&#x67;&#101;n&#x63;&#x61;&#116;&#46;&#x63;&#x61;&#116;\">&#x70;&#x72;&#x6f;&#x74;&#x65;&#x63;&#x63;&#x69;&#x6f;&#x64;&#x61;&#100;&#101;&#115;&#46;&#109;&#101;&#116;eocat&#64;&#x67;&#x65;&#x6e;&#x63;&#x61;&#x74;&#x2e;&#x63;&#x61;&#x74;<\/a><\/li><li>Domicili: carrer Dr. Roux, 80, 1a planta, 08017 Barcelona<\/li><li>Tel\u00e8fon: 93 567 60 90<\/li><\/ul>\n\n\n\n<p>El representant del responsable del tractament \u00e9s el Sra. Sarai Sarroca Cervell\u00f3, director del SMC.<\/p>\n\n\n\n<p>Com a empresa p\u00fablica, el SMC ha designat un Delegat de\nProtecci\u00f3 de Dades (DPD). Les seves dades de contacte s\u00f3n:<\/p>\n\n\n\n<ul><li>Adre\u00e7a electr\u00f2nica:&nbsp;<a href=\"m&#97;&#105;&#x6c;&#x74;&#x6f;:d&#112;&#100;&#x2e;&#x6d;&#x65;t&#101;&#111;&#99;&#x61;&#x74;&#x40;g&#101;&#110;&#x63;&#x61;&#x74;&#46;c&#97;&#116;\">&#x70;&#114;o&#x74;&#101;c&#x63;&#105;o&#x64;&#97;d&#x65;&#115;&#46;&#x6d;&#101;t&#x65;&#111;c&#x61;&#116;&#64;&#x67;&#101;n&#x63;&#97;t&#x2e;&#99;a&#x74;<\/a><\/li><li>Domicili: carrer Dr. Roux, 80, 1a planta, 08017 Barcelona<\/li><\/ul>\n\n\n\n<a href=\"#taula_continguts\" title=\"Puja\" class=\"go-top\">Puja<\/a>\n\n\n\n<div style=\"height:50px\" aria-hidden=\"true\" class=\"wp-block-spacer\"><\/div>\n\n\n\n<h2 id=\"finalitat\">Amb quina finalitat tractem les vostres dades personals i amb quina base legal?<\/h2>\n\n\n\n<ul><li>Per inter\u00e8s p\u00fablic:<ul><li>Exercir les compet\u00e8ncies del SMC segons la  normativa vigent .<\/li><li>Atendre les vostres consultes, peticions, suggeriments, notificacions d&#8217;error i queixes.<\/li><li>Garantir la vostra seguretat en l&#8217;acc\u00e9s a les       nostres depend\u00e8ncies.<\/li><li>Millorar els serveis que us oferim.<\/li><\/ul><\/li><li>A partir del vostre consentiment:<ul><li>Facilitar-vos l&#8217;\u00fas personalitzat de les nostres aplicacions web i serveis, sempre que us hagueu registrat amb aquesta finalitat.<\/li><li>Promocionar i informar-vos de les activitats que duem a terme, productes i altres aspectes relacionats amb els serveis que oferim, mitjan\u00e7ant correus electr\u00f2nics, el web, les xarxes socials i altres mecanismes.<\/li><li>Enviament peri\u00f2dic d\u2019enquestes i recollir la vostra opini\u00f3 i sugger\u00e8ncies per la millora dels serveis que us oferim.<\/li><li>Enviament del Butllet\u00ed informatiu del SMC, pr\u00e8via subscripci\u00f3.<\/li><\/ul><\/li><li>Per relaci\u00f3 contractual (o precontractual):<ul><li>Processar les vostres sol\u00b7licituds de llocs de  treball i els vostres CVs.<\/li><li>Gestionar els procediments de contractaci\u00f3 p\u00fablica i complir les obligacions derivades dels contractes que hagueu formalitzat amb nosaltres.<\/li><\/ul><\/li><li>Per motius legals:<ul><li>Atendre les vostres sol\u00b7licituds d\u2019informaci\u00f3 p\u00fablica.<\/li><li>Gestionar els procediments de contractaci\u00f3 p\u00fablica i complir les obligacions derivades la legislaci\u00f3 de contractaci\u00f3 del sector p\u00fablic (fiscals, tribut\u00e0ries, etc).<\/li><\/ul><\/li><\/ul>\n\n\n\n<a href=\"#taula_continguts\" title=\"Puja\" class=\"go-top\">Puja<\/a>\n\n\n\n<div style=\"height:50px\" aria-hidden=\"true\" class=\"wp-block-spacer\"><\/div>\n\n\n\n<h2 id=\"recollida\">Com recollim les vostres dades personals i quines s\u00f3n?<\/h2>\n\n\n\n<div style=\"height:20px\" aria-hidden=\"true\" class=\"wp-block-spacer\"><\/div>\n\n\n\n<h3><strong>Informaci\u00f3 que ens faciliteu mitjan\u00e7ant formularis web<\/strong><\/h3>\n\n\n\n<p>Alguns dels formularis web a trav\u00e9s dels quals recollim\nles vostres dades personals s\u00f3n:<\/p>\n\n\n\n<ul><li>B\u00fasties de contacte.<\/li><li>Inscripci\u00f3 a esdeveniments organitzats per el SMC.<\/li><li>Sol\u00b7licitud d&#8217;informaci\u00f3 p\u00fablica (transpar\u00e8ncia).<\/li><li>Registre d&#8217;usuaris, per a la desc\u00e0rrega d&#8217;informaci\u00f3 i\/o l&#8217;\u00fas de certs serveis.<\/li><\/ul>\n\n\n\n<p>En aquests casos, en el moment de la recollida s&#8217;indica\nla informaci\u00f3 b\u00e0sica sobre protecci\u00f3 de dades, especialment la seva finalitat.<\/p>\n\n\n\n<p>En general, les dades personals que ens faciliteu\nmitjan\u00e7ant aquests formularis s\u00f3n:<\/p>\n\n\n\n<ul><li>Adre\u00e7a de correu electr\u00f2nic.<\/li><li>Nom i cognoms.<\/li><li>Adre\u00e7a postal.<\/li><\/ul>\n\n\n\n<div style=\"height:20px\" aria-hidden=\"true\" class=\"wp-block-spacer\"><\/div>\n\n\n\n<h3>Informaci\u00f3 que ens faciliteu mitjan\u00e7ant correu electr\u00f2nic, tel\u00e8fon, xarxes socials i altres canals de comunicaci\u00f3<\/h3>\n\n\n\n<p>En aquests casos, la informaci\u00f3 que recollim \u00e9s la que\nens proporcioneu de forma proactiva i volunt\u00e0ria, i nom\u00e9s la utilitzem per\ngestionar les vostres consultes, peticions, suggeriments, queixes, etc. Part\nd&#8217;aquestes dades poden residir en servidors de terceres parts (Twitter,\nFacebook, etc.).<\/p>\n\n\n\n<p>Tanmateix, els programes inform\u00e0tics utilitzats en l\u2019\u00fas i desenvolupament del lloc web s\u00f3n propietat de METEOCAT o dels seus prove\u00efdors de software i estan protegits per les lleis nacionals i Tractats i Convenis internacionals en la mat\u00e8ria. En aquest sentit, METEOCAT utilitza els Serveis API de Youtube d\u2019acord amb les seves <a href=\"https:\/\/developers.google.com\/youtube\/terms\/developer-policies#a.-api-client-terms-of-use-and-privacy-policies\">Condicions d\u2019\u00das de Client API<\/a>. Les persones usu\u00e0ries del web METEOCAT accepten estar subjectes a les condicions de servei de Youtube que es poden consultar en el seg\u00fcent enlla\u00e7: <a href=\"https:\/\/www.youtube.com\/t\/terms\">https:\/\/www.youtube.com\/t\/terms<\/a>.<\/p>\n\n\n\n<div style=\"height:20px\" aria-hidden=\"true\" class=\"wp-block-spacer\"><\/div>\n\n\n\n<h3>Informaci\u00f3 que recollim de les vostres visites als nostres webs<\/h3>\n\n\n\n<p>Aquest portal web utilitza galetes (cookies), arxius de text\nubicats en l&#8217;ordinador de l&#8217;usuari, per a ajudar el lloc web a analitzar l&#8217;\u00fas\nque els usuaris en fan,&nbsp; per el correcte funcionament i&nbsp;\nvisualitzaci\u00f3 dels continguts publicats, aix\u00ed com per la recollida\nd&#8217;estad\u00edstiques.<\/p>\n\n\n\n<p>Per la recollida d&#8217;estad\u00edstiques es fa \u00fas de Google Analytics.\nLa informaci\u00f3 que generen les galetes (incloent-hi l&#8217;adre\u00e7a IP) \u00e9s directament\ntransmesa i arxivada per Google en els&nbsp; servidors del lloc web. Per tal\nd&#8217;impedir aquesta recollida de l&#8217;adre\u00e7a IP &nbsp;METEOCAT t\u00e9 activada&nbsp; l&#8217;opci\u00f3&nbsp;\n&#8220;Anonymize IP&#8221; que porta incorporada el propi sistema i que emmascara\nels tres darrers d\u00edgits de l&#8217;adre\u00e7a IP de manera que l&#8217;anonimitza posant-los a\n0.<\/p>\n\n\n\n<p>Aquesta informaci\u00f3 la utilitzem\nper millorar l&#8217;acc\u00e9s als continguts i als serveis que us oferim, i per\nmonitoritzar el seu rendiment.<\/p>\n\n\n\n<p>Aquesta informaci\u00f3 l&#8217;obtenim\nmitjan\u00e7ant les galetes que es desen en els vostres navegadors i els&nbsp;<em>logs<\/em>&nbsp;que\nes desen en els nostres servidors web.<\/p>\n\n\n\n<p>Si malgrat tot voleu desactivar les galetes que recullen la informaci\u00f3\npodeu rebutjar-ne el seu \u00fas per mitj\u00e0 de la selecci\u00f3 de la configuraci\u00f3\napropiada del vostre navegador. No obstant aix\u00f2, heu de saber que, si ho feu,\npot ser que no pugueu fer \u00fas de totes les funcionalitats d&#8217;aquest lloc web. En\nutilitzar el lloc web, consentiu el tractament de les vostres dades en la forma\ni per a les finalitats m\u00e9s amunt indicades.<\/p>\n\n\n\n<a href=\"#taula_continguts\" title=\"Puja\" class=\"go-top\">Puja<\/a>\n\n\n\n<div style=\"height:50px\" aria-hidden=\"true\" class=\"wp-block-spacer\"><\/div>\n\n\n\n<h2 id=\"conservacio\">Durant quant de temps conservarem les vostres dades?<\/h2>\n\n\n\n<p>Nom\u00e9s emmagatzemem la vostra\ninformaci\u00f3 personal en la mesura que la necessitem, a fi de poder utilitzar-la\nsegons la finalitat per a la qual va ser recollida, i segons la base jur\u00eddica\ndel seu tractament, de conformitat amb la llei aplicable.<\/p>\n\n\n\n<p>Conservarem la vostra informaci\u00f3\npersonal mentre estigueu registrats com a usuaris dels nostres serveis, mentre\nexisteixi una relaci\u00f3 contractual i\/o comercial, o mentre no exerciu el vostre\ndret de supressi\u00f3, cancel\u00b7laci\u00f3 i\/o limitaci\u00f3 del tractament de les vostres\ndades (per a m\u00e9s informaci\u00f3, vegeu l&#8217;apartat sobre els vostres drets). En\naquests casos, conservarem la informaci\u00f3 degudament bloquejada, sense fer-ne\ncap \u00fas, mentre pugui ser necess\u00e0ria per a l&#8217;exercici o la defensa de\nreclamacions o pugui derivar-se algun tipus de responsabilitat judicial, legal\no contractual del tractament de les vostres dades, que hagi de ser atesa i per\na la qual sigui necessari recuperar-la.<\/p>\n\n\n\n<a href=\"#taula_continguts\" title=\"Puja\" class=\"go-top\">Puja<\/a>\n\n\n\n<div style=\"height:50px\" aria-hidden=\"true\" class=\"wp-block-spacer\"><\/div>\n\n\n\n<h2 id=\"comunicacio\">A qui podem comunicar les vostres dades?<\/h2>\n\n\n\n<p>La major part de les dades que\nrecollim resideixen en servidors nostres, per\u00f2 en alguns casos \u00e9s necessari\ncomunicar a terceres parts la informaci\u00f3 que ens heu proporcionat, per poder\nprestar-vos el servei sol\u00b7licitat.<\/p>\n\n\n\n<p>Tamb\u00e9 hi ha empreses que ens\npresten altres tipus de serveis, que actuaran com a Encarregats del Tractament\ni que tenim subscrit el corresponent contracte que recull les obligacions i\nresponsabilitats marcades per la legislaci\u00f3 vigent en materia de protecci\u00f3 de\ndades personals.<\/p>\n\n\n\n<a href=\"#taula_continguts\" title=\"Puja\" class=\"go-top\">Puja<\/a>\n\n\n\n<div style=\"height:50px\" aria-hidden=\"true\" class=\"wp-block-spacer\"><\/div>\n\n\n\n<h2 id=\"proteccio\">Com protegim les vostres dades?<\/h2>\n\n\n\n<p>Sempre que estiguin sota el nostre control, farem tot el\npossible per assegurar que les vostres dades personals es tractin d&#8217;una forma\nque garanteixi la seguretat necess\u00e0ria per evitar-ne un \u00fas no autoritzat o\nil\u00b7legal, la seva p\u00e8rdua accidental, destrucci\u00f3 o dany.<\/p>\n\n\n\n<p>Amb aquesta finalitat, utilitzem mesures t\u00e8cniques i\norganitzatives adequades que, alhora, s\u00f3n revisades peri\u00f2dicament. Protegim la\nvostra informaci\u00f3 personal mitjan\u00e7ant l&#8217;\u00fas d&#8217;una combinaci\u00f3 de controls de\nseguretat tant f\u00edsics com inform\u00e0tics o l\u00f2gics, fins i tot controls d&#8217;acc\u00e9s que\nrestringeixen i administren la forma com les vostres dades personals s\u00f3n tractades,\nadministrades i gestionades. Tamb\u00e9 ens assegurem que els nostres treballadors\nestiguin degudament capacitats per protegir la vostra informaci\u00f3 personal.<\/p>\n\n\n\n<p>Hem establert procediments per gestionar qualsevol\nincid\u00e8ncia sospitosa relacionada amb dades personals que pogu\u00e9s esdevenir-se,\nla qual us seria notificada, aix\u00ed com qualsevol regulaci\u00f3 aplicable a la\nincid\u00e8ncia que legalment estiguem obligats a complir.<\/p>\n\n\n\n<a href=\"#taula_continguts\" title=\"Puja\" class=\"go-top\">Puja<\/a>\n\n\n\n<div style=\"height:50px\" aria-hidden=\"true\" class=\"wp-block-spacer\"><\/div>\n\n\n\n<h2 id=\"drets\">Quins s\u00f3n els vostres drets de protecci\u00f3 de dades i com es poden exercir?<\/h2>\n\n\n\n<ul><li>Retirada del consentiment: Quan estiguem utilitzant la vostra informaci\u00f3 personal a partir del      vostre consentiment, teniu el dret de retirar-lo en qualsevol moment.<\/li><li>Dret a ser informat: Teniu el dret a ser informats sobre l&#8217;\u00fas de la vostra informaci\u00f3 personal. Aquesta pol\u00edtica, i els textos legals resumits que utilitzem en les nostres comunicacions i formularis, pretenen ser una descripci\u00f3 clara i transparent al respecte.<\/li><li>Dret d&#8217;acc\u00e9s: Podeu      sol\u00b7licitar-nos quina informaci\u00f3 vostra tenim i\/o demanar-nos-en una      c\u00f2pia.<\/li><li>Dret de supressi\u00f3: Podeu sol\u00b7licitar l\u2019eliminaci\u00f3 de les dades que us puguin identificar personalment. Hi pot haver ocasions en qu\u00e8 no puguem complir aquesta sol\u00b7licitud per motius      legals, fet que us seria notificat. En alguns casos, suggerirem donar-vos de baixa de futures comunicacions, en lloc d&#8217;eliminar les dades.<\/li><li>Dret de rectificaci\u00f3: Si les vostres dades s\u00f3n incorrectes en les nostres bases de dades, teniu el dret de demanar-nos la seva actualitzaci\u00f3.<\/li><li>Dret a la limitaci\u00f3 del tractament: En certes situacions, teniu el dret de demanar-nos una limitaci\u00f3 en el tractament que fem de les vostres dades, si no esteu d&#8217;acord amb la      seva exactitud o \u00fas leg\u00edtim. Aix\u00f2 comporta el marcat de les dades      personals conservades, amb la finalitat de limitar el seu futur tractament.<\/li><li>Dret a la portabilitat de les dades: Quan estiguem utilitzant la vostra informaci\u00f3 personal amb el vostre consentiment, la llei us permet demanar-nos la portabilitat de les vostres dades a un altre prove\u00efdor de serveis. En aquest cas, us facilitarem (a vosaltres o a la tercera part que ens hagueu indicat) les vostres dades personals en un format estructurat, d&#8217;\u00fas com\u00fa i llegible, sempre que sigui t\u00e8cnicament viable.<\/li><li>Dret d&#8217;oposici\u00f3 i decisions individuals automatitzades; Podeu, sempre que no concorri cap de les excepcions previstes en el RGPD, oposar-vos a que les vostres dades siguin objecte de tractament. Aquesta oposici\u00f3, la podeu presentar en qualsevol moment, i es podr\u00e0 basar en motius relacionats amb la vostra situaci\u00f3 particular. En aquest cas, deixarem de tractar les vostres dades personals.<\/li><\/ul>\n\n\n\n<p>Podeu sol\u00b7licitar l&#8217;exercici de qualsevol d&#8217;aquests drets\nadre\u00e7ant un correu electr\u00f2nic a&nbsp;<a href=\"m&#97;&#105;&#x6c;&#x74;o:&#112;&#114;&#x6f;&#x74;ec&#99;&#105;&#x6f;&#x64;ad&#101;&#x73;&#x2e;&#x6d;e&#116;&#101;&#x6f;&#x63;&#x61;t&#64;&#103;&#x65;&#x6e;&#x63;a&#116;&#46;&#x63;&#x61;&#x74;\">p&#114;&#x6f;&#x74;e&#99;&#x63;&#x69;o&#100;&#x61;&#x64;e&#115;&#x2e;&#x6d;e&#116;&#x65;&#x6f;c&#97;&#116;&#x40;&#x67;e&#110;&#x63;&#x61;t&#46;&#x63;&#x61;t<\/a>.<\/p>\n\n\n\n<a href=\"#taula_continguts\" title=\"Puja\" class=\"go-top\">Puja<\/a>\n\n\n\n<div style=\"height:50px\" aria-hidden=\"true\" class=\"wp-block-spacer\"><\/div>\n\n\n\n<h2 id=\"canvis\">Canvis en aquesta pol\u00edtica<\/h2>\n\n\n\n<p>Qualsevol canvi que en el futur puguem fer a la nostra pol\u00edtica de privacitat es publicar\u00e0 en aquesta p\u00e0gina i, si escau, us ho notificarem per correu electr\u00f2nic. En cas que sigui necessari, us sol\u00b7licitarem que, per continuar utilitzant els nostres serveis, llegiu i accepteu els nous termes.<\/p>\n\n\n\n<a href=\"#taula_continguts\" title=\"Puja\" class=\"go-top\">Puja<\/a>\n\n\n\n<div style=\"height:50px\" aria-hidden=\"true\" class=\"wp-block-spacer\"><\/div>\n\n\n\n<h2 id=\"contacte\">Contacte<\/h2>\n\n\n\n<p>Si teniu qualsevol tipus de consulta o comentari, o si desitgeu fer-nos algun suggeriment sobre com utilitzem les dades personals, podeu enviar un correu electr\u00f2nic a <a href=\"&#x6d;&#97;i&#x6c;&#116;o&#x3a;&#112;r&#x6f;&#116;e&#x63;&#99;i&#x6f;&#100;a&#x64;&#101;s&#x2e;&#109;e&#x74;&#101;o&#x63;&#97;t&#x40;&#103;e&#x6e;&#99;a&#x74;&#46;c&#x61;&#116;\">&#x70;&#x72;&#x6f;&#116;&#101;cc&#x69;&#x6f;&#x64;&#x61;&#100;&#101;s&#46;&#x6d;&#x65;&#x74;&#101;&#111;&#99;at&#x40;&#x67;&#x65;&#110;&#99;at&#x2e;&#x63;&#x61;&#x74;<\/a>.<\/p>\n\n\n\n<a href=\"#taula_continguts\" title=\"Puja\" class=\"go-top\">Puja<\/a>\n\n\n\n<div style=\"height:50px\" aria-hidden=\"true\" class=\"wp-block-spacer\"><\/div>\n\n\n\n<h2 id=\"reclamacions\">Reclamacions<\/h2>\n\n\n\n<p>Teniu dret a presentar una reclamaci\u00f3 al Delegat de Protecci\u00f3 de Dades de l&#8217;SMC, a trav\u00e9s de l&#8217;adre\u00e7a&nbsp;<a href=\"&#109;&#x61;&#105;&#x6c;t&#x6f;:&#100;&#x70;&#100;&#x2e;&#109;&#x65;t&#x65;o&#99;&#x61;&#116;&#x40;g&#x65;n&#x63;&#x61;&#116;&#x2e;&#99;&#x61;t\">&#100;&#x70;&#100;&#x2e;&#109;&#x65;&#116;&#x65;&#111;&#x63;&#97;&#x74;&#64;&#x67;&#101;&#x6e;&#99;&#x61;&#116;&#x2e;&#99;&#x61;&#116;<\/a>.<\/p>\n\n\n\n<p>Si, un cop fet aix\u00f2, no veieu resolta la reclamaci\u00f3, podeu interposar-la davant l&#8217;Autoritat Catalana de Protecci\u00f3 de Dades mitjan\u00e7ant la seva seu electr\u00f2nica.<\/p>\n\n\n\n<a href=\"#taula_continguts\" title=\"Puja\" class=\"go-top\">Puja<\/a>\n\n\n\n<div style=\"height:50px\" aria-hidden=\"true\" class=\"wp-block-spacer\"><\/div>\n\n\n\n<h2 id=\"activitats\">Registre activitats de l&#8217;SMC<\/h2>\n\n\n\n<p>A la taula del document registre d&#8217;activitats podeu consultar la informaci\u00f3 relativa a les dades personals que disposa l&#8217;SMC.<\/p>\n\n\n\n<p><a href=\"https:\/\/static-m.meteo.cat\/wordpressweb\/wp-content\/uploads\/2021\/11\/11115244\/Registre-dactivitats-de-tractament-METEOCAT-A3.pdf\">Registre activitats del Servei Meteorol\u00f2gic de Catalunya<\/a><\/p>\n\n\n\n<a href=\"#taula_continguts\" title=\"Puja\" class=\"go-top\">Puja<\/a>\n","protected":false},"excerpt":{"rendered":"<p>Taula de continguts Objecte Qui \u00e9s el responsable del tractament de les vostres dades? Amb quina finalitat tractem les vostres dades personals i amb quina base legal? Com recollim les vostres dades personals i quines s\u00f3n? Durant quant de temps conservarem les vostres dades? A qui podem comunicar les vostres dades? Com protegim les vostres [&hellip;]<\/p>\n","protected":false},"author":2,"featured_media":0,"parent":0,"menu_order":10,"comment_status":"closed","ping_status":"closed","template":"template-sidebar.php","meta":{"_mi_skip_tracking":false,"_monsterinsights_sitenote_active":false,"_monsterinsights_sitenote_note":"","_monsterinsights_sitenote_category":0},"_links":{"self":[{"href":"https:\/\/www.meteo.cat\/wpweb\/wp-json\/wp\/v2\/pages\/541"}],"collection":[{"href":"https:\/\/www.meteo.cat\/wpweb\/wp-json\/wp\/v2\/pages"}],"about":[{"href":"https:\/\/www.meteo.cat\/wpweb\/wp-json\/wp\/v2\/types\/page"}],"author":[{"embeddable":true,"href":"https:\/\/www.meteo.cat\/wpweb\/wp-json\/wp\/v2\/users\/2"}],"replies":[{"embeddable":true,"href":"https:\/\/www.meteo.cat\/wpweb\/wp-json\/wp\/v2\/comments?post=541"}],"version-history":[{"count":44,"href":"https:\/\/www.meteo.cat\/wpweb\/wp-json\/wp\/v2\/pages\/541\/revisions"}],"predecessor-version":[{"id":42792,"href":"https:\/\/www.meteo.cat\/wpweb\/wp-json\/wp\/v2\/pages\/541\/revisions\/42792"}],"wp:attachment":[{"href":"https:\/\/www.meteo.cat\/wpweb\/wp-json\/wp\/v2\/media?parent=541"}],"curies":[{"name":"wp","href":"https:\/\/api.w.org\/{rel}","templated":true}]}}