{"id":529,"date":"2013-01-31T11:58:02","date_gmt":"2013-01-31T11:58:02","guid":{"rendered":"http:\/\/10.116.16.72\/test\/?p=529"},"modified":"2025-07-02T15:35:10","modified_gmt":"2025-07-02T15:35:10","slug":"1962-09-25_aiguats_25_09_1962","status":"publish","type":"page","link":"https:\/\/www.meteo.cat\/wpweb\/divulgacio\/publicacions\/efemerides\/1962-09-25_aiguats_25_09_1962\/","title":{"rendered":"50 anys dels catastr\u00f2fics aiguats del 25 de setembre de 1962 a Catalunya"},"content":{"rendered":"\n<p><strong>PUBLICADA EL 31\/01\/2013 <\/strong><\/p>\n\n\n\n<p>L&#8217;any passat es van complir <strong>50 anys<\/strong> dels aiguats durant el vespre-nit del <strong>25 de setembre de 1962<\/strong>, els quals van provocar a Catalunya una de les majors cat\u00e0strofes hidrol\u00f2giques que ha patit el nostre pa\u00eds amb la mort d\u2019un miler de persones. Per aquest motiu el Servei Meteorol\u00f2gic de Catalunya ha recopilat i ordenat informaci\u00f3 de diverses fonts per a recordar aquest episodi, la qual es presenta a continuaci\u00f3.<\/p>\n\n\n\n<p>La situaci\u00f3 meteorol\u00f2gica es va caracteritzar en superf\u00edcie per una advecci\u00f3 d&#8217;aire c\u00e0lid molt humit de la Mediterr\u00e0nia que va permetre una acumulaci\u00f3 molt important de vapor d&#8217;aigua i d&#8217;inestabilitat potencial a les capes baixes de la troposfera, a la qual s\u2019hi va ajuntar l&#8217;arribada d&#8217;aire humit i relativament fred en capes mitjanes i altes de la troposfera pel pas d\u2019un t\u00e0lveg sobre la pen\u00ednsula Ib\u00e8rica. Tots aquests factors van causar la formaci\u00f3 d\u2019importants tempestes, organitzades probablement en un sistema convectiu de mesoescala que va afectar durant unes quatre hores (entre les 19:30 i les 23:30 del dia 25, hora oficial) principalment el nord del Baix Llobregat, el Vall\u00e8s i el Baix Maresme (m\u00e9s info: <a title=\"article1\" rel=\"noopener noreferrer\" href=\"http:\/\/www.tiempo.com\/ram\/352\/el-episodio-del-25-de-septiembre-de-1962\/\" target=\"_blank\">article1<\/a>, <a title=\"article2\" rel=\"noopener noreferrer\" href=\"http:\/\/www.tiempo.com\/ram\/1598\/las-inundaciones-de-catalua-del-25-de-septiembre-de-1962\/\" target=\"_blank\">article2<\/a>, <a title=\"article3\" rel=\"noopener noreferrer\" href=\"http:\/\/www.tiempo.com\/ram\/1635\/las-inundaciones-de-catalua-del-25-de-septiembre-de-1962-2\/\" target=\"_blank\">article3<\/a>).<\/p>\n\n\n\n<p>Es van registrar valors superiors als <strong>200 mm en menys de 3 h<\/strong>. A <strong>Sabadell-Can Marcet<\/strong> van caure <strong>95 mm<\/strong> <strong>en 45 min <\/strong>amb una intensitat m\u00e0xima de <strong>6 mm\/min<\/strong>. El m\u00e0xim de precipitaci\u00f3 enregistrat va ser de <strong>250 mm a Martorelles<\/strong>. Aquests valors de precipitaci\u00f3 tenen un per\u00edode de retorn superior als <strong>100 anys<\/strong> per alguns punts de la zona afectada segons l\u2019estudi realitzat a l\u2019any 2005 per l\u2019SMC <a title=\"Mapes de precipitaci\u00f3 m\u00e0xima di\u00e0ria esperada a Catalunya per a diferents per\u00edodes de retorn\" rel=\"noopener noreferrer\" href=\"https:\/\/www.meteo.cat\/wpweb\/divulgacio\/publicacions\/publicacions-tecniques\/\" target=\"_blank\"><em>\u201cMapes de precipitaci\u00f3 m\u00e0xima di\u00e0ria esperada a Catalunya per a diferents per\u00edodes de retorn\u201d<\/em><\/a>. Aquest episodi va tenir lloc despr\u00e9s d&#8217;una llarga sequera, ja que feia uns 4 mesos que gaireb\u00e9 no hi plovia. Els aiguats van produir el creixement sobtat de diverses rieres i rius afluents del Llobregat i del Bes\u00f2s (principalment la Riera de les Arenes i el Riu Ripoll). El barri de les Arenes a Terrassa, l&#8217;Escard\u00edvol de Rub\u00ed i moltes f\u00e0briques de Sabadell van desapar\u00e8ixer sota les aig\u00fces de la riuada.<\/p>\n\n\n\n<p>Al llarg del dia 25\u00a0de setembre les precipitacions van arribar a Catalunya, amb plugims febles que van comen\u00e7ar pel sud i que s&#8217;anaren intensificant mentre es despla\u00e7aven cap al nord. Sobre les sis de la tarda (hora oficial) les pluges es van fer m\u00e9s intenses, tot i que havia estat plovent durant tot el dia de forma feble i dispersa a gran part del pa\u00eds. Entre les deu i les onze de la nit les tempestes van descarregar amb una intensitat molt elevada, causant les grans crescudes i desbordaments de rius i rieres de les conques del Bes\u00f2s i del Llobregat.<\/p>\n\n\n\n<p>A continuaci\u00f3 es presenta un llistat dels valors acumulats de precipitaci\u00f3 des de les 07 TU del dia 25 a les 07 TU del dia 26 de setembre de 1962 a les estacions pluviom\u00e8triques de la xarxa d\u2019observadors de l\u2019AEMET (en aquella \u00e8poca, <em>Servicio Meteorol\u00f3gico Nacional<\/em>) per sobre dels 100 mm. Els m\u00e0xims de precipitaci\u00f3 van correspondre a <strong>Martorelles <\/strong>amb <strong>250 mm, Corbera de Llobregat <\/strong>amb <strong>240 mm i a Terrassa <\/strong>amb<strong> 223 mm<\/strong>.<\/p>\n\n\n\n<div class=\"wp-block-image\"><figure class=\"aligncenter\"><img src=\"https:\/\/static-m.meteo.cat\/content\/blog\/2012\/11\/pluges-25SET1962.jpg\" alt=\"\"\/><\/figure><\/div>\n\n\n\n<p>En el seg\u00fcent mapa es pot veure la distribuci\u00f3 espacial de la precipitaci\u00f3 acumulada per al 25 de setembre de 1962. Aquest mapa ha estat elaborat per l\u2019SMC a partir de les dades de totes les estacions de la xarxa pluviom\u00e8trica de l\u2019antic <em>Servicio Meteorol\u00f3gico Nacional<\/em>. En aquest mapa es poden veure que els <strong>m\u00e0xims de precipitaci\u00f3<\/strong> van tenir lloc al voltant de la <strong>serralada de Marina<\/strong>, entre el Vall\u00e8s Oriental i el Maresme, i la <strong>serra de l\u2019Ordal<\/strong>, al Baix Llobregat. Altres m\u00e0xims importants apareixen a les serres de Sant Lloren\u00e7 del Munt i l\u2019Obac, al Vall\u00e8s Occidental, i la serralada de <strong>Montserrat<\/strong>.<\/p>\n\n\n\n<div class=\"wp-block-image\"><figure class=\"aligncenter\"><a href=\"https:\/\/static-m.meteo.cat\/content\/blog\/2012\/11\/ppt-25SET1962-bloc.jpg\"><img src=\"https:\/\/static-m.meteo.cat\/content\/blog\/2012\/11\/ppt-25SET1962-bloc-300x291.jpg\" alt=\"Mapa de precipitaci\u00f3 acumulada (mm) del 25 - 26\/09\/1962   (obre imatge gran)\" class=\"wp-image-553\"\/><\/a><\/figure><\/div>\n\n\n\n<p>En el seg\u00fcent mapa es poden veure els municipis afectats per les inundacions degudes als forts aiguats que van caure. Les inundacions estan classificades segons els danys que produeixen en extraordin\u00e0ries (danys lleus en les infraestructures com carreteres, ponts, molins, dics, murs, habitatges&#8230;) o catastr\u00f2fiques (danys importants amb la destrucci\u00f3 d\u2019infraestructures). Tot i que la zona m\u00e9s afectada pels forts aiguats va ser el litoral i prelitoral centrals, van haver-hi efectes en altres indrets del pa\u00eds com la Seu d\u2019Urgell, Igualada, Manresa i Vilafant.<\/p>\n\n\n\n<div class=\"wp-block-image\"><figure class=\"aligncenter\"><a href=\"https:\/\/static-m.meteo.cat\/content\/blog\/2012\/11\/mapa-inundacions-bloc.jpg\"><img src=\"https:\/\/static-m.meteo.cat\/content\/blog\/2012\/11\/mapa-inundacions-bloc-300x219.jpg\" alt=\"Mapa dels municipis afectats per les inundacions  i desbordaments de rius i rieres  la nit del 25\/09\/1962 (obre imatge gran)\" class=\"wp-image-559\"\/><\/a><\/figure><\/div>\n\n\n\n<p>Per a m\u00e9s informaci\u00f3 d\u2019aquest episodi, i sobretot d\u2019imatges dels efectes produ\u00efts pels aiguats, \u00e9s interessant consultar el&nbsp;<a title=\"Bloc museus del Vall\u00e8s\" href=\"http:\/\/lanittragica.wordpress.com\" target=\"_blank\" rel=\"noopener noreferrer\">blog<\/a> que s\u2019ha creat per part dels museus municipals de Cerdanyola del Vall\u00e8s, Montcada i Reixac, Ripollet, Rub\u00ed, Terrassa i Sabadell on tamb\u00e9 s\u2019apleguen les accions d\u2019homenatge i record amb qu\u00e8, enguany, cada ajuntament ha planejat commemorar el 50\u00e8 aniversari de les inundacions del 25 de setembre de 1962 al Vall\u00e8s.<\/p>\n","protected":false},"excerpt":{"rendered":"<p>PUBLICADA EL 31\/01\/2013 L&#8217;any passat es van complir 50 anys dels aiguats durant el vespre-nit del 25 de setembre de 1962, els quals van provocar a Catalunya una de les majors cat\u00e0strofes hidrol\u00f2giques que ha patit el nostre pa\u00eds amb la mort d\u2019un miler de persones. Per aquest motiu el Servei Meteorol\u00f2gic de Catalunya ha [&hellip;]<\/p>\n","protected":false},"author":7,"featured_media":0,"parent":18384,"menu_order":0,"comment_status":"open","ping_status":"closed","template":"template-sidebar.php","meta":{"_mi_skip_tracking":false,"_monsterinsights_sitenote_active":false,"_monsterinsights_sitenote_note":"","_monsterinsights_sitenote_category":0},"_links":{"self":[{"href":"https:\/\/www.meteo.cat\/wpweb\/wp-json\/wp\/v2\/pages\/529"}],"collection":[{"href":"https:\/\/www.meteo.cat\/wpweb\/wp-json\/wp\/v2\/pages"}],"about":[{"href":"https:\/\/www.meteo.cat\/wpweb\/wp-json\/wp\/v2\/types\/page"}],"author":[{"embeddable":true,"href":"https:\/\/www.meteo.cat\/wpweb\/wp-json\/wp\/v2\/users\/7"}],"replies":[{"embeddable":true,"href":"https:\/\/www.meteo.cat\/wpweb\/wp-json\/wp\/v2\/comments?post=529"}],"version-history":[{"count":9,"href":"https:\/\/www.meteo.cat\/wpweb\/wp-json\/wp\/v2\/pages\/529\/revisions"}],"predecessor-version":[{"id":44054,"href":"https:\/\/www.meteo.cat\/wpweb\/wp-json\/wp\/v2\/pages\/529\/revisions\/44054"}],"up":[{"embeddable":true,"href":"https:\/\/www.meteo.cat\/wpweb\/wp-json\/wp\/v2\/pages\/18384"}],"wp:attachment":[{"href":"https:\/\/www.meteo.cat\/wpweb\/wp-json\/wp\/v2\/media?parent=529"}],"curies":[{"name":"wp","href":"https:\/\/api.w.org\/{rel}","templated":true}]}}