{"id":44685,"date":"2025-12-16T11:58:46","date_gmt":"2025-12-16T11:58:46","guid":{"rendered":"https:\/\/www.meteo.cat\/wpweb\/?page_id=44685"},"modified":"2025-12-18T07:58:51","modified_gmt":"2025-12-18T07:58:51","slug":"atles-climatic-mitjanes","status":"publish","type":"page","link":"https:\/\/www.meteo.cat\/wpweb\/climatologia\/el-clima\/atles-climatic\/atles-climatic-mitjanes\/","title":{"rendered":"Atles clim\u00e0tic mitjanes 1991 &#8211; 2020"},"content":{"rendered":"\n<p>L\u2019Atles Clim\u00e0tic 1991\u20132020 presenta una visi\u00f3 detallada del clima mitj\u00e0 a Catalunya a partir de l\u2019an\u00e0lisi de les variables termopluviom\u00e8triques. Mitjan\u00e7ant cartografia d\u2019alta resoluci\u00f3, es mostren els patrons espacials de la <strong>precipitaci\u00f3 <\/strong>i de la <strong>temperatura de l&#8217;aire mitjanes<\/strong>, a escales temporals anual, estacional i mensual.<\/p>\n\n\n\n<p>Aquest apartat ofereix una s\u00edntesi clara i accessible de les condicions clim\u00e0tiques t\u00edpiques del per\u00edode de refer\u00e8ncia 1991\u20132020, considerat actualment l\u2019est\u00e0ndard internacional. Els mapes resultants permeten comprendre amb precisi\u00f3 la distribuci\u00f3 de la pluja, els contrastos t\u00e8rmics i la variabilitat estacional, proporcionant una base s\u00f2lida per a estudis ambientals, gesti\u00f3 de recursos, planificaci\u00f3 territorial i divulgaci\u00f3 clim\u00e0tica.<\/p>\n\n\n\n<p>Per a m\u00e9s informaci\u00f3 sobre el proc\u00e9s d&#8217;elaboraci\u00f3 de l&#8217;Atles Clim\u00e0tic 1991-2020, consulteu el pdf de la <a href=\"https:\/\/static-m.meteo.cat\/wordpressweb\/wp-content\/uploads\/2024\/03\/04065721\/nota-destudi_Atles_finalp.pdf\" target=\"_blank\" rel=\"noreferrer noopener\">Nota d&#8217;Estudi 75. <\/a><\/p>\n\n\n\n<p>Els mapes estan disponibles a l\u2019<a href=\"https:\/\/sig.gencat.cat\/visors\/hipermapa.html\">Hipermapa de la Generalitat de Catalunya<\/a>, en concret s\u2019ubiquen a les capes d\u2019informaci\u00f3 mediambiental i dins de l\u2019Atles Clim\u00e0tic de Catalunya (1991-2020).<\/p>\n\n\n\n<p>Tot seguit podeu accedir a les imatges i a les dades per municipi de l&#8217;atles. <\/p>\n\n\n\n<nav class=\"ancores\" id=\"inici\">\n<a href=\"#municipal\">Dades de l&#8217;Atles per municipi<\/a>\n<a href=\"https:\/\/www.meteo.cat\/wpweb\/climatologia\/el-clima\/atles-climatic\/atles-climatic-extrems\/\">Atles clim\u00e0tic extrems<\/a>\n<a href=\"https:\/\/www.meteo.cat\/climatologia\/atles_climatic\">Edicions anteriors de l&#8217;Atles clim\u00e0tic<\/a>\n<\/nav>\n\n\n\n<form class=\"smc-combobox\">\n<fieldset>\n<div class=\"cercaContainer\">\n<div>\n<label for=\"optone\">Variable: <\/label>\n<select id=\"optone\" name=\"optone\">\n<option selected=\"selected\" value=\"init\">Seleccioneu la variable<\/option>\n<option value=\"0\">Temperatura mitjana (\u00baC)<\/option>\n<option value=\"1\">Temperatura m\u00e0xima mitjana (\u00baC)<\/option>\n<option value=\"2\">Temperatura m\u00ednima mitjana (\u00baC)<\/option>\n<option value=\"3\">Oscil\u00b7laci\u00f3 t\u00e8rmica (\u00baC)<\/option>\n<option value=\"4\">Precipitaci\u00f3 mitjana (mm)<\/option>\n<option value=\"5\">R\u00e8gim pluviom\u00e8tric estacional (mm)<\/option>\n<\/select>\n<\/div>\n<div>\n<label for=\"opttwo\">Per\u00edode: <\/label>\n<select id=\"opttwo\" disabled=\"disabled\" name=\"opttwo\">\n<option selected=\"selected\" value=\"init\">Seleccioneu el per\u00edode<\/option>\n<option value=\"0\">Gener<\/option>\n<option value=\"1\">Febrer<\/option>\n<\/select>\n<\/div>\n<div>\n<button id=\"go\" type=\"button\">Cerca<\/button>\n<\/div>\n<\/div>\n<\/fieldset>\n<\/form>\n\n\n\n<div>\n<img src=\"https:\/\/static-m.meteo.cat\/content\/climatologia\/atles\/1991-2020\/ATLES9120_TM_anual_w.png\" alt=\"Atles Clim\u00e0tic 91-20\" id=\"mapa\">\n<\/div>\n\n\n\n<div style=\"height:100px\" aria-hidden=\"true\" class=\"wp-block-spacer\"><\/div>\n\n\n\n<div class=\"atles link\">\n<ul>\n<li><i class=\"icon-linkfletxa\" aria-hidden=\"true\"><\/i> <a href=\"https:\/\/sig.gencat.cat\/visors\/hipermapa.html\" target=\"_blank\" title=\"(obre en finestra nova)\" rel=\"noopener\" class=\"noline\"> Consulta i desc\u00e0rrega dels mapes de l&#8217;Atles clim\u00e0tic en diferents formats a trav\u00e9s del hipermapa de la Generalitat de Catalunya.<\/a><\/li>\n<\/ul>\n<\/div>\n\n\n\n<div style=\"height:100px\" aria-hidden=\"true\" class=\"wp-block-spacer\"><\/div>\n\n\n\n<h2 class=\"wp-block-heading\" id=\"municipal\">Dades de l&#8217;Atles per municipi<\/h2>\n\n\n\n<p>Fitxers amb els valors de les variables de temperatura i precipitaci\u00f3 per municipi, en concret en el punt del cap de municipi. <\/p>\n\n\n\n<ul class=\"wp-block-list\"><li><a rel=\"noreferrer noopener\" href=\"https:\/\/static-m.meteo.cat\/content\/climatologia\/atles\/1991-2020\/ATLES9120_TM_cap_muni.csv\" target=\"_blank\">Dades de temperatura mitjana (\u00baC)<\/a>&nbsp;(CSV)<\/li><li><a rel=\"noreferrer noopener\" href=\"https:\/\/static-m.meteo.cat\/content\/climatologia\/atles\/1991-2020\/ATLES9120_TXM_cap_muni.csv\" target=\"_blank\">Dades de temperatura m\u00e0xima mitjana (\u00baC)<\/a>&nbsp;(CSV)<\/li><li><a rel=\"noreferrer noopener\" href=\"https:\/\/static-m.meteo.cat\/content\/climatologia\/atles\/1991-2020\/ATLES9120_TNM_cap_muni.csv\" target=\"_blank\">Dades de temperatura m\u00ednima mitjana (\u00baC)<\/a>&nbsp;(CSV)<\/li><li><a rel=\"noreferrer noopener\" href=\"https:\/\/static-m.meteo.cat\/content\/climatologia\/atles\/1991-2020\/ATLES9120_PPT_cap_muni.csv\" target=\"_blank\">Dades de precipitaci\u00f3 mitjana (mm)<\/a>&nbsp;(CSV)<\/li><\/ul>\n\n\n\n<p><\/p>\n","protected":false},"excerpt":{"rendered":"<p>L\u2019Atles Clim\u00e0tic 1991\u20132020 presenta una visi\u00f3 detallada del clima mitj\u00e0 a Catalunya a partir de l\u2019an\u00e0lisi de les variables termopluviom\u00e8triques. Mitjan\u00e7ant cartografia d\u2019alta resoluci\u00f3, es mostren els patrons espacials de la precipitaci\u00f3 i de la temperatura de l&#8217;aire mitjanes, a escales temporals anual, estacional i mensual. Aquest apartat ofereix una s\u00edntesi clara i accessible de [&hellip;]<\/p>\n","protected":false},"author":7,"featured_media":0,"parent":38852,"menu_order":4,"comment_status":"closed","ping_status":"closed","template":"","meta":{"_mi_skip_tracking":false,"_monsterinsights_sitenote_active":false,"_monsterinsights_sitenote_note":"","_monsterinsights_sitenote_category":0},"_links":{"self":[{"href":"https:\/\/www.meteo.cat\/wpweb\/wp-json\/wp\/v2\/pages\/44685"}],"collection":[{"href":"https:\/\/www.meteo.cat\/wpweb\/wp-json\/wp\/v2\/pages"}],"about":[{"href":"https:\/\/www.meteo.cat\/wpweb\/wp-json\/wp\/v2\/types\/page"}],"author":[{"embeddable":true,"href":"https:\/\/www.meteo.cat\/wpweb\/wp-json\/wp\/v2\/users\/7"}],"replies":[{"embeddable":true,"href":"https:\/\/www.meteo.cat\/wpweb\/wp-json\/wp\/v2\/comments?post=44685"}],"version-history":[{"count":8,"href":"https:\/\/www.meteo.cat\/wpweb\/wp-json\/wp\/v2\/pages\/44685\/revisions"}],"predecessor-version":[{"id":44720,"href":"https:\/\/www.meteo.cat\/wpweb\/wp-json\/wp\/v2\/pages\/44685\/revisions\/44720"}],"up":[{"embeddable":true,"href":"https:\/\/www.meteo.cat\/wpweb\/wp-json\/wp\/v2\/pages\/38852"}],"wp:attachment":[{"href":"https:\/\/www.meteo.cat\/wpweb\/wp-json\/wp\/v2\/media?parent=44685"}],"curies":[{"name":"wp","href":"https:\/\/api.w.org\/{rel}","templated":true}]}}