{"id":43663,"date":"2025-06-18T05:00:00","date_gmt":"2025-06-18T05:00:00","guid":{"rendered":"https:\/\/www.meteo.cat\/wpweb\/?page_id=43663"},"modified":"2025-06-06T10:36:45","modified_gmt":"2025-06-06T10:36:45","slug":"el-temps","status":"publish","type":"page","link":"https:\/\/www.meteo.cat\/wpweb\/serveis\/activitats-educatives\/el-temps\/","title":{"rendered":"El temps"},"content":{"rendered":"\n<div class=\"wp-block-columns\">\n<div class=\"wp-block-column\"><\/div>\n\n\n\n<div class=\"wp-block-column\"><\/div>\n<\/div>\n\n\n\n<div class=\"wp-block-columns\">\n<div class=\"wp-block-column\">\n<figure class=\"wp-block-image size-large\"><img src=\"https:\/\/static-m.meteo.cat\/wordpressweb\/wp-content\/uploads\/2025\/04\/08141143\/temps_1024.jpg\" alt=\"\"\/><\/figure>\n<\/div>\n\n\n\n<div class=\"wp-block-column\">\n<p>Al mural \u201cel temps\u201d, els\/les alumnes podran veure imatges t\u00edpiques de fen\u00f2mens meteorol\u00f2gics i els podran associar amb el seu nom en catal\u00e0 i en angl\u00e8s. Es pot emprar per fomentar l\u2019h\u00e0bit d\u2019observaci\u00f3 del temps.<\/p>\n\n\n\n<p>Descarrega el mural <a href=\"https:\/\/static-m.meteo.cat\/wordpressweb\/wp-content\/uploads\/2025\/04\/08105538\/El_temps.pdf\" target=\"_blank\" rel=\"noreferrer noopener\">el temps<\/a>.<\/p>\n<\/div>\n\n\n\n<div class=\"wp-block-column\"><\/div>\n<\/div>\n\n\n\n<p><\/p>\n","protected":false},"excerpt":{"rendered":"<p>Al mural \u201cel temps\u201d, els\/les alumnes podran veure imatges t\u00edpiques de fen\u00f2mens meteorol\u00f2gics i els podran associar amb el seu nom en catal\u00e0 i en angl\u00e8s. Es pot emprar per fomentar l\u2019h\u00e0bit d\u2019observaci\u00f3 del temps. Descarrega el mural el temps.<\/p>\n","protected":false},"author":5,"featured_media":0,"parent":232,"menu_order":25,"comment_status":"closed","ping_status":"closed","template":"template-sidebar.php","meta":{"_mi_skip_tracking":false,"_monsterinsights_sitenote_active":false,"_monsterinsights_sitenote_note":"","_monsterinsights_sitenote_category":0},"_links":{"self":[{"href":"https:\/\/www.meteo.cat\/wpweb\/wp-json\/wp\/v2\/pages\/43663"}],"collection":[{"href":"https:\/\/www.meteo.cat\/wpweb\/wp-json\/wp\/v2\/pages"}],"about":[{"href":"https:\/\/www.meteo.cat\/wpweb\/wp-json\/wp\/v2\/types\/page"}],"author":[{"embeddable":true,"href":"https:\/\/www.meteo.cat\/wpweb\/wp-json\/wp\/v2\/users\/5"}],"replies":[{"embeddable":true,"href":"https:\/\/www.meteo.cat\/wpweb\/wp-json\/wp\/v2\/comments?post=43663"}],"version-history":[{"count":1,"href":"https:\/\/www.meteo.cat\/wpweb\/wp-json\/wp\/v2\/pages\/43663\/revisions"}],"predecessor-version":[{"id":43664,"href":"https:\/\/www.meteo.cat\/wpweb\/wp-json\/wp\/v2\/pages\/43663\/revisions\/43664"}],"up":[{"embeddable":true,"href":"https:\/\/www.meteo.cat\/wpweb\/wp-json\/wp\/v2\/pages\/232"}],"wp:attachment":[{"href":"https:\/\/www.meteo.cat\/wpweb\/wp-json\/wp\/v2\/media?parent=43663"}],"curies":[{"name":"wp","href":"https:\/\/api.w.org\/{rel}","templated":true}]}}