{"id":43660,"date":"2025-06-18T05:00:00","date_gmt":"2025-06-18T05:00:00","guid":{"rendered":"https:\/\/www.meteo.cat\/wpweb\/?page_id=43660"},"modified":"2025-06-06T10:34:39","modified_gmt":"2025-06-06T10:34:39","slug":"guia-fenologica-infantil","status":"publish","type":"page","link":"https:\/\/www.meteo.cat\/wpweb\/serveis\/activitats-educatives\/guia-fenologica-infantil\/","title":{"rendered":"Guia fenol\u00f2gica infantil"},"content":{"rendered":"\n<div class=\"wp-block-columns\">\n<div class=\"wp-block-column\">\n<figure class=\"wp-block-image size-large\"><img src=\"https:\/\/static-m.meteo.cat\/wordpressweb\/wp-content\/uploads\/2025\/04\/16115800\/guia_feno_1024.jpg\" alt=\"\"\/><\/figure>\n<\/div>\n\n\n\n<div class=\"wp-block-column\">\n<p>De quina manera diverses esp\u00e8cies d\u2019\u00e9ssers vius canvien el comportament a causa del canvi clim\u00e0tic? Descobreix la resposta a trav\u00e9s d\u2019observacions fenol\u00f2giques actuals i passades, i&nbsp;comen\u00e7a a observar el teu entorn natural.<\/p>\n\n\n\n<p>En aquesta guia hi trobar\u00e0s indicacions sobre com fer una an\u00e0lisi fenol\u00f2gica del teu entorn proper de manera rigorosa. Amb la informaci\u00f3 que n&#8217;extreguis, podr\u00e0s analitzar els cicles de les diverses esp\u00e8cies estudiades i entendre com els canvis clim\u00e0tics els poden influir. <\/p>\n\n\n\n<p>Descarrega la <a href=\"https:\/\/static-m.meteo.cat\/wordpressweb\/wp-content\/uploads\/2025\/05\/19105005\/guia_fenologica-1.pdf\" target=\"_blank\" rel=\"noreferrer noopener\">guia fenol\u00f2gica infantil<\/a>.<\/p>\n<\/div>\n\n\n\n<div class=\"wp-block-column\"><\/div>\n<\/div>\n","protected":false},"excerpt":{"rendered":"<p>De quina manera diverses esp\u00e8cies d\u2019\u00e9ssers vius canvien el comportament a causa del canvi clim\u00e0tic? Descobreix la resposta a trav\u00e9s d\u2019observacions fenol\u00f2giques actuals i passades, i&nbsp;comen\u00e7a a observar el teu entorn natural. En aquesta guia hi trobar\u00e0s indicacions sobre com fer una an\u00e0lisi fenol\u00f2gica del teu entorn proper de manera rigorosa. Amb la informaci\u00f3 que [&hellip;]<\/p>\n","protected":false},"author":5,"featured_media":0,"parent":232,"menu_order":29,"comment_status":"closed","ping_status":"closed","template":"template-sidebar.php","meta":{"_mi_skip_tracking":false,"_monsterinsights_sitenote_active":false,"_monsterinsights_sitenote_note":"","_monsterinsights_sitenote_category":0},"_links":{"self":[{"href":"https:\/\/www.meteo.cat\/wpweb\/wp-json\/wp\/v2\/pages\/43660"}],"collection":[{"href":"https:\/\/www.meteo.cat\/wpweb\/wp-json\/wp\/v2\/pages"}],"about":[{"href":"https:\/\/www.meteo.cat\/wpweb\/wp-json\/wp\/v2\/types\/page"}],"author":[{"embeddable":true,"href":"https:\/\/www.meteo.cat\/wpweb\/wp-json\/wp\/v2\/users\/5"}],"replies":[{"embeddable":true,"href":"https:\/\/www.meteo.cat\/wpweb\/wp-json\/wp\/v2\/comments?post=43660"}],"version-history":[{"count":1,"href":"https:\/\/www.meteo.cat\/wpweb\/wp-json\/wp\/v2\/pages\/43660\/revisions"}],"predecessor-version":[{"id":43661,"href":"https:\/\/www.meteo.cat\/wpweb\/wp-json\/wp\/v2\/pages\/43660\/revisions\/43661"}],"up":[{"embeddable":true,"href":"https:\/\/www.meteo.cat\/wpweb\/wp-json\/wp\/v2\/pages\/232"}],"wp:attachment":[{"href":"https:\/\/www.meteo.cat\/wpweb\/wp-json\/wp\/v2\/media?parent=43660"}],"curies":[{"name":"wp","href":"https:\/\/api.w.org\/{rel}","templated":true}]}}