{"id":43657,"date":"2025-06-18T05:00:00","date_gmt":"2025-06-18T05:00:00","guid":{"rendered":"https:\/\/www.meteo.cat\/wpweb\/?page_id=43657"},"modified":"2025-07-09T11:39:12","modified_gmt":"2025-07-09T11:39:12","slug":"visor-de-nuvols","status":"publish","type":"page","link":"https:\/\/www.meteo.cat\/wpweb\/serveis\/activitats-educatives\/visor-de-nuvols\/","title":{"rendered":"Visor de n\u00favols"},"content":{"rendered":"\n<div class=\"wp-block-columns\">\n<div class=\"wp-block-column\"><\/div>\n<\/div>\n\n\n\n<div class=\"wp-block-columns\">\n<div class=\"wp-block-column\">\n<figure class=\"wp-block-image size-medium\"><a href=\"https:\/\/static-m.meteo.cat\/wordpressweb\/wp-content\/uploads\/2025\/07\/09113212\/visor-nuvols_v2-copia-1.jpg\"><img loading=\"lazy\" width=\"300\" height=\"235\" src=\"https:\/\/static-m.meteo.cat\/wordpressweb\/wp-content\/uploads\/2025\/07\/09113212\/visor-nuvols_v2-copia-1-300x235.jpg\" alt=\"\" class=\"wp-image-44078\"\/><\/a><\/figure>\n\n\n\n<p><\/p>\n<\/div>\n\n\n\n<div class=\"wp-block-column\">\n<p>El \u2018visor de n\u00favols\u2019 \u00e9s una eina elaborada per l\u2019Associaci\u00f3 Catalana d\u2019Observadors Meteorol\u00f2gics amb suport del Servei Meteorol\u00f2gic de Catalunya per facilitar la classificaci\u00f3 dels n\u00favols que es veuen al cel, tot comparant-los amb les imatges que s\u2019ofereixen en el marc del mateix visor. A la part posterior hi ha l\u2019explicaci\u00f3 de cada tipus de n\u00favol i pistes per facilitar la seva classificaci\u00f3.<\/p>\n\n\n\n<p>Descarrega el <a href=\"https:\/\/static-m.meteo.cat\/wordpressweb\/wp-content\/uploads\/2025\/07\/09111420\/visor-nuvols.pdf\" data-type=\"URL\" data-id=\"https:\/\/static-m.meteo.cat\/wordpressweb\/wp-content\/uploads\/2025\/07\/09111420\/visor-nuvols.pdf\" target=\"_blank\" rel=\"noreferrer noopener\">visor de n\u00favols<\/a>. <\/p>\n<\/div>\n\n\n\n<div class=\"wp-block-column\"><\/div>\n<\/div>\n\n\n\n<p><\/p>\n","protected":false},"excerpt":{"rendered":"<p>El \u2018visor de n\u00favols\u2019 \u00e9s una eina elaborada per l\u2019Associaci\u00f3 Catalana d\u2019Observadors Meteorol\u00f2gics amb suport del Servei Meteorol\u00f2gic de Catalunya per facilitar la classificaci\u00f3 dels n\u00favols que es veuen al cel, tot comparant-los amb les imatges que s\u2019ofereixen en el marc del mateix visor. A la part posterior hi ha l\u2019explicaci\u00f3 de cada tipus de [&hellip;]<\/p>\n","protected":false},"author":5,"featured_media":0,"parent":232,"menu_order":28,"comment_status":"closed","ping_status":"closed","template":"template-sidebar.php","meta":{"_mi_skip_tracking":false,"_monsterinsights_sitenote_active":false,"_monsterinsights_sitenote_note":"","_monsterinsights_sitenote_category":0},"_links":{"self":[{"href":"https:\/\/www.meteo.cat\/wpweb\/wp-json\/wp\/v2\/pages\/43657"}],"collection":[{"href":"https:\/\/www.meteo.cat\/wpweb\/wp-json\/wp\/v2\/pages"}],"about":[{"href":"https:\/\/www.meteo.cat\/wpweb\/wp-json\/wp\/v2\/types\/page"}],"author":[{"embeddable":true,"href":"https:\/\/www.meteo.cat\/wpweb\/wp-json\/wp\/v2\/users\/5"}],"replies":[{"embeddable":true,"href":"https:\/\/www.meteo.cat\/wpweb\/wp-json\/wp\/v2\/comments?post=43657"}],"version-history":[{"count":5,"href":"https:\/\/www.meteo.cat\/wpweb\/wp-json\/wp\/v2\/pages\/43657\/revisions"}],"predecessor-version":[{"id":44083,"href":"https:\/\/www.meteo.cat\/wpweb\/wp-json\/wp\/v2\/pages\/43657\/revisions\/44083"}],"up":[{"embeddable":true,"href":"https:\/\/www.meteo.cat\/wpweb\/wp-json\/wp\/v2\/pages\/232"}],"wp:attachment":[{"href":"https:\/\/www.meteo.cat\/wpweb\/wp-json\/wp\/v2\/media?parent=43657"}],"curies":[{"name":"wp","href":"https:\/\/api.w.org\/{rel}","templated":true}]}}