{"id":43654,"date":"2025-06-18T05:00:00","date_gmt":"2025-06-18T05:00:00","guid":{"rendered":"https:\/\/www.meteo.cat\/wpweb\/?page_id=43654"},"modified":"2025-06-06T10:35:18","modified_gmt":"2025-06-06T10:35:18","slug":"guia-dobservacio-meteorologica-infantil","status":"publish","type":"page","link":"https:\/\/www.meteo.cat\/wpweb\/serveis\/activitats-educatives\/guia-dobservacio-meteorologica-infantil\/","title":{"rendered":"Guia d\u2019observaci\u00f3 meteorol\u00f2gica infantil"},"content":{"rendered":"\n<div class=\"wp-block-columns\">\n<div class=\"wp-block-column\">\n<div class=\"wp-block-columns\">\n<div class=\"wp-block-column\">\n<figure class=\"wp-block-image size-large\"><img src=\"https:\/\/static-m.meteo.cat\/wordpressweb\/wp-content\/uploads\/2025\/04\/16115759\/guia_obs_meteo_1024.jpg\" alt=\"\"\/><\/figure>\n<\/div>\n\n\n\n<div class=\"wp-block-column\">\n<p>En aquesta guia trobar\u00e0s indicacions sobre com fer una observaci\u00f3 de manera rigorosa, tal com ho fan les persones professionals de la meteorologia. Aix\u00f2 et permetr\u00e0 tenir un registre del temps que fa al lloc on vius i entendre millor com \u00e9s i com es comporta el cel a casa teva. <\/p>\n\n\n\n<p>La guia, a m\u00e9s, es pot fer servir a algunes de les activitats que proposem, com petits observadors i observadores i observem el cel.<\/p>\n\n\n\n<p>Pots descarregar la guia al seg\u00fcent <a href=\"https:\/\/static-m.meteo.cat\/wordpressweb\/wp-content\/uploads\/2025\/05\/16080028\/guia_observacio_meteorologica.pdf\" target=\"_blank\" rel=\"noreferrer noopener\">enlla\u00e7<\/a>.  <\/p>\n<\/div>\n\n\n\n<div class=\"wp-block-column\"><\/div>\n<\/div>\n<\/div>\n<\/div>\n","protected":false},"excerpt":{"rendered":"","protected":false},"author":5,"featured_media":0,"parent":232,"menu_order":27,"comment_status":"closed","ping_status":"closed","template":"template-sidebar.php","meta":{"_mi_skip_tracking":false,"_monsterinsights_sitenote_active":false,"_monsterinsights_sitenote_note":"","_monsterinsights_sitenote_category":0},"_links":{"self":[{"href":"https:\/\/www.meteo.cat\/wpweb\/wp-json\/wp\/v2\/pages\/43654"}],"collection":[{"href":"https:\/\/www.meteo.cat\/wpweb\/wp-json\/wp\/v2\/pages"}],"about":[{"href":"https:\/\/www.meteo.cat\/wpweb\/wp-json\/wp\/v2\/types\/page"}],"author":[{"embeddable":true,"href":"https:\/\/www.meteo.cat\/wpweb\/wp-json\/wp\/v2\/users\/5"}],"replies":[{"embeddable":true,"href":"https:\/\/www.meteo.cat\/wpweb\/wp-json\/wp\/v2\/comments?post=43654"}],"version-history":[{"count":1,"href":"https:\/\/www.meteo.cat\/wpweb\/wp-json\/wp\/v2\/pages\/43654\/revisions"}],"predecessor-version":[{"id":43655,"href":"https:\/\/www.meteo.cat\/wpweb\/wp-json\/wp\/v2\/pages\/43654\/revisions\/43655"}],"up":[{"embeddable":true,"href":"https:\/\/www.meteo.cat\/wpweb\/wp-json\/wp\/v2\/pages\/232"}],"wp:attachment":[{"href":"https:\/\/www.meteo.cat\/wpweb\/wp-json\/wp\/v2\/media?parent=43654"}],"curies":[{"name":"wp","href":"https:\/\/api.w.org\/{rel}","templated":true}]}}