{"id":43634,"date":"2025-06-18T05:00:00","date_gmt":"2025-06-18T05:00:00","guid":{"rendered":"https:\/\/www.meteo.cat\/wpweb\/?page_id=43634"},"modified":"2025-12-04T10:30:28","modified_gmt":"2025-12-04T10:30:28","slug":"els-sons-del-cel","status":"publish","type":"page","link":"https:\/\/www.meteo.cat\/wpweb\/serveis\/activitats-educatives\/els-sons-del-cel\/","title":{"rendered":"Els sons del cel"},"content":{"rendered":"\n<div class=\"wp-block-columns\">\n<div class=\"wp-block-column\">\n<div class=\"wp-block-image\"><figure class=\"aligncenter size-large is-resized\"><img loading=\"lazy\" src=\"https:\/\/static-m.meteo.cat\/wordpresswebpre\/wp-content\/uploads\/2025\/04\/10122939\/els_sons_del_cel_637.jpg\" alt=\"\" width=\"504\" height=\"315\"\/><\/figure><\/div>\n<\/div>\n\n\n\n<div class=\"wp-block-column\">\n<p>&#8216;Els sons del cel&#8217; \u00e9s un projecte art\u00edstic i cient\u00edfic impulsat pel Palau de la M\u00fasica Catalana, el Servei Meteorol\u00f2gic de Catalunya, ISGlobal (Institut de Salut Global de Barcelona) i el Museu de Ci\u00e8ncies Naturals de Barcelona, amb el suport de la FECYT.&nbsp;&nbsp;<\/p>\n\n\n\n<p>Des de l\u2019\u00e0mbit art\u00edstic, cient\u00edfic, mediambiental i de la salut, l\u2019infant desenvolupar\u00e0 capacitats i coneixements que li permetran prendre consci\u00e8ncia del seu entorn sonor. Mitjan\u00e7ant l\u2019escolta conscient -tant de sons ambientals com a trav\u00e9s de la m\u00fasica-, l\u2019estudi cient\u00edfic del so i la creaci\u00f3 de relats sonors, es treballar\u00e0 per buscar estrat\u00e8gies que permetin disminuir el soroll ambiental i augmentar el nivell de benestar.&nbsp;&nbsp;<\/p>\n\n\n\n<p>Itinerari transversal per prendre consci\u00e8ncia del soroll i descobrir els sons del cel i de la natura que ens envolten.&nbsp;<\/p>\n\n\n\n<p class=\"icon-link-arrow\"><a href=\"https:\/\/www.palaumusica.cat\/ca\/sons-del-cel_1317262\" target=\"_blank\" rel=\"noreferrer noopener\">M\u00e9s informaci\u00f3 sobre els sons del cel<\/a>.<\/p>\n<\/div>\n<\/div>\n","protected":false},"excerpt":{"rendered":"<p>&#8216;Els sons del cel&#8217; \u00e9s un projecte art\u00edstic i cient\u00edfic impulsat pel Palau de la M\u00fasica Catalana, el Servei Meteorol\u00f2gic de Catalunya, ISGlobal (Institut de Salut Global de Barcelona) i el Museu de Ci\u00e8ncies Naturals de Barcelona, amb el suport de la FECYT.&nbsp;&nbsp; Des de l\u2019\u00e0mbit art\u00edstic, cient\u00edfic, mediambiental i de la salut, l\u2019infant desenvolupar\u00e0 [&hellip;]<\/p>\n","protected":false},"author":5,"featured_media":0,"parent":232,"menu_order":21,"comment_status":"closed","ping_status":"closed","template":"template-sidebar.php","meta":{"_mi_skip_tracking":false,"_monsterinsights_sitenote_active":false,"_monsterinsights_sitenote_note":"","_monsterinsights_sitenote_category":0},"_links":{"self":[{"href":"https:\/\/www.meteo.cat\/wpweb\/wp-json\/wp\/v2\/pages\/43634"}],"collection":[{"href":"https:\/\/www.meteo.cat\/wpweb\/wp-json\/wp\/v2\/pages"}],"about":[{"href":"https:\/\/www.meteo.cat\/wpweb\/wp-json\/wp\/v2\/types\/page"}],"author":[{"embeddable":true,"href":"https:\/\/www.meteo.cat\/wpweb\/wp-json\/wp\/v2\/users\/5"}],"replies":[{"embeddable":true,"href":"https:\/\/www.meteo.cat\/wpweb\/wp-json\/wp\/v2\/comments?post=43634"}],"version-history":[{"count":7,"href":"https:\/\/www.meteo.cat\/wpweb\/wp-json\/wp\/v2\/pages\/43634\/revisions"}],"predecessor-version":[{"id":44622,"href":"https:\/\/www.meteo.cat\/wpweb\/wp-json\/wp\/v2\/pages\/43634\/revisions\/44622"}],"up":[{"embeddable":true,"href":"https:\/\/www.meteo.cat\/wpweb\/wp-json\/wp\/v2\/pages\/232"}],"wp:attachment":[{"href":"https:\/\/www.meteo.cat\/wpweb\/wp-json\/wp\/v2\/media?parent=43634"}],"curies":[{"name":"wp","href":"https:\/\/api.w.org\/{rel}","templated":true}]}}