{"id":43614,"date":"2025-06-18T05:00:00","date_gmt":"2025-06-18T05:00:00","guid":{"rendered":"https:\/\/www.meteo.cat\/wpweb\/?page_id=43614"},"modified":"2025-06-06T10:33:05","modified_gmt":"2025-06-06T10:33:05","slug":"les-estacions","status":"publish","type":"page","link":"https:\/\/www.meteo.cat\/wpweb\/serveis\/activitats-educatives\/les-estacions\/","title":{"rendered":"Les estacions"},"content":{"rendered":"\n<div class=\"wp-block-columns\">\n<div class=\"wp-block-column\">\n<figure class=\"wp-block-image size-large\"><a href=\"https:\/\/static-m.meteo.cat\/wordpressweb\/wp-content\/uploads\/2025\/04\/08141736\/estacions_1024.jpg\"><img src=\"https:\/\/static-m.meteo.cat\/wordpressweb\/wp-content\/uploads\/2025\/04\/08141736\/estacions_1024.jpg\" alt=\"\"\/><\/a><\/figure>\n<\/div>\n\n\n\n<div class=\"wp-block-column\">\n<p>El mural &#8216;les estacions&#8217; ajudar\u00e0 l\u2019alumnat a entendre quins s\u00f3n els canvis que experimenta la natura a partir dels canvis en el temps. El text apareix alhora en catal\u00e0 i angl\u00e8s. &nbsp;<\/p>\n\n\n\n<p>Descarrega el mural&nbsp;<a href=\"https:\/\/static-m.meteo.cat\/wordpressweb\/wp-content\/uploads\/2025\/04\/08105004\/Les_estacions.pdf\" target=\"_blank\" rel=\"noreferrer noopener\">les estacions<\/a>.<\/p>\n<\/div>\n\n\n\n<div class=\"wp-block-column\"><\/div>\n<\/div>\n","protected":false},"excerpt":{"rendered":"<p>El mural &#8216;les estacions&#8217; ajudar\u00e0 l\u2019alumnat a entendre quins s\u00f3n els canvis que experimenta la natura a partir dels canvis en el temps. El text apareix alhora en catal\u00e0 i angl\u00e8s. &nbsp; Descarrega el mural&nbsp;les estacions.<\/p>\n","protected":false},"author":5,"featured_media":0,"parent":232,"menu_order":23,"comment_status":"closed","ping_status":"closed","template":"template-sidebar.php","meta":{"_mi_skip_tracking":false,"_monsterinsights_sitenote_active":false,"_monsterinsights_sitenote_note":"","_monsterinsights_sitenote_category":0},"_links":{"self":[{"href":"https:\/\/www.meteo.cat\/wpweb\/wp-json\/wp\/v2\/pages\/43614"}],"collection":[{"href":"https:\/\/www.meteo.cat\/wpweb\/wp-json\/wp\/v2\/pages"}],"about":[{"href":"https:\/\/www.meteo.cat\/wpweb\/wp-json\/wp\/v2\/types\/page"}],"author":[{"embeddable":true,"href":"https:\/\/www.meteo.cat\/wpweb\/wp-json\/wp\/v2\/users\/5"}],"replies":[{"embeddable":true,"href":"https:\/\/www.meteo.cat\/wpweb\/wp-json\/wp\/v2\/comments?post=43614"}],"version-history":[{"count":2,"href":"https:\/\/www.meteo.cat\/wpweb\/wp-json\/wp\/v2\/pages\/43614\/revisions"}],"predecessor-version":[{"id":43647,"href":"https:\/\/www.meteo.cat\/wpweb\/wp-json\/wp\/v2\/pages\/43614\/revisions\/43647"}],"up":[{"embeddable":true,"href":"https:\/\/www.meteo.cat\/wpweb\/wp-json\/wp\/v2\/pages\/232"}],"wp:attachment":[{"href":"https:\/\/www.meteo.cat\/wpweb\/wp-json\/wp\/v2\/media?parent=43614"}],"curies":[{"name":"wp","href":"https:\/\/api.w.org\/{rel}","templated":true}]}}