{"id":43608,"date":"2025-06-18T05:00:00","date_gmt":"2025-06-18T05:00:00","guid":{"rendered":"https:\/\/www.meteo.cat\/wpweb\/?page_id=43608"},"modified":"2025-06-06T10:29:30","modified_gmt":"2025-06-06T10:29:30","slug":"passejada-meteorologica-per-barcelona","status":"publish","type":"page","link":"https:\/\/www.meteo.cat\/wpweb\/serveis\/activitats-educatives\/passejada-meteorologica-per-barcelona\/","title":{"rendered":"Passejada meteorol\u00f2gica per Barcelona"},"content":{"rendered":"\n<div class=\"wp-block-columns\">\n<div class=\"wp-block-column\">\n<figure class=\"wp-block-image size-large\"><img src=\"https:\/\/static-m.meteo.cat\/wordpressweb\/wp-content\/uploads\/2025\/04\/24091738\/passejada_1024.jpg\" alt=\"\"\/><\/figure>\n<\/div>\n\n\n\n<div class=\"wp-block-column\">\n<p>La \u2018Passejada meteorol\u00f2gica per Barcelona\u2019 consisteix en un recorregut -guiat pel personal t\u00e8cnic del Servei Meteorol\u00f2gic de Catalunya- a trav\u00e9s dels principals indrets de la ciutat relacionats amb la hist\u00f2ria de la s\u00e8rie clim\u00e0tica de Barcelona, iniciada l\u2019any 1780.<\/p>\n\n\n\n<p>Aquesta activitat va destinada al p\u00fablic en general i t\u00e9 una durada d\u2019una hora. Es recorren cinc localitzacions que van ser clau en el desenvolupament de la s\u00e8rie clim\u00e0tica de la ciutat, una de les m\u00e9s llargues d\u2019Europa. El recorregut total del passeig \u00e9s de 2 km.<\/p>\n\n\n\n<p>Per accedir a l\u2019activitat us podeu inscriure en el seg\u00fcent formulari.<\/p>\n<\/div>\n<\/div>\n\n\n<div role=\"form\" class=\"wpcf7\" id=\"wpcf7-f43546-o1\" lang=\"ca\" dir=\"ltr\">\n<div class=\"screen-reader-response\"><p role=\"status\" aria-live=\"polite\" aria-atomic=\"true\"><\/p> <ul><\/ul><\/div>\n<form action=\"\/wpweb\/wp-json\/wp\/v2\/pages\/43608#wpcf7-f43546-o1\" method=\"post\" class=\"wpcf7-form init\" novalidate=\"novalidate\" data-status=\"init\">\n<div style=\"display: none;\">\n<input type=\"hidden\" name=\"_wpcf7\" value=\"43546\" \/>\n<input type=\"hidden\" name=\"_wpcf7_version\" value=\"5.4.1\" \/>\n<input type=\"hidden\" name=\"_wpcf7_locale\" value=\"ca\" \/>\n<input type=\"hidden\" name=\"_wpcf7_unit_tag\" value=\"wpcf7-f43546-o1\" \/>\n<input type=\"hidden\" name=\"_wpcf7_container_post\" value=\"0\" \/>\n<input type=\"hidden\" name=\"_wpcf7_posted_data_hash\" value=\"\" \/>\n<input type=\"hidden\" name=\"_wpcf7cf_hidden_group_fields\" value=\"\" \/>\n<input type=\"hidden\" name=\"_wpcf7cf_hidden_groups\" value=\"\" \/>\n<input type=\"hidden\" name=\"_wpcf7cf_visible_groups\" value=\"\" \/>\n<input type=\"hidden\" name=\"_wpcf7cf_repeaters\" value=\"[]\" \/>\n<input type=\"hidden\" name=\"_wpcf7cf_steps\" value=\"{}\" \/>\n<input type=\"hidden\" name=\"_wpcf7cf_options\" value=\"{&quot;form_id&quot;:43546,&quot;conditions&quot;:[{&quot;and_rules&quot;:[{&quot;if_field&quot;:&quot;&quot;,&quot;operator&quot;:&quot;equals&quot;,&quot;if_value&quot;:&quot;Xerrada presencial&quot;}]},{&quot;and_rules&quot;:[{&quot;if_field&quot;:&quot;&quot;,&quot;operator&quot;:&quot;equals&quot;,&quot;if_value&quot;:&quot;Webinar m\\u00e9teo&quot;}]}],&quot;settings&quot;:{&quot;animation&quot;:&quot;yes&quot;,&quot;animation_intime&quot;:200,&quot;animation_outtime&quot;:200,&quot;conditions_ui&quot;:&quot;normal&quot;,&quot;notice_dismissed&quot;:false,&quot;notice_dismissed_update-cf7-5.5.1&quot;:true}}\" \/>\n<input type=\"hidden\" name=\"_wpcf7_recaptcha_response\" value=\"\" \/>\n<\/div>\n<fieldset style=\"margin-top: 35px\">\n<legend>Persona de contacte<\/legend>\n<p><label for=\"nom\">Nom i cognoms (obligatori)<\/label><\/p>\n<p><span class=\"wpcf7-form-control-wrap your-nompersona\"><input type=\"text\" name=\"your-nompersona\" value=\"\" size=\"40\" class=\"wpcf7-form-control wpcf7-text wpcf7-validates-as-required\" id=\"nom\" aria-required=\"true\" aria-invalid=\"false\" \/><\/span><\/p>\n<p><label for=\"mail\">Correu electr\u00f2nic (obligatori)<\/label><\/p>\n<p><span class=\"wpcf7-form-control-wrap your-email\"><input type=\"email\" name=\"your-email\" value=\"\" size=\"40\" class=\"wpcf7-form-control wpcf7-text wpcf7-email wpcf7-validates-as-required wpcf7-validates-as-email\" id=\"mail\" aria-required=\"true\" aria-invalid=\"false\" \/><\/span><\/p>\n<p><label for=\"tel\">Tel\u00e8fon de contacte (obligatori)<\/label><\/p>\n<p><span class=\"wpcf7-form-control-wrap your-telefon\"><input type=\"tel\" name=\"your-telefon\" value=\"\" size=\"40\" class=\"wpcf7-form-control wpcf7-text wpcf7-tel wpcf7-validates-as-required wpcf7-validates-as-tel\" id=\"tel\" aria-required=\"true\" aria-invalid=\"false\" \/><\/span><\/p>\n<\/fieldset>\n<fieldset style=\"margin-top: 35px\">\n<legend>Demandant<\/legend>\n<p><label for=\"nomescola\">Centre educatiu o col\u00b7lectiu (obligatori)<\/label><\/p>\n<p><span class=\"wpcf7-form-control-wrap your-nomescola\"><input type=\"text\" name=\"your-nomescola\" value=\"\" size=\"40\" class=\"wpcf7-form-control wpcf7-text wpcf7-validates-as-required\" id=\"nomescola\" aria-required=\"true\" aria-invalid=\"false\" \/><\/span><\/p>\n<p><label for=\"adress\">Adre\u00e7a completa (obligatori)<\/label><\/p>\n<p><span class=\"wpcf7-form-control-wrap your-adress\"><input type=\"text\" name=\"your-adress\" value=\"\" size=\"40\" class=\"wpcf7-form-control wpcf7-text wpcf7-validates-as-required\" id=\"adress\" aria-required=\"true\" aria-invalid=\"false\" \/><\/span><\/p>\n<p><label for=\"lloc\">Localitat (obligatori)<\/label><\/p>\n<p><span class=\"wpcf7-form-control-wrap your-place\"><input type=\"text\" name=\"your-place\" value=\"\" size=\"40\" class=\"wpcf7-form-control wpcf7-text wpcf7-validates-as-required\" id=\"lloc\" aria-required=\"true\" aria-invalid=\"false\" \/><\/span><\/p>\n<p><label for=\"curs\">Curs (obligatori)<\/label><\/p>\n<p><span class=\"wpcf7-form-control-wrap your-curs\"><input type=\"text\" name=\"your-curs\" value=\"\" size=\"40\" class=\"wpcf7-form-control wpcf7-text wpcf7-validates-as-required\" id=\"curs\" aria-required=\"true\" aria-invalid=\"false\" \/><\/span><\/p>\n<p><label for=\"participants\">Nombre aproximat de participants (fins a un grup classe)<\/label><\/p>\n<p><span class=\"wpcf7-form-control-wrap num-participants\"><input type=\"text\" name=\"num-participants\" value=\"\" size=\"40\" class=\"wpcf7-form-control wpcf7-text\" id=\"participants\" aria-invalid=\"false\" \/><\/span><\/p>\n<\/fieldset>\n<fieldset style=\"margin-top: 35px\">\n<p>Data preferent (obligatori, avisar amb un m\u00ednim de 15 dies d'antelaci\u00f3) <\/p>\n<p><span class=\"wpcf7-form-control-wrap date-preferent\"><input type=\"date\" name=\"date-preferent\" value=\"\" class=\"wpcf7-form-control wpcf7-date wpcf7-validates-as-required wpcf7-validates-as-date\" min=\"2026-05-05\" aria-required=\"true\" aria-invalid=\"false\" \/><\/span><\/p>\n<p>Data alternativa 1<\/p>\n<p><span class=\"wpcf7-form-control-wrap date-alternativa-1\"><input type=\"date\" name=\"date-alternativa-1\" value=\"\" class=\"wpcf7-form-control wpcf7-date wpcf7-validates-as-date\" min=\"2026-05-05\" aria-invalid=\"false\" \/><\/span><\/p>\n<p>Data alternativa 2<\/p>\n<p><span class=\"wpcf7-form-control-wrap date-alternativa-2\"><input type=\"date\" name=\"date-alternativa-2\" value=\"\" class=\"wpcf7-form-control wpcf7-date wpcf7-validates-as-date\" min=\"2026-05-05\" aria-invalid=\"false\" \/><\/span><\/p>\n<p>Comentaris<\/p>\n<p><span class=\"wpcf7-form-control-wrap textarea-comentaris\"><textarea name=\"textarea-comentaris\" cols=\"40\" rows=\"10\" maxlength=\"1000\" class=\"wpcf7-form-control wpcf7-textarea\" aria-invalid=\"false\"><\/textarea><\/span><\/p>\n<\/fieldset>\n<div class=\"lopd\">\n<fieldset style=\"margin-top:35px\">\n<legend>Informaci\u00f3 sobre el tractament de dades personals<\/legend>\n<ul>\n<li><strong>Responsable del tractament<\/strong>: Servei Meteorol\u00f2gic de Catalunya (SMC)<\/li>\n<li><strong>Delegat de protecci\u00f3 de dades<\/strong>: pr&#111;&#116;&#101;&#x63;&#x63;&#x69;&#x6f;&#x64;ad&#101;&#115;&#46;&#x6d;&#x65;&#x74;&#x65;&#x6f;ca&#116;&#64;&#103;&#x65;&#x6e;&#x63;&#x61;&#x74;&#46;c&#97;&#116;<\/li>\n<li><strong>Finalitat del tractament<\/strong>: Tramitar la inscripci\u00f3 a les activitats educatives que realitza l'SMC, gestionar l'activitat i fer seguiment de valoraci\u00f3 d'aquesta.<\/li>\n<li><strong>Base jur\u00eddica<\/strong>: Per tramitar els serveis sol\u00b7licitats: Execuci\u00f3 d'un contracte (Art. 6.1.b. RGPD), aix\u00ed com l'inter\u00e8s leg\u00edtim  en la realitzaci\u00f3 d'enquestes de satisfacci\u00f3 (art. 6.1.f. RGPD). Les dades identificatives i de contacte s\u00f3n necess\u00e0ries per tramitar la vostra sol\u00b7licitud. El fet de no proporcionar-les impedeix el SMC pugui atendre la petici\u00f3, per\u00f2 podeu no realitzar l'enquesta que us remetem.\n<\/li>\n<li><strong>Per rebre informaci\u00f3 sobre Meteocat<\/strong>: Consentiment del sol\u00b7licitant (Art. 6.1.a. RGPD). Les dades identificatives i de contacte s\u00f3n necess\u00e0ries per trametre la informaci\u00f3. El fet de no proporcionar-les pot impedir que es tramiti.\n<\/li>\n<li><strong>Destinataris<\/strong>: No es preveu comunicar dades a tercers, excepte si hagu\u00e9s una obligaci\u00f3 legal.<\/li>\n<li><strong>Drets\u202fde les persones<\/strong>: Podeu accedir a les vostres dades, sol\u00b7licitar-ne la rectificaci\u00f3 o supressi\u00f3, oposar-vos al tractament i sol\u00b7licitar-ne la limitaci\u00f3, enviant la vostra sol\u00b7licitud a trav\u00e9s d'un correu electr\u00f2nic, indicant el vostre NIF o document identificatiu equivalent a &#x70;&#x72;&#x6f;&#116;&#101;cc&#x69;&#x6f;&#x64;&#97;&#100;es&#x2e;&#x6d;&#x65;&#116;&#101;oc&#x61;&#x74;&#x40;&#103;&#101;nc&#x61;&#x74;&#x2e;&#99;&#97;t<\/li>\n<li><strong>Termini de conservaci\u00f3 de les dades<\/strong>: Les dades personals proporcionades es conservaran mentre l'interessat no en sol\u00b7liciti la supressi\u00f3. En qualsevol cas, es conservaran el temps necessari per complir amb obligacions legals<\/li>\n<li><strong>Reclamaci\u00f3<\/strong>: Si considereu que els vostres drets no s'han at\u00e8s adequadament, teniu dret a presentar una reclamaci\u00f3 adre\u00e7ada a l'APDCAT, mitjan\u00e7ant la seu electr\u00f2nica de l'Autoritat (https:\/\/seu.apd.cat) o per mitjans no electr\u00f2nics.<\/li>\n<\/ul>\n<div>\n<p><span class=\"wpcf7-form-control-wrap acceptance-545\"><span class=\"wpcf7-form-control wpcf7-acceptance\"><span class=\"wpcf7-list-item\"><input type=\"checkbox\" name=\"acceptance-545\" value=\"1\" aria-invalid=\"false\" id=\"accept\" \/><\/span><\/span><\/span> <label for=\"accept\">He llegit i accepto les condicions sobre el tractament de dades personals<\/label><\/p>\n<p><span class=\"wpcf7-form-control-wrap checkbox-178\"><span class=\"wpcf7-form-control wpcf7-checkbox\"><span class=\"wpcf7-list-item first last\"><label><input type=\"checkbox\" name=\"checkbox-178[]\" value=\"Desitjo rebre informaci\u00f3 del Meteocat per correu electr\u00f2nic\" \/><span class=\"wpcf7-list-item-label\">Desitjo rebre informaci\u00f3 del Meteocat per correu electr\u00f2nic<\/span><\/label><\/span><\/span><\/span><\/p>\n<\/fieldset>\n<p><input type=\"submit\" value=\"Enviar\" class=\"wpcf7-form-control wpcf7-submit\" \/><\/p>\n<div class=\"wpcf7-response-output\" aria-hidden=\"true\"><\/div><\/form><\/div>\n","protected":false},"excerpt":{"rendered":"<p>La \u2018Passejada meteorol\u00f2gica per Barcelona\u2019 consisteix en un recorregut -guiat pel personal t\u00e8cnic del Servei Meteorol\u00f2gic de Catalunya- a trav\u00e9s dels principals indrets de la ciutat relacionats amb la hist\u00f2ria de la s\u00e8rie clim\u00e0tica de Barcelona, iniciada l\u2019any 1780. Aquesta activitat va destinada al p\u00fablic en general i t\u00e9 una durada d\u2019una hora. Es recorren [&hellip;]<\/p>\n","protected":false},"author":5,"featured_media":0,"parent":232,"menu_order":19,"comment_status":"closed","ping_status":"closed","template":"template-sidebar.php","meta":{"_mi_skip_tracking":false,"_monsterinsights_sitenote_active":false,"_monsterinsights_sitenote_note":"","_monsterinsights_sitenote_category":0},"_links":{"self":[{"href":"https:\/\/www.meteo.cat\/wpweb\/wp-json\/wp\/v2\/pages\/43608"}],"collection":[{"href":"https:\/\/www.meteo.cat\/wpweb\/wp-json\/wp\/v2\/pages"}],"about":[{"href":"https:\/\/www.meteo.cat\/wpweb\/wp-json\/wp\/v2\/types\/page"}],"author":[{"embeddable":true,"href":"https:\/\/www.meteo.cat\/wpweb\/wp-json\/wp\/v2\/users\/5"}],"replies":[{"embeddable":true,"href":"https:\/\/www.meteo.cat\/wpweb\/wp-json\/wp\/v2\/comments?post=43608"}],"version-history":[{"count":1,"href":"https:\/\/www.meteo.cat\/wpweb\/wp-json\/wp\/v2\/pages\/43608\/revisions"}],"predecessor-version":[{"id":43609,"href":"https:\/\/www.meteo.cat\/wpweb\/wp-json\/wp\/v2\/pages\/43608\/revisions\/43609"}],"up":[{"embeddable":true,"href":"https:\/\/www.meteo.cat\/wpweb\/wp-json\/wp\/v2\/pages\/232"}],"wp:attachment":[{"href":"https:\/\/www.meteo.cat\/wpweb\/wp-json\/wp\/v2\/media?parent=43608"}],"curies":[{"name":"wp","href":"https:\/\/api.w.org\/{rel}","templated":true}]}}