{"id":43535,"date":"2025-06-18T05:00:00","date_gmt":"2025-06-18T05:00:00","guid":{"rendered":"https:\/\/www.meteo.cat\/wpweb\/?page_id=43535"},"modified":"2025-06-17T10:43:31","modified_gmt":"2025-06-17T10:43:31","slug":"recursos-educatius","status":"publish","type":"page","link":"https:\/\/www.meteo.cat\/wpweb\/serveis\/activitats-educatives\/recursos-educatius\/","title":{"rendered":"Recursos educatius"},"content":{"rendered":"\n<p id=\"block-472b1743-1375-4772-83a5-1a909cb54685\">Ets docent i vols recursos per treballar el temps i el clima?<\/p>\n\n\n\n<p id=\"block-ef98eefb-ffb9-48b5-9a57-4a69b1740df8\">Vols saber com observem el cel les dones i els homes del temps? Saps distingir un esclafit d\u2019un tornado? Sents curiositat per saber com es fa una predicci\u00f3 meteorol\u00f2gica? Vols organitzar alguna acci\u00f3 per reduir les emissions associades al canvi clim\u00e0tic a la teva escola o comunitat?<\/p>\n\n\n\n<p id=\"block-81d04661-aace-4d7e-88ea-9f1f1cbb13bd\">Aqu\u00ed trobar\u00e0s diverses propostes que t\u2019ajudaran a resoldre aquestes i&nbsp; d\u2019altres preguntes relacionades amb la meteorologia i la climatologia.<\/p>\n\n\n\n<p id=\"block-d990185a-1b0e-4cd8-83ac-8d2c9f1bbe0e\">N\u2019hi ha per triar i remenar, en diferents formats (situaci\u00f3 d\u2019aprenentatge, taller, q\u00fcestionari, joc, aprenentatge servei, webinari, maletes pedag\u00f2giques, etc&#8230;) i per a diferents nivells, des d\u2019educaci\u00f3 infantil fins a p\u00fablic en general.<\/p>\n\n\n\n<p id=\"block-bb6104f9-3692-418c-a9b1-23747f492fa0\">Tria la teva activitat per tema, per edat o per tipus d\u2019activitat.<\/p>\n\n\n\n<p id=\"block-792072ef-420f-4ff6-bc34-7c09139df263\">Si no trobes el que busques en aquesta primera proposta, envia\u2019ns un correu a <a href=\"&#109;&#x61;&#105;&#x6c;&#116;&#x6f;&#58;&#x65;&#100;&#x75;&#99;&#x61;c&#x69;o&#x2e;m&#x65;t&#x65;o&#x63;a&#116;&#x40;&#103;&#x65;&#110;&#x63;&#97;&#x74;&#46;&#x63;&#97;&#x74;\">&#101;&#x64;&#117;&#x63;&#97;&#x63;i&#x6f;&#46;&#109;&#x65;&#116;&#x65;&#111;&#x63;a&#x74;&#64;&#103;&#x65;&#110;&#x63;&#97;&#x74;&#46;&#x63;a&#x74;<\/a> i recollirem la teva idea per desenvolupar nous materials.<\/p>\n\n\n\n<nav class=\"menu_ancores\" id=\"inici\" aria-label=\"Opcions de p\u00e0gina\">\n<ul>\n<li><a href=\"\/wpweb\/serveis\/activitats-educatives\/\"><i class=\"icon-link\" aria-hidden=\"true\"><\/i>Activitats educatives<\/a><\/li>\n<li><a href=\"\/wpweb\/serveis\/recursos-educatius\/\"><i class=\"icon-link\" aria-hidden=\"true\"><\/i>Recursos educatius<\/a><\/li>\n<\/ul>\n<\/nav>\n\n\n\n<p><\/p>\n\n\n\n<div class=\"wp-block-group\"><div class=\"wp-block-group__inner-container\">\n<div class=\"wp-block-group\"><div class=\"wp-block-group__inner-container\">\n<figure class=\"wp-block-table sortable\"><table class=\"has-fixed-layout\"><thead><tr><th class=\"has-text-align-left\" data-align=\"left\">Recurs<\/th><th class=\"has-text-align-center\" data-align=\"center\"><\/th><th class=\"has-text-align-left\" data-align=\"left\">P\u00fablic<\/th><th class=\"has-text-align-left\" data-align=\"left\">Tipus de recurs<\/th><\/tr><\/thead><tbody><tr><td class=\"has-text-align-left\" data-align=\"left\"><a href=\"\/wpweb\/les-estacions\/\">Les estacions<\/a><\/td><td class=\"has-text-align-center\" data-align=\"center\"><img src=\"https:\/\/static-m.meteo.cat\/wordpresswebpre\/wp-content\/uploads\/2025\/04\/08142212\/estacions_100.jpg\" alt=\"\"><\/td><td class=\"has-text-align-left\" data-align=\"left\">Infantil<\/td><td class=\"has-text-align-left\" data-align=\"left\">P\u00f2ster<\/td><\/tr><tr><td class=\"has-text-align-left\" data-align=\"left\"><a href=\"\/wpweb\/el-temps\/\">El temps<\/a><\/td><td class=\"has-text-align-center\" data-align=\"center\"><img src=\"https:\/\/static-m.meteo.cat\/wordpressweb\/wp-content\/uploads\/2025\/04\/24080406\/el_temps_100.jpg\" alt=\"\"><\/td><td class=\"has-text-align-left\" data-align=\"left\">Infantil<\/td><td class=\"has-text-align-left\" data-align=\"left\">P\u00f2ster<\/td><\/tr><tr><td class=\"has-text-align-left\" data-align=\"left\"><a href=\"\/wpweb\/larbre-del-temps\/\">L&#8217;arbre del temps<\/a><\/td><td class=\"has-text-align-center\" data-align=\"center\"><img src=\"https:\/\/static-m.meteo.cat\/wordpresswebpre\/wp-content\/uploads\/2025\/04\/03103030\/arbre_100_100-1.jpg\" alt=\"\"><\/td><td class=\"has-text-align-left\" data-align=\"left\">Infantil<br>Cicle inicial de prim\u00e0ria<\/td><td class=\"has-text-align-left\" data-align=\"left\">P\u00f2ster<\/td><\/tr><tr><td class=\"has-text-align-left\" data-align=\"left\"><a href=\"\/wpweb\/serveis\/activitats-educatives\/guia-dobservacio-meteorologica-infantil\/\">Guia d\u2019observaci\u00f3 meteorol\u00f2gica infantil<\/a><\/td><td class=\"has-text-align-center\" data-align=\"center\"><img src=\"https:\/\/static-m.meteo.cat\/wordpressweb\/wp-content\/uploads\/2025\/04\/16115758\/guia_obs_100.jpg\" alt=\"\"><\/td><td class=\"has-text-align-left\" data-align=\"left\">Infantill<br>Prim\u00e0ria<\/td><td class=\"has-text-align-left\" data-align=\"left\">Guia<\/td><\/tr><tr><td class=\"has-text-align-left\" data-align=\"left\"><a href=\"\/wpweb\/visor-de-nuvols\/\">Visor de n\u00favols <\/a><\/td><td class=\"has-text-align-center\" data-align=\"center\"><img class=\"wp-image-34212\" style=\"width: 100px;\" src=\"https:\/\/static-m.meteo.cat\/wordpresswebpre\/wp-content\/uploads\/2025\/04\/03103332\/visor_n_100_100-1.jpg\" alt=\"\"><\/td><td class=\"has-text-align-left\" data-align=\"left\">Prim\u00e0ria<\/td><td class=\"has-text-align-left\" data-align=\"left\">Fitxa<\/td><\/tr><tr><td class=\"has-text-align-left\" data-align=\"left\"><a href=\"\/wpweb\/serveis\/activitats-educatives\/guia-fenologica-infantil\/\">Guia fenol\u00f2gica infantil<\/a><\/td><td class=\"has-text-align-center\" data-align=\"center\"><img src=\"https:\/\/static-m.meteo.cat\/wordpressweb\/wp-content\/uploads\/2025\/04\/16115801\/guia_feno_100.jpg\" alt=\"\"><\/td><td class=\"has-text-align-left\" data-align=\"left\">Prim\u00e0ria<br>ESO<\/td><td class=\"has-text-align-left\" data-align=\"left\">Guia<\/td><\/tr><\/tbody><\/table><\/figure>\n<\/div><\/div>\n<\/div><\/div>\n\n\n\n<p><\/p>\n\n\n\n<p><\/p>\n","protected":false},"excerpt":{"rendered":"<p>Ets docent i vols recursos per treballar el temps i el clima? Vols saber com observem el cel les dones i els homes del temps? Saps distingir un esclafit d\u2019un tornado? Sents curiositat per saber com es fa una predicci\u00f3 meteorol\u00f2gica? Vols organitzar alguna acci\u00f3 per reduir les emissions associades al canvi clim\u00e0tic a la [&hellip;]<\/p>\n","protected":false},"author":5,"featured_media":0,"parent":232,"menu_order":22,"comment_status":"closed","ping_status":"closed","template":"template-sidebar.php","meta":{"_mi_skip_tracking":false,"_monsterinsights_sitenote_active":false,"_monsterinsights_sitenote_note":"","_monsterinsights_sitenote_category":0},"_links":{"self":[{"href":"https:\/\/www.meteo.cat\/wpweb\/wp-json\/wp\/v2\/pages\/43535"}],"collection":[{"href":"https:\/\/www.meteo.cat\/wpweb\/wp-json\/wp\/v2\/pages"}],"about":[{"href":"https:\/\/www.meteo.cat\/wpweb\/wp-json\/wp\/v2\/types\/page"}],"author":[{"embeddable":true,"href":"https:\/\/www.meteo.cat\/wpweb\/wp-json\/wp\/v2\/users\/5"}],"replies":[{"embeddable":true,"href":"https:\/\/www.meteo.cat\/wpweb\/wp-json\/wp\/v2\/comments?post=43535"}],"version-history":[{"count":14,"href":"https:\/\/www.meteo.cat\/wpweb\/wp-json\/wp\/v2\/pages\/43535\/revisions"}],"predecessor-version":[{"id":43908,"href":"https:\/\/www.meteo.cat\/wpweb\/wp-json\/wp\/v2\/pages\/43535\/revisions\/43908"}],"up":[{"embeddable":true,"href":"https:\/\/www.meteo.cat\/wpweb\/wp-json\/wp\/v2\/pages\/232"}],"wp:attachment":[{"href":"https:\/\/www.meteo.cat\/wpweb\/wp-json\/wp\/v2\/media?parent=43535"}],"curies":[{"name":"wp","href":"https:\/\/api.w.org\/{rel}","templated":true}]}}