{"id":4337,"date":"2015-02-08T18:13:50","date_gmt":"2015-02-08T18:13:50","guid":{"rendered":"https:\/\/www.meteo.cat\/wpweb\/?page_id=4337"},"modified":"2025-04-11T11:58:17","modified_gmt":"2025-04-11T11:58:17","slug":"suport-a-la-interpretacio-dels-mapes","status":"publish","type":"page","link":"https:\/\/www.meteo.cat\/wpweb\/climatologia\/recerca-i-divulgacio\/divulgacio-clima\/suport-a-la-interpretacio-dels-mapes\/","title":{"rendered":"Suport a la interpretaci\u00f3 de la cartografia clim\u00e0tica"},"content":{"rendered":"\n<p>El Servei Meteorol\u00f2gic de Catalunya (SMC) emet peri\u00f2dicament informes i butlletins sobre l&#8217;estat del clima a Catalunya. La representaci\u00f3 cartogr\u00e0fica de diverses variables mesurades per a un determinat per\u00edode (mes, estaci\u00f3, any) ajuda a caracteritzar de manera f\u00e0cil i r\u00e0pida el comportament del clima del pa\u00eds.<\/p>\n\n\n\n<p>Hi ha dues maneres b\u00e0siques de representaci\u00f3: les variables en valor absolut o com a anomalia (o difer\u00e8ncia), respecte d&#8217;un per\u00edode de refer\u00e8ncia.<\/p>\n\n\n\n<div style=\"height:40px\" aria-hidden=\"true\" class=\"wp-block-spacer\"><\/div>\n\n\n\n<h2>Criteri per qualificar un per\u00edode com c\u00e0lid\/fred o sec\/pluj\u00f3s<\/h2>\n\n\n\n<p>En funci\u00f3 de les difer\u00e8ncies respecte de la mitjana, l&#8217;SMC utilitza un criteri per qualificar un per\u00edode des del punt de vista t\u00e8rmic o pluviom\u00e8tric:<\/p>\n\n\n\n<figure class=\"wp-block-table sortable\"><table class=\"has-fixed-layout\"><tbody><tr><th>Qualificaci\u00f3 t\u00e8rmica<\/th><th>Difer\u00e8ncia respecte de la mitjana clim\u00e0tica (\u00baC)<\/th><th>Qualificaci\u00f3 pluviom\u00e8trica<\/th><th>Difer\u00e8ncia respecte de la mitjana clim\u00e0tica (%)<\/th><\/tr><tr><td><strong>Molt c\u00e0lid<\/strong><\/td><td>&gt; 3 \u00baC<\/td><td><strong>Molt sec<\/strong><\/td><td>&lt; 30%<\/td><\/tr><tr><td><strong>C\u00e0lid <\/strong><\/td><td>entre 0,5 \u00baC i 3 \u00baC<\/td><td><strong>Sec<\/strong><\/td><td>entre 30% i 90%<\/td><\/tr><tr><td><strong>Normal<\/strong><\/td><td>entre 0,5 \u00baC i -0,5 \u00baC<\/td><td><strong>Normal<\/strong><\/td><td>entre 90% i 110%<\/td><\/tr><tr><td><strong>Fred<\/strong><\/td><td>entre -0,5 \u00baC i -3 \u00baC<\/td><td><strong>Pluj\u00f3s<\/strong><\/td><td>entre 110% i 190%<\/td><\/tr><tr><td><strong>Molt fred<\/strong><\/td><td>&lt; -3 \u00baC <\/td><td><strong>Molt pluj\u00f3s<\/strong><\/td><td>&gt; 190%<\/td><\/tr><\/tbody><\/table><\/figure>\n\n\n\n<div style=\"height:40px\" aria-hidden=\"true\" class=\"wp-block-spacer\"><\/div>\n\n\n\n<h2>Cartografia de la temperatura mitjana i de la precipitaci\u00f3<\/h2>\n\n\n\n<p>Es fonamenta en la representaci\u00f3 dels valors de temperatura mitjana i precipitaci\u00f3 acumulada durant un per\u00edode determinat. Aquest tipus de representaci\u00f3 permet posar en relleu la diversitat clim\u00e0tica del territori i el paper decisiu que hi exerceix la geografia.<\/p>\n\n\n\n<p>La figura mostra la mitjana de temperatura de la tardor de 2018 on s&#8217;aprecia la gran difer\u00e8ncia que es pot donar al pa\u00eds, amb una mitjana que pot ser de m\u00e9s de 18 \u00baC a parts de la costa, i de menys de 2 \u00baC a les parts m\u00e9s altes del Pirineu occidental.<\/p>\n\n\n\n<div class=\"wp-block-image\"><figure class=\"aligncenter size-large is-resized\"><img loading=\"lazy\" src=\"https:\/\/static-m.meteo.cat\/content\/climatologia\/cartografia\/tmm\/estacional\/2018\/png\/tmm_2018_tar_w.png\" alt=\"Mapa de Catalunya de la temperatura mitjana de la tardor del 2018 com exemple de la informaci\u00f3 cartogr\u00e0fica.\" width=\"544\" height=\"570\"><\/figure><\/div>\n\n\n\n<p>Igualment, per a la variable precipitaci\u00f3 i la mateixa tardor mostra un ampli contrast pluviom\u00e8tric, amb totals de precipitaci\u00f3 que superen els 600 mm als Ports i al Pirineu Oriental, amb d&#8217;altres que no arriben als 200 mm, com \u00e9s el cas de la depressi\u00f3 Central.<\/p>\n\n\n\n<div class=\"wp-block-image\"><figure class=\"aligncenter size-large is-resized\"><img loading=\"lazy\" src=\"https:\/\/static-m.meteo.cat\/content\/climatologia\/cartografia\/ppt\/estacional\/2018\/png\/ppt_2018_tar_w.png\" alt=\"Mapa de precipitaci\u00f3 acumulada de la tardor del 2018. En color morat es mostra els llocs amb m\u00e0xima precipitaci\u00f3. \u00c9s un exemple.\" width=\"544\" height=\"570\"><\/figure><\/div>\n\n\n\n<div style=\"height:40px\" aria-hidden=\"true\" class=\"wp-block-spacer\"><\/div>\n\n\n\n<h2>Cartografia dels valors d&#8217;anomalia<\/h2>\n\n\n\n<p>Es fonamenta en la representaci\u00f3 dels mateixos registres per\u00f2 expressats com a difer\u00e8ncia o anomalia respecte d&#8217;un per\u00edode de refer\u00e8ncia. Aquest per\u00edode de refer\u00e8ncia ha de tenir una \u00e0mplia cobertura temporal, per tal de garantir que queda ben representada la variabilitat clim\u00e0tica de cada indret i normalment sol ser de 30 anys. L&#8217;SMC utilitza els per\u00edodes 1991-2020 i 1961-1990 com a refer\u00e8ncia, tal com recomana l&#8217;Organitzaci\u00f3 Meteorol\u00f2gica Mundial (OMM).<\/p>\n\n\n\n<p>Al mapa seg\u00fcent es mostra l&#8217;anomalia de la temperatura mitjana a Catalunya per a la tardor de 2018, \u00e9s a dir, la difer\u00e8ncia entre aquesta mitjana i la d&#8217;una tardor t\u00edpica, resultant d&#8217;obtenir la mitjana de les trenta tardors, dins del per\u00edode 1991-2020. Aquesta representaci\u00f3 permet copsar r\u00e0pidament les \u00e0rees on la temperatura ha estat m\u00e9s c\u00e0lida (tons vermellosos) i m\u00e9s freda (tons blavosos), i determinar la seva magnitud.<\/p>\n\n\n\n<div class=\"wp-block-image\"><figure class=\"aligncenter size-large is-resized\"><img loading=\"lazy\" src=\"https:\/\/static-m.meteo.cat\/content\/climatologia\/cartografia\/at\/estacional\/2018\/png\/at9120_2018_tar_w.png\" alt=\"\" width=\"544\" height=\"570\"><\/figure><\/div>\n\n\n\n<p>La seg\u00fcent figura presenta l&#8217;anomalia de la precipitaci\u00f3 la mateixa tardor de 2018, expressada com a anomalia respecte de la mitjana. En aquest cas el 100% indica que aquell indret ha recollit una precipitaci\u00f3 igual a la seva mitjana, per tant, no t\u00e9 ni d\u00e8ficit ni super\u00e0vit. Si s&#8217;est\u00e0 per damunt d&#8217;aquest valor (tons verds) indicar\u00e0 que s&#8217;haur\u00e0 recollit una precipitaci\u00f3 per sobre de la mitjana i podrem qualificar el per\u00edode com a pluj\u00f3s, per contra els sectors per sota (tons marrons) hauran experimentat una precipitaci\u00f3 inferior a l&#8217;esperada.<\/p>\n\n\n\n<div class=\"wp-block-image\"><figure class=\"aligncenter size-large is-resized\"><img loading=\"lazy\" src=\"https:\/\/static-m.meteo.cat\/content\/climatologia\/cartografia\/appt\/estacional\/2018\/png\/appt9120_2018_tar_w.png\" alt=\"\" width=\"544\" height=\"570\"><\/figure><\/div>\n\n\n\n<p>Tamb\u00e9 \u00e9s possible consultar els mapes d&#8217;anomalia de la irradiaci\u00f3 solar, expressada com a difer\u00e8ncia (en %) respecte de la mitjana d&#8217;un per\u00edode clim\u00e0tic de refer\u00e8ncia m\u00e9s breu, els darrers deu anys. En aquests mapes el valor &#8220;0&#8221; s&#8217;associa a condicions iguals a la mitjana, en tons grisosos es mostren els \u00e0mbits on la irradiaci\u00f3 ha estat per sota, i en tons grogosos o ataronjats on ha estat per damunt.<\/p>\n\n\n\n<div class=\"wp-block-image\"><figure class=\"aligncenter size-large is-resized\"><img loading=\"lazy\" src=\"https:\/\/static-m.meteo.cat\/content\/climatologia\/cartografia\/ars\/estacional\/2018\/png\/ars10_2018_tar_w.png\" alt=\"\" width=\"544\" height=\"570\"><\/figure><\/div>\n\n\n\n<p><\/p>\n","protected":false},"excerpt":{"rendered":"<p>El Servei Meteorol\u00f2gic de Catalunya (SMC) emet peri\u00f2dicament informes i butlletins sobre l&#8217;estat del clima a Catalunya. La representaci\u00f3 cartogr\u00e0fica de diverses variables mesurades per a un determinat per\u00edode (mes, estaci\u00f3, any) ajuda a caracteritzar de manera f\u00e0cil i r\u00e0pida el comportament del clima del pa\u00eds. Hi ha dues maneres b\u00e0siques de representaci\u00f3: les variables [&hellip;]<\/p>\n","protected":false},"author":7,"featured_media":0,"parent":6745,"menu_order":1,"comment_status":"closed","ping_status":"closed","template":"template-sidebar.php","meta":{"_mi_skip_tracking":false,"_monsterinsights_sitenote_active":false,"_monsterinsights_sitenote_note":"","_monsterinsights_sitenote_category":0},"_links":{"self":[{"href":"https:\/\/www.meteo.cat\/wpweb\/wp-json\/wp\/v2\/pages\/4337"}],"collection":[{"href":"https:\/\/www.meteo.cat\/wpweb\/wp-json\/wp\/v2\/pages"}],"about":[{"href":"https:\/\/www.meteo.cat\/wpweb\/wp-json\/wp\/v2\/types\/page"}],"author":[{"embeddable":true,"href":"https:\/\/www.meteo.cat\/wpweb\/wp-json\/wp\/v2\/users\/7"}],"replies":[{"embeddable":true,"href":"https:\/\/www.meteo.cat\/wpweb\/wp-json\/wp\/v2\/comments?post=4337"}],"version-history":[{"count":56,"href":"https:\/\/www.meteo.cat\/wpweb\/wp-json\/wp\/v2\/pages\/4337\/revisions"}],"predecessor-version":[{"id":43047,"href":"https:\/\/www.meteo.cat\/wpweb\/wp-json\/wp\/v2\/pages\/4337\/revisions\/43047"}],"up":[{"embeddable":true,"href":"https:\/\/www.meteo.cat\/wpweb\/wp-json\/wp\/v2\/pages\/6745"}],"wp:attachment":[{"href":"https:\/\/www.meteo.cat\/wpweb\/wp-json\/wp\/v2\/media?parent=4337"}],"curies":[{"name":"wp","href":"https:\/\/api.w.org\/{rel}","templated":true}]}}