{"id":43192,"date":"2025-05-05T09:24:07","date_gmt":"2025-05-05T09:24:07","guid":{"rendered":"https:\/\/www.meteo.cat\/wpweb\/?page_id=43192"},"modified":"2025-05-06T09:23:02","modified_gmt":"2025-05-06T09:23:02","slug":"prediccio-mensual","status":"publish","type":"page","link":"https:\/\/www.meteo.cat\/wpweb\/divulgacio\/la-prediccio-meteorologica\/prediccio-mensual\/","title":{"rendered":"Predicci\u00f3 mensual"},"content":{"rendered":"\n<p>Les prediccions mensuals estan dissenyades per calcular les desviacions o anomalies (respecte a la mitjana clim\u00e0tica) de la temperatura i la precipitaci\u00f3 en un mes determinat.<\/p>\n\n\n\n<p>Aquestes prediccions s\u00f3n possibles perqu\u00e8 alguns components del sistema terra-atmosfera evolucionen de forma m\u00e9s lenta i s\u00f3n m\u00e9s predictibles que d\u2019altres, com ara els patrons de temperatura superficial de l\u2019aigua del mar, el contingut d\u2019aigua del subsol o els processos de l\u2019estratosfera.<\/p>\n\n\n\n<div style=\"height:20px\" aria-hidden=\"true\" class=\"wp-block-spacer\"><\/div>\n\n\n\n<h2>Com s\u2019elaboren les prediccions mensuals?<\/h2>\n\n\n\n<p>A l\u2019inici de cada mes, comencen els c\u00e0lculs del Sistema de Predicci\u00f3 Estacional del Centre Europeu de Prediccions Meteorol\u00f2giques a Mitj\u00e0 Termini (<a href=\"https:\/\/www.ecmwf.int\/\">ECMWF<\/a>), conegut com a SEAS5.<\/p>\n\n\n\n<p>Es fa servir una versi\u00f3 m\u00e9s senzilla del model de predicci\u00f3, amb una resoluci\u00f3 espacial m\u00e9s baixa (36 km) que la del model a curt i mitj\u00e0 termini (9 km). La predicci\u00f3 s\u2019allarga fins a 7 mesos, tot i que quatre cops a l\u2019any es fa arribar fins als 13 mesos.<\/p>\n\n\n\n<p>El sistema de predicci\u00f3 estacional tamb\u00e9 \u00e9s un <a href=\"https:\/\/www.meteo.cat\/wpweb\/divulgacio\/la-prediccio-meteorologica\/prediccio-per-conjunts\/\">sistema de predicci\u00f3 per conjunts<\/a>; aix\u00ed, s\u2019apliquen pertorbacions a les condicions inicials i al model fins a obtenir 50 simulacions d\u2019aquest per\u00edode de 7 o 13 mesos.<\/p>\n\n\n\n<p>Finalment, el que es mostra als mapes s\u00f3n les difer\u00e8ncies entre els valors mitjans del sistema de predicci\u00f3 i la mitjana de les rean\u00e0lisis dels models entre 1993 i 2016 pel mes en q\u00fcesti\u00f3.<\/p>\n\n\n\n<div style=\"height:20px\" aria-hidden=\"true\" class=\"wp-block-spacer\"><\/div>\n\n\n\n<h2>Com s\u2019han d\u2019interpretar les prediccions?<\/h2>\n\n\n\n<p>Els <strong>mapes d\u2019anomalia de temperatura<\/strong> mostren les \u00e0rees on el sistema de pron\u00f2stic calcula que la temperatura sigui m\u00e9s baixa (tons blaus, valors negatius) o m\u00e9s alta (tons vermells, valors positius) respecte a la mitjana clim\u00e0tica del model.<\/p>\n\n\n\n<p>Els <strong>mapes d\u2019anomalia de precipitaci\u00f3<\/strong> permeten visualitzar f\u00e0cilment les zones on el sistema de pron\u00f2stic preveu menys precipitaci\u00f3 (tons vermells) o m\u00e9s precipitaci\u00f3 (tons blaus) respecte a la mitjana clim\u00e0tica del model.<\/p>\n\n\n\n<p>D\u2019aquesta manera, les \u00e0rees en color blanc indiquen que el sistema de pron\u00f2stic determina que les condicions meteorol\u00f2giques seran similars a les de la mitjana clim\u00e0tica del model. Aix\u00f2 pot passar si la majoria de les simulacions preveuen aquest escenari de normalitat clim\u00e0tica, per\u00f2 tamb\u00e9 si hi ha molta incertesa en la predicci\u00f3 i els c\u00e0lculs de les diferents simulacions donen escenaris contraposats. A banda d\u2019aix\u00f2, a mesura que augmenta l\u2019horitz\u00f3 de pron\u00f2stic, el sistema de predicci\u00f3 tamb\u00e9 tendir\u00e0 a reproduir la seva pr\u00f2pia climatologia, amb la conseg\u00fcent p\u00e8rdua d\u2019habilitat predictiva.<\/p>\n\n\n\n<div style=\"height:20px\" aria-hidden=\"true\" class=\"wp-block-spacer\"><\/div>\n\n\n\n<h2>La fiabilitat de les prediccions mensuals<\/h2>\n\n\n\n<p>L\u2019encert de les prediccions mensuals \u00e9s t\u00edpicament m\u00e9s alt a les regions tropicals que no pas a les nostres latituds. Aquest aspecte cal tenir-lo molt present a l\u2019hora d\u2019interpretar les prediccions.<\/p>\n\n\n\n<p>Els mapes seg\u00fcents serveixen per verificar l\u2019habilitat del sistema SEAS5 per a pronosticar l\u2019anomalia de temperatura i de precipitaci\u00f3 pel mes de maig, fent la predicci\u00f3 a principis d\u2019abril.<\/p>\n\n\n\n<div class=\"wp-block-columns\">\n<div class=\"wp-block-column\">\n<div class=\"wp-block-image\"><figure class=\"aligncenter size-large is-resized\"><a href=\"https:\/\/static-m.meteo.cat\/wordpressweb\/wp-content\/uploads\/2025\/05\/05102520\/Abril_maig.t2m.corr_.png\"><img src=\"https:\/\/static-m.meteo.cat\/wordpressweb\/wp-content\/uploads\/2025\/05\/05102520\/Abril_maig.t2m.corr_-1024x569.png\" alt=\"Mapa de tot el m\u00f3n amb els valors de la correlaci\u00f3 de la verificaci\u00f3 de la temperatura\" class=\"wp-image-43204\" width=\"800\"\/><\/a><figcaption>Verificaci\u00f3 de la temperatura a 2m<\/figcaption><\/figure><\/div>\n<\/div>\n\n\n\n<div class=\"wp-block-column\">\n<div class=\"wp-block-image\"><figure class=\"aligncenter size-large is-resized\"><a href=\"https:\/\/static-m.meteo.cat\/wordpressweb\/wp-content\/uploads\/2025\/05\/05102518\/Abril_maig.tp_.corr_.png\"><img src=\"https:\/\/static-m.meteo.cat\/wordpressweb\/wp-content\/uploads\/2025\/05\/05102518\/Abril_maig.tp_.corr_-1024x569.png\" alt=\"Mapa de tot el m\u00f3n amb els valors de la correlaci\u00f3 de la verificaci\u00f3 de la precipitaci\u00f3\" class=\"wp-image-43203\" width=\"800\"\/><\/a><figcaption>Verificaci\u00f3 de la precipitaci\u00f3<\/figcaption><\/figure><\/div>\n<\/div>\n<\/div>\n\n\n\n<p>Els colors mostren la correlaci\u00f3 entre l\u2019anomalia prevista i l\u2019observada, de manera que els valors propers a 1 (amb tonalitats de taronja o vermell) signifiquen que l\u2019encert \u00e9s bo mentre que els valors baixos (tons grocs i blaus) indiquen que les previsions mensuals no aporten informaci\u00f3 rellevant en comparaci\u00f3 a la que podem obtenir consultant la climatologia.<\/p>\n\n\n\n<p>Tal com es pot veure als mapes, el sistema de predicci\u00f3 t\u00e9, en general, molt m\u00e9s encert a les zones tropicals que no pas a latituds mitjanes, tant en la temperatura com en la precipitaci\u00f3. I si ens fixem en Europa occidental, podem veure que el sistema t\u00e9 un cert grau d\u2019encert en l\u2019anomalia prevista de temperatura, per\u00f2, en la de precipitaci\u00f3, no aconsegueix millorar la informaci\u00f3 que podem extreure de la climatologia pr\u00f2pia del mes d&#8217;abril.<\/p>\n\n\n\n<div style=\"height:20px\" aria-hidden=\"true\" class=\"wp-block-spacer\"><\/div>\n","protected":false},"excerpt":{"rendered":"<p>Les prediccions mensuals estan dissenyades per calcular les desviacions o anomalies (respecte a la mitjana clim\u00e0tica) de la temperatura i la precipitaci\u00f3 en un mes determinat. Aquestes prediccions s\u00f3n possibles perqu\u00e8 alguns components del sistema terra-atmosfera evolucionen de forma m\u00e9s lenta i s\u00f3n m\u00e9s predictibles que d\u2019altres, com ara els patrons de temperatura superficial de [&hellip;]<\/p>\n","protected":false},"author":5,"featured_media":0,"parent":128,"menu_order":3,"comment_status":"closed","ping_status":"closed","template":"","meta":{"_mi_skip_tracking":false,"_monsterinsights_sitenote_active":false,"_monsterinsights_sitenote_note":"","_monsterinsights_sitenote_category":0},"_links":{"self":[{"href":"https:\/\/www.meteo.cat\/wpweb\/wp-json\/wp\/v2\/pages\/43192"}],"collection":[{"href":"https:\/\/www.meteo.cat\/wpweb\/wp-json\/wp\/v2\/pages"}],"about":[{"href":"https:\/\/www.meteo.cat\/wpweb\/wp-json\/wp\/v2\/types\/page"}],"author":[{"embeddable":true,"href":"https:\/\/www.meteo.cat\/wpweb\/wp-json\/wp\/v2\/users\/5"}],"replies":[{"embeddable":true,"href":"https:\/\/www.meteo.cat\/wpweb\/wp-json\/wp\/v2\/comments?post=43192"}],"version-history":[{"count":12,"href":"https:\/\/www.meteo.cat\/wpweb\/wp-json\/wp\/v2\/pages\/43192\/revisions"}],"predecessor-version":[{"id":43228,"href":"https:\/\/www.meteo.cat\/wpweb\/wp-json\/wp\/v2\/pages\/43192\/revisions\/43228"}],"up":[{"embeddable":true,"href":"https:\/\/www.meteo.cat\/wpweb\/wp-json\/wp\/v2\/pages\/128"}],"wp:attachment":[{"href":"https:\/\/www.meteo.cat\/wpweb\/wp-json\/wp\/v2\/media?parent=43192"}],"curies":[{"name":"wp","href":"https:\/\/api.w.org\/{rel}","templated":true}]}}