{"id":41084,"date":"2024-07-25T11:11:12","date_gmt":"2024-07-25T11:11:12","guid":{"rendered":"https:\/\/www.meteo.cat\/wpweb\/?page_id=41084"},"modified":"2024-11-07T16:10:43","modified_gmt":"2024-11-07T16:10:43","slug":"bustia-interna-dalertes","status":"publish","type":"page","link":"https:\/\/www.meteo.cat\/wpweb\/transparencia-i-bon-govern\/organitzacio\/bustia-interna-dalertes\/","title":{"rendered":"B\u00fastia interna d&#8217;alertes"},"content":{"rendered":"\n<div class=\"wp-block-image is-style-default\"><figure class=\"aligncenter size-large\"><a href=\"https:\/\/static-m.meteo.cat\/wordpresswebpre\/wp-content\/uploads\/2024\/07\/10062127\/esquema-bustia-etica-scaled.jpg\"><img src=\"https:\/\/static-m.meteo.cat\/wordpressweb\/wp-content\/uploads\/2024\/07\/17160345\/esquema-bustia-etica.jpg\" alt=\"Mostra els passos a fer si tens coneixement d'una mala praxi i vols comunicar-ho. En aquest cas l'aplicaci\u00f3 garanteix la confidencialitat i permet den\u00fancies an\u00f2nimes. A m\u00e9s pots fer que s'investigui el cas i aix\u00ed contribuir al compliment de la integritat en el sector p\u00fablic. Tamb\u00e9 podr\u00e0s fer el seguiment de la comunicaci\u00f3 a trav\u00e9s d'un canal segur.\"\/><\/a><\/figure><\/div>\n\n\n\n<p>La b\u00fastia interna d\u2019alertes del Servei Meteorol\u00f2gic de Catalunya \u00e9s un canal electr\u00f2nic segur que permet a qualsevol persona informar de forma an\u00f2nima o amb identificaci\u00f3 mitjan\u00e7ant una tramesa electr\u00f2nica les males practiques o conductes irregulars al Servei Meteorol\u00f2gic de Catalunya i que disposi de sospites fonamentades.<\/p>\n\n\n\n<div style=\"height:20px\" aria-hidden=\"true\" class=\"wp-block-spacer\"><\/div>\n\n\n\n<h2>Vies de comunicaci\u00f3<\/h2>\n\n\n\n<p>Si tens coneixement d\u2019una mala pr\u00e0ctica al SMC pots comunicar-ho per diferents vies:<\/p>\n\n\n\n<ul><li>La <strong>b\u00fastia interna d\u2019alertes <\/strong>garanteix la confidencialitat i permet l\u2019anonimat de les comunicacions durant tot el proc\u00e9s. \u00c9s el canal recomanat i preferent, donat que admet la presentaci\u00f3 de les comunicacions per escrit, verbalment o presencialment i es podr\u00e0 fer el seguiment mitjan\u00e7ant un canal segur.<\/li><li>Correu postal o presencialment mitjan\u00e7ant el <strong>registre d\u2019entrada<\/strong> de documents del SMC, sempre ser\u00e0 amb identificaci\u00f3 de l\u2019informant i l\u2019escrit es remetr\u00e0 immediatament al responsable del sistema. El remitent ha de fer constar en el sobre \u201cB\u00fastia interna d\u2019alertadors Servei Meteorol\u00f2gic de Catalunya\u201d i caldr\u00e0 incloure un lloc segur a efectes de rebre les notificacions.<\/li><\/ul>\n\n\n\n<div style=\"height:20px\" aria-hidden=\"true\" class=\"wp-block-spacer\"><\/div>\n\n\n\n<h2>Quina via utilitzar?<\/h2>\n\n\n\n<p>Si ets una <strong>persona f\u00edsica amb una relaci\u00f3 laboral, professional o de servei amb el Servei Meteorol\u00f2gic de Catalunya<\/strong>, tant si aquesta vinculaci\u00f3 \u00e9s permanent com temporal, remunerada o no, o passada, present o previsiblement futura o ets una persona que per contacte amb les anteriors puguis con\u00e8ixer la conducta o el fet, utilitza aquest enlla\u00e7:<\/p>\n\n\n\n<ul><li><a href=\"https:\/\/meteo.bustiaetica.seu-e.cat\/\">Acc\u00e9s a la b\u00fastia interna d\u2019alertes<\/a><\/li><\/ul>\n\n\n\n<p>En qualsevol altre cas et pots adre\u00e7ar a la <strong>b\u00fastia de l&#8217;Oficina Antifrau<\/strong>.<\/p>\n\n\n\n<ul><li><a href=\"https:\/\/www.antifrau.cat\/ca\/comunicacions-anonimes\" target=\"_blank\" rel=\"noreferrer noopener nofollow\">Acc\u00e9s a la b\u00fastia de l&#8217;Oficina Antifrau<\/a><\/li><\/ul>\n\n\n\n<div style=\"height:20px\" aria-hidden=\"true\" class=\"wp-block-spacer\"><\/div>\n\n\n\n<h2 class=\"taula-continguts-titol\">Enlla\u00e7os relacionats<\/h2>\n\n\n\n<ul class=\"taula-continguts\"><li><a rel=\"noreferrer noopener\" href=\"https:\/\/static-m.meteo.cat\/wordpressweb\/wp-content\/uploads\/2024\/07\/09115121\/Instruccio-SIA-09.05.24.pdf\" target=\"_blank\">Instrucci\u00f3 sistema alertes SMC<\/a> (PDF)<\/li><li><a href=\"https:\/\/static-m.meteo.cat\/wordpressweb\/wp-content\/uploads\/2024\/07\/17160532\/Certificat-SIA-Organ-responsable.pdf\" target=\"_blank\" rel=\"noreferrer noopener\">Nomenament de l&#8217;organ responsable del Sistema Intern d\u2019Alertes<\/a> (PDF)<\/li><\/ul>\n\n\n\n<p><\/p>\n","protected":false},"excerpt":{"rendered":"<p>La b\u00fastia interna d\u2019alertes del Servei Meteorol\u00f2gic de Catalunya \u00e9s un canal electr\u00f2nic segur que permet a qualsevol persona informar de forma an\u00f2nima o amb identificaci\u00f3 mitjan\u00e7ant una tramesa electr\u00f2nica les males practiques o conductes irregulars al Servei Meteorol\u00f2gic de Catalunya i que disposi de sospites fonamentades. Vies de comunicaci\u00f3 Si tens coneixement d\u2019una mala [&hellip;]<\/p>\n","protected":false},"author":5,"featured_media":0,"parent":8648,"menu_order":0,"comment_status":"closed","ping_status":"closed","template":"","meta":{"_mi_skip_tracking":false,"_monsterinsights_sitenote_active":false,"_monsterinsights_sitenote_note":"","_monsterinsights_sitenote_category":0},"_links":{"self":[{"href":"https:\/\/www.meteo.cat\/wpweb\/wp-json\/wp\/v2\/pages\/41084"}],"collection":[{"href":"https:\/\/www.meteo.cat\/wpweb\/wp-json\/wp\/v2\/pages"}],"about":[{"href":"https:\/\/www.meteo.cat\/wpweb\/wp-json\/wp\/v2\/types\/page"}],"author":[{"embeddable":true,"href":"https:\/\/www.meteo.cat\/wpweb\/wp-json\/wp\/v2\/users\/5"}],"replies":[{"embeddable":true,"href":"https:\/\/www.meteo.cat\/wpweb\/wp-json\/wp\/v2\/comments?post=41084"}],"version-history":[{"count":3,"href":"https:\/\/www.meteo.cat\/wpweb\/wp-json\/wp\/v2\/pages\/41084\/revisions"}],"predecessor-version":[{"id":41726,"href":"https:\/\/www.meteo.cat\/wpweb\/wp-json\/wp\/v2\/pages\/41084\/revisions\/41726"}],"up":[{"embeddable":true,"href":"https:\/\/www.meteo.cat\/wpweb\/wp-json\/wp\/v2\/pages\/8648"}],"wp:attachment":[{"href":"https:\/\/www.meteo.cat\/wpweb\/wp-json\/wp\/v2\/media?parent=41084"}],"curies":[{"name":"wp","href":"https:\/\/api.w.org\/{rel}","templated":true}]}}