{"id":41077,"date":"2024-07-25T11:05:07","date_gmt":"2024-07-25T11:05:07","guid":{"rendered":"https:\/\/www.meteo.cat\/wpweb\/?page_id=41077"},"modified":"2024-07-25T11:05:08","modified_gmt":"2024-07-25T11:05:08","slug":"director-o-directora","status":"publish","type":"page","link":"https:\/\/www.meteo.cat\/wpweb\/transparencia-i-bon-govern\/organitzacio\/director-o-directora\/","title":{"rendered":"Director o Directora"},"content":{"rendered":"\n<p id=\"1172280_text\">El director o directora del Servei Meteorol\u00f2gic de Catalunya \u00e9s l\u2019\u00f2rgan executiu de l\u2019entitat i li correspon de dirigir-la i representar-la.<\/p>\n\n\n\n<p>El director o directora del Servei Meteorol\u00f2gic de Catalunya \u00e9s nomenat pel Govern, a proposta del conseller o consellera de Medi Ambient.<\/p>\n\n\n\n<p>Correspon al director o directora del Servei Meteorol\u00f2gic de Catalunya:<\/p>\n\n\n\n<ul><li>Executar els acords del Consell d\u2019Administraci\u00f3.<\/li><li>Presentar anualment al Consell d\u2019Administraci\u00f3 les propostes de programes d\u2019actuaci\u00f3, d\u2019inversi\u00f3 i de finan\u00e7ament, els balan\u00e7os i la mem\u00f2ria.<\/li><li>Presentar al Consell d\u2019Administraci\u00f3 la proposta de preus p\u00fablics i de taxes.<\/li><li>Exercir les funcions d\u2019\u00f2rgan de contractaci\u00f3 del Servei.<\/li><li>Autoritzar despeses amb c\u00e0rrec als cr\u00e8dits pressupostaris del Servei, dins els l\u00edmits pressupostaris que determinin els seus estatuts.<\/li><li>Dirigir, organitzar i gestionar l\u2019activitat del Servei.<\/li><li>Dirigir i organitzar el personal del Servei.<\/li><li>Qualsevol altra funci\u00f3 que li delegui el Consell d\u2019Administraci\u00f3 o que no sigui atribu\u00efda expressament a cap altre \u00f2rgan.<\/li><\/ul>\n\n\n\n<p><\/p>\n","protected":false},"excerpt":{"rendered":"<p>El director o directora del Servei Meteorol\u00f2gic de Catalunya \u00e9s l\u2019\u00f2rgan executiu de l\u2019entitat i li correspon de dirigir-la i representar-la. El director o directora del Servei Meteorol\u00f2gic de Catalunya \u00e9s nomenat pel Govern, a proposta del conseller o consellera de Medi Ambient. Correspon al director o directora del Servei Meteorol\u00f2gic de Catalunya: Executar els [&hellip;]<\/p>\n","protected":false},"author":5,"featured_media":0,"parent":8648,"menu_order":0,"comment_status":"closed","ping_status":"closed","template":"template-sidebar.php","meta":{"_mi_skip_tracking":false,"_monsterinsights_sitenote_active":false,"_monsterinsights_sitenote_note":"","_monsterinsights_sitenote_category":0},"_links":{"self":[{"href":"https:\/\/www.meteo.cat\/wpweb\/wp-json\/wp\/v2\/pages\/41077"}],"collection":[{"href":"https:\/\/www.meteo.cat\/wpweb\/wp-json\/wp\/v2\/pages"}],"about":[{"href":"https:\/\/www.meteo.cat\/wpweb\/wp-json\/wp\/v2\/types\/page"}],"author":[{"embeddable":true,"href":"https:\/\/www.meteo.cat\/wpweb\/wp-json\/wp\/v2\/users\/5"}],"replies":[{"embeddable":true,"href":"https:\/\/www.meteo.cat\/wpweb\/wp-json\/wp\/v2\/comments?post=41077"}],"version-history":[{"count":1,"href":"https:\/\/www.meteo.cat\/wpweb\/wp-json\/wp\/v2\/pages\/41077\/revisions"}],"predecessor-version":[{"id":41079,"href":"https:\/\/www.meteo.cat\/wpweb\/wp-json\/wp\/v2\/pages\/41077\/revisions\/41079"}],"up":[{"embeddable":true,"href":"https:\/\/www.meteo.cat\/wpweb\/wp-json\/wp\/v2\/pages\/8648"}],"wp:attachment":[{"href":"https:\/\/www.meteo.cat\/wpweb\/wp-json\/wp\/v2\/media?parent=41077"}],"curies":[{"name":"wp","href":"https:\/\/api.w.org\/{rel}","templated":true}]}}