{"id":40434,"date":"2024-05-22T14:01:31","date_gmt":"2024-05-22T14:01:31","guid":{"rendered":"https:\/\/www.meteo.cat\/wpweb\/?page_id=40434"},"modified":"2025-12-15T11:26:24","modified_gmt":"2025-12-15T11:26:24","slug":"app-meteocat","status":"publish","type":"page","link":"https:\/\/www.meteo.cat\/wpweb\/serveis\/cataleg-de-serveis\/serveis-oberts\/app-meteocat\/","title":{"rendered":"Aplicaci\u00f3 Meteocat"},"content":{"rendered":"\n<p>L\u2019app&nbsp;meteocat, \u00e9s l&#8217;aplicaci\u00f3 per a dispositius m\u00f2bils del Servei Meteorol\u00f2gic de Catalunya (SMC), que permet consultar el temps actual i el previst al teu municipi, i rebre notificacions de Situacions&nbsp;Meteorol\u00f2giques de Perill.&nbsp;\u200b\u00c9s gratu\u00efta i est\u00e0 disponible en catal\u00e0, castell\u00e0 i angl\u00e8s.\u200b <\/p>\n\n\n\n<h2 class=\"taula-continguts-titol\" id=\"taula_continguts\">Desc\u00e0rrega<\/h2>\n\n\n\n<ul class=\"taula-continguts\"><li><a rel=\"noreferrer noopener\" href=\"https:\/\/apps.apple.com\/es\/app\/meteocat\/id6477286914?l=ca-ES\" target=\"_blank\">Desc\u00e0rrega de l&#8217;App Store (per a iOS)<\/a><\/li><li><a rel=\"noreferrer noopener\" href=\"https:\/\/play.google.com\/store\/apps\/details?id=cat.gencat.mobi.meteocat\" target=\"_blank\">Desc\u00e0rrega a Google Play (per a Android)<\/a><\/li><\/ul>\n\n\n\n<div style=\"height:50px\" aria-hidden=\"true\" class=\"wp-block-spacer\"><\/div>\n\n\n\n<h2>Descripci\u00f3 de l&#8217;App<\/h2>\n\n\n\n<figure class=\"wp-block-image size-large\"><img src=\"https:\/\/static-m.meteo.cat\/wordpressweb\/wp-content\/uploads\/2025\/12\/15110910\/bloc_apps_web_ca_202512.png\" alt=\"4 captures de pantalla de l'app: apartat el temps, pluja, avisos i configura.\n\"\/><\/figure>\n\n\n\n<div style=\"height:30px\" aria-hidden=\"true\" class=\"wp-block-spacer\"><\/div>\n\n\n\n<h3 class=\"wp-block-heading\">1. Apartat &#8216;el Temps&#8217;<\/h3>\n\n\n\n<p>A la primera pantalla clicant a la lupa pots buscar el municipi d&#8217;on vols veure el temps. Amb l&#8217;estrella selecciones els teus municipis favorits i prement la icona d&#8217;ubicaci\u00f3 es mostrar\u00e0 la informaci\u00f3 del lloc on et trobes.<\/p>\n\n\n\n<p>En aquesta pantalla consultes:<\/p>\n\n\n\n<ul><li>Els avisos meteorol\u00f2gics de perill de la comarca del municipi<\/li><li>El temps actual a trav\u00e9s del s\u00edmbol de l&#8217;estat del cel i la temperatura<\/li><li>El resum del dia a trav\u00e9s de les dades de l&#8217;estaci\u00f3 m\u00e9s pr\u00f2xima<\/li><li>La predicci\u00f3 dels 3 dies vinents hora a hora (estat del cel, temperatura, precipitaci\u00f3, ratxa de vent, \u00edndex ultraviolat i humitat relativa)<\/li><li>Resum de la predicci\u00f3 dels seg\u00fcents dies de la setmana.<\/li><\/ul>\n\n\n\n<p>Al final de la p\u00e0gina trobar\u00e0s enlla\u00e7os externs a altres informacions d&#8217;inter\u00e8s i l&#8217;apartat sobre meteocat on facilitem les dades de contacte, acc\u00e9s als canals digitals i informaci\u00f3 sobre l&#8217;app, pots canviar l&#8217;idioma, consultar l&#8217;av\u00eds legal, pol\u00edtica de privacitat, declaraci\u00f3 d&#8217;accessibilitat i valorar l&#8217;app a les botigues corresponents. <\/p>\n\n\n\n<div style=\"height:100px\" aria-hidden=\"true\" class=\"wp-block-spacer\"><\/div>\n\n\n\n<h3 class=\"wp-block-heading\">2. Apartat &#8216;Pluja&#8217;<\/h3>\n\n\n\n<p>A l\u2019apartat de pluja es mostren diferents capes:<\/p>\n\n\n\n<ul><li>Imatges de la xarxa de radars de la darrera hora i pots activar o desactivar la visualitzaci\u00f3 de la predicci\u00f3 de la precipitaci\u00f3 a Catalunya.<\/li><li>Superposici\u00f3 de les imatges radar amb els llamps durant els 6 minuts anterior a la imatge de radar.<\/li><li>Imatges del producte pluja o neu de la darrera hora.<\/li><\/ul>\n\n\n\n<p>Cada una de les capes disposa de la seva llegenda per interpretar correctament el producte.<\/p>\n\n\n\n<div style=\"height:100px\" aria-hidden=\"true\" class=\"wp-block-spacer\"><\/div>\n\n\n\n<h3 class=\"wp-block-heading\">3. Apartat &#8216;Avisos&#8217;<\/h3>\n\n\n\n<p>Es mostren les Situacions Meteorol\u00f2giques de Perill (SMP) de la comarca del municipi que s&#8217;ha escollit. Tamb\u00e9 es poden buscar altres comarques.<\/p>\n\n\n\n<p>Cada av\u00eds es pot veure en detall clicant la icona. Es facilita el grau de perill, el llindar i l\u2019evoluci\u00f3 a la comarca i a Catalunya.<\/p>\n\n\n\n<div style=\"height:100px\" aria-hidden=\"true\" class=\"wp-block-spacer\"><\/div>\n\n\n\n<h3 class=\"wp-block-heading\">4. Apartat &#8216;Configura&#8217;<\/h3>\n\n\n\n<div class=\"wp-block-columns\">\n<div class=\"wp-block-column\">\n<p>A l&#8217;aplicaci\u00f3 pots configurar notificacions dels avisos de Situaci\u00f3 Meteorol\u00f2gica de Perill i de les dades de les estacions.<\/p>\n\n\n\n<p>Per activar les notificacions dels avisos has d&#8217;indicar una o diverses comarques, un o diversos meteors i el nivell de perill. Cada notificaci\u00f3 la pots editar o eliminar segons el teu inter\u00e8s. <\/p>\n\n\n\n<p>Per a les notificacions d&#8217;estacions busca un municipi i et proposarem les estacions pr\u00f2ximes, selecciona&#8217;n una, i de quines variables i llindars vols rebre la notificaci\u00f3. Actualment pots indicar temperatura m\u00ednima, m\u00e0xima, precipitaci\u00f3 acumulada durant el dia i ratxa de vent m\u00e0xima. <\/p>\n\n\n\n<div style=\"height:100px\" aria-hidden=\"true\" class=\"wp-block-spacer\"><\/div>\n\n\n\n<h2 class=\"wp-block-heading\">5. Giny<\/h2>\n\n\n\n<p>Tamb\u00e9 pots activar el giny associat que et mostra el temps actual a trav\u00e9s de la icona de l&#8217;estat del cel i de la temperatura del municipi que tens a l&#8217;app.<\/p>\n\n\n\n<div class=\"wp-block-image size-large\"><figure class=\"alignleft\"><img src=\"https:\/\/static-m.meteo.cat\/wordpressweb\/wp-content\/uploads\/2024\/05\/27113801\/widget-ca.png\" alt=\"Captura de pantalla del widget en el m\u00f2bil.\"\/><\/figure><\/div>\n\n\n\n<p><\/p>\n<\/div>\n<\/div>\n\n\n\n<div style=\"height:100px\" aria-hidden=\"true\" class=\"wp-block-spacer\"><\/div>\n\n\n\n<h2 class=\"wp-block-heading taula-continguts-titol\" id=\"taula_continguts\">Enlla\u00e7os relacionats<\/h2>\n\n\n\n<ul class=\"wp-block-list taula-continguts\"><li><a href=\"\/wpweb\/serveis\/cataleg-de-serveis\/serveis-oberts\/app-meteocat\/avis-legal-de-lapp\/\">Av\u00eds legal de l&#8217;app<\/a><\/li><li><a href=\"\/wpweb\/serveis\/cataleg-de-serveis\/serveis-oberts\/app-meteocat\/politica-de-privacitat-de-lapp\/\">Pol\u00edtica de privacitat de l&#8217;app<\/a><\/li><li><a href=\"\/wpweb\/serveis\/cataleg-de-serveis\/serveis-oberts\/app-meteocat\/declaracio-daccessibilitat-de-lapp-ios\/\">Declaraci\u00f3 d&#8217;accessibilitat (iOS)<\/a><\/li><li><a href=\"\/wpweb\/serveis\/cataleg-de-serveis\/serveis-oberts\/app-meteocat\/declaracio-daccessibilitat-de-lapp-android\/\">Declaraci\u00f3 d&#8217;accessibilitat (Android)<\/a><\/li><\/ul>\n\n\n\n<p>\u200b<\/p>\n","protected":false},"excerpt":{"rendered":"<p>L\u2019app&nbsp;meteocat, \u00e9s l&#8217;aplicaci\u00f3 per a dispositius m\u00f2bils del Servei Meteorol\u00f2gic de Catalunya (SMC), que permet consultar el temps actual i el previst al teu municipi, i rebre notificacions de Situacions&nbsp;Meteorol\u00f2giques de Perill.&nbsp;\u200b\u00c9s gratu\u00efta i est\u00e0 disponible en catal\u00e0, castell\u00e0 i angl\u00e8s.\u200b Desc\u00e0rrega Desc\u00e0rrega de l&#8217;App Store (per a iOS) Desc\u00e0rrega a Google Play (per a [&hellip;]<\/p>\n","protected":false},"author":1,"featured_media":0,"parent":13480,"menu_order":0,"comment_status":"closed","ping_status":"closed","template":"template-sidebar.php","meta":{"_mi_skip_tracking":false,"_monsterinsights_sitenote_active":false,"_monsterinsights_sitenote_note":"","_monsterinsights_sitenote_category":0},"_links":{"self":[{"href":"https:\/\/www.meteo.cat\/wpweb\/wp-json\/wp\/v2\/pages\/40434"}],"collection":[{"href":"https:\/\/www.meteo.cat\/wpweb\/wp-json\/wp\/v2\/pages"}],"about":[{"href":"https:\/\/www.meteo.cat\/wpweb\/wp-json\/wp\/v2\/types\/page"}],"author":[{"embeddable":true,"href":"https:\/\/www.meteo.cat\/wpweb\/wp-json\/wp\/v2\/users\/1"}],"replies":[{"embeddable":true,"href":"https:\/\/www.meteo.cat\/wpweb\/wp-json\/wp\/v2\/comments?post=40434"}],"version-history":[{"count":17,"href":"https:\/\/www.meteo.cat\/wpweb\/wp-json\/wp\/v2\/pages\/40434\/revisions"}],"predecessor-version":[{"id":44667,"href":"https:\/\/www.meteo.cat\/wpweb\/wp-json\/wp\/v2\/pages\/40434\/revisions\/44667"}],"up":[{"embeddable":true,"href":"https:\/\/www.meteo.cat\/wpweb\/wp-json\/wp\/v2\/pages\/13480"}],"wp:attachment":[{"href":"https:\/\/www.meteo.cat\/wpweb\/wp-json\/wp\/v2\/media?parent=40434"}],"curies":[{"name":"wp","href":"https:\/\/api.w.org\/{rel}","templated":true}]}}