{"id":40214,"date":"2024-04-29T16:28:13","date_gmt":"2024-04-29T16:28:13","guid":{"rendered":"https:\/\/www.meteo.cat\/wpweb\/?page_id=40214"},"modified":"2025-12-15T12:03:20","modified_gmt":"2025-12-15T12:03:20","slug":"declaracion-accesibilidad-de-la-app-android","status":"publish","type":"page","link":"https:\/\/www.meteo.cat\/wpweb\/serveis\/cataleg-de-serveis\/serveis-oberts\/app-meteocat-es\/declaracion-accesibilidad-de-la-app-android\/","title":{"rendered":"Declaraci\u00f3n accesibilidad de la app (Android)"},"content":{"rendered":"\n<p>El Servicio Meteorol\u00f3gico de Catalu\u00f1a se ha comprometido a hacer accesible su aplicaci\u00f3n de conformidad con el&nbsp;<a href=\"https:\/\/www.boe.es\/buscar\/act.php?id=BOE-A-2018-12699\">Real Decreto 1112\/2018, de 7 de septiembre, sobre accesibilidad de los sitios web y aplicaciones para dispositivos m\u00f3viles del sector p\u00fablico<\/a>&nbsp;(en adelante, Real Decreto 1112\/2018, de 7 de septiembre) y con el&nbsp;<a href=\"https:\/\/dogc.gencat.cat\/ca\/document-del-dogc\/?documentId=973470\">Decreto 216\/2023, de 5 de diciembre, sobre accesibilidad de los sitios web y de las aplicaciones para dispositivos m\u00f3viles de la Administraci\u00f3n de la Generalitat de Catalu\u00f1a y de su sector p\u00fablico<\/a>&nbsp;(en adelante, Decreto 216\/2023).<\/p>\n\n\n\n<p>La presente declaraci\u00f3n de accesibilidad se aplica a la app Meteocat ANDROID disponible en Play Store:<br><a href=\"https:\/\/play.google.com\/store\/apps\/details?id=cat.gencat.mobi.meteocat&amp;hl=es&amp;pli=1\">https:\/\/play.google.com\/store\/apps\/details?id=cat.gencat.mobi.meteocat&amp;hl=es&amp;pli=1<\/a><\/p>\n\n\n\n<h2 class=\"taula-continguts-titol\" id=\"taula_continguts\">Tabla de contenidos<\/h2>\n\n\n\n<ol class=\"taula-continguts\"><li><a href=\"#bloc1\">Situaci\u00f3n de cumplimiento<\/a><\/li><li><a href=\"#bloc2\">Contenido no accesible<\/a><\/li><li><a href=\"#bloc3\">Preparaci\u00f3n de la presente declaraci\u00f3n de accesibilidad<\/a><\/li><li><a href=\"#bloc4\">Observaciones y datos de contacto<\/a><\/li><li><a href=\"#bloc8\">El compromiso del Servei Meteorol\u00f2gic de Catalunya por la accesibilidad<\/a><\/li><\/ol>\n\n\n\n<div style=\"height:50px\" aria-hidden=\"true\" class=\"wp-block-spacer\"><\/div>\n\n\n\n<hr class=\"wp-block-separator is-style-default\"\/>\n\n\n\n<div style=\"height:50px\" aria-hidden=\"true\" class=\"wp-block-spacer\"><\/div>\n\n\n\n<h2 id=\"bloc1\">Situaci\u00f3n de cumplimiento<\/h2>\n\n\n\n<p>Esta aplicaci\u00f3n es <strong>parcialmente conforme<\/strong> con el Real Decreto 1112\/2018, de 7 de septiembre, debido a las excepciones y\/o a la falta de conformidad de los aspectos que se indican a continuaci\u00f3n.<\/p>\n\n\n\n<a href=\"#taula_continguts\" title=\"Puja\" class=\"go-top\">Arriba<\/a>\n\n\n\n<div style=\"height:50px\" aria-hidden=\"true\" class=\"wp-block-spacer\"><\/div>\n\n\n\n<h2 id=\"bloc2\">Contenido no accesible<\/h2>\n\n\n\n<p>El contenido que se recoge a continuaci\u00f3n no es accesible por lo siguiente:<\/p>\n\n\n\n<ul><li><strong>Falta de conformidad con Real Decreto 1112\/2018, de 7 de septiembre:<\/strong>:<ul><li>Hay informaciones del contenido que, aunque son perceptibles visualmente, no se transmiten a los productos de apoyo como lectores de pantalla. Algunos ejemplos pueden ser: elementos agrupados visualmente que no est\u00e1n identificados como listas, datos en formato tabla, t\u00edtulos, identificaci\u00f3n de regiones del contenido, relaciones entre etiquetas y controles, etc. (Criterio 11.1.3.1 de la Norma UNE-EN 301549:2022).<\/li><li>La visualizaci\u00f3n de los contenidos no es adecuada cuando se modifica la orientaci\u00f3n de la pantalla en un dispositivo m\u00f3vil (Criterio 11.1.3.4 de la Norma UNE-EN 301549:2022).<\/li><li>Se ha hecho uso del color para transmitir informaci\u00f3n sin ofrecer ninguna alternativa (Criterio 11.1.4.1 de la Norma UNE-EN 301549:2022).<\/li><li>El redimensionamiento del texto provoca que algunos contenidos se superpongan, se corten o queden ocultos (Criterio 11.1.4.4 de la Norma UNE-EN 301549:2022).<\/li><li>El contraste de color entre elementos no textuales y el fondo es insuficiente (Criterio 11.1.4.11 de la Norma UNE-EN 301549:2022).<\/li><li>Hay elementos que no son activables a trav\u00e9s del teclado o de otros dispositivos emuladores (Criterio 11.2.1.1 de la Norma UNE-EN 301549:2022).<\/li><li>La navegaci\u00f3n con teclado no sigue un orden l\u00f3gico en algunos contenidos (Criterio 11.2.4.3 de la Norma UNE-EN 301549:2022).<\/li><li>Hay t\u00edtulos o etiquetas que no transmiten adecuadamente el tema o prop\u00f3sito (Criterio 11.2.4.6 de la Norma UNE-EN 301549:2022).<\/li><li>El foco del teclado no siempre es visible o no tiene suficiente contraste con el fondo (Criterio 11.2.4.7 de la Norma UNE-EN 301549:2022).<\/li><li>No existe una alternativa de un solo puntero para un gesto que utiliza m\u00e1s de un puntero (Criterio 11.2.5.1 de la Norma UNE-EN 301549:2022).<\/li><li>No se ha especificado el idioma principal del contenido (Criterio 11.3.1.1 de la Norma UNE-EN 301549:2022).<\/li><li>En algunos formularios faltan etiquetas e instrucciones suficientes (Criterio 11.3.3.2 de la Norma UNE-EN 301549:2022).<\/li><li>Hay elementos que no transmiten su nombre accesible, su funci\u00f3n o el valor con el que deben ser interpretados por los productos de apoyo (Criterio 11.4.1.2 de la Norma UNE-EN 301549:2022).<\/li><li>Algunos requisitos de accesibilidad no se cumplen al utilizar los servicios de accesibilidad del sistema operativo (Criterio 11.5.2.3 de la Norma UNE-EN 301549:2022).<\/li><li>Los productos de apoyo no siempre pueden determinar los roles, estados, l\u00edmites, nombre y descripci\u00f3n de los elementos de la interfaz de usuario (Criterio 11.5.2.5 de la Norma UNE-EN 301549:2022).<\/li><li>Los productos de apoyo no siempre pueden determinar filas, columnas y\/o cabeceras de las tablas de datos (Criterio 11.5.2.6 de la Norma UNE-EN 301549:2022).<\/li><li>Los productos de apoyo no siempre pueden determinar la relaci\u00f3n entre los elementos de la interfaz de usuario y sus etiquetas (Criterio 11.5.2.8 de la Norma UNE-EN 301549:2022).<\/li><li>Los cambios de atributos de los elementos de la interfaz de usuario no siempre se notifican a los productos de apoyo (Criterio 11.5.2.15 de la Norma UNE-EN 301549:2022).<\/li><li>La documentaci\u00f3n del producto suministrado no cumple con los requisitos de accesibilidad aplicables (Criterio 12.1.2 de la Norma UNE-EN 301549:2022).<\/li><li>P\u00e0gines web:<ul><li>El redimensionamiento del texto provoca que algunos contenidos se superpongan, se corten o queden ocultos (Criterio 9.1.4.4 de la Norma UNE-EN 301549:2022).<\/li><li>Parte del contenido requiere navegaci\u00f3n con desplazamiento en dos direcciones para acceder a toda la informaci\u00f3n o funcionalidad (Criterio 9.1.4.10 de la Norma UNE-EN 301549:2022).<\/li><li>El contraste de color entre elementos no textuales y el fondo es insuficiente (Criterio 9.1.4.11 de la Norma UNE-EN 301549:2022).<\/li><li>La navegaci\u00f3n con teclado no sigue un orden l\u00f3gico en algunos contenidos (Criterio 9.2.4.3 de la Norma UNE-EN 301549:2022).<\/li><li>No se cumplen todos los criterios de la Norma UNE-EN 301549:2022 equivalentes a las WCAG 2.1 (Criterio 9.6).<\/li><li>No se preservan las preferencias del usuario (Criterio 11.7 de la Norma UNE-EN 301549:2022).<\/li><li>La documentaci\u00f3n del producto suministrado no cumple los requisitos de accesibilidad aplicables (Criterio 12.1.2 de la Norma UNE-EN 301549:2022).<\/li><\/ul><\/li><\/ul><\/li><\/ul>\n\n\n\n<ul><li><strong>Carga desproporcionada:&nbsp;<\/strong>no aplica.<\/li><li><strong>El contenido no entra dentro del \u00e1mbito de la legislaci\u00f3n aplicable:&nbsp;<\/strong>no aplica.<\/li><\/ul>\n\n\n\n<a href=\"#taula_continguts\" title=\"Puja\" class=\"go-top\">Arriba<\/a>\n\n\n\n<div style=\"height:50px\" aria-hidden=\"true\" class=\"wp-block-spacer\"><\/div>\n\n\n\n<h2 id=\"bloc3\">Preparaci\u00f3n de la presente declaraci\u00f3n de accesibilidad<\/h2>\n\n\n\n<p>La presente declaraci\u00f3n fue preparada el <strong>10 de diciembre de 2025<\/strong>.<\/p>\n\n\n\n<p>El m\u00e9todo utilizado fue una auditor\u00eda externa de accesibilidad realizada por la<a href=\"https:\/\/tothomweb.com\/\">&nbsp;consultora TOTHOMweb<\/a>, auditora acreditada por ENAC.<\/p>\n\n\n\n<p>\u00daltima revisi\u00f3n: <strong>10\/12\/2025<\/strong>.<\/p>\n\n\n\n<a href=\"#taula_continguts\" title=\"Puja\" class=\"go-top\">Arriba<\/a>\n\n\n\n<div style=\"height:50px\" aria-hidden=\"true\" class=\"wp-block-spacer\"><\/div>\n\n\n\n<h2 id=\"bloc4\">Observaciones y datos de contacto<\/h2>\n\n\n\n<h3 class=\"text-color\">Comunicaciones<\/h3>\n\n\n\n<p>Se pueden realizar comunicaciones sobre requisitos de accesibilidad (art\u00edculo 10.2.a) del Real Decreto 1112\/2018, de 7 de septiembre, a trav\u00e9s del siguiente&nbsp;<strong><a href=\"https:\/\/www.meteo.cat\/wpweb\/contacte\/\">buz\u00f3n de contacto<\/a><\/strong>&nbsp;o al tel\u00e9fono 935 676 090<\/p>\n\n\n\n<p>Por ejemplo:<\/p>\n\n\n\n<ul><li>Informar sobre cualquier posible incumplimiento por parte de esta aplicaci\u00f3n m\u00f3vil.<\/li><li>Hacer una reclamaci\u00f3n sobre dificultades de acceso al contenido.<\/li><li>Formular cualquier otra consulta o sugerencia de mejora relativa a la accesibilidad de la aplicaci\u00f3n m\u00f3vil.<\/li><\/ul>\n\n\n\n<p>Las comunicaciones ser\u00e1n recibidas y tratadas por la Direcci\u00f3n General de Servicios Digitales y Experiencia Ciudadana, del Departamento de la Presidencia, como Unidad Responsable de Accesibilidad Web en el \u00e1mbito auton\u00f3mico.<\/p>\n\n\n\n<div style=\"height:20px\" aria-hidden=\"true\" class=\"wp-block-spacer\"><\/div>\n\n\n\n<h3 class=\"text-color\">Solicitudes de informaci\u00f3n accesible y quejas<\/h3>\n\n\n\n<p>Para hacer solicitudes de informaci\u00f3n accesible y quejas (art\u00edculo 12 del Real Decreto 1112\/2017, de 7 de septiembre) hay que acceder al \u201c<a href=\"https:\/\/web.gencat.cat\/es\/tramits\/tramits-temes\/Continguts-accessibles-al-web\"><strong>Contenidos accesibles<\/strong><\/a>\u201d y seguir la modalidad \u201c<a href=\"https:\/\/web.gencat.cat\/es\/tramits\/tramits-temes\/Continguts-accessibles-al-web\"><strong>Solicitar informaci\u00f3n accesible o hacer una queja<\/strong><\/a>\u201d.<\/p>\n\n\n\n<p>Cualquier persona f\u00edsica o jur\u00eddica puede formular quejas relativas al cumplimiento de los requisitos del Real Decreto 1112\/2018, de 7 de septiembre, y solicitar informaci\u00f3n relativa a contenidos que est\u00e9n excluidos del \u00e1mbito de aplicaci\u00f3n de esta normativa.<\/p>\n\n\n\n<p>Las solicitudes y quejas que se registran conforme a los requisitos establecidos por la Ley 39\/2015 de 1 de octubre, del Procedimiento Administrativo Com\u00fan de las Administraciones P\u00fablicas.<\/p>\n\n\n\n<div style=\"height:20px\" aria-hidden=\"true\" class=\"wp-block-spacer\"><\/div>\n\n\n\n<h3 class=\"text-color\">Procedimiento de aplicaci\u00f3n<\/h3>\n\n\n\n<p>El procedimiento de aplicaci\u00f3n recogido en el art\u00edculo 13 del Real Decreto 1112\/2018, de 7 de septiembre, se puede iniciar en el tr\u00e1mite \u201c<a href=\"https:\/\/web.gencat.cat\/es\/tramits\/tramits-temes\/Continguts-accessibles-al-web\"><strong>Contenidos accesibles<\/strong><\/a>\u201d a trav\u00e9s de la modalidad \u201c<a href=\"https:\/\/web.gencat.cat\/es\/tramits\/tramits-temes\/Continguts-accessibles-al-web\"><strong>Reclamar una solicitud<\/strong><\/a>\u201d.<\/p>\n\n\n\n<p>Si se desestima tu solicitud de informaci\u00f3n accesible, no est\u00e1s de acuerdo con la decisi\u00f3n adoptada o la respuesta no cumple con los requisitos del art\u00edculo 15.2 del Real Decreto 1112\/2018, de 7 de septiembre, puedes reclamar para:<\/p>\n\n\n\n<ul><li>Conocer y oponerte a los motivos de la desestimaci\u00f3n.<\/li><li>Solicitar que se tomen las medidas oportunas en caso de no estar de acuerdo con la decisi\u00f3n adoptada.<\/li><li>Exponer las razones por las cuales consideras que la respuesta no cumple con los requisitos exigidos.<\/li><\/ul>\n\n\n\n<p>Tambi\u00e9n puedes iniciar una reclamaci\u00f3n en caso que hayan transcurrido 20 d\u00edas h\u00e1biles sin haber obtenido ninguna respuesta.<\/p>\n\n\n\n<p>Las reclamaciones son recibidas y tramitadas por el Departamento de Acci\u00f3n Clim\u00e0tica, Alimentaci\u00f3n y Agenda Rural, como superior jer\u00e1rquico de la Unidad Responsable de Accesibilidad (URA) del Servicio Meteorol\u00f3gico de Catalu\u00f1a.<\/p>\n\n\n\n<a href=\"#taula_continguts\" title=\"Puja\" class=\"go-top\">Arriba<\/a>\n\n\n\n<div style=\"height:50px\" aria-hidden=\"true\" class=\"wp-block-spacer\"><\/div>\n\n\n\n<h2 id=\"bloc8\">El compromiso del Servei Meteorol\u00f2gic de Catalunya por la accesibilidad<\/h2>\n\n\n\n<p>La aplicaci\u00f3n meteocat est\u00e1 construida con el \u00e1nimo de facilitar el acceso universal para todas las personas que la consulten, independientemente de sus capacidades f\u00edsicas, sensoriales o intelectuales, as\u00ed como del contexto t\u00e9cnico de su uso (tipo de dispositivo, velocidad de la conexi\u00f3n, condiciones ambientales, etc.).<\/p>\n\n\n\n<p>Por ello, se trabaja con el objetivo de adaptar toda la web a las recomendaciones del Consorcio World Wide Web (W3C) para eliminar todas las barreras que dificulten el acceso a la informaci\u00f3n y la comunicaci\u00f3n.<\/p>\n\n\n\n<p>El compromiso del Servicio Meteorol\u00f3gico de Catalu\u00f1a es alcanzar el nivel de conformidad \u2018Doble-A\u2019 (AA), tal como exigen a las administraciones p\u00fablicas las legislaciones europea y estatal.<\/p>\n\n\n\n<p>La&nbsp;<strong>Directiva (UE) 2016\/2102 del Parlamento Europeo y del Consejo de 26 de octubre de 2016<\/strong>&nbsp;establece las normas que se exigen a los estados miembro para que todas las webs y aplicaciones m\u00f3viles del sector p\u00fablico, independientemente del dispositivo utilizado para acceder a ellas, cumplan los requisitos de accesibilidad que se recogen en la&nbsp;<strong>norma EN 301 549 v3.2.1 (de marzo de 2021)<\/strong>, de requisitos de accesibilidad adecuados para la contrataci\u00f3n p\u00fablica de productos y servicios TIC en Europa.<\/p>\n\n\n\n<p>La norma EN 301 549 v2.1.1.2 se basa principalmente en las&nbsp;<strong>Web Content Accessibility Guidelines (WCAG) 2.1, de agosto de 2018<\/strong>. Concretamente hay que cumplir el nivel AA. Sin embargo, la norma tambi\u00e9n tiene otros requisitos adicionales, obligatorios y condicionales.<\/p>\n\n\n\n<p>La directiva es de obligado cumplimiento pero no es directamente aplicable, por eso a nivel estatal se ha desarrollado un real decreto que desarrolla el alcance y los requisitos, como m\u00ednimo. La transposici\u00f3n estatal es el&nbsp;<strong>Real Decreto 1112\/2018, de 7 de septiembre<\/strong>, sobre accesibilidad de los sitios web y aplicaciones para dispositivos m\u00f3viles del sector p\u00fablico.<\/p>\n\n\n\n<a href=\"#taula_continguts\" title=\"Puja\" class=\"go-top\">Arriba<\/a>\n\n\n\n<p><\/p>\n","protected":false},"excerpt":{"rendered":"<p>El Servicio Meteorol\u00f3gico de Catalu\u00f1a se ha comprometido a hacer accesible su aplicaci\u00f3n de conformidad con el&nbsp;Real Decreto 1112\/2018, de 7 de septiembre, sobre accesibilidad de los sitios web y aplicaciones para dispositivos m\u00f3viles del sector p\u00fablico&nbsp;(en adelante, Real Decreto 1112\/2018, de 7 de septiembre) y con el&nbsp;Decreto 216\/2023, de 5 de diciembre, sobre accesibilidad [&hellip;]<\/p>\n","protected":false},"author":5,"featured_media":0,"parent":40502,"menu_order":0,"comment_status":"closed","ping_status":"closed","template":"template-sidebar.php","meta":{"_mi_skip_tracking":false,"_monsterinsights_sitenote_active":false,"_monsterinsights_sitenote_note":"","_monsterinsights_sitenote_category":0},"_links":{"self":[{"href":"https:\/\/www.meteo.cat\/wpweb\/wp-json\/wp\/v2\/pages\/40214"}],"collection":[{"href":"https:\/\/www.meteo.cat\/wpweb\/wp-json\/wp\/v2\/pages"}],"about":[{"href":"https:\/\/www.meteo.cat\/wpweb\/wp-json\/wp\/v2\/types\/page"}],"author":[{"embeddable":true,"href":"https:\/\/www.meteo.cat\/wpweb\/wp-json\/wp\/v2\/users\/5"}],"replies":[{"embeddable":true,"href":"https:\/\/www.meteo.cat\/wpweb\/wp-json\/wp\/v2\/comments?post=40214"}],"version-history":[{"count":10,"href":"https:\/\/www.meteo.cat\/wpweb\/wp-json\/wp\/v2\/pages\/40214\/revisions"}],"predecessor-version":[{"id":44678,"href":"https:\/\/www.meteo.cat\/wpweb\/wp-json\/wp\/v2\/pages\/40214\/revisions\/44678"}],"up":[{"embeddable":true,"href":"https:\/\/www.meteo.cat\/wpweb\/wp-json\/wp\/v2\/pages\/40502"}],"wp:attachment":[{"href":"https:\/\/www.meteo.cat\/wpweb\/wp-json\/wp\/v2\/media?parent=40214"}],"curies":[{"name":"wp","href":"https:\/\/api.w.org\/{rel}","templated":true}]}}