{"id":40204,"date":"2024-04-29T15:57:32","date_gmt":"2024-04-29T15:57:32","guid":{"rendered":"https:\/\/www.meteo.cat\/wpweb\/?page_id=40204"},"modified":"2024-06-06T12:14:27","modified_gmt":"2024-06-06T12:14:27","slug":"politica-de-privacidad-de-la-app","status":"publish","type":"page","link":"https:\/\/www.meteo.cat\/wpweb\/serveis\/cataleg-de-serveis\/serveis-oberts\/app-meteocat-es\/politica-de-privacidad-de-la-app\/","title":{"rendered":"Pol\u00edtica de privacidad de la app"},"content":{"rendered":"\n<h2 class=\"taula-continguts-titol\" id=\"taula_continguts\">Tabla de contenidos<\/h2>\n\n\n\n<ol class=\"taula-continguts\"><li><a href=\"#why\">Por qu\u00e9 la APP recoge la localizaci\u00f3n y c\u00f3mo protege la privacidad de los datos<\/a><\/li><li><a href=\"#what\">Qu\u00e9 otros datos personales recoge la app, c\u00f3mo lo hace y por qu\u00e9<\/a><\/li><li><a href=\"#how\">C\u00f3mo se tratan los datos que recoge la app Meteocat para garantizar su privacidad<\/a><\/li><\/ol>\n\n\n\n<div style=\"height:50px\" aria-hidden=\"true\" class=\"wp-block-spacer\"><\/div>\n\n\n\n<hr class=\"wp-block-separator is-style-default\"\/>\n\n\n\n<div style=\"height:50px\" aria-hidden=\"true\" class=\"wp-block-spacer\"><\/div>\n\n\n\n<h2 id=\"why\"><strong>Por qu\u00e9 la APP recoge la localizaci\u00f3n y c\u00f3mo protege la privacidad de los datos<\/strong><\/h2>\n\n\n\n<p>S\u00f3lo se recoge este dato si el usuario lo ha autorizado expl\u00edcitamente. Para garantizar la privacidad, la informaci\u00f3n sobre localizaci\u00f3n no permite identificar a la persona, y no se utilizar\u00e1 con ning\u00fan otro objetivo que no sea la actualizaci\u00f3n de la informaci\u00f3n meteorol\u00f3gica ni se ceder\u00e1 a terceros. La app no \u200b\u200brealiza ning\u00fan seguimiento de la localizaci\u00f3n de los usuarios.<\/p>\n\n\n\n<ul><li>Por qu\u00e9 se recoge la localizaci\u00f3n: para actualizar la informaci\u00f3n meteorol\u00f3gica que afecta a la zona geogr\u00e1fica determinada a los usuarios de la app que lo hayan activado.<\/li><li>Cuando se utiliza este dato: Por pol\u00edtica de privacidad, s\u00f3lo se utiliza este dato en caso de que la localizaci\u00f3n est\u00e9 activada y el usuario haya dado permiso a la aplicaci\u00f3n para utilizar este dato.<\/li><li>C\u00f3mo se recoge este dato: El sistema operativo cede el mecanismo para obtener el dato (red de datos, GPS, red telef\u00f3nica, etc.). No se consultan otras aplicaciones para obtener la localizaci\u00f3n y siempre ser\u00e1 aproximada, no precisa. La aplicaci\u00f3n resta operativa en segundo plano para poder recoger los cambios en la ubicaci\u00f3n del m\u00f3vil y Meteocat guarda la \u00faltima.<\/li><\/ul>\n\n\n\n<a href=\"#taula_continguts\" title=\"Puja\" class=\"go-top\">Arriba<\/a>\n\n\n\n<div style=\"height:50px\" aria-hidden=\"true\" class=\"wp-block-spacer\"><\/div>\n\n\n\n<h2 id=\"what\"><strong><strong>Qu\u00e9 otros datos personales recoge la app, c\u00f3mo lo hace y por qu\u00e9<\/strong><\/strong><\/h2>\n\n\n\n<p>Seg\u00fan las preferencias, la configuraci\u00f3n y uso que el usuario hace de la app, se recogen algunos de estos datos de acuerdo con la pol\u00edtica de privacidad:<\/p>\n\n\n\n<ul><li>Datos anal\u00edticos: Se recogen galletas (cookies) relativas a la interacci\u00f3n que se haga de la aplicaci\u00f3n con finalidades estad\u00edsticas. Proporcionan informaci\u00f3n relevante a Meteocat que se utiliza para mejorar la app. Esta informaci\u00f3n no permite identificar a la persona y no se utilizar\u00e1 con ning\u00fan otro objetivo. El tipo de galleta es Firebase Analytics mediante el IDFA (Identificador de publicidad). Consulte la pol\u00edtica de uso en&nbsp;<a href=\"https:\/\/firebase.google.com\/policies\/analytics\/?hl=es-419\">https:\/\/firebase.google.com\/policies\/analytics\/?hl=es-419<\/a>.<\/li><li>Preferencias: Meteocat recoge las preferencias sobre tr\u00e1mites, ayudas y territorios para ofrecer contenidos m\u00e1s personalizados y enviar avisos en funci\u00f3n de las preferencias y subscripciones del usuario. No se utilizar\u00e1 con ning\u00fan otro objetivo ni se ceder\u00e1 a terceros.<\/li><li>Notificaciones push: si se activa la opci\u00f3n de recibir\u00e9 notificaciones push, Meteocat recupera el identificador para poder enviar comunicaciones autom\u00e1ticas personalizadas (push) vinculadas a les preferencias del usuario. No se utilizar\u00e1 con ning\u00fan otro objetivo ni se ceder\u00e1 a terceros.<\/li><\/ul>\n\n\n\n<p>Estos datos personales se conservan mientras la app est\u00e9 instalada i no m\u00e1s de un a\u00f1o<\/p>\n\n\n\n<a href=\"#taula_continguts\" title=\"Puja\" class=\"go-top\">Arriba<\/a>\n\n\n\n<div style=\"height:50px\" aria-hidden=\"true\" class=\"wp-block-spacer\"><\/div>\n\n\n\n<h2 id=\"how\"><strong><strong><strong>C\u00f3mo se tratan los datos que recoge la app Meteocat para garantizar su privacidad<\/strong><\/strong><\/strong><\/h2>\n\n\n\n<p>Conforme al reglamento 2016\/679 General de Protecci\u00f3n de Datos y LO 3\/2018, de 5 de diciembre (LOPDGDD), informamos de que trataremos los datos personales de los usuarios de la app que quieran recibir comunicaciones autom\u00e1ticas personalizadas (push) en los siguientes t\u00e9rminos:<\/p>\n\n\n\n<ul><li><strong>Responsable<\/strong>: el Servei Meteorol\u00f2gic de Catalunya (SMC). : Q-0801167-H. carrer Dr. Roux, 80, 1a planta, 08017 Barcelona<\/li><li><strong>Delegat de Protecci\u00f3 de Dades<\/strong>:&nbsp;&nbsp;<a href=\"&#109;&#x61;i&#x6c;&#x74;&#111;&#x3a;p&#x72;&#x6f;&#116;&#x65;c&#x63;&#x69;&#111;&#x64;a&#x64;&#x65;&#115;&#x2e;m&#x65;&#x74;&#101;&#x6f;c&#x61;&#x74;&#64;&#x67;e&#x6e;&#x63;&#97;&#x74;&#46;&#x63;&#x61;&#116;\">pro&#116;&#101;&#99;&#99;&#x69;&#x6f;&#x64;&#x61;&#x64;&#x65;&#x73;&#46;me&#116;&#101;&#111;&#99;&#97;&#x74;&#x40;&#x67;&#x65;&#x6e;&#x63;at&#46;c&#97;&#116;<\/a><\/li><li><strong>Finalidad<\/strong>: Gesti\u00f3n de los usuarios de esta aplicaci\u00f3n que hayan activado las comunicaciones autom\u00e1ticas personalizadas, a elecci\u00f3n del propio usuario.<\/li><li><strong>Legitimaci\u00f3n<\/strong>: Su consentimiento expreso al ser destinatario de estas notificaciones.<\/li><li><strong>Conservaci\u00f3n<\/strong>: Los datos ser\u00e1n conservados durante el tiempo estrictamente necesario para cumplir con la finalidad mencionada, respetando en todo caso lo que determine la normativa de archivos aplicable.<\/li><li><strong>Destinatarios:<\/strong>&nbsp;El Responsable no prev\u00e9 la comunicaci\u00f3n de datos a terceros.&nbsp;<\/li><li><strong>Derechos:<\/strong>&nbsp;Los solicitantes pueden ejercer los derechos de acceso, rectificaci\u00f3n, limitaci\u00f3n, supresi\u00f3n, oposici\u00f3n o portabilidad, dirigi\u00e9ndose por escrito a la direcci\u00f3n indicada del Delegado de Protecci\u00f3n de datos:&nbsp;<a rel=\"noreferrer noopener\" href=\"ma&#105;&#108;&#x74;&#x6f;&#x3a;&#x64;pd&#64;&#97;&#x6d;&#x65;&#x74;&#x6c;la&#109;&#97;&#114;&#x2e;&#x63;&#x61;&#x74;\" target=\"_blank\">protecciodad&#101;&#115;&#46;&#109;&#101;&#116;&#101;&#111;&#99;&#97;&#116;&#64;&#103;&#101;&#110;&#x63;&#x61;&#x74;&#x2e;&#x63;&#x61;&#x74;<\/a>. Se debe adjuntar una fotocopia del DNI o firmar el correo electr\u00f3nico con una firma electr\u00f3nica reconocida.&nbsp;&nbsp;<\/li><li><strong>Reclamaci\u00f3n<\/strong>: Puede presentar una reclamaci\u00f3n ante la Autoridad Catalana de Protecci\u00f3n de Datos (<a href=\"https:\/\/apdcat.gencat.cat\/ca\/inici\/\">apdcat.gencat.cat<\/a>).&nbsp;&nbsp;<\/li><\/ul>\n\n\n\n<a href=\"#taula_continguts\" title=\"Puja\" class=\"go-top\">Arriba<\/a>\n","protected":false},"excerpt":{"rendered":"<p>Tabla de contenidos Por qu\u00e9 la APP recoge la localizaci\u00f3n y c\u00f3mo protege la privacidad de los datos Qu\u00e9 otros datos personales recoge la app, c\u00f3mo lo hace y por qu\u00e9 C\u00f3mo se tratan los datos que recoge la app Meteocat para garantizar su privacidad Por qu\u00e9 la APP recoge la localizaci\u00f3n y c\u00f3mo protege [&hellip;]<\/p>\n","protected":false},"author":5,"featured_media":0,"parent":40502,"menu_order":0,"comment_status":"closed","ping_status":"closed","template":"template-sidebar.php","meta":{"_mi_skip_tracking":false,"_monsterinsights_sitenote_active":false,"_monsterinsights_sitenote_note":"","_monsterinsights_sitenote_category":0},"_links":{"self":[{"href":"https:\/\/www.meteo.cat\/wpweb\/wp-json\/wp\/v2\/pages\/40204"}],"collection":[{"href":"https:\/\/www.meteo.cat\/wpweb\/wp-json\/wp\/v2\/pages"}],"about":[{"href":"https:\/\/www.meteo.cat\/wpweb\/wp-json\/wp\/v2\/types\/page"}],"author":[{"embeddable":true,"href":"https:\/\/www.meteo.cat\/wpweb\/wp-json\/wp\/v2\/users\/5"}],"replies":[{"embeddable":true,"href":"https:\/\/www.meteo.cat\/wpweb\/wp-json\/wp\/v2\/comments?post=40204"}],"version-history":[{"count":6,"href":"https:\/\/www.meteo.cat\/wpweb\/wp-json\/wp\/v2\/pages\/40204\/revisions"}],"predecessor-version":[{"id":40525,"href":"https:\/\/www.meteo.cat\/wpweb\/wp-json\/wp\/v2\/pages\/40204\/revisions\/40525"}],"up":[{"embeddable":true,"href":"https:\/\/www.meteo.cat\/wpweb\/wp-json\/wp\/v2\/pages\/40502"}],"wp:attachment":[{"href":"https:\/\/www.meteo.cat\/wpweb\/wp-json\/wp\/v2\/media?parent=40204"}],"curies":[{"name":"wp","href":"https:\/\/api.w.org\/{rel}","templated":true}]}}