{"id":40194,"date":"2024-04-29T15:29:29","date_gmt":"2024-04-29T15:29:29","guid":{"rendered":"https:\/\/www.meteo.cat\/wpweb\/?page_id=40194"},"modified":"2024-06-06T12:14:09","modified_gmt":"2024-06-06T12:14:09","slug":"aviso-legal-de-la-app","status":"publish","type":"page","link":"https:\/\/www.meteo.cat\/wpweb\/serveis\/cataleg-de-serveis\/serveis-oberts\/app-meteocat-es\/aviso-legal-de-la-app\/","title":{"rendered":"Aviso legal de la app"},"content":{"rendered":"\n<h2 class=\"taula-continguts-titol\" id=\"taula_continguts\">Tabla de contenidos<\/h2>\n\n\n\n<ol class=\"taula-continguts\"><li><a href=\"#condicions\">Condiciones asociadas a la recepci\u00f3n de notificaciones de avisos de la app<\/a><\/li><li><a href=\"#reutilitzacio\">Reutilizaci\u00f3n de la informaci\u00f3n de la app<\/a><\/li><\/ol>\n\n\n\n<div style=\"height:50px\" aria-hidden=\"true\" class=\"wp-block-spacer\"><\/div>\n\n\n\n<hr class=\"wp-block-separator is-style-default\"\/>\n\n\n\n<div style=\"height:50px\" aria-hidden=\"true\" class=\"wp-block-spacer\"><\/div>\n\n\n\n<h2 id=\"condicions\">Condiciones asociadas a la recepci\u00f3n de notificaciones de avisos de la app<\/h2>\n\n\n\n<p>El usuario de la aplicaci\u00f3n recibir\u00e1 las notificaciones que el haya activado. Las notificaciones pueden ser de situaciones meteorol\u00f3gicas de peligro y\/o cuando se superen los valores indicados de las variables escogidas de las estaciones meteorol\u00f3gicas autom\u00e1ticas.<\/p>\n\n\n\n<p>El usuario puede configurar la recepci\u00f3n de las notificaciones indicando el municipio o la comarca de su inter\u00e9s. El Servei Meteorol\u00f2gic de Catalunya almacena la \u00faltima ubicaci\u00f3n. Esta informaci\u00f3n no permite identificar al ciudadano, y en ning\u00fan caso ser\u00e1 utilizada con otro objetivo ni ser\u00e1 cedida a terceras personas.<\/p>\n\n\n\n<p>La recepci\u00f3n de las notificaciones puede verse perjudicada en una situaci\u00f3n de emergencia como pueden ser:<\/p>\n\n\n\n<ul><li>La cobertura de datos en terminales m\u00f3viles<\/li><li>El estado de las redes de telecomunicaciones<\/li><li>La calidad en la distribuci\u00f3n de notificaciones por parte del fabricante del correspondiente sistema operativo del m\u00f3vil<\/li><li>El buen estado y configuraci\u00f3n del terminal m\u00f3vil<\/li><\/ul>\n\n\n\n<p>El Servei Meteorol\u00f2gic de Catalunya no se responsabiliza de los da\u00f1os, perjuicios, p\u00e9rdidas, reclamaciones o gastos producidos por el funcionamiento incorrecto del servicio de notificaciones. Se recomienda que el usuario de la aplicaci\u00f3n se informe tambi\u00e9n a trav\u00e9s de los otros canales de comunicaci\u00f3n.<\/p>\n\n\n\n<a href=\"#taula_continguts\" title=\"Puja\" class=\"go-top\">Arriba<\/a>\n\n\n\n<div style=\"height:50px\" aria-hidden=\"true\" class=\"wp-block-spacer\"><\/div>\n\n\n\n<h2 id=\"reutilitzacio\">Reutilizaci\u00f3n de la informaci\u00f3n de la app<\/h2>\n\n\n\n<p>La Lei 37\/2007, de 16 de noviembre, sobre reutilizaci\u00f3n de la informaci\u00f3n del sector p\u00fablico, que traspone la Directiva 2003\/98\/CE del Parlamento Europeo i del Consejo, regula la reutilizaci\u00f3n de la informaci\u00f3n p\u00fablica de la que disponen les administraciones i organismos en los que participan mayoritariamente, es decir, el derecho de todos los agentes potenciales del mercado a la reutilizaci\u00f3n de la informaci\u00f3n de las instancias p\u00fablicas. De acuerdo con esta normativa, la Administraci\u00f3n permite la reproducci\u00f3n, distribuci\u00f3n y la comunicaci\u00f3n p\u00fablica de la obra y, adem\u00e1s, la transformaci\u00f3n de la obra para hacer obras derivadas, siempre que no se contradiga con la licencia o aviso que pueda tener una obra y que es la que prevale.<\/p>\n\n\n\n<p>Para reutilizar la informaci\u00f3n, hay que seguir las condiciones siguientes:<\/p>\n\n\n\n<ul><li>No desnaturalizar el sentido de la informaci\u00f3n<\/li><li>Citar al Servei Meteorol\u00f2gic de Catalunya de la Generalitat de Catalunya como fuente de la informaci\u00f3n<\/li><li>Mencionar la fecha de la \u00faltima actualizaci\u00f3n de la informaci\u00f3n<\/li><\/ul>\n\n\n\n<p>As\u00ed mismo, la reutilizaci\u00f3n se puede limitar por la tutela de otros bienes jur\u00eddicos prioritarios, como son la protecci\u00f3n de los datos personales, la intimidad o los derechos de protecci\u00f3n intelectual de terceros. La reutilizaci\u00f3n de obras protegidas por la propiedad intelectual se puede formalizar mediante el uso de licencias de difusi\u00f3n abierta, como las de Creative Commons, que ceden determinados derechos de explotaci\u00f3n de las obras. En los contenidos donde se aplique este tipo de licencias, se permite la reutilizaci\u00f3n en las condiciones que se establezcan.<\/p>\n\n\n\n<p>No se autoriza en ning\u00fan caso el uso de logotipos, marcas, escudos y s\u00edmbolos distintivos de la Generalitat de Catalunya en publicaciones, webs i servicios para m\u00f3viles que no sean participados o patrocinados por esta instituci\u00f3n. Estos elementos de identificaci\u00f3n gr\u00e1fica corporativa son propiedad exclusiva de la Generalitat de Catalunya y est\u00e1n protegidos por la legislaci\u00f3n vigente aplicable.<\/p>\n\n\n\n<a href=\"#taula_continguts\" title=\"Puja\" class=\"go-top\">Arriba<\/a>\n","protected":false},"excerpt":{"rendered":"<p>Tabla de contenidos Condiciones asociadas a la recepci\u00f3n de notificaciones de avisos de la app Reutilizaci\u00f3n de la informaci\u00f3n de la app Condiciones asociadas a la recepci\u00f3n de notificaciones de avisos de la app El usuario de la aplicaci\u00f3n recibir\u00e1 las notificaciones que el haya activado. Las notificaciones pueden ser de situaciones meteorol\u00f3gicas de peligro [&hellip;]<\/p>\n","protected":false},"author":5,"featured_media":0,"parent":40502,"menu_order":0,"comment_status":"closed","ping_status":"closed","template":"template-sidebar.php","meta":{"_mi_skip_tracking":false,"_monsterinsights_sitenote_active":false,"_monsterinsights_sitenote_note":"","_monsterinsights_sitenote_category":0},"_links":{"self":[{"href":"https:\/\/www.meteo.cat\/wpweb\/wp-json\/wp\/v2\/pages\/40194"}],"collection":[{"href":"https:\/\/www.meteo.cat\/wpweb\/wp-json\/wp\/v2\/pages"}],"about":[{"href":"https:\/\/www.meteo.cat\/wpweb\/wp-json\/wp\/v2\/types\/page"}],"author":[{"embeddable":true,"href":"https:\/\/www.meteo.cat\/wpweb\/wp-json\/wp\/v2\/users\/5"}],"replies":[{"embeddable":true,"href":"https:\/\/www.meteo.cat\/wpweb\/wp-json\/wp\/v2\/comments?post=40194"}],"version-history":[{"count":4,"href":"https:\/\/www.meteo.cat\/wpweb\/wp-json\/wp\/v2\/pages\/40194\/revisions"}],"predecessor-version":[{"id":40520,"href":"https:\/\/www.meteo.cat\/wpweb\/wp-json\/wp\/v2\/pages\/40194\/revisions\/40520"}],"up":[{"embeddable":true,"href":"https:\/\/www.meteo.cat\/wpweb\/wp-json\/wp\/v2\/pages\/40502"}],"wp:attachment":[{"href":"https:\/\/www.meteo.cat\/wpweb\/wp-json\/wp\/v2\/media?parent=40194"}],"curies":[{"name":"wp","href":"https:\/\/api.w.org\/{rel}","templated":true}]}}