{"id":37801,"date":"2023-05-17T09:04:07","date_gmt":"2023-05-17T09:04:07","guid":{"rendered":"https:\/\/www.meteo.cat\/wpweb\/?page_id=37801"},"modified":"2025-03-13T08:14:41","modified_gmt":"2025-03-13T08:14:41","slug":"idf-mapes","status":"publish","type":"page","link":"https:\/\/www.meteo.cat\/wpweb\/climatologia\/dades-i-productes-climatics\/corbes-idf\/idf-mapes\/","title":{"rendered":"IDF mapes"},"content":{"rendered":"\n<p>Cada un dels mapes mostra la intensitat m\u00e0xima esperada en funci\u00f3 de cada un dels 8 per\u00edodes de retorn disponibles (2, 5, 10, 20, 50, 100, 200 i 500 anys) i per a 5 durades temporals  (1, 6, 12, 24 i 48 hores).  Per con\u00e8ixer els detalls del desenvolupament del producte pots consultar la <a href=\"#metodologia\">metodologia<\/a>. <\/p>\n\n\n\n<p>Els mapes estan disponibles a l&#8217;<a title=\"(obre en finestra nova)\" href=\"https:\/\/sig.gencat.cat\/visors\/hipermapa.html\" target=\"_blank\" rel=\"noreferrer noopener\">Hipermapa de la Generalitat de Catalunya<\/a>, en concret s&#8217;ubiquen a les capes d&#8217;informaci\u00f3 mediambiental i dins de la informaci\u00f3 clim\u00e0tica.<\/p>\n\n\n\n<p> Amb aquest selector podr\u00e0s veure i descarregar la imatge de cada mapa:<\/p>\n\n\n\n<form class=\"smc-combobox\">\n<label for=\"optone\">Per\u00edode de retorn: <\/label>\n<select id=\"optone\" name=\"optone\">\n<option selected=\"selected\" value=\"init\">Seleccioneu per\u00edode<\/option>\n<option value=\"0\">2 anys<\/option>\n<option value=\"1\">5 anys<\/option>\n<option value=\"2\">10 anys<\/option>\n<option value=\"3\">20 anys<\/option>\n<option value=\"4\">50 anys<\/option>\n<option value=\"5\">100 anys<\/option>\n<option value=\"6\">200 anys<\/option>\n<option value=\"7\">500 anys<\/option>\n<\/select>\n<label for=\"opttwo\">Durada: <\/label><select id=\"opttwo\" disabled=\"disabled\" name=\"opttwo\">\n<option selected=\"selected\" value=\"init\">Seleccioneu la durada<\/option>\n<\/select>\n<button id=\"go\" type=\"button\">Obre imatge<\/button>\n<\/form>\n\n\n\n<p>Exemple dels mapes que pots consultar:<\/p>\n\n\n\n<figure class=\"wp-block-image size-large is-resized\"><img loading=\"lazy\" src=\"https:\/\/static-m.meteo.cat\/wordpressweb\/wp-content\/uploads\/2023\/01\/03134745\/T002_12h.png\" alt=\"Mapa intensitat m\u00e0xima esperada Per\u00edode de retorn 2 anys i durada 12 hores.\" width=\"709\" height=\"501\"\/><\/figure>\n\n\n\n<h2 id=\"metodologia\">Metodologia<\/h2>\n\n\n\n<p>La relaci\u00f3 Intensitat \u2013 Durada \u2013 Freq\u00fc\u00e8ncia (IDF) indica la probabilitat que s\u2019esdevingui un episodi de precipitaci\u00f3 de caracter\u00edstiques determinades en un lloc concret. Aquesta relaci\u00f3 s\u2019ha extret a alta resoluci\u00f3 espacial i temporal amb un estudi estad\u00edstic sobre s\u00e8ries temporals de precipitaci\u00f3 prou llargues i representatives de Catalunya, en el marc d\u2019un projecte de Doctorat Industrial (2014) fet al Servei Meteorol\u00f2gic de Catalunya.<\/p>\n\n\n\n<ul><li>Llabr\u00e9s-Brustenga, A. (2020). <a href=\"http:\/\/hdl.handle.net\/2445\/151942\">Intensity-Duration-Frequencyof Rainfall in Catalunya. Maximum Expected Precipitation and IDF Relationships at High Temporal and Spatial Resolution<\/a> (Tesi doctoral). Universitat de Barcelona.<\/li><li>Mar\u00eda del Carmen Casas-Castillo, et al. (2025) <a href=\"https:\/\/www.mdpi.com\/2225-1154\/13\/2\/37#\">Scaling Properties of Rainfall as a Basis for Intensity\u2013Duration\u2013Frequency Relationships and Their Spatial Distribution in Catalunya, NE Spain <\/a>.<\/li><\/ul>\n\n\n\n<p>Cal destacar que la metodologia emprada tan sols permet obtenir la relaci\u00f3 IDF a una resoluci\u00f3 temporal m\u00e0xima d\u2019una hora (\u00e9s a dir, la durada ha de ser d\u2019una hora o superior, i fins a 15 dies). Pel que fa a la freq\u00fc\u00e8ncia la informaci\u00f3 de la relaci\u00f3 IDF \u00e9s per als per\u00edodes de retorn de 2, 5, 10, 20, 50, 100, 200 i 500 anys.<\/p>\n","protected":false},"excerpt":{"rendered":"<p>Cada un dels mapes mostra la intensitat m\u00e0xima esperada en funci\u00f3 de cada un dels 8 per\u00edodes de retorn disponibles (2, 5, 10, 20, 50, 100, 200 i 500 anys) i per a 5 durades temporals (1, 6, 12, 24 i 48 hores). Per con\u00e8ixer els detalls del desenvolupament del producte pots consultar la metodologia. [&hellip;]<\/p>\n","protected":false},"author":5,"featured_media":0,"parent":36054,"menu_order":0,"comment_status":"closed","ping_status":"closed","template":"template-sidebar.php","meta":{"_mi_skip_tracking":false,"_monsterinsights_sitenote_active":false,"_monsterinsights_sitenote_note":"","_monsterinsights_sitenote_category":0},"_links":{"self":[{"href":"https:\/\/www.meteo.cat\/wpweb\/wp-json\/wp\/v2\/pages\/37801"}],"collection":[{"href":"https:\/\/www.meteo.cat\/wpweb\/wp-json\/wp\/v2\/pages"}],"about":[{"href":"https:\/\/www.meteo.cat\/wpweb\/wp-json\/wp\/v2\/types\/page"}],"author":[{"embeddable":true,"href":"https:\/\/www.meteo.cat\/wpweb\/wp-json\/wp\/v2\/users\/5"}],"replies":[{"embeddable":true,"href":"https:\/\/www.meteo.cat\/wpweb\/wp-json\/wp\/v2\/comments?post=37801"}],"version-history":[{"count":4,"href":"https:\/\/www.meteo.cat\/wpweb\/wp-json\/wp\/v2\/pages\/37801\/revisions"}],"predecessor-version":[{"id":42555,"href":"https:\/\/www.meteo.cat\/wpweb\/wp-json\/wp\/v2\/pages\/37801\/revisions\/42555"}],"up":[{"embeddable":true,"href":"https:\/\/www.meteo.cat\/wpweb\/wp-json\/wp\/v2\/pages\/36054"}],"wp:attachment":[{"href":"https:\/\/www.meteo.cat\/wpweb\/wp-json\/wp\/v2\/media?parent=37801"}],"curies":[{"name":"wp","href":"https:\/\/api.w.org\/{rel}","templated":true}]}}