{"id":37644,"date":"2023-04-17T13:40:54","date_gmt":"2023-04-17T13:40:54","guid":{"rendered":"https:\/\/www.meteo.cat\/wpweb\/?page_id=37644"},"modified":"2023-04-17T13:46:03","modified_gmt":"2023-04-17T13:46:03","slug":"organitzacio-i-forma-de-gestio-dels-serveis","status":"publish","type":"page","link":"https:\/\/www.meteo.cat\/wpweb\/transparencia-i-bon-govern\/carta-de-serveis\/organitzacio-i-forma-de-gestio-dels-serveis\/","title":{"rendered":"Organitzaci\u00f3 i forma de gesti\u00f3 dels serveis"},"content":{"rendered":"\n<h2>Qui som?<\/h2>\n\n\n\n<p>La responsabilitat sobre la prestaci\u00f3 dels serveis de la carta \u00e9s del Servei Meteorol\u00f2gic de Catalunya, la persona titular del qual \u00e9s la directora, senyora Sarai Sarroca Cervell\u00f3.<\/p>\n\n\n\n<p>El Servei Meteorol\u00f2gic de Catalunya (SMC) \u00e9s l\u2019entitat de dret p\u00fablic de la Generalitat de Catalunya, amb personalitat jur\u00eddica pr\u00f2pia, que t\u00e9 com a funci\u00f3 principal prestar un servei p\u00fablic de qualitat en mat\u00e8ria de meteorologia que satisfaci les necessitats d\u2019informaci\u00f3 meteorol\u00f2gica i clim\u00e0tica de la societat. Actualment est\u00e0 adscrit al Departament d\u2019Acci\u00f3 Clim\u00e0tica, Alimentaci\u00f3 i Agenda Rural.<\/p>\n\n\n\n<div style=\"height:20px\" aria-hidden=\"true\" class=\"wp-block-spacer\"><\/div>\n\n\n\n<h2>Qu\u00e8 fem?<\/h2>\n\n\n\n<p>L\u2019SMC garanteix la prestaci\u00f3 d\u2019un servei p\u00fablic ampli i de qualitat en l\u2019\u00e0mbit de Catalunya, que satisfaci les necessitats d\u2019informaci\u00f3 meteorol\u00f2gica del conjunt de la societat catalana.<\/p>\n\n\n\n<p>Constitueix un element b\u00e0sic de suport, assessorament i informaci\u00f3 de la Generalitat de Catalunya en mat\u00e8ria de meteorologia i de climatologia, amb l\u2019objectiu de protegir vides i b\u00e9ns gr\u00e0cies a la coordinaci\u00f3 amb Protecci\u00f3 Civil, i de contribuir al benestar social i a una millor planificaci\u00f3 territorial.<\/p>\n\n\n\n<div style=\"height:20px\" aria-hidden=\"true\" class=\"wp-block-spacer\"><\/div>\n\n\n\n<h2>Com ho fem? <\/h2>\n\n\n\n<p>El Servei Meteorol\u00f2gic de Catalunya s&#8217;estructura en 5 \u00e0rees t\u00e8cniques: Predicci\u00f3, Climatologia, Recerca i Modelitzaci\u00f3, Serveis d\u2019Observaci\u00f3 Meteorol\u00f2gica i TIC. En l\u2019\u00e0mbit de suport i administratiu hi ha la unitat de Serveis a l&#8217;Usuari i al Client i Relacions institucionals i comunicaci\u00f3, Gesti\u00f3 Econ\u00f2mica, Contractaci\u00f3 i RRHH.<\/p>\n\n\n\n<p>L&#8217;SMC desplega els serveis a trav\u00e9s de les seves oficines centrals.<\/p>\n\n\n\n<div style=\"height:10px\" aria-hidden=\"true\" class=\"wp-block-spacer\"><\/div>\n\n\n\n<h2><strong>M\u00e9s informaci\u00f3:<\/strong><\/h2>\n\n\n\n<ul><li><a href=\"https:\/\/www.meteo.cat\/wpweb\/transparencia-i-bon-govern\/\">Apartat &#8220;Transpar\u00e8ncia i bon govern&#8221;<\/a><\/li><li><a href=\"http:\/\/sac.gencat.cat\/sacgencat\/AppJava\/organisme_fitxa.jsp?codi=6484\" target=\"_blank\" rel=\"noreferrer noopener nofollow\">Sistema d&#8217;atenci\u00f3 ciutadana (SAC) <\/a><\/li><li><a href=\"https:\/\/www.meteo.cat\/wpweb\/contacte\/\">B\u00fastia de contacte<\/a><\/li><\/ul>\n","protected":false},"excerpt":{"rendered":"<p>Qui som? La responsabilitat sobre la prestaci\u00f3 dels serveis de la carta \u00e9s del Servei Meteorol\u00f2gic de Catalunya, la persona titular del qual \u00e9s la directora, senyora Sarai Sarroca Cervell\u00f3. El Servei Meteorol\u00f2gic de Catalunya (SMC) \u00e9s l\u2019entitat de dret p\u00fablic de la Generalitat de Catalunya, amb personalitat jur\u00eddica pr\u00f2pia, que t\u00e9 com a funci\u00f3 [&hellip;]<\/p>\n","protected":false},"author":5,"featured_media":0,"parent":37625,"menu_order":0,"comment_status":"closed","ping_status":"closed","template":"template-sidebar.php","meta":{"_mi_skip_tracking":false,"_monsterinsights_sitenote_active":false,"_monsterinsights_sitenote_note":"","_monsterinsights_sitenote_category":0},"_links":{"self":[{"href":"https:\/\/www.meteo.cat\/wpweb\/wp-json\/wp\/v2\/pages\/37644"}],"collection":[{"href":"https:\/\/www.meteo.cat\/wpweb\/wp-json\/wp\/v2\/pages"}],"about":[{"href":"https:\/\/www.meteo.cat\/wpweb\/wp-json\/wp\/v2\/types\/page"}],"author":[{"embeddable":true,"href":"https:\/\/www.meteo.cat\/wpweb\/wp-json\/wp\/v2\/users\/5"}],"replies":[{"embeddable":true,"href":"https:\/\/www.meteo.cat\/wpweb\/wp-json\/wp\/v2\/comments?post=37644"}],"version-history":[{"count":1,"href":"https:\/\/www.meteo.cat\/wpweb\/wp-json\/wp\/v2\/pages\/37644\/revisions"}],"predecessor-version":[{"id":37645,"href":"https:\/\/www.meteo.cat\/wpweb\/wp-json\/wp\/v2\/pages\/37644\/revisions\/37645"}],"up":[{"embeddable":true,"href":"https:\/\/www.meteo.cat\/wpweb\/wp-json\/wp\/v2\/pages\/37625"}],"wp:attachment":[{"href":"https:\/\/www.meteo.cat\/wpweb\/wp-json\/wp\/v2\/media?parent=37644"}],"curies":[{"name":"wp","href":"https:\/\/api.w.org\/{rel}","templated":true}]}}