{"id":37642,"date":"2023-04-17T13:37:29","date_gmt":"2023-04-17T13:37:29","guid":{"rendered":"https:\/\/www.meteo.cat\/wpweb\/?page_id=37642"},"modified":"2023-06-14T10:34:42","modified_gmt":"2023-06-14T10:34:42","slug":"els-nostres-serveis","status":"publish","type":"page","link":"https:\/\/www.meteo.cat\/wpweb\/transparencia-i-bon-govern\/carta-de-serveis\/els-nostres-serveis\/","title":{"rendered":"Els nostres serveis"},"content":{"rendered":"\n<p>Els serveis del Servei Meteorol\u00f2gic de Catalunya garanteixen una informaci\u00f3 meteorol\u00f2gica i clim\u00e0tica de qualitat en l\u2019\u00e0mbit de Catalunya. Els serveis que s\u2019ofereixen donen cobertura a aquesta informaci\u00f3 en el passat, present i futur a m\u00e9s de serveis educatius.<\/p>\n\n\n\n<p>L&#8217;acc\u00e9s als serveis \u00e9s universal, \u00e9s a dir, que \u00e9s obert a la poblaci\u00f3 i no hi ha cap condici\u00f3 espec\u00edfica per accedir-hi.<\/p>\n\n\n\n<p>Addicionalment, el servei d&#8217;activitats educatives est\u00e0 adre\u00e7at a Escoles i col\u00b7lectius professionals i t\u00e9 condicions especials que s&#8217;expliquen juntament amb la resta d&#8217;informaci\u00f3 sobre aquest servei.<\/p>\n\n\n\n<p>Els serveis i productes d&#8217;inter\u00e8s general s&#8217;ofereixen en obert i no tenen cap cost.<\/p>\n\n\n\n<p>Els serveis i productes d\u2019inter\u00e8s particular per algun sector (per exemple energies renovables) que requereixen assessorament per part del Servei Meteorol\u00f2gic de Catalunya, generaci\u00f3 i \/o enviament estaran subjectes a les tarifes p\u00fabliques del Servei Meteorol\u00f2gic de Catalunya. Les tarifes es fan p\u00fabliques al web dins el <a href=\"https:\/\/www.meteo.cat\/wpweb\/serveis\/cataleg-de-serveis\/\">cat\u00e0leg de serveis<\/a>.<\/p>\n\n\n\n<p>Les activitats educatives adre\u00e7ades a escoles i instituts s\u00f3n gratu\u00eftes. Si es requereix una formaci\u00f3 per un \u00e0mbit professional concret estar\u00e0 subjecte a tarifes.<\/p>\n\n\n\n<p>Per sol\u00b7licitar els serveis de temps present, passat i futur cal adre\u00e7ar-se a un dels seg\u00fcents canals:<\/p>\n\n\n\n<ul><li>Presencialment a les oficines<\/li><li>A trav\u00e9s del <a href=\"https:\/\/www.meteo.cat\/wpweb\/serveis\/formularis\/contractacio-de-serveis-del-cataleg\/\">formulari web<\/a> <\/li><li>Per correu electr\u00f2nic a: <a href=\"&#x6d;a&#x69;&#108;&#x74;&#111;:&#x73;e&#x72;&#118;&#x65;&#105;s&#x2e;&#109;&#x65;&#116;e&#x6f;c&#x61;&#116;&#x40;&#103;e&#x6e;c&#x61;&#116;&#x2e;&#x63;a&#x74;\">&#x73;e&#x72;&#118;&#x65;&#105;s&#x2e;m&#x65;&#116;&#x65;&#111;c&#x61;&#116;&#x40;&#103;e&#x6e;c&#x61;&#116;&#x2e;&#99;a&#x74;<\/a><\/li><\/ul>\n\n\n\n<p>Per sol\u00b7licitar el servei d&#8217;activitats educatives cal adre\u00e7ar-se a un dels seg\u00fcents canals:<\/p>\n\n\n\n<ul><li>Presencialment a les oficines<\/li><li>A trav\u00e9s del <a href=\"https:\/\/www.meteo.cat\/wpweb\/serveis\/activitats-educatives\/inscripcio-activitats-educatives\/\">formulari web d&#8217;activitats educatives <\/a><\/li><li>Per correu electr\u00f2nic a: <a href=\"mai&#108;&#116;&#111;&#58;&#x65;&#x64;&#x75;&#x63;&#x61;&#x63;&#x69;o&#46;m&#101;&#116;&#101;&#111;&#99;&#x61;&#x74;&#x40;&#x67;&#x65;&#x6e;cat&#46;&#99;&#97;&#116;\">&#101;&#x64;&#117;&#x63;&#97;&#x63;i&#x6f;&#46;&#x6d;e&#116;&#x65;&#111;&#x63;&#97;&#x74;&#64;&#x67;e&#x6e;c&#x61;t&#46;&#x63;&#97;&#x74; <\/a><\/li><\/ul>\n\n\n\n<div style=\"height:20px\" aria-hidden=\"true\" class=\"wp-block-spacer\"><\/div>\n\n\n\n<h2>Servei 1. Servei de temps futur<\/h2>\n\n\n\n<p>Els objectius del servei de temps futur s\u00f3n:<\/p>\n\n\n\n<ul><li>Disposar de sortides (mapes i dades brutes) i productes derivats de predicci\u00f3 meteorol\u00f2gica procedents de models meteorol\u00f2gics.<\/li><li>Facilitar la predicci\u00f3 meteorol\u00f2gica interpretada pels predictors i vigilar la situaci\u00f3 meteorol\u00f2gica en tot moment.<\/li><li>Generar escenaris clim\u00e0tics a partir de models que permetin definir les condicions meteorol\u00f2giques a anys vista<\/li><\/ul>\n\n\n\n<p>Les principals activitats que el servei de temps futur du a terme s\u00f3n:<\/p>\n\n\n\n<ul><li>Predicci\u00f3 a 3 dies vista (general a Catalunya, comarca a comarca, municipal, al Pirineu, a les platges, a mar obert, \u00edndex ultraviolat)<\/li><li>Avisos de situaci\u00f3 meteorol\u00f2gica de perill<\/li><li>Predicci\u00f3 a una setmana<\/li><li>Predicci\u00f3 mensual<\/li><li>Predicci\u00f3 estacional<\/li><li>Models meteorol\u00f2gic i oceanogr\u00e0fics<\/li><li>Projeccions clim\u00e0tiques a anys vista<\/li><li>Projeccions a temperatura, precipitaci\u00f3 i altres variables i \u00edndex clim\u00e0tics a m\u00e9s de 100 anys vista<\/li><\/ul>\n\n\n\n<div style=\"height:20px\" aria-hidden=\"true\" class=\"wp-block-spacer\"><\/div>\n\n\n\n<h2>Servei 2. Servei de temps present<\/h2>\n\n\n\n<p>L&#8217;objectiu principal del servei de temps present \u00e9s: disposar de dades de qualitat d&#8217;observaci\u00f3 i teledetecci\u00f3 en temps real.<\/p>\n\n\n\n<p>Les principals activitats que el servei de temps present du a terme s\u00f3n:<\/p>\n\n\n\n<ul><li>Dades d&#8217;estacions meteorol\u00f2giques autom\u00e0tiques i manuals (XEMA i XOM)<\/li><li>Imatges i dades de radar meteorol\u00f2gic (XRAD)<\/li><li>Dades de la xarxa de detecci\u00f3 de desc\u00e0rregues el\u00e8ctriques (XDDE)<\/li><li>Imatges i dades del Meteosat<\/li><li>Dades del radiosondatge de Barcelona<\/li><li>Productes derivats dels sistemes d&#8217;observaci\u00f3 (precipitaci\u00f3 acumulada, probabilitat de tempesta, moviment tempestes, pluja o neu, entre d&#8217;altres)<\/li><\/ul>\n\n\n\n<div style=\"height:20px\" aria-hidden=\"true\" class=\"wp-block-spacer\"><\/div>\n\n\n\n<h2>Servei 3. Servei de temps passat<\/h2>\n\n\n\n<p>Els objectius del servei de temps passat s\u00f3n:<\/p>\n\n\n\n<ul><li>Facilitar informaci\u00f3 sobre l&#8217;evoluci\u00f3 del clima a partir de les dades observades.<\/li><li>Generar informes i subministrar les dades del temps passat a particulars i experts.<\/li><\/ul>\n\n\n\n<p>Les principals activitats que el servei de temps passat du a terme s\u00f3n:<\/p>\n\n\n\n<ul><li>Butlletins mensuals, estacionals, anuals, any pluviom\u00e8tric, indicadors clim\u00e0tics.<\/li><li>Productes clim\u00e0tics adre\u00e7ats a diferents \u00e0mbits com roses de vents, corbes, normals clim\u00e0tiques, estat sequera, entre d&#8217;altres.<\/li><li>Elaboraci\u00f3 d&#8217;informes amb dades de dies passats.<\/li><\/ul>\n\n\n\n<div style=\"height:20px\" aria-hidden=\"true\" class=\"wp-block-spacer\"><\/div>\n\n\n\n<h2>Servei 4. Activitats educatives<\/h2>\n\n\n\n<p>L&#8217;objectiu del servei d&#8217;activitats educatives \u00e9s difondre l&#8217;activitat del Servei Meteorol\u00f2gic de Catalunya i coneixements meteorol\u00f2gics i clim\u00e0tics.<\/p>\n\n\n\n<p>Les principals activitats del servei s\u00f3n:<\/p>\n\n\n\n<ul><li>Confer\u00e8ncies<\/li><li>Webinaris<\/li><li>Xerrades a instituts i escoles<\/li><li>Seminaris via web a escoles d\u2019ensenyament primari<\/li><li>Publicaci\u00f3 articles divulgatius i cient\u00edfics<\/li><li>Formacions a mida<\/li><\/ul>\n\n\n\n<p>Les xerrades a instituts i escoles estan destinades al cicle superior de prim\u00e0ria i al cicle l\u2019educaci\u00f3 secund\u00e0ria obligat\u00f2ria. Les formacions a mida es coordinen amb l\u2019interessat i poden estar subjectes a tarifes.<\/p>\n\n\n\n<div style=\"height:20px\" aria-hidden=\"true\" class=\"wp-block-spacer\"><\/div>\n\n\n\n<h2>Normativa aplicable<\/h2>\n\n\n\n<p><a href=\"https:\/\/portaljuridic.gencat.cat\/ca\/document-del-pjur\/?documentId=270830\" target=\"_blank\" rel=\"noreferrer noopener nofollow\"><strong>Llei 5\/2001, de 14 de novembre, de meteorologia.<\/strong><\/a><\/p>\n","protected":false},"excerpt":{"rendered":"<p>Els serveis del Servei Meteorol\u00f2gic de Catalunya garanteixen una informaci\u00f3 meteorol\u00f2gica i clim\u00e0tica de qualitat en l\u2019\u00e0mbit de Catalunya. Els serveis que s\u2019ofereixen donen cobertura a aquesta informaci\u00f3 en el passat, present i futur a m\u00e9s de serveis educatius. L&#8217;acc\u00e9s als serveis \u00e9s universal, \u00e9s a dir, que \u00e9s obert a la poblaci\u00f3 i no [&hellip;]<\/p>\n","protected":false},"author":5,"featured_media":0,"parent":37625,"menu_order":0,"comment_status":"closed","ping_status":"closed","template":"","meta":{"_mi_skip_tracking":false,"_monsterinsights_sitenote_active":false,"_monsterinsights_sitenote_note":"","_monsterinsights_sitenote_category":0},"_links":{"self":[{"href":"https:\/\/www.meteo.cat\/wpweb\/wp-json\/wp\/v2\/pages\/37642"}],"collection":[{"href":"https:\/\/www.meteo.cat\/wpweb\/wp-json\/wp\/v2\/pages"}],"about":[{"href":"https:\/\/www.meteo.cat\/wpweb\/wp-json\/wp\/v2\/types\/page"}],"author":[{"embeddable":true,"href":"https:\/\/www.meteo.cat\/wpweb\/wp-json\/wp\/v2\/users\/5"}],"replies":[{"embeddable":true,"href":"https:\/\/www.meteo.cat\/wpweb\/wp-json\/wp\/v2\/comments?post=37642"}],"version-history":[{"count":3,"href":"https:\/\/www.meteo.cat\/wpweb\/wp-json\/wp\/v2\/pages\/37642\/revisions"}],"predecessor-version":[{"id":38191,"href":"https:\/\/www.meteo.cat\/wpweb\/wp-json\/wp\/v2\/pages\/37642\/revisions\/38191"}],"up":[{"embeddable":true,"href":"https:\/\/www.meteo.cat\/wpweb\/wp-json\/wp\/v2\/pages\/37625"}],"wp:attachment":[{"href":"https:\/\/www.meteo.cat\/wpweb\/wp-json\/wp\/v2\/media?parent=37642"}],"curies":[{"name":"wp","href":"https:\/\/api.w.org\/{rel}","templated":true}]}}