{"id":37638,"date":"2023-04-17T13:27:33","date_gmt":"2023-04-17T13:27:33","guid":{"rendered":"https:\/\/www.meteo.cat\/wpweb\/?page_id=37638"},"modified":"2026-03-30T14:42:51","modified_gmt":"2026-03-30T14:42:51","slug":"seguiment-i-avaluacio-de-la-carta","status":"publish","type":"page","link":"https:\/\/www.meteo.cat\/wpweb\/transparencia-i-bon-govern\/carta-de-serveis\/seguiment-i-avaluacio-de-la-carta\/","title":{"rendered":"Seguiment i avaluaci\u00f3 de la carta"},"content":{"rendered":"\n<h2>Indicadors i instruments d\u2019avaluaci\u00f3<\/h2>\n\n\n\n<p>El seguiment dels compromisos es fa a trav\u00e9s dels indicadors que es detallen en cada cas.<\/p>\n\n\n\n<p>En el cas d&#8217;incompliment dels compromisos, s&#8217;han previst diversos sup\u00f2sits en els quals poden aplicar-se mesures de compensaci\u00f3\/reparaci\u00f3, que es poden consultar a l&#8217;<a href=\"\/wpweb\/transparencia-i-bon-govern\/carta-de-serveis\/drets-i-deures\/\">apartat &#8220;Drets i deures&#8221;<\/a>.<\/p>\n\n\n\n<div style=\"height:20px\" aria-hidden=\"true\" class=\"wp-block-spacer\"><\/div>\n\n\n\n<h3>Indicadors de seguiment<\/h3>\n\n\n\n<table class=\"sortable\">\n            <caption>Indicadors comprom\u00eds 1 llenguatge clar, directe, comprensible i no sexista.<\/caption>\n\n            <tbody><tr>\n                <th scope=\"row\">Comprom\u00eds 1<\/th>\n                <td>Facilitar la informaci\u00f3 sol\u00b7licitada en un llenguatge clar, directe, comprensible i no sexista.<\/td>\n            <\/tr>\n            <tr>\n                <th scope=\"row\">Indicador<\/th>\n                <td>Mitjana de la puntuaci\u00f3 dels usuaris a la pregunta sobre si la informaci\u00f3 que reben \u00e9s entenedora de l&#8217;enquesta anual.<\/td>\n            <\/tr>\n            <tr>\n                <th scope=\"row\">Descripci\u00f3<\/th>\n                <td>Els usuaris del servei de temps passat anualment rebran una enquesta i una de les preguntes que valoren, entre 1 i 5, on 1 \u00e9s la puntuaci\u00f3 m\u00e9s baixa i 5 la m\u00e9s alta, la informaci\u00f3 que reben \u00e9s entenedora.<\/td>\n            <\/tr>          \n            <tr>\n                <th scope=\"row\">M\u00e8tode de c\u00e0lcul<\/th>\n                <td>Mitjana de les respostes a la pregunta de l&#8217;enquesta anual que fa refer\u00e8ncia a la informaci\u00f3 sol\u00b7licitada.<\/td>\n            <\/tr>  \n            <tr>\n                <th scope=\"row\">Unitat de mesura<\/th>\n                <td>Puntuaci\u00f3 de la pregunta de l&#8217;enquesta (nombre enter 1 a 5)<\/td>\n            <\/tr>  \n            <tr>\n                <th scope=\"row\">Objectiu de qualitat<\/th>\n                <td>4,7<\/td>\n            <\/tr>  \n            <tr>\n                <th scope=\"row\">Llindar de compliment<\/th>\n                <td>4,5<\/td>\n            <\/tr> \n             <tr>\n                <th scope=\"row\">Font d&#8217;informaci\u00f3<\/th>\n                <td>Enquestes<\/td>\n            <\/tr> \n             <tr>\n                <th scope=\"row\">Periodicitat<\/th>\n                <td>Anual<\/td>\n            <\/tr> \n             <tr>\n                <th scope=\"row\">Instrument d&#8217;avaluaci\u00f3<\/th>\n                <td>An\u00e0lisi de resultat de les enquestes<\/td>\n            <\/tr> \n\n    <\/tbody><\/table>\n\n\n\n<div style=\"height:20px\" aria-hidden=\"true\" class=\"wp-block-spacer\"><\/div>\n\n\n\n<table class=\"sortable\">\n            <caption>Indicadors comprom\u00eds 2 respondre en menys de 30 dies.<\/caption>\n\n            <tbody><tr>\n                <th scope=\"row\">Comprom\u00eds 2<\/th>\n                <td>Respondre les sol\u00b7licituds en menys de 30 dies.<\/td>\n            <\/tr>\n            <tr>\n                <th scope=\"row\">Indicador<\/th>\n                <td>Percentatge de sol\u00b7licituds resoltes en 30 dies o menys.<\/td>\n            <\/tr>\n            <tr>\n                <th scope=\"row\">Descripci\u00f3<\/th>\n                <td>Percentatge de sol\u00b7licituds que han rebut la resposta en 30 dies o menys de la data d&#8217;arribada de la sol\u00b7licitud  al SMC.<\/td>\n            <\/tr>          \n            <tr>\n                <th scope=\"row\">M\u00e8tode de c\u00e0lcul<\/th>\n                <td>Sobre el total de sol\u00b7licituds contestades, aplicar el percentatge de les que s\u2019han contestat en 30 dies o menys.<\/td>\n            <\/tr>  \n            <tr>\n                <th scope=\"row\">Unitat de mesura<\/th>\n                <td>Sol\u00b7licitud<\/td>\n            <\/tr>  \n            <tr>\n                <th scope=\"row\">Objectiu de qualitat<\/th>\n                <td>90%<\/td>\n            <\/tr>  \n            <tr>\n                <th scope=\"row\">Llindar de compliment<\/th>\n                <td> 80%<\/td>\n            <\/tr> \n             <tr>\n                <th scope=\"row\">Font d&#8217;informaci\u00f3<\/th>\n                <td>Tiquets de l&#8217;aplicaci\u00f3 Jira, sistema de registre<\/td>\n            <\/tr> \n             <tr>\n                <th scope=\"row\">Periodicitat<\/th>\n                <td>Anual<\/td>\n            <\/tr> \n             <tr>\n                <th scope=\"row\">Instrument d&#8217;avaluaci\u00f3<\/th>\n                <td>Aplicaci\u00f3 JIRA, gesti\u00f3 de sol\u00b7licituds i incid\u00e8ncies<\/td>\n            <\/tr> \n\n    <\/tbody><\/table>\n\n\n\n<div style=\"height:20px\" aria-hidden=\"true\" class=\"wp-block-spacer\"><\/div>\n\n\n\n<table class=\"sortable\">\n            <caption>Indicadors comprom\u00eds 3 Anar adequadament identificats i utilitzar un llenguatge comprensible i respectu\u00f3s<\/caption>\n\n            <tbody><tr>\n                <th scope=\"row\">Comprom\u00eds 3<\/th>\n                <td>Anar adequadament identificats i utilitzar un llenguatge comprensible i respectu\u00f3s.<\/td>\n            <\/tr>\n            <tr>\n                <th scope=\"row\">Indicador<\/th>\n                <td>Mitjana de la puntuaci\u00f3 dels usuaris a la pregunta de l&#8217;enquesta anual sobre l&#8217;atenci\u00f3 rebuda.<\/td>\n            <\/tr>\n            <tr>\n                <th scope=\"row\">Descripci\u00f3<\/th>\n                <td>Mitjana de la puntuaci\u00f3 dels usuaris a la pregunta sobre si el personal va identificat i utilitzar un llenguatge comprensible i respectu\u00f3s de l&#8217;enquesta anual.<\/td>\n            <\/tr>          \n            <tr>\n                <th scope=\"row\">M\u00e8tode de c\u00e0lcul<\/th>\n                <td>Mitjana de les respostes a la pregunta de l&#8217;enquesta anual que fa refer\u00e8ncia a la informaci\u00f3 sol\u00b7licitada.<\/td>\n            <\/tr>  \n            <tr>\n                <th scope=\"row\">Unitat de mesura<\/th>\n                <td>Puntuaci\u00f3 de la pregunta de l&#8217;enquesta (nombre enter 1 a 5)<\/td>\n            <\/tr>  \n            <tr>\n                <th scope=\"row\">Objectiu de qualitat<\/th>\n                <td>4,7<\/td>\n            <\/tr>  \n            <tr>\n                <th scope=\"row\">Llindar de compliment<\/th>\n                <td> 4,5<\/td>\n            <\/tr> \n             <tr>\n                <th scope=\"row\">Font d&#8217;informaci\u00f3<\/th>\n                <td>Enquestes<\/td>\n            <\/tr> \n             <tr>\n                <th scope=\"row\">Periodicitat<\/th>\n                <td>Anual<\/td>\n            <\/tr> \n             <tr>\n                <th scope=\"row\">Instrument d&#8217;avaluaci\u00f3<\/th>\n                <td>An\u00e0lisi de resultat de les enquestes<\/td>\n            <\/tr> \n\n    <\/tbody><\/table>\n\n\n\n<div style=\"height:20px\" aria-hidden=\"true\" class=\"wp-block-spacer\"><\/div>\n\n\n\n<table class=\"sortable\">\n            <caption>Indicadors comprom\u00eds 4 Actualitzar peri\u00f2dicament els continguts dels serveis de temps futur, present i passat a les plataformes web<\/caption>\n\n            <tbody><tr>\n                <th scope=\"row\">Comprom\u00eds 4<\/th>\n                <td>Actualitzar peri\u00f2dicament els continguts dels serveis de temps futur, present i passat a les plataformes web.<\/td>\n            <\/tr>\n            <tr>\n                <th scope=\"row\">Indicador<\/th>\n                <td>N\u00famero de serveis nous o actualitzats al web a l&#8217;any<\/td>\n            <\/tr>\n            <tr>\n                <th scope=\"row\">Descripci\u00f3<\/th>\n                <td>Recompte de les actualitzacions en els seveis del web i serveis nous.<\/td>\n            <\/tr>          \n            <tr>\n                <th scope=\"row\">M\u00e8tode de c\u00e0lcul<\/th>\n                <td>Recompte del tiquets que registren les actuacions als servies.<\/td>\n            <\/tr>  \n            <tr>\n                <th scope=\"row\">Unitat de mesura<\/th>\n                <td>serveis on s&#8217;ha intervingut.<\/td>\n            <\/tr>  \n            <tr>\n                <th scope=\"row\">Objectiu de qualitat<\/th>\n                <td>2<\/td>\n            <\/tr>  \n            <tr>\n                <th scope=\"row\">Llindar de compliment<\/th>\n                <td>1<\/td>\n            <\/tr> \n             <tr>\n                <th scope=\"row\">Font d&#8217;informaci\u00f3<\/th>\n                <td>Tiquets de l&#8217;aplicaci\u00f3 Jira, sistema de registre de les actuacions<\/td>\n            <\/tr> \n             <tr>\n                <th scope=\"row\">Periodicitat<\/th>\n                <td>Anual<\/td>\n            <\/tr> \n             <tr>\n                <th scope=\"row\">Instrument d&#8217;avaluaci\u00f3<\/th>\n                <td>Aplicaci\u00f3 JIRA, gesti\u00f3 les tasques de publicaci\u00f3 de serveis<\/td>\n            <\/tr> \n\n    <\/tbody><\/table>\n\n\n\n<div style=\"height:20px\" aria-hidden=\"true\" class=\"wp-block-spacer\"><\/div>\n\n\n\n<table class=\"sortable\">\n            <caption>Indicadors comprom\u00eds 5 Actualitzar de forma peri\u00f2dica el cat\u00e0leg de serveis<\/caption>\n\n            <tbody><tr>\n                <th scope=\"row\">Comprom\u00eds 5<\/th>\n                <td>Actualitzar de forma peri\u00f2dica el cat\u00e0leg de serveis.<\/td>\n            <\/tr>\n            <tr>\n                <th scope=\"row\">Indicador<\/th>\n                <td>Temps mitj\u00e0 d&#8217;actualitzaci\u00f3 del cat\u00e0leg.<\/td>\n            <\/tr>\n            <tr>\n                <th scope=\"row\">Descripci\u00f3<\/th>\n                <td>Mesura el temps en dies transcorreguts entre una actualitzaci\u00f3 i la seg\u00fcent del cat\u00e0leg de productes de temps passat.<\/td>\n            <\/tr>          \n            <tr>\n                <th scope=\"row\">M\u00e8tode de c\u00e0lcul<\/th>\n                <td>Difer\u00e8ncia de dies entre les dates d\u2019actualitzaci\u00f3 del cat\u00e0leg a les  p\u00e0gines web.<\/td>\n            <\/tr>  \n            <tr>\n                <th scope=\"row\">Unitat de mesura<\/th>\n                <td>Recompte de dies entre actualitzacions.<\/td>\n            <\/tr>  \n            <tr>\n                <th scope=\"row\">Objectiu de qualitat<\/th>\n                <td>180 dies<\/td>\n            <\/tr>  \n            <tr>\n                <th scope=\"row\">Llindar de compliment<\/th>\n                <td>190 dies<\/td>\n            <\/tr> \n             <tr>\n                <th scope=\"row\">Font d&#8217;informaci\u00f3<\/th>\n                <td>Dates actualitzaci\u00f3 p\u00e0gines web registrades al gestor de continguts<\/td>\n            <\/tr> \n             <tr>\n                <th scope=\"row\">Periodicitat<\/th>\n                <td>Anual<\/td>\n            <\/tr> \n             <tr>\n                <th scope=\"row\">Instrument d&#8217;avaluaci\u00f3<\/th>\n                <td>Gestor de continguts web.<\/td>\n            <\/tr> \n\n    <\/tbody><\/table>\n\n\n\n<div style=\"height:20px\" aria-hidden=\"true\" class=\"wp-block-spacer\"><\/div>\n\n\n\n<table class=\"sortable\">\n            <caption>Indicadors comprom\u00eds 6 Augmentar el nombre de datasets disponibles al portal de dades obertes de la Generalitat<\/caption>\n\n            <tbody><tr>\n                <th scope=\"row\">Comprom\u00eds 6<\/th>\n                <td>Augmentar el nombre de datasets disponibles al portal de dades obertes de la Generalitat.<\/td>\n            <\/tr>\n            <tr>\n                <th scope=\"row\">Indicador<\/th>\n                <td>N\u00famero de datasets nous publicats a dades obertes de Gencat anualment.<\/td>\n            <\/tr>\n            <tr>\n                <th scope=\"row\">Descripci\u00f3<\/th>\n                <td>Es publiquen serveis a dades obertes per facilitar l&#8217;acc\u00e9s a tota la poblaci\u00f3. L&#8217;SMC t\u00e9 marge per publicar m\u00e9s informaci\u00f3 i per tant de marge per augmentar les dades publicades.\n            <\/td><\/tr>          \n            <tr>\n                <th scope=\"row\">M\u00e8tode de c\u00e0lcul<\/th>\n                <td>Recompte dels conjunt de dades publicats.<\/td>\n            <\/tr>  \n            <tr>\n                <th scope=\"row\">Unitat de mesura<\/th>\n                <td>recompte de datasets al portal de dades obertes.<\/td>\n            <\/tr>  \n            <tr>\n                <th scope=\"row\">Objectiu de qualitat<\/th>\n                <td>4<\/td>\n            <\/tr>  \n            <tr>\n                <th scope=\"row\">Llindar de compliment<\/th>\n                <td>2<\/td>\n            <\/tr> \n             <tr>\n                <th scope=\"row\">Font d&#8217;informaci\u00f3<\/th>\n                <td>Tiquets de l&#8217;aplicaci\u00f3 JIRA, registre de les actuacions.<\/td>\n            <\/tr> \n             <tr>\n                <th scope=\"row\">Periodicitat<\/th>\n                <td>Anual<\/td>\n            <\/tr> \n             <tr>\n                <th scope=\"row\">Instrument d&#8217;avaluaci\u00f3<\/th>\n                <td>Aplicaci\u00f3 JIRA, gesti\u00f3 les tasques per la publicaci\u00f3 del dataset.<\/td>\n            <\/tr> \n\n    <\/tbody><\/table>\n\n\n\n<div style=\"height:20px\" aria-hidden=\"true\" class=\"wp-block-spacer\"><\/div>\n\n\n\n<table class=\"sortable\">\n            <caption>Indicadors comprom\u00eds 7 Proporcionar uns continguts a les activitats educatives adequats als nivells educatius dels alumnes que participen a les activitats<\/caption>\n\n            <tbody><tr>\n                <th scope=\"row\">Comprom\u00eds 7<\/th>\n                <td>Proporcionar uns continguts a les activitats educatives adequats als nivells educatius dels alumnes que participen a les activitats.<\/td>\n            <\/tr>\n            <tr>\n                <th scope=\"row\">Indicador<\/th>\n                <td>mitjana de la respostes a pregunta que fa refer\u00e8ncia als continguts  adequats als nivells dels alumnes<\/td>\n            <\/tr>\n            <tr>\n                <th scope=\"row\">Descripci\u00f3<\/th>\n                <td>resultat de la pregunta en refer\u00e8ncia als continguts si s\u00f3n adequats al nivell educatiu de l&#8217;activitat. (respostes de 1 a 5). L&#8217;enquesta es fa al finalitzar l&#8217;activitat.\n            <\/td><\/tr>          \n            <tr>\n                <th scope=\"row\">M\u00e8tode de c\u00e0lcul<\/th>\n                <td>Mitjana de les respostes dels usuaris a les enquestes anuals.<\/td>\n            <\/tr>  \n            <tr>\n                <th scope=\"row\">Unitat de mesura<\/th>\n                <td>Puntuaci\u00f3 de la pregunta de l&#8217;enquesta (nombre entre 1 i 5).<\/td>\n            <\/tr>  \n            <tr>\n                <th scope=\"row\">Objectiu de qualitat<\/th>\n                <td>4,7<\/td>\n            <\/tr>  \n            <tr>\n                <th scope=\"row\">Llindar de compliment<\/th>\n                <td>4,5<\/td>\n            <\/tr> \n             <tr>\n                <th scope=\"row\">Font d&#8217;informaci\u00f3<\/th>\n                <td>Enquestes<\/td>\n            <\/tr> \n             <tr>\n                <th scope=\"row\">Periodicitat<\/th>\n                <td>Anual<\/td>\n            <\/tr> \n             <tr>\n                <th scope=\"row\">Instrument d&#8217;avaluaci\u00f3<\/th>\n                <td>An\u00e0lisi de resultat de les enquestes.<\/td>\n            <\/tr> \n    <\/tbody><\/table>\n\n\n\n<div style=\"height:20px\" aria-hidden=\"true\" class=\"wp-block-spacer\"><\/div>\n\n\n\n<table class=\"sortable\">\n            <caption>Indicadors comprom\u00eds 8 Emprar un llenguatge clar i senzill en les activitats educatives.<\/caption>\n\n            <tbody><tr>\n                <th scope=\"row\">Comprom\u00eds 8<\/th>\n                <td>Emprar un llenguatge clar i senzill en les activitats educatives.<\/td>\n            <\/tr>\n            <tr>\n                <th scope=\"row\">Indicador<\/th>\n                <td>Mitjana de les respostes a la pregunta que fa refer\u00e8ncia al llenguatge adequat als nivells dels alumnes<\/td>\n            <\/tr>\n            <tr>\n                <th scope=\"row\">Descripci\u00f3<\/th>\n                <td>Resultat de la pregunta en refer\u00e8ncia al  llenguatge  adequat als nivells dels alumnes. (respostes de 1 a 5). L&#8217;enquesta es fa al finalitzar l&#8217;activitat\n            <\/td><\/tr>          \n            <tr>\n                <th scope=\"row\">M\u00e8tode de c\u00e0lcul<\/th>\n                <td>mitjana de les respostes dels usuaris a les enquestes anuals.<\/td>\n            <\/tr>  \n            <tr>\n                <th scope=\"row\">Unitat de mesura<\/th>\n                <td>Puntuaci\u00f3 de la pregunta de l\u2019enquesta (nombre entre 1 i 5).<\/td>\n            <\/tr>  \n            <tr>\n                <th scope=\"row\">Objectiu de qualitat<\/th>\n                <td>4,7<\/td>\n            <\/tr>  \n            <tr>\n                <th scope=\"row\">Llindar de compliment<\/th>\n                <td>4,5<\/td>\n            <\/tr> \n             <tr>\n                <th scope=\"row\">Font d&#8217;informaci\u00f3<\/th>\n                <td>Enquestes<\/td>\n            <\/tr> \n             <tr>\n                <th scope=\"row\">Periodicitat<\/th>\n                <td>Anual<\/td>\n            <\/tr> \n             <tr>\n                <th scope=\"row\">Instrument d&#8217;avaluaci\u00f3<\/th>\n                <td>An\u00e0lisi de resultat de les enquestes.<\/td>\n            <\/tr> \n    <\/tbody><\/table>\n\n\n\n<div style=\"height:20px\" aria-hidden=\"true\" class=\"wp-block-spacer\"><\/div>\n\n\n\n<h2>Avaluaci\u00f3 de la carta<\/h2>\n\n\n\n<p>Dins del sistema de gesti\u00f3 de qualitat del SMC es realitzar\u00e0 anualment l\u2019avaluaci\u00f3 i revisi\u00f3 dels la carta de serveis. Es realitzaran les enquestes corresponents i s\u2019analitzaran els resultats.<br>Tenim un comprom\u00eds de millora cont\u00ednua en la qualitat del servei, reconegut des del 1 d&#8217;octubre de 2015 per la certificaci\u00f3 de qualitat ISO 9001, segons la versi\u00f3 vigent (<a href=\"https:\/\/static-m.meteo.cat\/content\/files\/1903_20_ISO_9001_15_CAT_TRANSFER.pdf\" target=\"_blank\" rel=\"noreferrer noopener\">n\u00fam. de certificat 1903\/20<\/a>).<\/p>\n\n\n\n<div style=\"height:20px\" aria-hidden=\"true\" class=\"wp-block-spacer\"><\/div>\n\n\n\n<h2>Ajudeu-nos a millorar<\/h2>\n\n\n\n<p>El SMC posa a la vostra disposici\u00f3 diferents canals perqu\u00e8 pugueu col\u00b7laborar i participar:<\/p>\n\n\n\n<ul><li>Enquesta de satisfacci\u00f3. Mitjana de satisfacci\u00f3 de l\u2019atenci\u00f3 rebuda.<\/li><\/ul>\n\n\n\n<p>La Unitat d\u2019atenci\u00f3 a l&#8217;usuari i al client promou la millora dels serveis i fomenta la participaci\u00f3 dels usuaris a trav\u00e9s d\u2019enquestes peri\u00f2diques, entrevistes personals i la b\u00fastia de suggeriments. Els resultats de les enquestes i entrevistes s\u2019analitzaran i es valoraran totes les propostes de millora d\u2019acord amb els recursos disponibles. Els resultats de les enquestes i entrevistes o altres modalitats de recollida d\u2019opini\u00f3 s&#8217;inclouen s&#8217;analitzen a l&#8217;informe anual de revisi\u00f3 per part de la direcci\u00f3 del sistema de gesti\u00f3 de qualitat certificat. Els punts mes destacats s&#8217;inclouen a les auditories internes i externes que es publiquen al web.<\/p>\n\n\n\n<h2>Seguiment anual<\/h2>\n\n\n\n<p>Anualment es realitza un informe amb la descripci\u00f3 del seguiment de la carta de serveis.<\/p>\n\n\n\n<ul><li><a href=\"https:\/\/static-m.meteo.cat\/wordpressweb\/wp-content\/uploads\/2024\/08\/20101003\/2024-Seguiment-de-cartes-de-serveis-SMC.pdf\">Seguiment 2023<\/a><\/li><li><a href=\"https:\/\/static-m.meteo.cat\/wordpressweb\/wp-content\/uploads\/2025\/06\/02074030\/2025-Seguiment-de-cartes-de-serveis-2024-SMC.pdf\">Seguiment 2024<\/a><\/li><li><a href=\"https:\/\/static-m.meteo.cat\/wordpressweb\/wp-content\/uploads\/2026\/03\/30144157\/2026-Seguiment-de-cartes-de-serveis-2025-SMC.pdf\">Seguiment 2025<\/a><\/li><\/ul>\n\n\n\n<p><\/p>\n","protected":false},"excerpt":{"rendered":"<p>Indicadors i instruments d\u2019avaluaci\u00f3 El seguiment dels compromisos es fa a trav\u00e9s dels indicadors que es detallen en cada cas. En el cas d&#8217;incompliment dels compromisos, s&#8217;han previst diversos sup\u00f2sits en els quals poden aplicar-se mesures de compensaci\u00f3\/reparaci\u00f3, que es poden consultar a l&#8217;apartat &#8220;Drets i deures&#8221;. Indicadors de seguiment Indicadors comprom\u00eds 1 llenguatge clar, [&hellip;]<\/p>\n","protected":false},"author":5,"featured_media":0,"parent":37625,"menu_order":0,"comment_status":"closed","ping_status":"closed","template":"template-sidebar.php","meta":{"_mi_skip_tracking":false,"_monsterinsights_sitenote_active":false,"_monsterinsights_sitenote_note":"","_monsterinsights_sitenote_category":0},"_links":{"self":[{"href":"https:\/\/www.meteo.cat\/wpweb\/wp-json\/wp\/v2\/pages\/37638"}],"collection":[{"href":"https:\/\/www.meteo.cat\/wpweb\/wp-json\/wp\/v2\/pages"}],"about":[{"href":"https:\/\/www.meteo.cat\/wpweb\/wp-json\/wp\/v2\/types\/page"}],"author":[{"embeddable":true,"href":"https:\/\/www.meteo.cat\/wpweb\/wp-json\/wp\/v2\/users\/5"}],"replies":[{"embeddable":true,"href":"https:\/\/www.meteo.cat\/wpweb\/wp-json\/wp\/v2\/comments?post=37638"}],"version-history":[{"count":8,"href":"https:\/\/www.meteo.cat\/wpweb\/wp-json\/wp\/v2\/pages\/37638\/revisions"}],"predecessor-version":[{"id":45272,"href":"https:\/\/www.meteo.cat\/wpweb\/wp-json\/wp\/v2\/pages\/37638\/revisions\/45272"}],"up":[{"embeddable":true,"href":"https:\/\/www.meteo.cat\/wpweb\/wp-json\/wp\/v2\/pages\/37625"}],"wp:attachment":[{"href":"https:\/\/www.meteo.cat\/wpweb\/wp-json\/wp\/v2\/media?parent=37638"}],"curies":[{"name":"wp","href":"https:\/\/api.w.org\/{rel}","templated":true}]}}