{"id":37627,"date":"2023-04-17T12:26:41","date_gmt":"2023-04-17T12:26:41","guid":{"rendered":"https:\/\/www.meteo.cat\/wpweb\/?page_id=37627"},"modified":"2023-04-17T13:36:54","modified_gmt":"2023-04-17T13:36:54","slug":"els-nostres-compromisos-de-qualitat","status":"publish","type":"page","link":"https:\/\/www.meteo.cat\/wpweb\/transparencia-i-bon-govern\/carta-de-serveis\/els-nostres-compromisos-de-qualitat\/","title":{"rendered":"Els nostres compromisos de qualitat"},"content":{"rendered":"\n<p>Els compromisos que s\u2019especifiquen en aquesta carta s\u00f3n exigibles pels ciutadans sempre que els serveis es puguin prestar en una situaci\u00f3 de normalitat, \u00e9s a dir, que els serveis no siguin pertorbats per causes fortu\u00eftes o de for\u00e7a major que n\u2019afectin la prestaci\u00f3.<\/p>\n\n\n\n<div style=\"height:20px\" aria-hidden=\"true\" class=\"wp-block-spacer\"><\/div>\n\n\n\n<h2>Serveis 1, 2, 3 i 4. Serveis de temps futur, present i passat i activitats educatives<\/h2>\n\n\n\n<h3 class=\"has-negre-secundari-color has-text-color\">Comprom\u00eds 1. Facilitar la informaci\u00f3 sol\u00b7licitada en un llenguatge clar, directe, comprensible i no sexista<\/h3>\n\n\n\n<p>La informaci\u00f3 facilitada s&#8217;oferir\u00e0 respectant un llenguatge clar, directe, comprensible i no sexista. Aquest comprom\u00eds es refereix a la professionalitat dels nostres empleats i empleades per dur a terme aquest servei (compet\u00e8ncia t\u00e8cnica) i al suport documental desenvolupat per donar resposta al servei. L&#8217;assoliment d&#8217;aquest comprom\u00eds es mesurar\u00e0 mitjan\u00e7ant preguntes adre\u00e7ades a les persones usu\u00e0ries dels serveis i de les activitats perqu\u00e8 valorin la qualitat de la informaci\u00f3 rebuda en el servei, que ha de ser igual o superior al 4,7 sobre 5 de mitjana. El comprom\u00eds \u00e9s exigible a la prestaci\u00f3 del servei pels canals telef\u00f2nic i digital.<\/p>\n\n\n\n<div style=\"height:30px\" aria-hidden=\"true\" class=\"wp-block-spacer\"><\/div>\n\n\n\n<h2>Serveis 1, 2 i 3. Serveis de temps futur, present i passat<\/h2>\n\n\n\n<h3 class=\"has-negre-secundari-color has-text-color\">Comprom\u00eds 2. Respondre les sol\u00b7licituds en menys de 30 dies<\/h3>\n\n\n\n<p>El temps de resposta a les sol\u00b7licituds fetes als serveis ser\u00e0 inferior a 30 dies. Aquest comprom\u00eds es refereix a rebaixar el vostre temps d&#8217;espera.<\/p>\n\n\n\n<p>L&#8217;assoliment d&#8217;aquest comprom\u00eds es mesurar\u00e0 mitjan\u00e7ant l&#8217;estudi del registre d&#8217;entrades i sortides de sol\u00b7licituds. L\u2019objectiu de qualitat \u00e9s que el 90% o m\u00e9s de les sol\u00b7licituds es responguin en 30 dies. El comprom\u00eds \u00e9s exigible a la prestaci\u00f3 del servei pels canals telef\u00f2nic i digital.<\/p>\n\n\n\n<div style=\"height:20px\" aria-hidden=\"true\" class=\"wp-block-spacer\"><\/div>\n\n\n\n<h3 class=\"has-negre-secundari-color has-text-color\">Comprom\u00eds 3. Anar adequadament identificats i utilitzar un llenguatge comprensible i respectu\u00f3s<\/h3>\n\n\n\n<p>El personal que presta els serveis s&#8217;identificar\u00e0 adequadament i utilitzar\u00e0 un llenguatge comprensible i respectu\u00f3s. El comprom\u00eds es refereix a la qualitat en l\u2019amabilitat de tracte i cortesia. L&#8217;assoliment d&#8217;aquest comprom\u00eds es mesurar\u00e0 mitjan\u00e7ant preguntes adre\u00e7ades a les persones usu\u00e0ries del servei perqu\u00e8 valorin la qualitat de l&#8217;atenci\u00f3 rebuda en les serveis, que ha de ser igual o superior al 4,7 sobre 5 de mitjana. El comprom\u00eds \u00e9s exigible a la prestaci\u00f3 del servei pels canals telef\u00f2nic i digital.<\/p>\n\n\n\n<div style=\"height:20px\" aria-hidden=\"true\" class=\"wp-block-spacer\"><\/div>\n\n\n\n<h3 class=\"has-negre-secundari-color has-text-color\">Comprom\u00eds 4. Actualitzar peri\u00f2dicament els continguts dels serveis de temps futur, present i passat a les plataformes web<\/h3>\n\n\n\n<p>La plataforma web on es publiqui la informaci\u00f3 s\u2019actualitzar\u00e0 i disposar\u00e0 de nova informaci\u00f3 de manera peri\u00f2dica (com a m\u00ednim 2 cops l\u2019any). Aquest comprom\u00eds es refereix a proporcionar-vos informaci\u00f3 completa i actualitzada.<\/p>\n\n\n\n<p>L&#8217;assoliment d&#8217;aquest comprom\u00eds es mesurar\u00e0 mitjan\u00e7ant el recompte d&#8217;actualitzacions del cat\u00e0leg. L\u2019objectiu \u00e9s actualitzar la plataforma web 2 cops a l\u2019any. El comprom\u00eds \u00e9s exigible a la prestaci\u00f3 del servei pel canal digital.<\/p>\n\n\n\n<div style=\"height:20px\" aria-hidden=\"true\" class=\"wp-block-spacer\"><\/div>\n\n\n\n<h3 class=\"has-negre-secundari-color has-text-color\">Comprom\u00eds 5. Actualitzar de forma peri\u00f2dica el cat\u00e0leg de serveis<\/h3>\n\n\n\n<p>El cat\u00e0leg de serveis estar\u00e0 actualitzat peri\u00f2dicament. El comprom\u00eds es refereix a la fiabilitat del servei.<\/p>\n\n\n\n<p>L&#8217;assoliment d&#8217;aquest comprom\u00eds es mesurar\u00e0 mitjan\u00e7ant el recompte de dies transcorreguts entre una actualitzaci\u00f3 i una altra en el transcurs de l\u2019any. L&#8217;objectiu de qualitat que es vol assolir en aquest comprom\u00eds \u00e9s de 180 dies de difer\u00e8ncia, que suposaria dues actualitzacions durant l&#8217;any. El comprom\u00eds \u00e9s exigible a la prestaci\u00f3 del servei pel canal digital.<\/p>\n\n\n\n<div style=\"height:30px\" aria-hidden=\"true\" class=\"wp-block-spacer\"><\/div>\n\n\n\n<h2>Servei 3. Servei de temps passat<\/h2>\n\n\n\n<h3 class=\"has-negre-secundari-color has-text-color\">Comprom\u00eds 6. Augmentar el nombre de datasets disponibles al portal de dades obertes de la Generalitat<\/h3>\n\n\n\n<p>El Servei Meteorol\u00f2gic de Catalunya publicar\u00e0 m\u00e9s informaci\u00f3 en format de dataset a trav\u00e9s del portal de Dades Obertes de la Generalitat. El comprom\u00eds es refereix a proporcionar-vos informaci\u00f3 completa i actualitzada.<\/p>\n\n\n\n<p>L&#8217;assoliment d&#8217;aquest comprom\u00eds es mesurar\u00e0 mitjan\u00e7ant el nombre de dataset publicats anualment. L&#8217;objectiu de qualitat que es vol assolir en aquest comprom\u00eds \u00e9s publicar un m\u00ednim de 4 datasets a l&#8217;any. El comprom\u00eds \u00e9s exigible a la prestaci\u00f3 del servei pel canal digital.<\/p>\n\n\n\n<div style=\"height:30px\" aria-hidden=\"true\" class=\"wp-block-spacer\"><\/div>\n\n\n\n<h2>Servei 4. Activitats educatives<\/h2>\n\n\n\n<h3 class=\"has-negre-secundari-color has-text-color\">Comprom\u00eds 7. Proporcionar uns continguts a les activitats educatives adequats als nivells educatius dels alumnes que participen a les activitats<\/h3>\n\n\n\n<p>El servei d&#8217;activitats educatives s&#8217;assegurar\u00e0 que els continguts s\u00f3n els adequats al nivell educatiu del alumnes presents a l&#8217;activitat. Aquest comprom\u00eds es refereix a l\u2019accessibilitat (facilitat per seguir la formaci\u00f3 i continguts adaptats al grup assistent).<\/p>\n\n\n\n<p>L&#8217;assoliment d&#8217;aquest comprom\u00eds es mesurar\u00e0 mitjan\u00e7ant preguntes adre\u00e7ades a les persones usu\u00e0ries del servei perqu\u00e8 valorin la qualitat dels continguts rebuts en el servei d&#8217;activitats educatives, que ha de ser una mitjana de 4,7 sobre 5 en la puntuaci\u00f3 sobre la facilitat per seguir la formaci\u00f3 i l&#8217;adaptaci\u00f3 de la mateixa al grup. El comprom\u00eds \u00e9s exigible a la prestaci\u00f3 del servei pels canals presencial i digital.<\/p>\n\n\n\n<div style=\"height:20px\" aria-hidden=\"true\" class=\"wp-block-spacer\"><\/div>\n\n\n\n<h3 class=\"has-negre-secundari-color has-text-color\">Comprom\u00eds 8. Emprar un llenguatge clar i senzill en les activitats educatives<\/h3>\n\n\n\n<p>El servei d&#8217;activitats educatives s&#8217;assegurar\u00e0 que el llenguatge emprat sigui clar i senzill. Aquest comprom\u00eds es refereix a l\u2019accessibilitat (facilitat per seguir la formaci\u00f3 i continguts adaptats al grup assistent).<\/p>\n\n\n\n<p>L&#8217;assoliment d&#8217;aquest comprom\u00eds es mesurar\u00e0 mitjan\u00e7ant preguntes adre\u00e7ades a les persones usu\u00e0ries del servei perqu\u00e8 valorin l&#8217;adequaci\u00f3 del llenguatge emprat en el servei d&#8217;activitats educatives, que ha de ser una mitjana de 4,7 sobre 5 en la puntuaci\u00f3 sobre el llenguatge emprat.<\/p>\n","protected":false},"excerpt":{"rendered":"<p>Els compromisos que s\u2019especifiquen en aquesta carta s\u00f3n exigibles pels ciutadans sempre que els serveis es puguin prestar en una situaci\u00f3 de normalitat, \u00e9s a dir, que els serveis no siguin pertorbats per causes fortu\u00eftes o de for\u00e7a major que n\u2019afectin la prestaci\u00f3. Serveis 1, 2, 3 i 4. Serveis de temps futur, present i [&hellip;]<\/p>\n","protected":false},"author":5,"featured_media":0,"parent":37625,"menu_order":0,"comment_status":"closed","ping_status":"closed","template":"template-sidebar.php","meta":{"_mi_skip_tracking":false,"_monsterinsights_sitenote_active":false,"_monsterinsights_sitenote_note":"","_monsterinsights_sitenote_category":0},"_links":{"self":[{"href":"https:\/\/www.meteo.cat\/wpweb\/wp-json\/wp\/v2\/pages\/37627"}],"collection":[{"href":"https:\/\/www.meteo.cat\/wpweb\/wp-json\/wp\/v2\/pages"}],"about":[{"href":"https:\/\/www.meteo.cat\/wpweb\/wp-json\/wp\/v2\/types\/page"}],"author":[{"embeddable":true,"href":"https:\/\/www.meteo.cat\/wpweb\/wp-json\/wp\/v2\/users\/5"}],"replies":[{"embeddable":true,"href":"https:\/\/www.meteo.cat\/wpweb\/wp-json\/wp\/v2\/comments?post=37627"}],"version-history":[{"count":2,"href":"https:\/\/www.meteo.cat\/wpweb\/wp-json\/wp\/v2\/pages\/37627\/revisions"}],"predecessor-version":[{"id":37630,"href":"https:\/\/www.meteo.cat\/wpweb\/wp-json\/wp\/v2\/pages\/37627\/revisions\/37630"}],"up":[{"embeddable":true,"href":"https:\/\/www.meteo.cat\/wpweb\/wp-json\/wp\/v2\/pages\/37625"}],"wp:attachment":[{"href":"https:\/\/www.meteo.cat\/wpweb\/wp-json\/wp\/v2\/media?parent=37627"}],"curies":[{"name":"wp","href":"https:\/\/api.w.org\/{rel}","templated":true}]}}