{"id":36600,"date":"2022-12-23T09:22:01","date_gmt":"2022-12-23T09:22:01","guid":{"rendered":"https:\/\/www.meteo.cat\/wpweb\/?page_id=36600"},"modified":"2023-09-18T10:49:40","modified_gmt":"2023-09-18T10:49:40","slug":"concurs-oposicio","status":"publish","type":"page","link":"https:\/\/www.meteo.cat\/wpweb\/transparencia-i-bon-govern\/contractacio\/convocatories-de-personal\/concurs-oposicio\/","title":{"rendered":"Concurs oposici\u00f3"},"content":{"rendered":"\n<p>El Servei Meteorol\u00f2gic de Catalunya ha convocat el concurs oposici\u00f3 del proc\u00e9s d\u2019estabilitzaci\u00f3 de l\u2019ocupaci\u00f3 p\u00fablica, que afecta 2 places ocupades de forma temporal com a m\u00ednim en els tres anys anterior al 31 de desembre de 2020.<\/p>\n\n\n\n<p>El 23 de desembre 2022 s&#8217;han publicat al DOGC les dues resolucions de les convocat\u00f2ries dels processos d\u2019estabilitzaci\u00f3, mitjan\u00e7ant el sistema selectiu excepcional de concurs oposici\u00f3, de l\u2019oferta p\u00fablica d\u2019estabilitzaci\u00f3 del Servei Meteorol\u00f2gic de Catalunya.<\/p>\n\n\n\n<div style=\"height:20px\" aria-hidden=\"true\" class=\"wp-block-spacer\"><\/div>\n\n\n\n<button id=\"detall\" style=\"color:#2c3e50;font-weight:bold;background:none;border:none;font-size:0.8em\">Presentaci\u00f3 de sol\u00b7licituds de participaci\u00f3 <span class=\"has-inline-color has-vermell-access-color\">(Termini d&#8217;inscripci\u00f3 finalitzat)<\/span><\/button>\n\n\n\n<ul class=\"llista_detall\"><li>Telem\u00e0ticament mitjan\u00e7ant el <a href=\"https:\/\/web.gencat.cat\/ca\/tramits\/tramits-temes\/Peticio-generica?evolutiuTramit=1\" target=\"_blank\" rel=\"noreferrer noopener nofollow\">formulari de Petici\u00f3 gen\u00e8rica<\/a>.<\/li><li>Cal indicar a l\u2019assumpte \u201cRRHH del Servei Meteorol\u00f2gic de Catalunya: Proc\u00e9s selectiu + <em>Ref. convocat\u00f2ria<\/em>\u201d.<\/li><li>Indica en el formulari d\u2019inscripci\u00f3 el tema: \u201cMedi Ambient\u201d&nbsp; i subtema: \u201cMeteorologia\u201d<\/li><li>Cal adjuntar la documentaci\u00f3 que acrediti l\u2019acompliment dels requisits establerts per a cada convocat\u00f2ria.<\/li><li>Tamb\u00e9 s\u2019han d\u2019al\u00b7legar i acreditar els m\u00e8rits dins del termini de presentaci\u00f3 de sol\u00b7licituds. Recorda que nom\u00e9s es tindran en compte els m\u00e8rits acreditats durant aquest per\u00edode.<\/li><li>Consulta les bases generals i espec\u00edfiques de cada convocat\u00f2ria publicades al DOGC, per obtenir m\u00e9s informaci\u00f3 sobre els m\u00e8rits que es valoren i la manera d\u2019acreditar-los.<\/li><\/ul>\n\n\n\n<div style=\"height:50px\" aria-hidden=\"true\" class=\"wp-block-spacer\"><\/div>\n\n\n\n<h2>Estat de les sol\u00b7licituds<\/h2>\n\n\n\n<h3 class=\"text-color has-negre-secundari-color has-text-color\"><strong>T\u00e8cnic\/a de Teledetecci\u00f3<\/strong><\/h3>\n\n\n\n<p><a href=\"https:\/\/dogc.gencat.cat\/ca\/document-del-dogc\/?documentId=946481\" target=\"_blank\" rel=\"noreferrer noopener nofollow\">RESOLUCI\u00d3 ACC\/4013\/2022<\/a>, de 20 de desembre, per la qual s\u2019aprova i es fa p\u00fablica la convocat\u00f2ria del proc\u00e9s d\u2019estabilitzaci\u00f3, mitjan\u00e7ant el sistema selectiu excepcional de concurs oposici\u00f3, pel lloc de treball de t\u00e8cnic\/a de Teledetecci\u00f3 de l\u2019oferta p\u00fablica d\u2019estabilitzaci\u00f3 del Servei Meteorol\u00f2gic de Catalunya.<\/p>\n\n\n\n<ul><li><a href=\"https:\/\/static-m.meteo.cat\/wordpressweb\/wp-content\/uploads\/2023\/02\/16074325\/1_Concurs_oposicio_TDT_Llistat_provisional_candidatures_admeses_i_excloses.pdf\" target=\"_blank\" rel=\"noreferrer noopener\">Llistat provisional de candidatures admeses i excloses.<\/a> Data l\u00edmit per presentar al\u00b7legacions: 3 de mar\u00e7 de 2023.<\/li><\/ul>\n\n\n\n<p><a href=\"https:\/\/dogc.gencat.cat\/ca\/document-del-dogc\/?documentId=952325\" target=\"_blank\" rel=\"noreferrer noopener nofollow\">RESOLUCI\u00d3 ACC\/399\/2023<\/a> de 9 de febrer, per la qual s\u2019aproven i es fan p\u00fabliques la llista provisional de persones participants admeses i excloses per cobrir una de t\u00e8cnic\/a de Teledetecci\u00f3, de la convocat\u00f2ria dels processos d\u2019estabilitzaci\u00f3, mitjan\u00e7ant el sistema selectiu excepcional de concurs oposici\u00f3, del Servei Meteorol\u00f2gic de Catalunya.<\/p>\n\n\n\n<ul><li><a href=\"https:\/\/static-m.meteo.cat\/wordpressweb\/wp-content\/uploads\/2023\/03\/13101741\/1_ConcursOPOSICIO_TDT_Llistat_DEFINITIU_admeses_excloses.pdf\" target=\"_blank\" rel=\"noreferrer noopener\">Llistat definitiu de candidatures admeses i excloses.<\/a><\/li><li><a href=\"https:\/\/static-m.meteo.cat\/wordpressweb\/wp-content\/uploads\/2023\/06\/28120452\/2_Concurs_merits_TDT_valoracio_merits_SIG.pdf\" target=\"_blank\" rel=\"noreferrer noopener\">Llista provisional de valoraci\u00f3 de m\u00e8rits<\/a>. Data l\u00edmit per presentar al\u00b7legacions: 11 de juliol de 2023<\/li><\/ul>\n\n\n\n<p><a href=\"https:\/\/static-m.meteo.cat\/wordpressweb\/wp-content\/uploads\/2023\/09\/18075354\/Publicacio-DOGC-Resolucio-resultat-proces-selectiu.pdf\">RESOLUCI\u00d3 ACC\/3126\/2023 <\/a>, de 12 de setembre, per la qual s\u2019aprova i es fa p\u00fablica la llista amb la valoraci\u00f3 final per cobrir una pla\u00e7a de t\u00e8cnic\/a de Teledetecci\u00f3, de la convocat\u00f2ria dels processos d\u2019estabilitzaci\u00f3, mitjan\u00e7ant el sistema selectiu excepcional de concurs oposici\u00f3, del Servei Meteorol\u00f2gic de Catalunya<\/p>\n\n\n\n<ul><li><a href=\"https:\/\/static-m.meteo.cat\/wordpressweb\/wp-content\/uploads\/2023\/09\/18103453\/3.-Concurs-oposicio-TDT_valoracio-final_signada-2.pdf\">Resultat proc\u00e9s selectiu.<\/a> Data l\u00edmit per presentar al\u00b7legacions: 2 d&#8217;octubre<\/li><\/ul>\n\n\n\n<div style=\"height:20px\" aria-hidden=\"true\" class=\"wp-block-spacer\"><\/div>\n\n\n\n<h3 class=\"has-negre-secundari-color has-text-color\"><strong>Auxiliar de Recepci\u00f3<\/strong><\/h3>\n\n\n\n<p><a href=\"https:\/\/dogc.gencat.cat\/ca\/document-del-dogc\/?documentId=946425\" target=\"_blank\" rel=\"noreferrer noopener nofollow\">RESOLUCI\u00d3 ACC\/4012\/2022<\/a>, de 20 de desembre, per la qual s\u2019aprova i es fa p\u00fablica la convocat\u00f2ria del proc\u00e9s d\u2019estabilitzaci\u00f3, mitjan\u00e7ant el sistema selectiu excepcional de concurs oposici\u00f3, pel lloc de treball d\u2019auxiliar de Recepci\u00f3 de l\u2019oferta p\u00fablica d\u2019estabilitzaci\u00f3 del Servei Meteorol\u00f2gic de Catalunya. <strong>Convocat\u00f2ria amb reserva per a la integraci\u00f3 de persones amb discapacitat.<\/strong><\/p>\n\n\n\n<ul><li><a href=\"https:\/\/static-m.meteo.cat\/wordpressweb\/wp-content\/uploads\/2023\/02\/16073851\/1_Concurs_oposicio_AUX_RECEPCIO_Llistat_provisional_candidatures_admeses_i_excloses.pdf\" target=\"_blank\" rel=\"noreferrer noopener\">Llistat provisional de candidatures admeses i excloses.<\/a> Data l\u00edmit per presentar al\u00b7legacions: 3 de mar\u00e7 de 2023.<\/li><\/ul>\n\n\n\n<p><a href=\"https:\/\/dogc.gencat.cat\/ca\/document-del-dogc\/?documentId=952400\" target=\"_blank\" rel=\"noreferrer noopener nofollow\">RESOLUCI\u00d3 ACC\/398<\/a><a href=\"https:\/\/dogc.gencat.cat\/ca\/document-del-dogc\/?documentId=952400\">\/2023<\/a>, de 9 de febrer, per la qual s\u2019aproven i es fan p\u00fabliques la llista provisional de persones participants admeses i excloses per cobrir una pla\u00e7a d\u2019auxiliar de Recepci\u00f3, de la convocat\u00f2ria dels processos d\u2019estabilitzaci\u00f3, mitjan\u00e7ant el sistema selectiu excepcional de concurs oposici\u00f3, del Servei Meteorol\u00f2gic de Catalunya.<\/p>\n\n\n\n<ul><li><a href=\"https:\/\/static-m.meteo.cat\/wordpressweb\/wp-content\/uploads\/2023\/03\/14125254\/1_ConcursOPOSICIO_-AuxRecpcio_Llistat_definitiu_candidatures_admeses_i-excloses.pdf\" target=\"_blank\" rel=\"noreferrer noopener\">Llistat definitiu de candidatures admeses i excloses.<\/a><\/li><li><a href=\"https:\/\/static-m.meteo.cat\/wordpressweb\/wp-content\/uploads\/2023\/07\/26073108\/2_Concurs_merits_AUX_RECEPCIO_valoracio_merits.pdf\" target=\"_blank\" rel=\"noreferrer noopener\">Llista provisional de valoraci\u00f3 de m\u00e8rits<\/a>. Data l\u00edmit per presentar al\u00b7legacions: 8 d\u2019agost de 2023.<\/li><\/ul>\n\n\n\n<p><\/p>\n","protected":false},"excerpt":{"rendered":"<p>El Servei Meteorol\u00f2gic de Catalunya ha convocat el concurs oposici\u00f3 del proc\u00e9s d\u2019estabilitzaci\u00f3 de l\u2019ocupaci\u00f3 p\u00fablica, que afecta 2 places ocupades de forma temporal com a m\u00ednim en els tres anys anterior al 31 de desembre de 2020. El 23 de desembre 2022 s&#8217;han publicat al DOGC les dues resolucions de les convocat\u00f2ries dels processos [&hellip;]<\/p>\n","protected":false},"author":1,"featured_media":0,"parent":8696,"menu_order":0,"comment_status":"closed","ping_status":"closed","template":"template-sidebar.php","meta":{"_mi_skip_tracking":false,"_monsterinsights_sitenote_active":false,"_monsterinsights_sitenote_note":"","_monsterinsights_sitenote_category":0},"_links":{"self":[{"href":"https:\/\/www.meteo.cat\/wpweb\/wp-json\/wp\/v2\/pages\/36600"}],"collection":[{"href":"https:\/\/www.meteo.cat\/wpweb\/wp-json\/wp\/v2\/pages"}],"about":[{"href":"https:\/\/www.meteo.cat\/wpweb\/wp-json\/wp\/v2\/types\/page"}],"author":[{"embeddable":true,"href":"https:\/\/www.meteo.cat\/wpweb\/wp-json\/wp\/v2\/users\/1"}],"replies":[{"embeddable":true,"href":"https:\/\/www.meteo.cat\/wpweb\/wp-json\/wp\/v2\/comments?post=36600"}],"version-history":[{"count":24,"href":"https:\/\/www.meteo.cat\/wpweb\/wp-json\/wp\/v2\/pages\/36600\/revisions"}],"predecessor-version":[{"id":38734,"href":"https:\/\/www.meteo.cat\/wpweb\/wp-json\/wp\/v2\/pages\/36600\/revisions\/38734"}],"up":[{"embeddable":true,"href":"https:\/\/www.meteo.cat\/wpweb\/wp-json\/wp\/v2\/pages\/8696"}],"wp:attachment":[{"href":"https:\/\/www.meteo.cat\/wpweb\/wp-json\/wp\/v2\/media?parent=36600"}],"curies":[{"name":"wp","href":"https:\/\/api.w.org\/{rel}","templated":true}]}}