{"id":36058,"date":"2022-11-18T12:26:53","date_gmt":"2022-11-18T12:26:53","guid":{"rendered":"https:\/\/www.meteo.cat\/wpweb\/?page_id=36058"},"modified":"2025-04-15T07:54:30","modified_gmt":"2025-04-15T07:54:30","slug":"idf-municipal","status":"publish","type":"page","link":"https:\/\/www.meteo.cat\/wpweb\/climatologia\/dades-i-productes-climatics\/corbes-idf\/idf-municipal\/","title":{"rendered":"IDF municipal"},"content":{"rendered":"\n<p>Per a cada capital de municipi trobar\u00e0s les taules d\u2019intensitat m\u00e0xima esperada en funci\u00f3 de cada un dels 8 per\u00edodes de retorn disponibles (2, 5, 10, 20, 50, 100, 200 i 500 anys) i per a 10 durades temporals  (1, 2, 3, 4, 5, 6, 12, 24, 48 i 72 hores).   Es presenta la informaci\u00f3 de tots els municipis de cada comarca en fitxers PDF (un per cada comarca) i els municipis hi apareixen en ordre alfab\u00e8tic. La informaci\u00f3 fa refer\u00e8ncia al punt on hi ha la capital del municipi i, a banda dels resultats d\u2019intensitat m\u00e0xima esperada pels per\u00edodes de retorn i durades indicats, tamb\u00e9 s\u2019indica el valor de l\u2019exponent d\u2019escala que permet calcular la intensitat m\u00e0xima esperada en aquell punt (veure metodologia). <\/p>\n\n\n\n<p>Per descarregar-vos la informaci\u00f3 de la Intensitat \u2013 Durada \u2013 Freq\u00fc\u00e8ncia de precipitaci\u00f3 d&#8217;un municipi, seleccioneu la comarca a qu\u00e8 pertany i clic a Obre fitxer.<\/p>\n\n\n\n<form class=\"smc-combobox line\" name=\"jump2\" onsubmit=\"return redirectTo('com')\">\n<label for=\"com\">Tria la comarca:<\/label>\n<select name=\"myjumpbox\" aria-label=\"Selecciona la comarca\" id=\"com\">\n<option value=\"\">Comarca<\/option>\n\n<option value=\"https:\/\/static-m.meteo.cat\/wordpresswebpre\/wp-content\/uploads\/2022\/08\/19103811\/01-Alt-Camp.pdf\">Alt Camp<\/option>\n<option value=\"https:\/\/static-m.meteo.cat\/wordpresswebpre\/wp-content\/uploads\/2022\/08\/19103813\/02-Alt-Emporda.pdf\">Alt Empord\u00e0<\/option>\n<option value=\"https:\/\/static-m.meteo.cat\/wordpresswebpre\/wp-content\/uploads\/2022\/08\/19103815\/03-Alt-Penedes.pdf\">Alt Pened\u00e8s<\/option>\n<option value=\"https:\/\/static-m.meteo.cat\/wordpresswebpre\/wp-content\/uploads\/2022\/08\/19103816\/04-Alt-Urgell.pdf\">Alt Urgell<\/option>\n<option value=\"https:\/\/static-m.meteo.cat\/wordpresswebpre\/wp-content\/uploads\/2022\/08\/19103817\/05-Alta-Ribagorca.pdf\">Alta Ribagor\u00e7a<\/option>\n<option value=\"https:\/\/static-m.meteo.cat\/wordpresswebpre\/wp-content\/uploads\/2022\/08\/19103818\/06-Anoia.pdf\">Anoia<\/option>\n<option value=\"https:\/\/static-m.meteo.cat\/wordpresswebpre\/wp-content\/uploads\/2022\/08\/19103820\/07-Bages.pdf\">Bages<\/option>\n<option value=\"https:\/\/static-m.meteo.cat\/wordpresswebpre\/wp-content\/uploads\/2022\/08\/19103821\/08-Baix-Camp.pdf\">Baix Camp<\/option>\n<option value=\"https:\/\/static-m.meteo.cat\/wordpresswebpre\/wp-content\/uploads\/2022\/08\/19103823\/09-Baix-Ebre.pdf\">Baix Ebre<\/option>\n<option value=\"https:\/\/static-m.meteo.cat\/wordpresswebpre\/wp-content\/uploads\/2022\/08\/19103824\/10-Baix-Emporda.pdf\">Baix Empord\u00e0<\/option>\n<option value=\"https:\/\/static-m.meteo.cat\/wordpresswebpre\/wp-content\/uploads\/2022\/08\/19103825\/11-Baix-Llobregat.pdf\">Baix Llobregat<\/option>\n<option value=\"https:\/\/static-m.meteo.cat\/wordpresswebpre\/wp-content\/uploads\/2022\/08\/19103827\/12-Baix-Penedes.pdf\">Baix Pened\u00e8s<\/option>\n<option value=\"https:\/\/static-m.meteo.cat\/wordpresswebpre\/wp-content\/uploads\/2022\/08\/19103829\/13-Barcelones.pdf\">Barcelon\u00e8s<\/option>\n<option value=\"https:\/\/static-m.meteo.cat\/wordpresswebpre\/wp-content\/uploads\/2022\/08\/19103831\/14-Bergueda.pdf\">Bergued\u00e0<\/option>\n<option value=\"https:\/\/static-m.meteo.cat\/wordpresswebpre\/wp-content\/uploads\/2022\/08\/19103833\/15-Cerdanya.pdf\">Cerdanya<\/option>\n<option value=\"https:\/\/static-m.meteo.cat\/wordpresswebpre\/wp-content\/uploads\/2022\/08\/19103835\/16-Conca-de-Barbera.pdf\">Conca de Barber\u00e0<\/option>\n<option value=\"https:\/\/static-m.meteo.cat\/wordpresswebpre\/wp-content\/uploads\/2022\/08\/19103837\/17-Garraf.pdf\">Garraf<\/option>\n<option value=\"https:\/\/static-m.meteo.cat\/wordpresswebpre\/wp-content\/uploads\/2022\/08\/19103839\/18-Garrigues.pdf\">Garrigues<\/option>\n<option value=\"https:\/\/static-m.meteo.cat\/wordpresswebpre\/wp-content\/uploads\/2022\/08\/19103841\/19-Garrotxa.pdf\">Garrotxa<\/option>\n<option value=\"https:\/\/static-m.meteo.cat\/wordpresswebpre\/wp-content\/uploads\/2022\/08\/19103843\/20-Girones.pdf\">Giron\u00e8s<\/option>\n<option value=\"https:\/\/static-m.meteo.cat\/wordpresswebpre\/wp-content\/uploads\/2022\/08\/19103845\/21-Maresme.pdf\">Maresme<\/option>\n<option value=\"https:\/\/static-m.meteo.cat\/wordpresswebpre\/wp-content\/uploads\/2022\/08\/19103847\/22-Montsia.pdf\">Montsi\u00e0<\/option>\n<option value=\"https:\/\/static-m.meteo.cat\/wordpresswebpre\/wp-content\/uploads\/2022\/08\/19103849\/23-Noguera.pdf\">Noguera<\/option>\n<option value=\"https:\/\/static-m.meteo.cat\/wordpresswebpre\/wp-content\/uploads\/2022\/08\/19103851\/24-Osona.pdf\">Osona<\/option>\n<option value=\"https:\/\/static-m.meteo.cat\/wordpresswebpre\/wp-content\/uploads\/2022\/08\/19103853\/25-Pallars-Jussa.pdf\">Pallars Juss\u00e0<\/option>\n<option value=\"https:\/\/static-m.meteo.cat\/wordpresswebpre\/wp-content\/uploads\/2022\/08\/19103855\/26-Pallars-Sobira.pdf\">Pallars Sobir\u00e0<\/option>\n<option value=\"https:\/\/static-m.meteo.cat\/wordpresswebpre\/wp-content\/uploads\/2022\/08\/19103857\/27-Pla-dUrgell.pdf\">Pla d&#8217;Urgell<\/option>\n<option value=\"https:\/\/static-m.meteo.cat\/wordpresswebpre\/wp-content\/uploads\/2022\/08\/19103859\/28-Pla-de-lEstany.pdf\">Pla de l&#8217;Estany<\/option>\n<option value=\"https:\/\/static-m.meteo.cat\/wordpresswebpre\/wp-content\/uploads\/2022\/08\/19103901\/29-Priorat.pdf\">Priorat<\/option>\n<option value=\"https:\/\/static-m.meteo.cat\/wordpresswebpre\/wp-content\/uploads\/2022\/08\/19103903\/30-Ribera-dEbre.pdf\">Ribera d&#8217;Ebre<\/option>\n<option value=\"https:\/\/static-m.meteo.cat\/wordpresswebpre\/wp-content\/uploads\/2022\/08\/19103905\/31-Ripolles.pdf\">Ripoll\u00e8s<\/option>\n<option value=\"https:\/\/static-m.meteo.cat\/wordpresswebpre\/wp-content\/uploads\/2022\/08\/19103908\/32-Segarra.pdf\">Segarra<\/option>\n<option value=\"https:\/\/static-m.meteo.cat\/wordpresswebpre\/wp-content\/uploads\/2022\/08\/19103910\/33-Segria.pdf\">Segri\u00e0<\/option>\n<option value=\"https:\/\/static-m.meteo.cat\/wordpresswebpre\/wp-content\/uploads\/2022\/08\/19103913\/34-Selva.pdf\">Selva<\/option>\n<option value=\"https:\/\/static-m.meteo.cat\/wordpresswebpre\/wp-content\/uploads\/2022\/08\/19103915\/35-Solsones.pdf\">Solson\u00e8s<\/option>\n<option value=\"https:\/\/static-m.meteo.cat\/wordpresswebpre\/wp-content\/uploads\/2022\/08\/19103917\/36-Tarragones.pdf\">Tarragon\u00e8s<\/option>\n<option value=\"https:\/\/static-m.meteo.cat\/wordpresswebpre\/wp-content\/uploads\/2022\/08\/19103919\/37-Terra-Alta.pdf\">Terra Alta<\/option>\n<option value=\"https:\/\/static-m.meteo.cat\/wordpresswebpre\/wp-content\/uploads\/2022\/08\/19103921\/38-Urgell.pdf\">Urgell<\/option>\n<option value=\"https:\/\/static-m.meteo.cat\/wordpresswebpre\/wp-content\/uploads\/2022\/08\/19103923\/39-Val-dAran.pdf\">Val d&#8217;Aran<\/option>\n<option value=\"https:\/\/static-m.meteo.cat\/wordpresswebpre\/wp-content\/uploads\/2022\/08\/19103925\/40-Valles-Occidental.pdf\">Vall\u00e8s Occidental<\/option>\n<option value=\"https:\/\/static-m.meteo.cat\/wordpresswebpre\/wp-content\/uploads\/2022\/08\/19103926\/41-Valles-Oriental.pdf\">Vall\u00e8s Oriental<\/option>\n<\/select>\n<input type=\"submit\" value=\"Obre fitxer\" class=\"go\">\n<\/form>\n\n\n\n<p>Exemple de la informaci\u00f3 que disponible per cada municipi en format pdf:<\/p>\n\n\n\n<figure class=\"wp-block-image size-large\"><img src=\"https:\/\/static-m.meteo.cat\/wordpressweb\/wp-content\/uploads\/2022\/11\/17123923\/exemple-corbes-idf-municipals.jpg\" alt=\"Exemple de taules i gr\u00e0fiques de la informaci\u00f3 IDF per municipi\" class=\"wp-image-31895\"\/><\/figure>\n\n\n\n<h2>Metodologia<\/h2>\n\n\n\n<p>La relaci\u00f3 Intensitat \u2013 Durada \u2013 Freq\u00fc\u00e8ncia (IDF) indica la probabilitat que s\u2019esdevingui un episodi de precipitaci\u00f3 de caracter\u00edstiques determinades en un lloc concret. Aquesta relaci\u00f3 s\u2019ha extret a alta resoluci\u00f3 espacial i temporal amb un estudi estad\u00edstic sobre s\u00e8ries temporals de precipitaci\u00f3 prou llargues i representatives de Catalunya, en el marc d\u2019un projecte de Doctorat Industrial (2014) fet al Servei Meteorol\u00f2gic de Catalunya. Llabr\u00e9s-Brustenga, A. (2020). Intensity-Duration-Frequencyof Rainfall in Catalunya. Maximum Expected Precipitation and IDF Relationships at High Temporal and Spatial Resolution (Tesi doctoral). Universitat de Barcelona (http:\/\/hdl.handle.net\/2445\/151942).<\/p>\n\n\n\n<p>Cal destacar que la metodologia emprada tan sols permet obtenir la relaci\u00f3 IDF a una resoluci\u00f3 temporal m\u00e0xima d\u2019una hora (\u00e9s a dir, la durada ha de ser d\u2019una hora o superior, i fins a 15 dies). Pel que fa a la freq\u00fc\u00e8ncia la informaci\u00f3 de la relaci\u00f3 IDF \u00e9s per als per\u00edodes de retorn de 2, 5, 10, 20, 50, 100, 200 i 500 anys.<\/p>\n","protected":false},"excerpt":{"rendered":"<p>Per a cada capital de municipi trobar\u00e0s les taules d\u2019intensitat m\u00e0xima esperada en funci\u00f3 de cada un dels 8 per\u00edodes de retorn disponibles (2, 5, 10, 20, 50, 100, 200 i 500 anys) i per a 10 durades temporals (1, 2, 3, 4, 5, 6, 12, 24, 48 i 72 hores). Es presenta la informaci\u00f3 [&hellip;]<\/p>\n","protected":false},"author":7,"featured_media":0,"parent":36054,"menu_order":0,"comment_status":"closed","ping_status":"closed","template":"template-sidebar.php","meta":{"_mi_skip_tracking":false,"_monsterinsights_sitenote_active":false,"_monsterinsights_sitenote_note":"","_monsterinsights_sitenote_category":0},"_links":{"self":[{"href":"https:\/\/www.meteo.cat\/wpweb\/wp-json\/wp\/v2\/pages\/36058"}],"collection":[{"href":"https:\/\/www.meteo.cat\/wpweb\/wp-json\/wp\/v2\/pages"}],"about":[{"href":"https:\/\/www.meteo.cat\/wpweb\/wp-json\/wp\/v2\/types\/page"}],"author":[{"embeddable":true,"href":"https:\/\/www.meteo.cat\/wpweb\/wp-json\/wp\/v2\/users\/7"}],"replies":[{"embeddable":true,"href":"https:\/\/www.meteo.cat\/wpweb\/wp-json\/wp\/v2\/comments?post=36058"}],"version-history":[{"count":3,"href":"https:\/\/www.meteo.cat\/wpweb\/wp-json\/wp\/v2\/pages\/36058\/revisions"}],"predecessor-version":[{"id":43079,"href":"https:\/\/www.meteo.cat\/wpweb\/wp-json\/wp\/v2\/pages\/36058\/revisions\/43079"}],"up":[{"embeddable":true,"href":"https:\/\/www.meteo.cat\/wpweb\/wp-json\/wp\/v2\/pages\/36054"}],"wp:attachment":[{"href":"https:\/\/www.meteo.cat\/wpweb\/wp-json\/wp\/v2\/media?parent=36058"}],"curies":[{"name":"wp","href":"https:\/\/api.w.org\/{rel}","templated":true}]}}