{"id":36054,"date":"2022-11-18T12:23:25","date_gmt":"2022-11-18T12:23:25","guid":{"rendered":"https:\/\/www.meteo.cat\/wpweb\/?page_id=36054"},"modified":"2023-05-17T09:11:42","modified_gmt":"2023-05-17T09:11:42","slug":"corbes-idf","status":"publish","type":"page","link":"https:\/\/www.meteo.cat\/wpweb\/climatologia\/dades-i-productes-climatics\/corbes-idf\/","title":{"rendered":"Corbes IDF"},"content":{"rendered":"\n<p>Les corbes IDF (Intensitat-Durada-Freq\u00fc\u00e8ncia) s\u00f3n un recurs \u00e0mpliament implementat i utilitzat en estudis hidrol\u00f2gics per al c\u00e0lculs de cabals, en la construcci\u00f3 de tempestes de disseny com a inputs en models hidrol\u00f2gics, o en el disseny de clavegueram i drenatge urb\u00e0, entre d\u2019altres aplicacions, perqu\u00e8 descriuen la relaci\u00f3 que hi ha entre la intensitat, la durada i la freq\u00fc\u00e8ncia d\u2019un determinat episodi de precipitaci\u00f3, la qual alhora est\u00e0 vinculada al per\u00edode de retorn T de l\u2019esdeveniment. S\u00f3n de gran inter\u00e8s per a l\u2019estudi dels possibles episodis de precipitaci\u00f3 intensa que sovint s\u00f3n la causa d\u2019inundacions.<\/p>\n\n\n\n<p>La relaci\u00f3 IDF s\u2019obt\u00e9 com a resultat d\u2019un estudi estad\u00edstic sobre s\u00e8ries temporals de precipitaci\u00f3 de gran resoluci\u00f3, prou llargues i de qualitat, generalment generades a patir de pluvi\u00f2grafs o de registres d\u2019estacions meteorol\u00f2giques, per\u00f2 que malauradament s\u00f3n disponibles en realitat per a pocs punts del territori.<\/p>\n\n\n\n<p>Podeu consultar el resultat de dos treballs diferents:<\/p>\n\n\n\n<ul><li>Les <strong>IDF de l&#8217;Estartit, Observatori de l\u2019Ebre i&nbsp; Observatori Fabra<\/strong> es presenten en forma d&#8217;eq\u00fcaci\u00f3 generalitzada. S&#8217;han calculat a partir dels registres dels pluvi\u00f2grafs que han estat operatius durant m\u00e9s de vint anys en cadascun dels observatoris i expressen la intensitat m\u00e0xima de precipitaci\u00f3 en mm\/min per a diferents durades i per\u00edodes de retorn.<\/li><li>Les <strong>IDF<\/strong> en format <strong>mapes<\/strong> i les <strong>IDF municipals<\/strong> s\u00f3n el resultat del treball d\u2019interpolar al territori el resultat obtingut a partir de dades de 163 s\u00e8ries temporals de precipitaci\u00f3 di\u00e0ria procedents d\u2019estacions meteorol\u00f2giques distribu\u00efdes per tot Catalunya que disposen d\u2019un m\u00ednim de 25 anys de dades dins del per\u00edode 1942-2016.<\/li><\/ul>\n","protected":false},"excerpt":{"rendered":"<p>Les corbes IDF (Intensitat-Durada-Freq\u00fc\u00e8ncia) s\u00f3n un recurs \u00e0mpliament implementat i utilitzat en estudis hidrol\u00f2gics per al c\u00e0lculs de cabals, en la construcci\u00f3 de tempestes de disseny com a inputs en models hidrol\u00f2gics, o en el disseny de clavegueram i drenatge urb\u00e0, entre d\u2019altres aplicacions, perqu\u00e8 descriuen la relaci\u00f3 que hi ha entre la intensitat, la [&hellip;]<\/p>\n","protected":false},"author":1,"featured_media":0,"parent":36014,"menu_order":4,"comment_status":"closed","ping_status":"closed","template":"","meta":{"_mi_skip_tracking":false,"_monsterinsights_sitenote_active":false,"_monsterinsights_sitenote_note":"","_monsterinsights_sitenote_category":0},"_links":{"self":[{"href":"https:\/\/www.meteo.cat\/wpweb\/wp-json\/wp\/v2\/pages\/36054"}],"collection":[{"href":"https:\/\/www.meteo.cat\/wpweb\/wp-json\/wp\/v2\/pages"}],"about":[{"href":"https:\/\/www.meteo.cat\/wpweb\/wp-json\/wp\/v2\/types\/page"}],"author":[{"embeddable":true,"href":"https:\/\/www.meteo.cat\/wpweb\/wp-json\/wp\/v2\/users\/1"}],"replies":[{"embeddable":true,"href":"https:\/\/www.meteo.cat\/wpweb\/wp-json\/wp\/v2\/comments?post=36054"}],"version-history":[{"count":4,"href":"https:\/\/www.meteo.cat\/wpweb\/wp-json\/wp\/v2\/pages\/36054\/revisions"}],"predecessor-version":[{"id":37806,"href":"https:\/\/www.meteo.cat\/wpweb\/wp-json\/wp\/v2\/pages\/36054\/revisions\/37806"}],"up":[{"embeddable":true,"href":"https:\/\/www.meteo.cat\/wpweb\/wp-json\/wp\/v2\/pages\/36014"}],"wp:attachment":[{"href":"https:\/\/www.meteo.cat\/wpweb\/wp-json\/wp\/v2\/media?parent=36054"}],"curies":[{"name":"wp","href":"https:\/\/api.w.org\/{rel}","templated":true}]}}