{"id":36043,"date":"2022-11-18T12:17:11","date_gmt":"2022-11-18T12:17:11","guid":{"rendered":"https:\/\/www.meteo.cat\/wpweb\/?page_id=36043"},"modified":"2023-03-14T09:27:50","modified_gmt":"2023-03-14T09:27:50","slug":"xarxa-de-deteccio-de-descarregues-electriques","status":"publish","type":"page","link":"https:\/\/www.meteo.cat\/wpweb\/climatologia\/dades-i-productes-climatics\/anuari-de-dades\/xarxa-de-deteccio-de-descarregues-electriques\/","title":{"rendered":"Xarxa de Detecci\u00f3 de Desc\u00e0rregues El\u00e8ctriques"},"content":{"rendered":"\n<p>El Servei Meteorol\u00f2gic de Catalunya va inaugurar, l\u2019abril de 2003, la Xarxa de Detecci\u00f3 de Desc\u00e0rregues El\u00e8ctriques atmosf\u00e8riques (XDDE). Despr\u00e9s d&#8217;un per\u00edode d&#8217;ajustos, a partir de 2007 s&#8217;elaboren els anuaris, uns informes t\u00e8cnics que recullen les principals dades procedents de la xarxa. Cada anuari inclou una descripci\u00f3 t\u00e8cnica de la XDDE, el nombre total de llamps i de dies de tempesta, la seva distribuci\u00f3 i evoluci\u00f3 temporal (mensual, di\u00e0ria i hor\u00e0ria) i la seva distribuci\u00f3 geogr\u00e0fica.<\/p>\n\n\n\n<p>A continuaci\u00f3 podeu accedir als anuaris de llamps des del 2007 (en format pdf).<\/p>\n\n\n\n<form class=\"smc-combobox line\" name=\"jump2\" onsubmit=\"return redirectTo('var1')\">\n<label for=\"var1\">Any de l&#8217;anuari:<\/label>\n<select name=\"myjumpbox\" id=\"var1\">\n<option value=\"https:\/\/static-m.meteo.cat\/wordpressweb\/wp-content\/uploads\/2023\/03\/14092601\/ANUARI_XDDE_2021.pdf\">Any 2021<\/option>\n<option value=\"https:\/\/static-m.meteo.cat\/wordpressweb\/wp-content\/uploads\/2023\/03\/14092600\/ANUARI_XDDE_2020.pdf\">Any 2020<\/option>\n<option value=\"https:\/\/static-m.meteo.cat\/wordpressweb\/wp-content\/uploads\/2020\/04\/16075720\/ANUARI_XDDE_2019.pdf\">Any 2019<\/option>\n<option value=\"https:\/\/static-m.meteo.cat\/wordpressweb\/wp-content\/uploads\/2019\/10\/28123812\/ANUARI_XDDE_2018.pdf\">Any 2018<\/option>\n<option value=\"https:\/\/static-m.meteo.cat\/wordpressweb\/wp-content\/uploads\/2018\/07\/10105823\/ANUARI_XDDE_2017.pdf\">Any 2017<\/option>\n<option value=\"https:\/\/static-m.meteo.cat\/wordpressweb\/wp-content\/uploads\/2018\/01\/02094647\/ANUARI_XDDE_2016.pdf\">Any 2016<\/option>\n<option value=\"https:\/\/static-m.meteo.cat\/wordpressweb\/wp-content\/uploads\/2018\/01\/02093411\/ANUARI_XDDE_2015.pdf\">Any 2015<\/option>\n<option value=\"https:\/\/static-m.meteo.cat\/wordpressweb\/wp-content\/uploads\/2018\/01\/02091930\/ANUARI_XDDE_2014.pdf\">Any 2014<\/option>\n<option value=\"https:\/\/static-m.meteo.cat\/wordpressweb\/wp-content\/uploads\/2017\/12\/29140058\/ANUARI_XDDE_2013.pdf\">Any 2013<\/option>\n<option value=\"https:\/\/static-m.meteo.cat\/wordpressweb\/wp-content\/uploads\/2017\/12\/29140112\/Informe_XDDE_xDGE_2012.pdf\">Any 2012<\/option>\n<option value=\"https:\/\/static-m.meteo.cat\/wordpressweb\/wp-content\/uploads\/2014\/11\/19151816\/XDDE_2011_dades.pdf\">Any 2011<\/option>\n<option value=\"https:\/\/static-m.meteo.cat\/wordpressweb\/wp-content\/uploads\/2014\/11\/19153955\/XDDE_2010_dades.pdf\">Any 2010<\/option>\n<option value=\"https:\/\/static-m.meteo.cat\/wordpressweb\/wp-content\/uploads\/2014\/11\/19151816\/XDDE_2009_dades.pdf\">Any 2009<\/option>\n<option value=\"https:\/\/static-m.meteo.cat\/wordpressweb\/wp-content\/uploads\/2014\/11\/19153955\/XDDE_2008_dades.pdf\">Any 2008<\/option>\n<option value=\"https:\/\/static-m.meteo.cat\/wordpressweb\/wp-content\/uploads\/2014\/11\/19153955\/XDDE_2007_dades.pdf\">Any 2007<\/option>\n<\/select>\n<input type=\"submit\" value=\"Obrir fitxer\" class=\"go\">\n<\/form>\n","protected":false},"excerpt":{"rendered":"<p>El Servei Meteorol\u00f2gic de Catalunya va inaugurar, l\u2019abril de 2003, la Xarxa de Detecci\u00f3 de Desc\u00e0rregues El\u00e8ctriques atmosf\u00e8riques (XDDE). Despr\u00e9s d&#8217;un per\u00edode d&#8217;ajustos, a partir de 2007 s&#8217;elaboren els anuaris, uns informes t\u00e8cnics que recullen les principals dades procedents de la xarxa. Cada anuari inclou una descripci\u00f3 t\u00e8cnica de la XDDE, el nombre total de [&hellip;]<\/p>\n","protected":false},"author":1,"featured_media":0,"parent":36034,"menu_order":0,"comment_status":"closed","ping_status":"closed","template":"template-sidebar.php","meta":{"_mi_skip_tracking":false,"_monsterinsights_sitenote_active":false,"_monsterinsights_sitenote_note":"","_monsterinsights_sitenote_category":0},"_links":{"self":[{"href":"https:\/\/www.meteo.cat\/wpweb\/wp-json\/wp\/v2\/pages\/36043"}],"collection":[{"href":"https:\/\/www.meteo.cat\/wpweb\/wp-json\/wp\/v2\/pages"}],"about":[{"href":"https:\/\/www.meteo.cat\/wpweb\/wp-json\/wp\/v2\/types\/page"}],"author":[{"embeddable":true,"href":"https:\/\/www.meteo.cat\/wpweb\/wp-json\/wp\/v2\/users\/1"}],"replies":[{"embeddable":true,"href":"https:\/\/www.meteo.cat\/wpweb\/wp-json\/wp\/v2\/comments?post=36043"}],"version-history":[{"count":3,"href":"https:\/\/www.meteo.cat\/wpweb\/wp-json\/wp\/v2\/pages\/36043\/revisions"}],"predecessor-version":[{"id":37486,"href":"https:\/\/www.meteo.cat\/wpweb\/wp-json\/wp\/v2\/pages\/36043\/revisions\/37486"}],"up":[{"embeddable":true,"href":"https:\/\/www.meteo.cat\/wpweb\/wp-json\/wp\/v2\/pages\/36034"}],"wp:attachment":[{"href":"https:\/\/www.meteo.cat\/wpweb\/wp-json\/wp\/v2\/media?parent=36043"}],"curies":[{"name":"wp","href":"https:\/\/api.w.org\/{rel}","templated":true}]}}