{"id":36032,"date":"2022-11-18T12:05:44","date_gmt":"2022-11-18T12:05:44","guid":{"rendered":"https:\/\/www.meteo.cat\/wpweb\/?page_id=36032"},"modified":"2026-01-13T16:22:38","modified_gmt":"2026-01-13T16:22:38","slug":"serie-climatica-de-barcelona-des-de-1780","status":"publish","type":"page","link":"https:\/\/www.meteo.cat\/wpweb\/climatologia\/dades-i-productes-climatics\/serie-climatica-de-barcelona-des-de-1780\/","title":{"rendered":"S\u00e8rie clim\u00e0tica de Barcelona des de 1780"},"content":{"rendered":"\n<p>Aqu\u00ed podeu descarregar-vos les dades mitjanes mensuals de temperatura i precipitaci\u00f3 de la s\u00e8rie hist\u00f2rica de la ciutat de Barcelona. Aquestes dades han estat obtingudes seguint la metodologia de control de qualitat i d&#8217;homogene\u00eftat de s\u00e8ries clim\u00e0tiques indicada a la bibliografia adjunta.<\/p>\n\n\n\n<div style=\"height:30px\" aria-hidden=\"true\" class=\"wp-block-spacer\"><\/div>\n\n\n\n<h2>S\u00e8rie de temperatura de l&#8217;aire de Barcelona (des de 1780)<\/h2>\n\n\n\n<p>Es proporciona un fitxer (extensi\u00f3 .txt) amb la temperatura mitjana mensual des de 1780. El fitxer s&#8217;estructura en 13 columnes, la primera indica l&#8217;any i a partir de la segona els valors s&#8217;associen a les mitjanes mensuals corresponents de gener fins a desembre. La temperatura es proporciona en graus cent\u00edgrads (\u00baC).<\/p>\n\n\n\n<p>Sempre que s&#8217;utilitzin aquestes dades cal fer esment a la seva proced\u00e8ncia, tot citant la refer\u00e8ncia:<\/p>\n\n\n\n<p>&#8211; Prohom M, Barriendos, Aguilar E, Ripoll R (2012): <strong><a href=\"https:\/\/static-m.meteo.cat\/wordpressweb\/wp-content\/uploads\/2014\/11\/20105602\/Ref_publicacio_aec.pdf\" target=\"_blank\" rel=\"noopener noreferrer\">Recuperaci\u00f3n y an\u00e1lisis de la serie de temperatura diaria de Barcelona, 1780-2011<\/a><\/strong>. Cambio Clim\u00e1tico. Extremos e Impactos, Asociaci\u00f3n Espa\u00f1ola de Climatolog\u00eda, Serie A, Vol. 8, 207\u2013217.<\/p>\n\n\n\n<p><strong><a href=\"https:\/\/static-m.meteo.cat\/wordpressweb\/wp-content\/uploads\/2026\/01\/13162130\/Barcelona_TM_m_1780_2025.txt\" target=\"_blank\" rel=\"noreferrer noopener\">Acc\u00e9s a la s\u00e8rie de temperatura mitjana mensual de Barcelona (des de 1780)<\/a><\/strong><\/p>\n\n\n\n<div style=\"height:30px\" aria-hidden=\"true\" class=\"wp-block-spacer\"><\/div>\n\n\n\n<h2>S\u00e8rie de precipitaci\u00f3 de Barcelona (des de 1786)<\/h2>\n\n\n\n<p>Es proporciona un fitxer (extensi\u00f3 .txt) amb la precipitaci\u00f3 acumulada mensual des de 1786. El fitxer s&#8217;estructura en 13 columnes, la primera indica l&#8217;any i a partir de la segona els valors s&#8217;associen als totals pluviom\u00e8trics mensuals corresponents de gener fins a desembre. La precipitaci\u00f3 es proporciona en mil\u00b7l\u00edmetres (mm).<\/p>\n\n\n\n<p>Sempre que s&#8217;utilitzin aquestes dades cal fer esment a la seva proced\u00e8ncia, tot citant la refer\u00e8ncia:<\/p>\n\n\n\n<p>&#8211; Prohom M, Barriendos M,&nbsp;Sanchez-Lorenzo A (2015): <strong><a href=\"https:\/\/static-m.meteo.cat\/wordpressweb\/wp-content\/uploads\/2015\/11\/11084210\/Prohom-et-al-2015-PPT-BCN.pdf\">Reconstruction and homogenization of the longest instrumental precipitation series in the Iberian Peninsula (Barcelona, 1786-2014).<\/a><\/strong> International Journal of Climatology, DOI: 10.1002\/joc.4537.<\/p>\n\n\n\n<p><strong><a href=\"https:\/\/static-m.meteo.cat\/wordpressweb\/wp-content\/uploads\/2026\/01\/13162130\/Barcelona_PPT_m_1786_2025.txt\" target=\"_blank\" rel=\"noreferrer noopener\">Acc\u00e9s a la s\u00e8rie de precipitaci\u00f3 acumulada mensual de Barcelona (des de 1786)<\/a><\/strong><\/p>\n","protected":false},"excerpt":{"rendered":"<p>Aqu\u00ed podeu descarregar-vos les dades mitjanes mensuals de temperatura i precipitaci\u00f3 de la s\u00e8rie hist\u00f2rica de la ciutat de Barcelona. Aquestes dades han estat obtingudes seguint la metodologia de control de qualitat i d&#8217;homogene\u00eftat de s\u00e8ries clim\u00e0tiques indicada a la bibliografia adjunta. S\u00e8rie de temperatura de l&#8217;aire de Barcelona (des de 1780) Es proporciona un [&hellip;]<\/p>\n","protected":false},"author":7,"featured_media":0,"parent":36014,"menu_order":2,"comment_status":"closed","ping_status":"closed","template":"template-sidebar.php","meta":{"_mi_skip_tracking":false,"_monsterinsights_sitenote_active":false,"_monsterinsights_sitenote_note":"","_monsterinsights_sitenote_category":0},"_links":{"self":[{"href":"https:\/\/www.meteo.cat\/wpweb\/wp-json\/wp\/v2\/pages\/36032"}],"collection":[{"href":"https:\/\/www.meteo.cat\/wpweb\/wp-json\/wp\/v2\/pages"}],"about":[{"href":"https:\/\/www.meteo.cat\/wpweb\/wp-json\/wp\/v2\/types\/page"}],"author":[{"embeddable":true,"href":"https:\/\/www.meteo.cat\/wpweb\/wp-json\/wp\/v2\/users\/7"}],"replies":[{"embeddable":true,"href":"https:\/\/www.meteo.cat\/wpweb\/wp-json\/wp\/v2\/comments?post=36032"}],"version-history":[{"count":5,"href":"https:\/\/www.meteo.cat\/wpweb\/wp-json\/wp\/v2\/pages\/36032\/revisions"}],"predecessor-version":[{"id":44828,"href":"https:\/\/www.meteo.cat\/wpweb\/wp-json\/wp\/v2\/pages\/36032\/revisions\/44828"}],"up":[{"embeddable":true,"href":"https:\/\/www.meteo.cat\/wpweb\/wp-json\/wp\/v2\/pages\/36014"}],"wp:attachment":[{"href":"https:\/\/www.meteo.cat\/wpweb\/wp-json\/wp\/v2\/media?parent=36032"}],"curies":[{"name":"wp","href":"https:\/\/api.w.org\/{rel}","templated":true}]}}