{"id":36024,"date":"2022-11-18T12:01:38","date_gmt":"2022-11-18T12:01:38","guid":{"rendered":"https:\/\/www.meteo.cat\/wpweb\/?page_id=36024"},"modified":"2025-06-19T11:43:04","modified_gmt":"2025-06-19T11:43:04","slug":"series-climatiques-des-de-1950","status":"publish","type":"page","link":"https:\/\/www.meteo.cat\/wpweb\/climatologia\/dades-i-productes-climatics\/series-climatiques-des-de-1950\/","title":{"rendered":"S\u00e8ries clim\u00e0tiques des de 1950"},"content":{"rendered":"\n<p>Les s\u00e8ries clim\u00e0tiques s\u00f3n la principal font de monitoratge del clima passat i present, i esdevenen la base per a les projeccions clim\u00e0tiques futures. Per aquest motiu \u00e9s essencial disposar de s\u00e8ries d&#8217;\u00e0mplia cobertura temporal, cont\u00ednues, de qualitat i homog\u00e8nies.<\/p>\n\n\n\n<h2>S\u00e8ries temporals mensuals i di\u00e0ries<\/h2>\n\n\n\n<p>L&#8217;\u00e0rea de Climatologia de l&#8217;SMC disposa de la <strong>base de dades CADTEP (CAtalan Daily TEmperature and Precipitation data set)<\/strong>, formada per un conjunt de s\u00e8ries clim\u00e0tiques a resoluci\u00f3 di\u00e0ria i mensual, cont\u00ednues, homog\u00e8nies i de lliure acc\u00e9s <strong>des del 1950<\/strong>. Per a m\u00e9s informaci\u00f3 sobre la metodologia seguida per a la generaci\u00f3 de la base de dades, consulteu <strong><a rel=\"noreferrer noopener\" href=\"https:\/\/rmets.onlinelibrary.wiley.com\/doi\/full\/10.1002\/joc.8116\" target=\"_blank\">Prohom et al. (2023)<\/a><\/strong>. Des de 2024 incorporem tamb\u00e9 s\u00e8ries clim\u00e0tiques amb dades d&#8217;insolaci\u00f3 di\u00e0ria i mensual.<\/p>\n\n\n\n<p>Per descarregar-vos les dades seleccioneu primer la s\u00e8rie al desplegable superior i posteriorment la variable o tipus de dades (precipitaci\u00f3 acumulada mensual, temperatura m\u00e0xima mitjana mensual, temperatura m\u00ednima mitjana mensual, insolaci\u00f3 mensual o b\u00e9 les dades di\u00e0ries). Tamb\u00e9 podeu accedir-hi a trav\u00e9s del mapa, clicant el punt d&#8217;inter\u00e8s i a continuaci\u00f3, a l&#8217;enlla\u00e7 de la variable o tipus de dada corresponent.<\/p>\n\n\n\n<p>Els fitxers tenen una estructura comuna: en el cas dels mensuals, un encap\u00e7alament que inclou informaci\u00f3 sobre la s\u00e8rie, seguit de 13 columnes. La primera correspon a l&#8217;any, la segona, a les dades del mes de gener, la tercera a les del mes de febrer i aix\u00ed successivament. Els fitxers de temperatura m\u00e0xima i temperatura m\u00ednima mostren mitjanes mensuals (en \u00baC), mentre que els fitxers de precipitaci\u00f3 mostren acumulats mensuals (en mm). Pel que fa als fitxers de dades di\u00e0ries, l&#8217;estructura compr\u00e8n un encap\u00e7alament amb informaci\u00f3 sobre la s\u00e8rie, seguit de 6 columnes: les tres primeres indiquen la data (en el format any \/ mes \/ dia), la quarta mostra la dada de precipitaci\u00f3 (en mm), la cinquena la dada de temperatura m\u00e0xima (en \u00baC) i la sisena la dada de la temperatura m\u00ednima (en \u00baC) i per algunes s\u00e8ries una setena columna amb la dada d&#8217;insolaci\u00f3 (en h). Per a aquelles s\u00e8ries que nom\u00e9s disposen de dades de precipitaci\u00f3 o d&#8217;insolaci\u00f3, nom\u00e9s contenen una \u00fanica quarta columna amb les dades de precipitaci\u00f3 o insolaci\u00f3 di\u00e0ria.<\/p>\n\n\n\n<p><\/p>\n\n\n\n<form class=\"smc-combobox\">\n<label for=\"optone\">S\u00e8rie clim\u00e0tica: <\/label>\n<select id=\"optone\" name=\"optone\">\n<option selected=\"selected\" value=\"init\">Seleccioneu la s\u00e8rie<\/option>\n<optgroup label=\"Alt Camp\">\n<option value=\"0\">Nulles\/Valls<\/option>\n<\/optgroup>\n<optgroup label=\"Alt Empord\u00e0\">\n<option value=\"1\">Cadaqu\u00e9s<\/option>\n<option value=\"2\">Figueres\/Cabanes<\/option>\n<\/optgroup>\n<optgroup label=\"Alt Pened\u00e8s\">\n<option value=\"3\">Castellv\u00ed de la Marca<\/option>\n<option value=\"4\">Sant Quint\u00ed de Mediona\/Canaletes<\/option>\n<option value=\"5\">Vilafranca del Pened\u00e8s<\/option>\n<\/optgroup>\n<optgroup label=\"Alt Urgell\">\n<option value=\"6\">Oliana<\/option>\n<option value=\"7\">Organy\u00e0<\/option>\n<\/optgroup>\n<optgroup label=\"Alta Ribagor\u00e7a\">\n<option value=\"8\">El Pont de Suert<\/option>\n<\/optgroup>\n<optgroup label=\"Anoia\">\n<option value=\"9\">El Bruc<\/option>\n<option value=\"10\">Igualada\/\u00d2dena<\/option>\n<\/optgroup>\n<optgroup label=\"Bages\">\n<option value=\"11\">Balsareny<\/option>\n<option value=\"12\">Manresa<\/option>\n<option value=\"13\">Sallent\/Art\u00e9s<\/option>\n<\/optgroup>\n<optgroup label=\"Baix Camp\">\n<option value=\"14\">Aeroport de Reus<\/option>\n<option value=\"15\">Montbri\u00f3 del Camp<\/option>\n<\/optgroup>\n<optgroup label=\"Baix Ebre\">\n<option value=\"16\">L&#8217;Ametlla de Mar<\/option>\n<option value=\"17\">Observatori de l&#8217;Ebre<\/option>\n<\/optgroup>\n<optgroup label=\"Baix Empord\u00e0\">\n<option value=\"18\">Jafre\/La Tallada d&#8217;Empord\u00e0<\/option>\n<option value=\"19\">Palafrugell<\/option>\n<option value=\"20\">Torroella de Montgr\u00ed\/L&#8217;Estartit<\/option>\n<\/optgroup>\n<optgroup label=\"Baix Llobregat\">\n<option value=\"21\">Aeroport del Prat<\/option>\n<option value=\"22\">Esparreguera<\/option>\n<\/optgroup>\n<optgroup label=\"Barcelon\u00e8s\">\n<option value=\"23\">Barcelona &#8211; Observatori Fabra<\/option>\n<\/optgroup>\n<optgroup label=\"Bergued\u00e0\">\n<option value=\"24\">Berga<\/option>\n<option value=\"25\">Puig-reig<\/option>\n<\/optgroup>\n<optgroup label=\"Cerdanya\">\n<option value=\"26\">La Molina<\/option>\n<option value=\"27\">Puigcerd\u00e0<\/option>\n<\/optgroup>\n<optgroup label=\"Conca de Barber\u00e0\">\n<option value=\"28\">Montblanc<\/option>\n<option value=\"29\">Rocafort de Queralt<\/option>\n<option value=\"30\">Sarral<\/option>\n<option value=\"31\">Vimbod\u00ed\/L&#8217;Espluga de Francol\u00ed<\/option>\n<\/optgroup>\n<optgroup label=\"Garraf\">\n<option value=\"32\">Cubelles<\/option>\n<\/optgroup>\n<optgroup label=\"Garrigues\">\n<option value=\"33\">els Omellons<\/option>\n<option value=\"34\">la Granadella<\/option>\n<\/optgroup>\n<optgroup label=\"Garrotxa\">\n<option value=\"35\">Castellfollit de la Roca<\/option>\n<option value=\"36\">la Vall d&#8217;en Bas<\/option>\n<\/optgroup>\n<optgroup label=\"Giron\u00e8s\">\n<option value=\"37\">Girona<\/option>\n<\/optgroup>\n<optgroup label=\"Llu\u00e7an\u00e8s\">\n<option value=\"38\">Prats de Llu\u00e7an\u00e8s<\/option>\n<\/optgroup>\n<optgroup label=\"Maresme\">\n<option value=\"39\">Malgrat de Mar<\/option>\n<\/optgroup>\n<optgroup label=\"Moian\u00e8s\">\n<option value=\"40\">Moi\u00e0<\/option>\n<\/optgroup>\n<optgroup label=\"Montsi\u00e0\">\n<option value=\"41\">Amposta<\/option>\n<option value=\"42\">Mas de Barberans<\/option>\n<\/optgroup>\n<optgroup label=\"Osona\">\n<option value=\"43\">Malla &#8211; Torrellebreta<\/option>\n<option value=\"44\">Torell\u00f3<\/option>\n<option value=\"45\">Vic<\/option>\n<\/optgroup>\n<optgroup label=\"Pallars Juss\u00e0\">\n<option value=\"46\">la Pobla de Segur<\/option>\n<option value=\"47\">Nerets\/Tremp<\/option>\n<\/optgroup>\n<optgroup label=\"Pallars Sobir\u00e0\">\n<option value=\"48\">Esterri d&#8217;\u00c0neu<\/option>\n<\/optgroup>\n<optgroup label=\"Priorat\">\n<option value=\"49\">Cabac\u00e9s<\/option>\n<\/optgroup>\n<optgroup label=\"Ribera d'Ebre\">\n<option value=\"50\">Benissanet<\/option>\n<option value=\"51\">Flix\/Vinebre<\/option>\n<option value=\"52\">Miravet<\/option>\n<option value=\"53\">Riba-roja d&#8217;Ebre<\/option>\n<option value=\"54\">Tivissa<\/option>\n<\/optgroup>\n<optgroup label=\"Ripoll\u00e8s\">\n<option value=\"55\">Campdev\u00e0nol<\/option>\n<\/optgroup>\n<optgroup label=\"Segarra\">\n<option value=\"56\">Cervera<\/option>\n<\/optgroup>\n<optgroup label=\"Segri\u00e0\">\n<option value=\"57\">Lleida<\/option>\n<\/optgroup>\n<optgroup label=\"Selva\">\n<option value=\"58\">Aeroport de Girona<\/option>\n<option value=\"59\">Breda<\/option>\n<\/optgroup>\n<optgroup label=\"Solson\u00e8s\">\n<option value=\"60\">Riner<\/option>\n<\/optgroup>\n<optgroup label=\"Tarragon\u00e8s\">\n<option value=\"61\">Vila-seca<\/option>\n<\/optgroup>\n<optgroup label=\"Terra Alta\">\n<option value=\"62\">Vilalba dels Arcs<\/option>\n<\/optgroup>\n<optgroup label=\"Urgell\">\n<option value=\"63\">Agramunt<\/option>\n<option value=\"64\">Rocallaura<\/option>\n<option value=\"65\">T\u00e0rrega<\/option>\n<\/optgroup>\n<optgroup label=\"Val d'Aran\">\n<option value=\"66\">Vielha<\/option>\n<\/optgroup>\n<optgroup label=\"Vall\u00e8s Occidental\">\n<option value=\"67\">Terrassa<\/option>\n<\/optgroup>\n<optgroup label=\"Vall\u00e8s Oriental\">\n<option value=\"68\">Caldes de Montbui<\/option>\n<option value=\"69\">El Tur\u00f3 de l&#8217;Home\/Puigsesolles<\/option>\n<option value=\"70\">Granollers<\/option>\n<option value=\"71\">Llinars del Vall\u00e8s<\/option>\n<\/optgroup>\n<optgroup label=\"Andorra\">\n<option value=\"72\">Ransol<\/option>\n<\/optgroup>\n<optgroup label=\"Rossell\u00f3\">\n<option value=\"73\">Aeroport de Perpiny\u00e0<\/option>\n<option value=\"74\">Cap de Biarra<\/option>\n<\/optgroup>\n<\/select>\n<label for=\"opttwo\">Variable: <\/label>\n<select id=\"opttwo\" disabled=\"disabled\" name=\"opttwo\">\n<option selected=\"selected\" value=\"init\">Seleccioneu la variable<\/option>\n<\/select>\n<button id=\"go\" type=\"button\">Cerca<\/button>\n<\/form>\n\n\n\n<iframe loading=\"lazy\" src=\"https:\/\/www.instamaps.cat\/visor.html?businessid=4dc72f53b5e0dd5137da8381d3335cce&amp;3D=false&amp;embed=1\" marginwidth=\"0\" marginheight=\"0\" scrolling=\"no\" title=\"Visor de mapes Instamaps. S\u00e8ries clim\u00e0tiques hist\u00f2riques\" width=\"100%\" height=\"740\" frameborder=\"0\"><\/iframe>\n\n\n\n<ul><li>Fitxers comprimits en format zip amb <a href=\"https:\/\/static-m.meteo.cat\/content\/climatologia\/series-climatiques\/series-climatiques-baic-mensuals-des-de-1950.zip\">tots els fitxers mensuals<\/a> (290 kB) i <a href=\"https:\/\/static-m.meteo.cat\/content\/climatologia\/series-climatiques\/series-climatiques-baic-diaries-des-de-1950.zip\">tots els fitxers diaris<\/a> (7,7 MB) en format txt de totes les s\u00e8ries <\/li><li><a rel=\"noreferrer noopener\" href=\"https:\/\/static-m.meteo.cat\/content\/climatologia\/series-climatiques\/estacions_baic.xlsx\" target=\"_blank\">Fitxer EXCEL<\/a> amb el llistat de totes les s\u00e8ries i les seves caracter\u00edstiques (codi, nom de la s\u00e8rie, comarca, coordenades UTM31 i si disposa dels fitxers de temperatura m\u00e0xima, temperatura m\u00ednima, precipitaci\u00f3 i insolaci\u00f3 corresponents) (15 kB)<\/li><\/ul>\n\n\n\n<p><\/p>\n","protected":false},"excerpt":{"rendered":"<p>Les s\u00e8ries clim\u00e0tiques s\u00f3n la principal font de monitoratge del clima passat i present, i esdevenen la base per a les projeccions clim\u00e0tiques futures. Per aquest motiu \u00e9s essencial disposar de s\u00e8ries d&#8217;\u00e0mplia cobertura temporal, cont\u00ednues, de qualitat i homog\u00e8nies. S\u00e8ries temporals mensuals i di\u00e0ries L&#8217;\u00e0rea de Climatologia de l&#8217;SMC disposa de la base de [&hellip;]<\/p>\n","protected":false},"author":7,"featured_media":0,"parent":36014,"menu_order":1,"comment_status":"closed","ping_status":"closed","template":"template-sidebar.php","meta":{"_mi_skip_tracking":false,"_monsterinsights_sitenote_active":false,"_monsterinsights_sitenote_note":"","_monsterinsights_sitenote_category":0},"_links":{"self":[{"href":"https:\/\/www.meteo.cat\/wpweb\/wp-json\/wp\/v2\/pages\/36024"}],"collection":[{"href":"https:\/\/www.meteo.cat\/wpweb\/wp-json\/wp\/v2\/pages"}],"about":[{"href":"https:\/\/www.meteo.cat\/wpweb\/wp-json\/wp\/v2\/types\/page"}],"author":[{"embeddable":true,"href":"https:\/\/www.meteo.cat\/wpweb\/wp-json\/wp\/v2\/users\/7"}],"replies":[{"embeddable":true,"href":"https:\/\/www.meteo.cat\/wpweb\/wp-json\/wp\/v2\/comments?post=36024"}],"version-history":[{"count":44,"href":"https:\/\/www.meteo.cat\/wpweb\/wp-json\/wp\/v2\/pages\/36024\/revisions"}],"predecessor-version":[{"id":43943,"href":"https:\/\/www.meteo.cat\/wpweb\/wp-json\/wp\/v2\/pages\/36024\/revisions\/43943"}],"up":[{"embeddable":true,"href":"https:\/\/www.meteo.cat\/wpweb\/wp-json\/wp\/v2\/pages\/36014"}],"wp:attachment":[{"href":"https:\/\/www.meteo.cat\/wpweb\/wp-json\/wp\/v2\/media?parent=36024"}],"curies":[{"name":"wp","href":"https:\/\/api.w.org\/{rel}","templated":true}]}}