{"id":35996,"date":"2022-11-17T16:56:08","date_gmt":"2022-11-17T16:56:08","guid":{"rendered":"https:\/\/www.meteo.cat\/wpweb\/?page_id=35996"},"modified":"2023-06-16T08:01:40","modified_gmt":"2023-06-16T08:01:40","slug":"la-precipitacio-a-catalunya-lany-2050","status":"publish","type":"page","link":"https:\/\/www.meteo.cat\/wpweb\/climatologia\/canvi-climatic-i-evolucio-futura-del-clima\/la-precipitacio-a-catalunya-lany-2050\/","title":{"rendered":"La precipitaci\u00f3 a Catalunya l&#8217;any 2050"},"content":{"rendered":"\n<p>Aqu\u00ed trobareu resumides les principals projeccions per a la precipitaci\u00f3 i els seus \u00edndexs clim\u00e0tics relacionats, per a l\u2019horitz\u00f3 2050, segons dos conjunts de simulacions regionalitzades desenvolupades des de l&#8217;SMC: les projeccions regionalitzades <strong>estad\u00edsticament a 1 km de resoluci\u00f3<\/strong> (ESCAT-2020) i les simulacions <strong>regionalitzades din\u00e0micamen<\/strong>t a 10 km de resoluci\u00f3 (ESCAT).<\/p>\n\n\n\n<p>Les variacions projectades dels escenaris ESCAT-2020 dels camps mitjans de precipitaci\u00f3 i diversos \u00edndexs clim\u00e0tics relacionats per al per\u00edode 2021-2050 poden ser utilitzades per a aquells investigadors i centres de recerca que ho desitgin, pr\u00e8via petici\u00f3 a <a rel=\"noreferrer noopener\" href=\"mai&#108;&#116;&#111;&#x3a;&#x64;&#x61;&#x64;&#x65;&#x73;&#46;me&#116;&#101;&#111;&#99;&#x61;&#x74;&#x40;&#x67;&#x65;&#x6e;cat&#46;&#99;&#97;&#x74;\" target=\"_blank\"><strong>d&#97;&#100;&#x65;&#x73;&#x2e;me&#116;&#101;&#x6f;&#x63;&#x61;t&#64;&#103;&#101;&#x6e;&#x63;&#x61;t&#46;&#99;&#x61;&#x74;<\/strong><\/a> <\/p>\n\n\n\n<nav class=\"ancores\" id=\"inici\">\n<a href=\"#1km\">Escenaris regionalitzats a 1 km ESCAT-2020<\/a>\n<a href=\"#10km\">Escenaris regionalitzats a 10 km ESCAT<\/a>\n<\/nav>\n\n\n\n<div style=\"height:50px\" aria-hidden=\"true\" class=\"wp-block-spacer\"><\/div>\n\n\n\n<h2 class=\"text-color\" id=\"1km\">Escenaris regionalitzats a 1 km ESCAT-2020<\/h2>\n\n\n\n<h3>Resum<\/h3>\n\n\n\n<ul><li>Les projeccions per a la precipitaci\u00f3 no s\u00f3n tan robustes com en el cas de la temperatura, ja que aquesta variable presenta una gran variabilitat interanual, la qual cosa fa dif\u00edcil trobar una tend\u00e8ncia clara i robusta en aquesta variable. Aix\u00ed doncs, la seva evoluci\u00f3 \u00e9s molt incerta, per\u00f2 <strong>sembla haver-hi una tend\u00e8ncia a una disminuci\u00f3 general de la<\/strong> <strong>precipitaci\u00f3 mitjana anual<\/strong>, sobretot segons l\u2019escenari RCP8.5. Aquesta disminuci\u00f3 seria molt important a l\u2019estiu al conjunt del pa\u00eds, i considerable a la tardor per a la zona litoral i prelitoral. Aquestes reduccions cap al 2050, segons l\u2019escenari RCP8.5, podrien assolir valors de l\u2019ordre del \u221240 % per a tot el domini i la precipitaci\u00f3 mitjana anual, de cara a la primavera de l\u2019ordre del \u221245 %, i a l\u2019estiu de l\u2019ordre del \u221275 %.<\/li><\/ul>\n\n\n\n<ul><li><strong>Geogr\u00e0ficament<\/strong>, la major disminuci\u00f3 projectada per a la precipitaci\u00f3 cap al 2050 s\u2019espera a les comarques del nord-est i al prelitoral tarragon\u00ed, mentre que la menor es donaria al Pirineu occidental. Al nord-est de Catalunya la reducci\u00f3 projectada de la precipitaci\u00f3 mitjana anual, segons l\u2019escenari RCP8.5 i per al per\u00edode 2021-2050, estaria al voltant de \u221215 %.<\/li><\/ul>\n\n\n\n<ul><li>En relaci\u00f3 als \u00edndexs clim\u00e0tics pluviom\u00e8trics, es projecta una <strong>disminuci\u00f3 considerable i general en els dies amb precipitaci\u00f3 feble<\/strong> (PPT \u2264 5 mm) independentment de l\u2019escenari i model considerats. En canvi, en algunes zones del pa\u00eds, sobretot a les Terres de l\u2019Ebre i m\u00e9s lleugerament a les comarques del nord-est, s\u2019espera que augmentin els dies amb precipitaci\u00f3 abundant (PPT \u2265 50 mm). Finalment, s\u2019espera que <strong>la longitud m\u00e0xima de la ratxa seca anual<\/strong> (dies consecutius amb PPT &lt; 1 mm) <strong>augmenti a tot el territori fent m\u00e9s intenses les sequeres<\/strong>, especialment a tota la zona litoral-prelitoral i les Terres de Ponent. <\/li><\/ul>\n\n\n\n<div style=\"height:20px\" aria-hidden=\"true\" class=\"wp-block-spacer\"><\/div>\n\n\n\n<h3>Evoluci\u00f3 temporal i variaci\u00f3 territorial<\/h3>\n\n\n\n<p>Els resultats es mostren en forma gr\u00e0fica i cartogr\u00e0fica. Pel que fa a l\u2019evoluci\u00f3 temporal 1971-2050 s\u2019ofereixen les gr\u00e0fiques de tend\u00e8ncia conjunta per a Catalunya, per a tres \u00e0mbits territorials (litoral i prelitoral, interior i Pirineu) i per al percentil 50 de les simulacions per a cada escenari (RCP4.5 i RCP8.5).<\/p>\n\n\n\n<form class=\"smc-combobox line\" name=\"graph\" onsubmit=\"jsDropDown('pptful', '2020', this)\">\n<label for=\"var1\">\u00c0mbit\/Variable:<\/label> \n<select name=\"2020\" id=\"var1\">\n<option selected=\"selected\" value=\"09\/25175518\/evol-anomalies-anual_PPT-ANALEGS_OBSvsCTROLRCPs_1km_19712050\">Catalunya &#8211; Precipitaci\u00f3 mitjana anual (\u00baC)<\/option>\n<option value=\"09\/25175514\/evol-anomalies-anual_LIT_PPT-ANALEGS_OBSvsCTROLRCPs_1km_19712050\">Litoral i prelitoral &#8211; Precipitaci\u00f3 mitjana anual (\u00baC)<\/option>\n<option value=\"09\/25175512\/evol-anomalies-anual_INT_PPT-ANALEGS_OBSvsCTROLRCPs_1km_19712050\">Interior &#8211; Precipitaci\u00f3 mitjana anual (\u00baC)<\/option>\n<option value=\"09\/25175516\/evol-anomalies-anual_PIR_PPT-ANALEGS_OBSvsCTROLRCPs_1km_19712050\">Pirineu &#8211; Precipitaci\u00f3 mitjana anual (\u00baC)<\/option>\n<\/select>\n<input type=\"submit\" value=\"Mostra imatge\" class=\"go\">\n<\/form>\n\n\n\n<img loading=\"lazy\" id=\"pptful\" src=\"https:\/\/static-m.meteo.cat\/wordpressweb\/wp-content\/uploads\/2020\/09\/25175518\/evol-anomalies-anual_PPT-ANALEGS_OBSvsCTROLRCPs_1km_19712050.png\" alt=\"Imatge seleccionada\" width=\"700\" height=\"510\">\n\n\n\n<p><strong>Llegenda<\/strong>:<\/p>\n\n\n\n<ul><li>CTROL, simulacions de control.<\/li><li>P5, P50 i P95, percentils 5, 50 (o mediana) i 95 de les simulacions regionalitzades desenvolupades.<\/li><li>OBS, mitjana de les observacions disponibles per al per\u00edode 1971-2018 i \u00e0rea considerada. Totes les s\u00e8ries utilitzades provenen del BAIC.<\/li><\/ul>\n\n\n\n<div style=\"height:20px\" aria-hidden=\"true\" class=\"wp-block-spacer\"><\/div>\n\n\n\n<form class=\"smc-combobox line\" name=\"graph\" onsubmit=\"jsDropDown('ppful', '2020', this)\">\n<label for=\"var2\">Variable\/Escenari:<\/label> \n<select name=\"2020\" id=\"var2\">\n<option selected=\"selected\" value=\"09\/25181129\/vari_PPT-CAT-ANALEGS_anomp50_RCP45-20212050vs19712000-01km-17-ANUAL\">Variaci\u00f3 precipitaci\u00f3 mitjana anual (2021-2050 vs 1971-2000) &#8211; Escenari RCP4.5\/Percentil 50 de totes les simulacions (%)<\/option>\n<option value=\"09\/25181127\/vari_PPT-CAT-ANALEGS_anomp50_RCP45-20212050vs19712000-01km-13-DGF\">Variaci\u00f3 precipitaci\u00f3 mitjana hivern (2021-2050 vs 1971-2000) &#8211; Escenari RCP4.5\/Percentil 50 de totes les simulacions (%)<\/option>\n<option value=\"09\/25181128\/vari_PPT-CAT-ANALEGS_anomp50_RCP45-20212050vs19712000-01km-14-MAM\">Variaci\u00f3 precipitaci\u00f3 mitjana primavera (2021-2050 vs 1971-2000) &#8211; Escenari RCP4.5\/Percentil 50 de totes les simulacions (%)<\/option>\n<option value=\"09\/25181128\/vari_PPT-CAT-ANALEGS_anomp50_RCP45-20212050vs19712000-01km-15-JJA\">Variaci\u00f3 precipitaci\u00f3 mitjana estiu (2021-2050 vs 1971-2000) &#8211; Escenari RCP4.5\/Percentil 50 de totes les simulacions (%)<\/option>\n<option value=\"09\/25181129\/vari_PPT-CAT-ANALEGS_anomp50_RCP45-20212050vs19712000-01km-16-SON\">Variaci\u00f3 precipitaci\u00f3 mitjana tardor (2021-2050 vs 1971-2000) &#8211; Escenari RCP4.5\/Percentil 50 de totes les simulacions (%)<\/option>\n<option value=\"09\/25181133\/vari_PPT-CAT-ANALEGS_anomp50_RCP85-20212050vs19712000-01km-17-ANUAL\">Variaci\u00f3 precipitaci\u00f3 mitjana anual (2021-2050 vs 1971-2000) &#8211; Escenari RCP8.5\/Percentil 50 de totes les simulacions (%)<\/option>\n<option value=\"09\/25181130\/vari_PPT-CAT-ANALEGS_anomp50_RCP85-20212050vs19712000-01km-13-DGF\">Variaci\u00f3 precipitaci\u00f3 mitjana hivern (2021-2050 vs 1971-2000) &#8211; Escenari RCP8.5\/Percentil 50 de totes les simulacions (%)<\/option>\n<option value=\"09\/25181131\/vari_PPT-CAT-ANALEGS_anomp50_RCP85-20212050vs19712000-01km-14-MAM\">Variaci\u00f3 precipitaci\u00f3 mitjana primavera (2021-2050 vs 1971-2000) &#8211; Escenari RCP8.5\/Percentil 50 de totes les simulacions (%)<\/option>\n<option value=\"09\/25181131\/vari_PPT-CAT-ANALEGS_anomp50_RCP85-20212050vs19712000-01km-15-JJA\">Variaci\u00f3 precipitaci\u00f3 mitjana estiu (2021-2050 vs 1971-2000) &#8211; Escenari RCP8.5\/Percentil 50 de totes les simulacions (%)<\/option>\n<option value=\"09\/25181132\/vari_PPT-CAT-ANALEGS_anomp50_RCP85-20212050vs19712000-01km-16-SON\">Variaci\u00f3 precipitaci\u00f3 mitjana tardor (2021-2050 vs 1971-2000) &#8211; Escenari RCP8.5\/Percentil 50 de totes les simulacions (%)<\/option>\n<\/select>\n<input type=\"submit\" value=\"Mostra imatge\" class=\"go\">\n<\/form>\n\n\n\n<img loading=\"lazy\" id=\"ppful\" src=\"https:\/\/static-m.meteo.cat\/wordpressweb\/wp-content\/uploads\/2020\/09\/25181129\/vari_PPT-CAT-ANALEGS_anomp50_RCP45-20212050vs19712000-01km-17-ANUAL.png\" alt=\"Imatge seleccionada\" width=\"800\" height=\"618\">\n\n\n\n<div style=\"height:20px\" aria-hidden=\"true\" class=\"wp-block-spacer\"><\/div>\n\n\n\n<h3>M\u00e9s informaci\u00f3<\/h3>\n\n\n\n<ul><li><a href=\"https:\/\/static-m.meteo.cat\/wordpressweb\/wp-content\/uploads\/2020\/09\/29205506\/Projeccions_ESCAT_2020_FINAL.pdf\">Informe complet de les projeccions ESCAT-2020<\/a> <strong class=\"has-vermell-access-color has-text-color\">(NOU)<\/strong><\/li><li><a href=\"https:\/\/static-m.meteo.cat\/wordpressweb\/wp-content\/uploads\/2020\/09\/30142018\/Resum_Projeccions_ESCAT_2020.pdf\">Resum executiu de les projeccions ESCAT-2020<\/a> <strong class=\"has-vermell-access-color has-text-color\">(NOU)<\/strong><\/li><\/ul>\n\n\n\n<div style=\"height:50px\" aria-hidden=\"true\" class=\"wp-block-spacer\"><\/div>\n\n\n\n<h2 id=\"10km\">Escenaris regionalitzats a 10 km ESCAT (2012)<\/h2>\n\n\n\n<h3>Resum<\/h3>\n\n\n\n<p>Les projeccions per a <strong>la precipitaci\u00f3 mitjana anual (PMA) indiquen una disminuci\u00f3 (-5 a -13%) cap a mitjans del s. XXI respecte 1971-2000. Aquesta tend\u00e8ncia no \u00e9s estad\u00edsticament significativa per a tota la zona d\u2019estudi<\/strong>. <\/p>\n\n\n\n<ul><li><strong>Geogr\u00e0ficament<\/strong>, la PMA disminuir\u00e0 (-10 a -25% per a 2021-2050 respecte 1971-2000) molt probablement al Pirineu i al sistema Ib\u00e8ric, independentment de l\u2019escenari considerat. En canvi, a la zona interior les variacions projectades de la PMA no s\u00f3n estad\u00edsticament significatives. Per una altra banda, es projecta un augment de la variabilitat interanual de la PMA, sent m\u00e9s important a la zona litoral i prelitoral que no pas al Pirineu. En el conjunt del territori es passaria d\u2019un coeficient de variaci\u00f3 (CV) del 17-19% per a 1971-2000 a un CV=18-23% per a 2031-2050, tot i que sobreestimada per les simulacions. <\/li><\/ul>\n\n\n\n<ul><li><strong>Estacionalment<\/strong>, les variacions projectades s\u00f3n altament dependents de l\u2019escenari d\u2019emissions i de la simulaci\u00f3 del model global considerada. En general es pot concloure que podria incrementar-se en \u00e0rees costaneres durant l\u2019hivern, fins a valors propers al 50% per a l\u2019escenari B1, i decreixeria en zones muntanyoses de l\u2019interior, especialment a la tardor, fins al 30% per a l\u2019escenari A2. A la primavera s\u2019espera una disminuci\u00f3 general de la precipitaci\u00f3 en tot el territori, tret d\u2019alguns punts costaners que presenten increments de precipitaci\u00f3 per als escenaris A1B i B1. La precipitaci\u00f3 al Pirineu (sobretot la seva cara nord) s\u2019estima que disminueixi en tots els escenaris per a totes les estacions, excepte a l\u2019estiu, que no presenta una tend\u00e8ncia clara.<\/li><\/ul>\n\n\n\n<ul><li>Pel que fa a la<strong> precipitaci\u00f3 en forma de neu<\/strong>, es projecta una disminuci\u00f3 en tots els escenaris, en particular per l&#8217;\u00e0rea del Pirineu i Prepirineu, i especialment per a les cotes m\u00e9s baixes de la serralada. Aquestes reduccions serien m\u00e9s importants en els escenaris A1B i A2, i podrien arribar al 30% en les \u00e0rees m\u00e9s elevades.<\/li><\/ul>\n\n\n\n<ul><li>En relaci\u00f3 als <strong>extrems de precipitaci\u00f3<\/strong>, la probabilitat d\u2019ocurr\u00e8ncia dels episodis de pluja di\u00e0ria superior als 500 mm, que en el per\u00edode de control \u00e9s pr\u00e0cticament nul\u00b7la, passaria a tenir una probabilitat no nul\u00b7la. En refer\u00e8ncia als episodis de m\u00e9s de 200 mm en 24h la probabilitat per a 2021-2050 seria el doble que l\u2019existent per a 1971-2000. Per una altra banda, la durada de les sequeres podria augmentar significativament tenint en compte la combinaci\u00f3 de l\u2019augment projectat de la temperatura i la disminuci\u00f3 de la precipitaci\u00f3.<\/li><\/ul>\n\n\n\n<div style=\"height:20px\" aria-hidden=\"true\" class=\"wp-block-spacer\"><\/div>\n\n\n\n<h3>Evoluci\u00f3 temporal i variaci\u00f3 territorial<\/h3>\n\n\n\n<p>Els resultats es mostren en forma gr\u00e0fica i cartogr\u00e0fica. Pel que fa a l&#8217;evoluci\u00f3 temporal 1971-2050 s&#8217;ofereixen les gr\u00e0fiques de tend\u00e8ncia conjunta per a Catalunya, per a tres \u00e0mbits territorials (litoral i pre-litoral, interior i Pirineu) i per a una mitjana dels tres escenaris (A2, B1 i A1B).<\/p>\n\n\n\n<form class=\"smc-combobox line\" name=\"graph\" onsubmit=\"jsDropDown('pful', '2015', this)\">\n<label for=\"var3\">\u00c0mbit\/Variable:<\/label> \n<select name=\"2015\" id=\"var3\">\n<option selected=\"selected\" value=\"05\/27114212\/PMA-ESCAT-19712050-CAT\">Catalunya &#8211; Precipitaci\u00f3 acumulada mitjana anual (mm)<\/option>\n<option value=\"05\/27114218\/PMA-ESCAT-19712050-LIT\">Litoral i prelitoral &#8211; Precipitaci\u00f3 acumulada mitjana anual (mm)<\/option>\n<option value=\"05\/27114215\/PMA-ESCAT-19712050-INT\">Interior &#8211; Precipitaci\u00f3 acumulada mitjana anual (mm)<\/option>\n<option value=\"05\/27114222\/PMA-ESCAT-19712050-PIR\">Pirineu &#8211; Precipitaci\u00f3 acumulada mitjana anual (mm)<\/option>\n<\/select>\n<input type=\"submit\" value=\"Mostra imatge\" class=\"go\">\n<\/form>\n\n\n\n<img loading=\"lazy\" id=\"pful\" src=\"https:\/\/static-m.meteo.cat\/wordpressweb\/wp-content\/uploads\/2015\/05\/27114212\/PMA-ESCAT-19712050-CAT.png\" alt=\"Imatge seleccionada\" width=\"700\" height=\"510\">\n\n\n\n<p><strong>Llegenda<\/strong>:<\/p>\n\n\n\n<ul><li>CTL_s1, simulaci\u00f3 de control s1<\/li><li>CTL_s3, simulaci\u00f3 de control s3<\/li><li>P5, P50 i P95, percentils 5, 50 (o mediana) i 95 de les simulacions regionalitzades desenvolupades<\/li><li>OBS, mitjana de les observacions disponibles per al per\u00edode 1971-2014 i \u00e0rea considerada. Totes les s\u00e8ries utilitzades provenen del BAIC.<\/li><\/ul>\n\n\n\n<div style=\"height:30px\" aria-hidden=\"true\" class=\"wp-block-spacer\"><\/div>\n\n\n\n<form class=\"smc-combobox line\" name=\"graph\" onsubmit=\"jsDropDown('t2ful', '2015', this)\">\n<label for=\"var4\">Variable\/Escenari:<\/label> \n<select name=\"2015\" id=\"var4\">\n<option selected=\"selected\" value=\"05\/27092514\/vari_PPT-WRF-EH5OMs1__A2-20212050vs19712000-10km-pixlin\">Variaci\u00f3 precipitaci\u00f3 mitjana anual (2021-2050 vs 1971-2000) &#8211; Escenari A2 \/ Simulaci\u00f3 1 (%)<\/option>\n<option value=\"05\/27092518\/vari_PPT-WRF-EH5OMs1_A1B-20212050vs19712000-10km-pixlin\">Variaci\u00f3 precipitaci\u00f3 mitjana anual (2021-2050 vs 1971-2000) &#8211; Escenari A1B \/ Simulaci\u00f3 1 (%)<\/option>\n<option value=\"05\/27092516\/vari_PPT-WRF-EH5OMs1__B1-20212050vs19712000-10km-pixlin\">Variaci\u00f3 precipitaci\u00f3 mitjana anual (2021-2050 vs 1971-2000) &#8211; Escenari B1 \/ Simulaci\u00f3 1 (%)<\/option>\n<option value=\"05\/27092520\/vari_PPT-WRF-EH5OMs3__A2-20212050vs19712000-10km-pixlin\">Variaci\u00f3 precipitaci\u00f3 mitjana anual (2021-2050 vs 1971-2000) &#8211; Escenari A2 \/ Simulaci\u00f3 3 (%)<\/option>\n<option value=\"05\/27092525\/vari_PPT-WRF-EH5OMs3_A1B-20212050vs19712000-10km-pixlin\">Variaci\u00f3 precipitaci\u00f3 mitjana anual (2021-2050 vs 1971-2000) &#8211; Escenari A1B \/ Simulaci\u00f3 3 (%)<\/option>\n<option value=\"05\/27092523\/vari_PPT-WRF-EH5OMs3__B1-20212050vs19712000-10km-pixlin\">Variaci\u00f3 precipitaci\u00f3 mitjana anual (2021-2050 vs 1971-2000) &#8211; Escenari B1 \/ Simulaci\u00f3 3 (%)<\/option>\n<option value=\"05\/27092533\/vari_PPT-WRF-EH5OMst_P95-20212050vs19712000-10km-pixlin\">Variaci\u00f3 precipitaci\u00f3 mitjana anual (2021-2050 vs 1971-2000) &#8211; Percentil 95 de tots els escenaris (%)<\/option>\n<option value=\"05\/27092530\/vari_PPT-WRF-EH5OMst_P50-20212050vs19712000-10km-pixlin\">Variaci\u00f3 precipitaci\u00f3 mitjana anual (2021-2050 vs 1971-2000) &#8211; Percentil 50 de tots els escenaris (%)<\/option>\n<option value=\"05\/27092528\/vari_PPT-WRF-EH5OMst_P05-20212050vs19712000-10km-pixlin\">Variaci\u00f3 precipitaci\u00f3 mitjana anual (2021-2050 vs 1971-2000) &#8211; Percentil 5 de tots els escenaris (%)<\/option>\n<\/select>\n<input type=\"submit\" value=\"Mostra imatge\" class=\"go\">\n<\/form>\n\n\n\n<img loading=\"lazy\" id=\"t2ful\" src=\"https:\/\/static-m.meteo.cat\/wordpressweb\/wp-content\/uploads\/2015\/05\/27092514\/vari_PPT-WRF-EH5OMs1__A2-20212050vs19712000-10km-pixlin.png\" alt=\"Imatge seleccionada\" width=\"650\" height=\"550\">\n\n\n\n<div style=\"height:30px\" aria-hidden=\"true\" class=\"wp-block-spacer\"><\/div>\n\n\n\n<h3 class=\"FW_sEditPro\">M\u00e9s informaci\u00f3<\/h3>\n\n\n\n<ul><li>Gon\u00e7alves M, <strong>Barrera-Escoda A<\/strong>, Guerreiro D, Baldasano JM, <strong>Cunillera J<\/strong> (2014): <a href=\"http:\/\/link.springer.com\/article\/10.1007%2Fs10584-013-0994-y\">Seasonal to yearly assessment of temperature and precipitation trends in the North Western Mediterranean Basin by dynamical dowscaling of climate scenarios at high resolution (1971-2050)<\/a>. Climate Change, <strong>122<\/strong>, 243-256.<\/li><li><strong>Barrera-Escoda A<\/strong>, Gon\u00e7alves M, Guerreiro D, <strong>Cunillera J<\/strong>, Baldasano JM (2014): <a href=\"http:\/\/link.springer.com\/article\/10.1007\/s10584-013-1027-6\">Projections of temperature and precipitation extremes in the North Western Mediterranean Basin by dynamical downscaling of climate scenarios at high resolution (1971-2050)<\/a>. Climate Change, <strong>122<\/strong>, 567-582.<\/li><\/ul>\n","protected":false},"excerpt":{"rendered":"<p>Aqu\u00ed trobareu resumides les principals projeccions per a la precipitaci\u00f3 i els seus \u00edndexs clim\u00e0tics relacionats, per a l\u2019horitz\u00f3 2050, segons dos conjunts de simulacions regionalitzades desenvolupades des de l&#8217;SMC: les projeccions regionalitzades estad\u00edsticament a 1 km de resoluci\u00f3 (ESCAT-2020) i les simulacions regionalitzades din\u00e0micament a 10 km de resoluci\u00f3 (ESCAT). Les variacions projectades dels [&hellip;]<\/p>\n","protected":false},"author":7,"featured_media":0,"parent":35970,"menu_order":4,"comment_status":"closed","ping_status":"closed","template":"template-sidebar.php","meta":{"_mi_skip_tracking":false,"_monsterinsights_sitenote_active":false,"_monsterinsights_sitenote_note":"","_monsterinsights_sitenote_category":0},"_links":{"self":[{"href":"https:\/\/www.meteo.cat\/wpweb\/wp-json\/wp\/v2\/pages\/35996"}],"collection":[{"href":"https:\/\/www.meteo.cat\/wpweb\/wp-json\/wp\/v2\/pages"}],"about":[{"href":"https:\/\/www.meteo.cat\/wpweb\/wp-json\/wp\/v2\/types\/page"}],"author":[{"embeddable":true,"href":"https:\/\/www.meteo.cat\/wpweb\/wp-json\/wp\/v2\/users\/7"}],"replies":[{"embeddable":true,"href":"https:\/\/www.meteo.cat\/wpweb\/wp-json\/wp\/v2\/comments?post=35996"}],"version-history":[{"count":6,"href":"https:\/\/www.meteo.cat\/wpweb\/wp-json\/wp\/v2\/pages\/35996\/revisions"}],"predecessor-version":[{"id":38211,"href":"https:\/\/www.meteo.cat\/wpweb\/wp-json\/wp\/v2\/pages\/35996\/revisions\/38211"}],"up":[{"embeddable":true,"href":"https:\/\/www.meteo.cat\/wpweb\/wp-json\/wp\/v2\/pages\/35970"}],"wp:attachment":[{"href":"https:\/\/www.meteo.cat\/wpweb\/wp-json\/wp\/v2\/media?parent=35996"}],"curies":[{"name":"wp","href":"https:\/\/api.w.org\/{rel}","templated":true}]}}