{"id":35963,"date":"2022-11-17T16:06:08","date_gmt":"2022-11-17T16:06:08","guid":{"rendered":"https:\/\/www.meteo.cat\/wpweb\/?page_id=35963"},"modified":"2026-01-21T15:05:04","modified_gmt":"2026-01-21T15:05:04","slug":"insolacio-i-pressio-atmosferica","status":"publish","type":"page","link":"https:\/\/www.meteo.cat\/wpweb\/climatologia\/evolucio-observada-del-clima\/insolacio-i-pressio-atmosferica\/","title":{"rendered":"Insolaci\u00f3 i pressi\u00f3 atmosf\u00e8rica"},"content":{"rendered":"\n<p>Tot seguit es mostra l&#8217;evoluci\u00f3 de la insolaci\u00f3 anual i estacional a dos observatoris centenaris: l&#8217;observatori de l&#8217;Ebre i l&#8217;observatori Fabra (de la Reial Acad\u00e8mia de Ci\u00e8ncies i Arts de Barcelona). Pel cas de l&#8217;observatori Fabra s&#8217;inclou tamb\u00e9 l&#8217;evoluci\u00f3 de la pressi\u00f3 atmosf\u00e8rica anual i estacional. <\/p>\n\n\n\n<div style=\"height:40px\" aria-hidden=\"true\" class=\"wp-block-spacer\"><\/div>\n\n\n\n<h2>La insolaci\u00f3 i la pressi\u00f3 atmosf\u00e8rica a l&#8217;Observatori Fabra (Barcelona)<\/h2>\n\n\n\n<form class=\"smc-combobox line\" name=\"graph\" onsubmit=\"jsDropDown('fful', this)\">\n<label for=\"var1\">Variable:<\/label> \n<select name=\"uploads\" id=\"var1\">\n<option value=\"2026\/01\/20181548\/fabrainsanual_2025\">Anomalia de la insolaci\u00f3 &#8211; Any (%)<\/option>\n<option value=\"2026\/01\/20181551\/fabrainshiv_2025\">Anomalia de la insolaci\u00f3 &#8211; Hivern (%)<\/option>\n<option value=\"2026\/01\/20181544\/fabrainspri_2025\">Anomalia de la insolaci\u00f3 &#8211; Primavera (%)<\/option>\n<option value=\"2026\/01\/20181535\/fabrainsest_2025\">Anomalia de la insolaci\u00f3 &#8211; Estiu (%)<\/option>\n<option value=\"2026\/01\/20181539\/fabrainstar_2025\">Anomalia de la insolaci\u00f3 &#8211; Tardor (%)<\/option>\n<option value=\"2026\/01\/21112126\/fabrapany_2025\">Anomalia de la pressi\u00f3 atmosf\u00e8rica mitjana &#8211; Any (hPa)<\/option>\n<option value=\"2025\/03\/12163900\/fabraphiv\">Anomalia de la pressi\u00f3 atmosf\u00e8rica mitjana &#8211; Hivern (hPa)<\/option>\n<option value=\"2026\/01\/21112129\/fabrappri_2025\">Anomalia de la pressi\u00f3 atmosf\u00e8rica mitjana &#8211; Primavera (hPa)<\/option>\n<option value=\"2026\/01\/21112133\/fabrapest_2025\">Anomalia de la pressi\u00f3 atmosf\u00e8rica mitjana &#8211; Estiu (hPa)<\/option>\n<option value=\"2026\/01\/21112137\/fabraptar_2025\">Anomalia de la pressi\u00f3 atmosf\u00e8rica mitjana &#8211; Tardor (hPa)<\/option>\n<\/select>\n<input type=\"submit\" value=\"Mostra imatge\" class=\"go\">\n<\/form>\n\n\n\n<p>Els valors es mostren com a anomalia anual o estacional respecte la mitjana del per\u00edode de refer\u00e8ncia 1961-1990 (per\u00edode recomanat per l&#8217;Organitzaci\u00f3 Meteorol\u00f2gica Mundial per copsar canvis a llarg termini). Nom\u00e9s pel cas de la insolaci\u00f3 s&#8217;ha escollit el per\u00edode 1971-2000 perqu\u00e8 la s\u00e8rie s&#8217;inicia al 1968.<\/p>\n\n\n\n<figure class=\"wp-block-image is-resized\"><img loading=\"lazy\" src=\"https:\/\/static-m.meteo.cat\/wordpressweb\/wp-content\/uploads\/2026\/01\/20181548\/fabrainsanual_2025.png\" alt=\"Imatge seleccionada\" id=\"fful\" width=\"850\" height=\"600\"><\/figure>\n\n\n\n<div style=\"height:40px\" aria-hidden=\"true\" class=\"wp-block-spacer\"><\/div>\n\n\n\n<h2>La insolaci\u00f3 a l&#8217;Observatori de l&#8217;Ebre (Roquetes)<\/h2>\n\n\n\n<form class=\"smc-combobox line\" name=\"graph\" onsubmit=\"jsDropDown('eful', this)\">\n<label for=\"var2\">Variable:<\/label> \n<select name=\"uploads\" id=\"var2\">\n<option value=\"2026\/01\/21150249\/ebreinsanual_2025\">Anomalia de la insolaci\u00f3 &#8211; Any (%)<\/option> \n<option value=\"2025\/03\/09191821\/ebreinshiv\">Anomalia de la insolaci\u00f3 &#8211; Hivern (%)<\/option> \n<option value=\"2026\/01\/21150253\/ebreinspri_2025\">Anomalia de la insolaci\u00f3 &#8211; Primavera (%)<\/option> \n<option value=\"2026\/01\/21150256\/ebreinsest_2025\">Anomalia de la insolaci\u00f3 &#8211; Estiu (%)<\/option> \n<option value=\"2026\/01\/21150300\/ebreinstar_2025\">Anomalia de la insolaci\u00f3 &#8211; Tardor (%)<\/option> <\/select>\n<input type=\"submit\" value=\"Mostra imatge\" class=\"go\">\n<\/form>\n\n\n\n<p>Els valors es mostren com a anomalia anual o estacional respecte la mitjana del per\u00edode de refer\u00e8ncia 1961-1990 (per\u00edode recomanat per l&#8217;Organitzaci\u00f3 Meteorol\u00f2gica Mundial per copsar canvis a llarg termini).<\/p>\n\n\n\n<figure class=\"wp-block-image is-resized\"><img loading=\"lazy\" src=\"https:\/\/static-m.meteo.cat\/wordpressweb\/wp-content\/uploads\/2026\/01\/21150249\/ebreinsanual_2025.png\" id=\"eful\" alt=\"Imatge seleccionada\" width=\"850\" height=\"600\"><\/figure>\n\n\n\n<div style=\"height:40px\" aria-hidden=\"true\" class=\"wp-block-spacer\"><\/div>\n\n\n\n<h2>M\u00e9s informaci\u00f3<\/h2>\n\n\n\n<p>El monitoratge del clima a Catalunya s\u2019avalua a trav\u00e9s del <a href=\"\/wpweb\/climatologia\/butlletins-i-episodis-meteorologics\/butlleti-anual-dindicadors-climatics\/\">Butllet\u00ed Anual d\u2019Indicadors Clim\u00e0tics (BAIC).<\/a> <\/p>\n","protected":false},"excerpt":{"rendered":"<p>Tot seguit es mostra l&#8217;evoluci\u00f3 de la insolaci\u00f3 anual i estacional a dos observatoris centenaris: l&#8217;observatori de l&#8217;Ebre i l&#8217;observatori Fabra (de la Reial Acad\u00e8mia de Ci\u00e8ncies i Arts de Barcelona). Pel cas de l&#8217;observatori Fabra s&#8217;inclou tamb\u00e9 l&#8217;evoluci\u00f3 de la pressi\u00f3 atmosf\u00e8rica anual i estacional. La insolaci\u00f3 i la pressi\u00f3 atmosf\u00e8rica a l&#8217;Observatori Fabra [&hellip;]<\/p>\n","protected":false},"author":7,"featured_media":0,"parent":35932,"menu_order":5,"comment_status":"closed","ping_status":"closed","template":"template-sidebar.php","meta":{"_mi_skip_tracking":false,"_monsterinsights_sitenote_active":false,"_monsterinsights_sitenote_note":"","_monsterinsights_sitenote_category":0},"_links":{"self":[{"href":"https:\/\/www.meteo.cat\/wpweb\/wp-json\/wp\/v2\/pages\/35963"}],"collection":[{"href":"https:\/\/www.meteo.cat\/wpweb\/wp-json\/wp\/v2\/pages"}],"about":[{"href":"https:\/\/www.meteo.cat\/wpweb\/wp-json\/wp\/v2\/types\/page"}],"author":[{"embeddable":true,"href":"https:\/\/www.meteo.cat\/wpweb\/wp-json\/wp\/v2\/users\/7"}],"replies":[{"embeddable":true,"href":"https:\/\/www.meteo.cat\/wpweb\/wp-json\/wp\/v2\/comments?post=35963"}],"version-history":[{"count":21,"href":"https:\/\/www.meteo.cat\/wpweb\/wp-json\/wp\/v2\/pages\/35963\/revisions"}],"predecessor-version":[{"id":44886,"href":"https:\/\/www.meteo.cat\/wpweb\/wp-json\/wp\/v2\/pages\/35963\/revisions\/44886"}],"up":[{"embeddable":true,"href":"https:\/\/www.meteo.cat\/wpweb\/wp-json\/wp\/v2\/pages\/35932"}],"wp:attachment":[{"href":"https:\/\/www.meteo.cat\/wpweb\/wp-json\/wp\/v2\/media?parent=35963"}],"curies":[{"name":"wp","href":"https:\/\/api.w.org\/{rel}","templated":true}]}}