{"id":35941,"date":"2022-11-17T15:44:34","date_gmt":"2022-11-17T15:44:34","guid":{"rendered":"https:\/\/www.meteo.cat\/wpweb\/?page_id=35941"},"modified":"2026-05-04T07:44:53","modified_gmt":"2026-05-04T07:44:53","slug":"temperatura-del-mar","status":"publish","type":"page","link":"https:\/\/www.meteo.cat\/wpweb\/climatologia\/evolucio-observada-del-clima\/temperatura-del-mar\/","title":{"rendered":"Temperatura del mar"},"content":{"rendered":"\n<p>Els mars i els oceans tenen un paper molt important en l\u2019evoluci\u00f3 i variabilitat del clima, per la seva interacci\u00f3 amb l\u2019atmosfera i perqu\u00e8 absorbeixen aproximadament el 25% del CO2 que s\u2019emet anualment a l\u2019atmosfera com a conseq\u00fc\u00e8ncia de les activitats humanes.<\/p>\n\n\n\n<p>Catalunya disposa d&#8217;una s\u00e8rie de dades mar\u00edtimes de m\u00e9s de quaranta anys i que es prenen regularment a 2 milles mar endins del port de l&#8217;Estartit (el Baix Empord\u00e0) i a poc m\u00e9s d\u2019una milla de les Illes Medes (42\u00b0 03\u2019 LAT N \/ 3\u00b0 15\u2019 15\u2019\u2019 LONG E). En aquest punt de 90 metres de fond\u00e0ria \u2013dif\u00edcilment assolit per la termoclina\u2013 es prenen mesures de la temperatura a set nivells de fond\u00e0ria.<\/p>\n\n\n\n<p>La informaci\u00f3 d&#8217;aquesta secci\u00f3 \u00e9s facilitada per l&#8217;observador <a href=\"http:\/\/meteolestartit.cat\" target=\"_blank\" rel=\"noopener noreferrer\"><strong>Josep Pascual<\/strong><\/a>, amb la col\u00b7laboraci\u00f3 de l&#8217;<a href=\"https:\/\/www.icm.csic.es\/ca\" target=\"_blank\" rel=\"noreferrer noopener nofollow\">Institut de Ci\u00e8ncies del Mar de Barcelona<\/a> i del <a href=\"http:\/\/www.gencat.cat\/parcs\/illes_medes\" target=\"_blank\" rel=\"noreferrer noopener nofollow\">Parc Natural del Montgr\u00ed, Illes Medes i el Baix Ter<\/a>.<\/p>\n\n\n\n<div style=\"height:20px\" aria-hidden=\"true\" class=\"wp-block-spacer\"><\/div>\n\n\n\n<h2>L&#8217;Estartit. Evoluci\u00f3 anual<br><\/h2>\n\n\n\n<div class=\"wp-block-columns\">\n<div class=\"wp-block-column\" style=\"flex-basis:100%\">\n<form class=\"smc-combobox line\" name=\"jump2\" onsubmit=\"jsDropDown('mful',this)\">\n<label for=\"var1\">Anomalia de la temperatura a la superf\u00edcie (0,5m):<\/label>\n<select name=\"2022\" id=\"var1\">\n<option selected=\"selected\" value=\"2026\/05\/04072247\/Tmar_Estartit_20260430\">Any 2026<\/option><option value=\"2025\/12\/29082748\/Tmar_Estartit_2025-1\">Any 2025<\/option><option value=\"2025\/01\/05105222\/Tmar_Estartit_2024\">Any 2024<\/option><option value=\"2024\/02\/01112404\/Tmar_Estartit_2023\">Any 2023<\/option><option value=\"2022\/12\/29083628\/Tmar_Estartit_2022-3\">Any 2022<\/option><option value=\"2022\/01\/04075938\/Tmar_Estartit_2021\">Any 2021<\/option><option value=\"2021\/10\/13112203\/TmarEstartit2020\">Any 2020<\/option><option value=\"2020\/01\/03070256\/Tmar_Estartit_20191\">Any 2019<\/option><option value=\"2019\/01\/07065357\/T_mar_Estartit_2018\">Any 2018<\/option><option value=\"2018\/01\/03131448\/Anom_Tmar_desembre_2017\">Any 2017<\/option><option value=\"2017\/02\/02101914\/Anom_2016_mar_sup\">Any 2016<\/option><option value=\"2016\/01\/07095318\/Anom_2015_mar_sup\">Any 2015<\/option><option value=\"2016\/01\/07095321\/Anom_2014_mar_sup\">Any 2014<\/option><option value=\"2016\/01\/07095325\/Anom_2013_mar_sup\">Any 2013<\/option><option value=\"2016\/01\/07095329\/Anom_2012_mar_sup\">Any 2012<\/option><option value=\"2016\/01\/07095030\/Anom_2011_mar_sup\">Any 2011<\/option><option value=\"2016\/01\/07095033\/Anom_2010_mar_sup\">Any 2010<\/option><option value=\"2016\/01\/07095037\/Anom_2009_mar_sup\">Any 2009<\/option><option value=\"2016\/01\/07095042\/Anom_2008_mar_sup\">Any 2008<\/option><option value=\"2016\/01\/07095046\/Anom_2007_mar_sup\">Any 2007<\/option><option value=\"2016\/01\/07095049\/Anom_2006_mar_sup\">Any 2006<\/option><option value=\"2022\/11\/09080133\/2005_estartit\">Any 2005<\/option><option value=\"2022\/11\/09080132\/2004_estartit\">Any 2004<\/option><option value=\"2016\/01\/07095101\/Anom_2003_mar_sup\">Any 2003<\/option><option value=\"2022\/11\/09080132\/2002_estartit\">Any 2002<\/option><option value=\"2022\/11\/09080131\/2001_estartit\">Any 2001<\/option><option value=\"2022\/11\/07135215\/2000_estartit\">Any 2000<\/option><option value=\"2022\/11\/07135215\/1999_estartit\">Any 1999<\/option><option value=\"2022\/11\/07135214\/1998_estartit\">Any 1998<\/option><option value=\"2022\/11\/07135213\/1997_estartit\">Any 1997<\/option><option value=\"2022\/11\/07135213\/1996_estartit\">Any 1996<\/option><option value=\"2022\/11\/07135212\/1995_estartit\">Any 1995<\/option><option value=\"2022\/11\/07135212\/1994_estartit\">Any 1994<\/option><option value=\"2022\/11\/07135211\/1993_estartit\">Any 1993<\/option><option value=\"2022\/11\/07135211\/1992_estartit\">Any 1992<\/option><option value=\"2022\/11\/07135210\/1991_estartit\">Any 1991<\/option><option value=\"2022\/11\/07135209\/1990_estartit\">Any 1990<\/option><option value=\"2022\/11\/07135209\/1989_estartit\">Any 1989<\/option><option value=\"2022\/11\/07135206\/1988_estartit\">Any 1988<\/option><option value=\"2022\/11\/07135205\/1987_estartit\">Any 1987<\/option><option value=\"2022\/11\/07135205\/1986_estartit\">Any 1986<\/option><option value=\"2022\/11\/07135204\/1985_estartit\">Any 1985<\/option><option value=\"2022\/11\/07135203\/1984_estartit\">Any 1984<\/option><option value=\"2022\/11\/07135203\/1983_estartit\">Any 1983<\/option><option value=\"2024\/12\/05110157\/Tmar_Estartit_1982\">Any 1982<\/option><option value=\"2022\/11\/07135158\/1981_estartit\">Any 1981<\/option><option value=\"2022\/11\/07135157\/1980_estartit\">Any 1980<\/option><option value=\"2022\/11\/07135156\/1979_estartit\">Any 1979<\/option><option value=\"2022\/11\/07135156\/1978_estartit\">Any 1978<\/option><option value=\"2022\/11\/07135151\/1977_estartit\">Any 1977<\/option><option value=\"2022\/11\/07135151\/1976_estartit\">Any 1976<\/option><option value=\"2022\/11\/07135146\/1975_estartit\">Any 1975<\/option><option value=\"2022\/11\/07112724\/1974_estartit\">Any 1974<\/option><\/select>\n<input type=\"submit\" value=\"Mostra imatge\" class=\"go\">\n<\/form>\n\n\n\n<p><\/p>\n<\/div>\n<\/div>\n\n\n\n<img loading=\"lazy\" id=\"mful\" src=\"https:\/\/static-m.meteo.cat\/wordpressweb\/wp-content\/uploads\/2026\/05\/04072247\/Tmar_Estartit_20260430.png\" alt=\"Imatge seleccionada\" width=\"831\" height=\"558\">\n\n\n\n<div style=\"height:50px\" aria-hidden=\"true\" class=\"wp-block-spacer\"><\/div>\n\n\n\n<h2>L\u2019Estartit. Darreres observacions:<strong><strong> 30 d&#8217;abril de 2026 (13 TU)<\/strong><\/strong><\/h2>\n\n\n\n<h3 class=\"text-color\"><strong>Temperatura de l&#8217;aigua del mar<\/strong><\/h3>\n\n\n\n<figure class=\"wp-block-table sortable\"><table><thead><tr><th class=\"has-text-align-center\" data-align=\"center\">Fond\u00e0ria (m)<\/th><th class=\"has-text-align-center\" data-align=\"center\">Temperatura (\u00baC)<\/th><th class=\"has-text-align-center\" data-align=\"center\">Temperatura mitjana (1998-2022)<\/th><th class=\"has-text-align-center\" data-align=\"center\">Anomalia (\u00baC)<\/th><\/tr><\/thead><tbody><tr><td class=\"has-text-align-center\" data-align=\"center\">0,5 m<\/td><td class=\"has-text-align-center\" data-align=\"center\">17,4<\/td><td class=\"has-text-align-center\" data-align=\"center\">15,1<\/td><td class=\"has-text-align-center\" data-align=\"center\"><strong><span class=\"has-inline-color has-vermell-access-color\">+2,3<\/span><\/strong><\/td><\/tr><tr><td class=\"has-text-align-center\" data-align=\"center\">5 m<\/td><td class=\"has-text-align-center\" data-align=\"center\">16,9<\/td><td class=\"has-text-align-center\" data-align=\"center\">14,8<\/td><td class=\"has-text-align-center\" data-align=\"center\"><strong><span class=\"has-inline-color has-vermell-access-color\">+2,1<\/span><\/strong><\/td><\/tr><tr><td class=\"has-text-align-center\" data-align=\"center\">20 m<\/td><td class=\"has-text-align-center\" data-align=\"center\">14,7<\/td><td class=\"has-text-align-center\" data-align=\"center\">14,3<\/td><td class=\"has-text-align-center\" data-align=\"center\"><strong><span class=\"has-inline-color has-vermell-access-color\">+0,4<\/span><\/strong><\/td><\/tr><tr><td class=\"has-text-align-center\" data-align=\"center\">35 m<\/td><td class=\"has-text-align-center\" data-align=\"center\">14,5<\/td><td class=\"has-text-align-center\" data-align=\"center\">14,0<\/td><td class=\"has-text-align-center\" data-align=\"center\"><strong><span class=\"has-inline-color has-vermell-access-color\">+0,5<\/span><\/strong><\/td><\/tr><tr><td class=\"has-text-align-center\" data-align=\"center\">50 m<\/td><td class=\"has-text-align-center\" data-align=\"center\">14,0<\/td><td class=\"has-text-align-center\" data-align=\"center\">13,8<\/td><td class=\"has-text-align-center\" data-align=\"center\"><strong><span class=\"has-inline-color has-vermell-access-color\">+0,2<\/span><\/strong><\/td><\/tr><tr><td class=\"has-text-align-center\" data-align=\"center\">65 m<\/td><td class=\"has-text-align-center\" data-align=\"center\">14,1<\/td><td class=\"has-text-align-center\" data-align=\"center\">13,6<\/td><td class=\"has-text-align-center\" data-align=\"center\"><strong><strong><strong><span class=\"has-inline-color has-vermell-access-color\">+0,5<\/span><\/strong><\/strong><\/strong><\/td><\/tr><tr><td class=\"has-text-align-center\" data-align=\"center\">80 m<\/td><td class=\"has-text-align-center\" data-align=\"center\">14,1<\/td><td class=\"has-text-align-center\" data-align=\"center\">13,4<\/td><td class=\"has-text-align-center\" data-align=\"center\"><strong><strong><span class=\"has-inline-color has-vermell-access-color\">+0,7<\/span><\/strong><\/strong><\/td><\/tr><\/tbody><\/table><\/figure>\n\n\n\n<div style=\"height:30px\" aria-hidden=\"true\" class=\"wp-block-spacer\"><\/div>\n\n\n\n<h3 class=\"text-color\"><strong>Transpar\u00e8ncia de l&#8217;aigua<\/strong><\/h3>\n\n\n\n<figure class=\"wp-block-table sortable\"><table><thead><tr><th class=\"has-text-align-center\" data-align=\"center\"><strong>Transpar\u00e8ncia (m)<\/strong><\/th><th class=\"has-text-align-center\" data-align=\"center\"><strong>Transpar\u00e8ncia mitjana 1998-2022 (m)<\/strong><\/th><th class=\"has-text-align-center\" data-align=\"center\"><strong>Anomalia (m)<\/strong><\/th><\/tr><\/thead><tbody><tr><td class=\"has-text-align-center\" data-align=\"center\">10<\/td><td class=\"has-text-align-center\" data-align=\"center\">16<\/td><td class=\"has-text-align-center\" data-align=\"center\"><strong><span class=\"has-inline-color has-blau-link-color\">-6<\/span><\/strong><\/td><\/tr><\/tbody><\/table><\/figure>\n\n\n\n<div style=\"height:50px\" aria-hidden=\"true\" class=\"wp-block-spacer\"><\/div>\n\n\n\n<h2>Comentaris<\/h2>\n\n\n\n<p>La temperatura ambiental dels darrers dies, superior a la mitjana clim\u00e0tica d&#8217;aquestes dates, juntament amb vents poc destacables i no massa onatge, han afavorit la pujada de la temperatura de l&#8217;aigua del mar a la zona m\u00e9s propera a la superf\u00edcie, amb la segona temperatura m\u00e9s alta a la superf\u00edcie del mar (d&#8217;un mes d&#8217;abril), despr\u00e9s dels 18,2 \u00baC del 30 d&#8217;abril de 2007. La transpar\u00e8ncia de l&#8217;aigua no \u00e9s massa gran a causa de la mar de  fons dels darrers dies que remou les petites part\u00edcules del fons del mar.<\/p>\n\n\n\n<p><\/p>\n","protected":false},"excerpt":{"rendered":"<p>Els mars i els oceans tenen un paper molt important en l\u2019evoluci\u00f3 i variabilitat del clima, per la seva interacci\u00f3 amb l\u2019atmosfera i perqu\u00e8 absorbeixen aproximadament el 25% del CO2 que s\u2019emet anualment a l\u2019atmosfera com a conseq\u00fc\u00e8ncia de les activitats humanes. Catalunya disposa d&#8217;una s\u00e8rie de dades mar\u00edtimes de m\u00e9s de quaranta anys i [&hellip;]<\/p>\n","protected":false},"author":7,"featured_media":0,"parent":35932,"menu_order":2,"comment_status":"closed","ping_status":"closed","template":"template-sidebar.php","meta":{"_mi_skip_tracking":false,"_monsterinsights_sitenote_active":false,"_monsterinsights_sitenote_note":"","_monsterinsights_sitenote_category":0},"_links":{"self":[{"href":"https:\/\/www.meteo.cat\/wpweb\/wp-json\/wp\/v2\/pages\/35941"}],"collection":[{"href":"https:\/\/www.meteo.cat\/wpweb\/wp-json\/wp\/v2\/pages"}],"about":[{"href":"https:\/\/www.meteo.cat\/wpweb\/wp-json\/wp\/v2\/types\/page"}],"author":[{"embeddable":true,"href":"https:\/\/www.meteo.cat\/wpweb\/wp-json\/wp\/v2\/users\/7"}],"replies":[{"embeddable":true,"href":"https:\/\/www.meteo.cat\/wpweb\/wp-json\/wp\/v2\/comments?post=35941"}],"version-history":[{"count":373,"href":"https:\/\/www.meteo.cat\/wpweb\/wp-json\/wp\/v2\/pages\/35941\/revisions"}],"predecessor-version":[{"id":45437,"href":"https:\/\/www.meteo.cat\/wpweb\/wp-json\/wp\/v2\/pages\/35941\/revisions\/45437"}],"up":[{"embeddable":true,"href":"https:\/\/www.meteo.cat\/wpweb\/wp-json\/wp\/v2\/pages\/35932"}],"wp:attachment":[{"href":"https:\/\/www.meteo.cat\/wpweb\/wp-json\/wp\/v2\/media?parent=35941"}],"curies":[{"name":"wp","href":"https:\/\/api.w.org\/{rel}","templated":true}]}}