{"id":35909,"date":"2022-11-14T12:02:21","date_gmt":"2022-11-14T12:02:21","guid":{"rendered":"https:\/\/www.meteo.cat\/wpweb\/?page_id=35909"},"modified":"2025-06-26T14:20:44","modified_gmt":"2025-06-26T14:20:44","slug":"butlleti-anual-dindicadors-climatics","status":"publish","type":"page","link":"https:\/\/www.meteo.cat\/wpweb\/climatologia\/butlletins-i-episodis-meteorologics\/butlleti-anual-dindicadors-climatics\/","title":{"rendered":"Butllet\u00ed anual d\u2019indicadors clim\u00e0tics"},"content":{"rendered":"\n<p>El <strong>Butllet\u00ed Anual d\u2019Indicadors Clim\u00e0tics<\/strong> (BAIC) \u00e9s una publicaci\u00f3 que impulsa el Servei Meteorol\u00f2gic de Catalunya des de l\u2019any 2007. El seu objectiu \u00e9s fer una an\u00e0lisi acurada de l\u2019evoluci\u00f3 del clima recent a Catalunya, des de diverses perspectives, i capturar les caracter\u00edstiques de la variabilitat i el canvi clim\u00e0tic que ens afecta. El <strong>BAIC del 2024<\/strong> s\u2019estructura en vuit cap\u00edtols que corresponen als vuit sistemes o variables clim\u00e0tiques monitorades: temperatura de l\u2019aire, precipitaci\u00f3, insolaci\u00f3, extrems clim\u00e0tics, observatoris seculars, patrons sin\u00f2ptics, mar i fenologia. Tamb\u00e9 s\u2019inclou un cap\u00edtol introductori i un de refer\u00e8ncies bibliogr\u00e0fiques.<\/p>\n\n\n\n<p class=\"has-negre-primari-color has-text-color\">Tot seguit, podeu accedir al <strong>BAIC 2024 &#8211;  Informe complet<\/strong> en la versi\u00f3 d&#8217;informe interactiu (<span style=\"text-decoration: underline;\"><strong>consulteu-lo preferiblement amb el navegador del<\/strong> <strong>GOOGLE CHROME<\/strong><\/span>), i que tamb\u00e9 podeu descarregar i compartir.<\/p>\n\n\n\n<iframe loading=\"lazy\" src=\"https:\/\/e.infogram.com\/ff0a5b6f-88f6-4f75-849c-2190744cdfb3?src=embed\" title=\"BAIC 2024 - Complet\" width=\"550\" height=\"900\" scrolling=\"no\" frameborder=\"0\" style=\"border:none;\" allowfullscreen=\"allowfullscreen\"><\/iframe>\n\n\n\n<p>Igualment, podeu accedir al <strong>BAIC 2024 &#8211; Resum executiu<\/strong> tamb\u00e9 en la versi\u00f3 d&#8217;informe interactiu (<span style=\"text-decoration: underline;\"><strong>consulteu-lo preferiblement amb el navegador del<\/strong> <strong>GOOGLE CHROME<\/strong><\/span>).<\/p>\n\n\n\n<iframe loading=\"lazy\" src=\"https:\/\/e.infogram.com\/70d4aa0b-da0f-4401-8ba0-b1f414e9538d?src=embed\" title=\"BAIC 2024 - Resum Executiu\" width=\"550\" height=\"900\" scrolling=\"no\" frameborder=\"0\" style=\"border:none;\" allowfullscreen=\"allowfullscreen\"><\/iframe>\n\n\n\n<p>Finalment, podeu accedir a les edicions anteriors del BAIC a trav\u00e9s del men\u00fa desplegable, i en format pdf.<\/p>\n\n\n\n<form class=\"smc-combobox line\" name=\"jump2\" onsubmit=\"return redirectTo('var3')\">\n<label for=\"var3\">Triar butllet\u00ed: <\/label>\n<select id=\"var3\" name=\"myjumpbox\">\n<option value=\"https:\/\/infogram.com\/baic-2023-complet-1h1749wlemmxq2z\">BAIC 2023<\/option>\n<option value=\"https:\/\/static-m.meteo.cat\/content\/climatologia\/BAIC\/baic-2022-complet.pdf\">BAIC 2022<\/option>\n<option value=\"https:\/\/static-m.meteo.cat\/wordpressweb\/wp-content\/uploads\/2023\/04\/06114859\/BAIC-2021-2.pdf\">BAIC 2021<\/option>\n<option value=\"https:\/\/static-m.meteo.cat\/wordpressweb\/wp-content\/uploads\/2022\/02\/22062715\/BAIC_2020_v2.pdf\">BAIC 2020<\/option>\n<option value=\"https:\/\/static-m.meteo.cat\/wordpressweb\/wp-content\/uploads\/2021\/05\/27101212\/BAIC-2019.pdf\">BAIC 2019<\/option>\n<option value=\"https:\/\/static-m.meteo.cat\/wordpressweb\/wp-content\/uploads\/2019\/11\/18121230\/BAIC-2018.pdf\">BAIC 2018<\/option>\n<option value=\"https:\/\/static-m.meteo.cat\/wordpressweb\/wp-content\/uploads\/2018\/05\/30132907\/BAIC-2017.pdf\">BAIC 2017<\/option>\n<option value=\"https:\/\/static-m.meteo.cat\/wordpressweb\/wp-content\/uploads\/2017\/05\/29072030\/00_BAIC-2016_TOT.pdf\">BAIC 2016<\/option>\n<option value=\"https:\/\/static-m.meteo.cat\/wordpressweb\/wp-content\/uploads\/2016\/05\/25153646\/00_BAIC2015_TOT.pdf\">BAIC 2015<\/option>\n<option value=\"https:\/\/static-m.meteo.cat\/wordpressweb\/wp-content\/uploads\/2015\/06\/05075856\/00_BAIC-2014_TOT.pdf\">BAIC 2014<\/option>\n<option value=\"https:\/\/static-m.meteo.cat\/wordpressweb\/wp-content\/uploads\/2014\/11\/19091941\/00_BAIC2013_Complet.pdf\">BAIC 2013<\/option>\n<option value=\"https:\/\/static-m.meteo.cat\/wordpressweb\/wp-content\/uploads\/2014\/11\/19091941\/BAIC_2012.pdf\">BAIC 2012<\/option>\n<option value=\"https:\/\/static-m.meteo.cat\/wordpressweb\/wp-content\/uploads\/2014\/11\/19091941\/BAIC_2011.pdf\">BAIC 2011<\/option>\n<option value=\"https:\/\/static-m.meteo.cat\/wordpressweb\/wp-content\/uploads\/2014\/11\/19091941\/BAIC-2010.pdf\">BAIC 2010<\/option>\n<option value=\"https:\/\/static-m.meteo.cat\/wordpressweb\/wp-content\/uploads\/2014\/11\/19091941\/BAIC2009.pdf\">BAIC 2009<\/option>\n<option value=\"https:\/\/static-m.meteo.cat\/wordpressweb\/wp-content\/uploads\/2014\/11\/19091941\/BAIC2008.pdf\">BAIC 2008<\/option>\n<option value=\"https:\/\/static-m.meteo.cat\/wordpressweb\/wp-content\/uploads\/2014\/11\/19091941\/BAIC2007.pdf\">BAIC 2007<\/option>\n<\/select>\n<input type=\"submit\" value=\"Obre fitxer\" class=\"go\">\n<\/form>\n\n\n\n<p><\/p>\n","protected":false},"excerpt":{"rendered":"<p>El Butllet\u00ed Anual d\u2019Indicadors Clim\u00e0tics (BAIC) \u00e9s una publicaci\u00f3 que impulsa el Servei Meteorol\u00f2gic de Catalunya des de l\u2019any 2007. El seu objectiu \u00e9s fer una an\u00e0lisi acurada de l\u2019evoluci\u00f3 del clima recent a Catalunya, des de diverses perspectives, i capturar les caracter\u00edstiques de la variabilitat i el canvi clim\u00e0tic que ens afecta. El BAIC [&hellip;]<\/p>\n","protected":false},"author":7,"featured_media":0,"parent":35871,"menu_order":5,"comment_status":"closed","ping_status":"closed","template":"","meta":{"_mi_skip_tracking":false,"_monsterinsights_sitenote_active":false,"_monsterinsights_sitenote_note":"","_monsterinsights_sitenote_category":0},"_links":{"self":[{"href":"https:\/\/www.meteo.cat\/wpweb\/wp-json\/wp\/v2\/pages\/35909"}],"collection":[{"href":"https:\/\/www.meteo.cat\/wpweb\/wp-json\/wp\/v2\/pages"}],"about":[{"href":"https:\/\/www.meteo.cat\/wpweb\/wp-json\/wp\/v2\/types\/page"}],"author":[{"embeddable":true,"href":"https:\/\/www.meteo.cat\/wpweb\/wp-json\/wp\/v2\/users\/7"}],"replies":[{"embeddable":true,"href":"https:\/\/www.meteo.cat\/wpweb\/wp-json\/wp\/v2\/comments?post=35909"}],"version-history":[{"count":31,"href":"https:\/\/www.meteo.cat\/wpweb\/wp-json\/wp\/v2\/pages\/35909\/revisions"}],"predecessor-version":[{"id":43962,"href":"https:\/\/www.meteo.cat\/wpweb\/wp-json\/wp\/v2\/pages\/35909\/revisions\/43962"}],"up":[{"embeddable":true,"href":"https:\/\/www.meteo.cat\/wpweb\/wp-json\/wp\/v2\/pages\/35871"}],"wp:attachment":[{"href":"https:\/\/www.meteo.cat\/wpweb\/wp-json\/wp\/v2\/media?parent=35909"}],"curies":[{"name":"wp","href":"https:\/\/api.w.org\/{rel}","templated":true}]}}